{"id":213686,"date":"2022-04-03T20:34:11","date_gmt":"2022-04-03T19:34:11","guid":{"rendered":"https:\/\/www.moskito.cz\/?post_type=product&#038;p=213686"},"modified":"2025-05-07T10:37:56","modified_gmt":"2025-05-07T09:37:56","slug":"vystrelovaci-nuz-microtech-signature-series-ultratech-ii-stonewashed-122ii-10s","status":"publish","type":"product","link":"https:\/\/www.moskito.cz\/it\/produkt\/vystrelovaci-nuz-microtech-signature-series-ultratech-ii-stonewashed-122ii-10s\/","title":{"rendered":"Vyst\u0159elovac\u00ed N\u016f\u017e Microtech Signature Series Ultratech II  Stonewashed 122II-10S"},"content":{"rendered":"<p>Vyst\u0159elovac\u00ed N\u016f\u017e <strong>Microtech<\/strong> Signature Series Ultratech II Stonewashed 122II-10S<\/p>\n<p><strong>Ultratech<\/strong> je origin\u00e1ln\u00ed dvou\u010dinn\u00fd p\u0159edn\u00ed n\u016f\u017e Microtech a byl z\u00e1kladem cel\u00e9 jejich \u0159ady OTF. V pr\u016fb\u011bhu let pro\u0161el n\u011bkolika \u00fapravami, poka\u017ed\u00e9 se stal \u00fa\u010dinn\u011bj\u0161\u00edm a spolehliv\u011bj\u0161\u00edm. Tento Ultratech II m\u00e1 vylep\u0161en\u00e9 texturov\u00e1n\u00ed rukojeti pro pozitivn\u011bj\u0161\u00ed n\u00e1kup. Pru\u017eina Ultratechu z\u016fst\u00e1v\u00e1 v \u201eklidov\u00e9\u201c poloze po celou dobu, s v\u00fdjimkou rozta\u017een\u00ed. T\u00edm je zaji\u0161t\u011bno, \u017ee se stla\u010den\u00e1 pru\u017eina neunav\u00ed, co\u017e u\u017eivatel\u016fm zaji\u0161\u0165uje, \u017ee kdy\u017e je n\u016f\u017e vyst\u0159elen, bude fungovat efektivn\u011b. Lehk\u00fd n\u016f\u017e Ultratech s mo\u017enost\u00ed otev\u00edr\u00e1n\u00ed a zav\u00edr\u00e1n\u00ed jednou rukou, \u0161t\u00edhl\u00fd tvar a \u010depel ostr\u00e1 jako skalpel z n\u011bj d\u011blaj\u00ed jedine\u010dn\u00fd n\u016f\u017e, kter\u00fd je dostupn\u00fd pouze u Microtech. Tento n\u016f\u017e znovu a znovu prok\u00e1zal, \u017ee odol\u00e1 jak\u00e9koli p\u0159ek\u00e1\u017ece.<\/p>\n<p>Materi\u00e1l \u010depele: Ocel \u010depele pro leto\u0161n\u00ed rok bude M390 &#8211; do vyprod\u00e1n\u00ed z\u00e1sob kovu, \u010depele mohou b\u00fdt tak\u00e9 CTS-204P nebo Elmax<\/p>\n<p>Celkov\u00e1 d\u00e9lka: 22 cm<br \/>\nD\u00e9lka \u010depele: 8.6 cm<br \/>\nMateri\u00e1l \u010depele: Bohler M390<br \/>\nStyl \u010depele: D\u00fdka<br \/>\nB\u0159itov\u00e9 desti\u010dky: Ploch\u00e9<br \/>\nTyp okraje: oby\u010dejn\u00fd<br \/>\nMateri\u00e1l rukojeti: hlin\u00edk<br \/>\nHmotnost: 3,60 oz.<br \/>\nU\u017eivatel: Prav\u00e1 ruka<br \/>\nPocket Clip: Tip-Down<br \/>\nTyp no\u017ee: Double-Action OTF Automatic<br \/>\nOtv\u00edra\u010d: Thumb Slide<br \/>\nZna\u010dka: Microtech<br \/>\nModel: Ultratech<br \/>\nZem\u011b p\u016fvodu: USA<br \/>\nNejlep\u0161\u00ed pou\u017eit\u00ed: Ka\u017edodenn\u00ed<\/p>\n<p><iframe title=\"Microtech Combat Troodon Torture Test\" width=\"800\" height=\"450\" src=\"https:\/\/www.youtube.com\/embed\/xE9TeOFYEjg?feature=oembed\" frameborder=\"0\" allow=\"accelerometer; autoplay; clipboard-write; encrypted-media; gyroscope; picture-in-picture; web-share\" allowfullscreen><\/iframe><\/p>\n<p>&nbsp;<\/p>\n<p>The Ultratech is Microtech&#8217;s original dual action out-the-front knife and has been the foundation of their entire OTF line. Over the years, it has gone through several modifications, each time becoming more efficient and reliable. This Ultratech II has improved handle texturing for a more positive purchase. The Ultratech&#8217;s spring remains in an &#8220;at rest&#8221; position at all times except when deployed. This ensures that the compressed spring will not become fatigued, assuring users that when the knife is fired, it will operate effectively. The Ultratech&#8217;s lightweight, one-handed open and close action, slim shape, and scalpel-sharp blade make it a one-of-a-kind knife, only available through Microtech. This knife has proven time and again that it can withstand any obstacle. The Ultratech will forever set the standard for all out-the-front knives and the Ultratech II is a welcome addition to the family.<\/p>\n<p>Specifications<br \/>\nBlade Length: 3.50&#8243;<br \/>\nCutting Edge: 3.25&#8243;<br \/>\nClosed Length: 5.00&#8243;<br \/>\nOverall Length: 8.50&#8243;<br \/>\nBlade Material: Blade steel for this year will be M390 &#8211; while metal supplies last, blades can also be CTS-204P or Elmax<br \/>\nBlade Thickness: 0.125&#8243;<br \/>\nBlade Style: Double Edge Dagger<br \/>\nBlade Grind: Flat<br \/>\nBlade Finish: Stonewash<br \/>\nHandle Material: Black Machined Aluminum<br \/>\nHandle Thickness: 0.500&#8243;<br \/>\nLocking Mechanism: Slide<br \/>\nPocket Clip: Stainless Steel (Tip-Down, Right\/Left Carry)<br \/>\nWeight: 3.20 oz.<br \/>\nDesigner: Tony Marfione<br \/>\nMade in the USA<\/p>\n","protected":false},"excerpt":{"rendered":"<p><strong>V pr\u016fb\u011bhu let\u00a0Microtech\u00ae Knives\u00a0naplnil v\u00e1\u0161n\u00ed a dovednost\u00ed v\u00fdrobu no\u017e\u016f,<\/strong><br \/>\n<strong>a\u017e z nich vytvo\u0159il t\u00e9m\u011b\u0159 um\u011bleck\u00e1 d\u00edla,kter\u00e9 jsou vrcholem funk\u010dnosti.V\u0161echny d\u00edly jsou vyrobeny v USA.<\/strong><br \/>\n<strong>Na v\u0161echny no\u017ee Microtech je do\u017eivotn\u00ed z\u00e1ruka.<\/strong><\/p>\n<p><strong>Doprava zdarma.<\/strong><\/p>\n","protected":false},"featured_media":213687,"comment_status":"open","ping_status":"closed","template":"","meta":[],"pwb-brand":[431],"product_brand":[],"product_cat":[2019,17],"product_tag":[3667],"class_list":{"0":"post-213686","1":"product","2":"type-product","3":"status-publish","4":"has-post-thumbnail","6":"pwb-brand-microtech","7":"product_cat-vystrelovaci-noze","8":"product_cat-noze","9":"product_tag-b2b","11":"first","12":"instock","13":"taxable","14":"shipping-taxable","15":"purchasable","16":"product-type-simple"},"brands":[{"id":431,"name":"Microtech","slug":"microtech"}],"_links":{"self":[{"href":"https:\/\/www.moskito.cz\/it\/wp-json\/wp\/v2\/product\/213686","targetHints":{"allow":["GET"]}}],"collection":[{"href":"https:\/\/www.moskito.cz\/it\/wp-json\/wp\/v2\/product"}],"about":[{"href":"https:\/\/www.moskito.cz\/it\/wp-json\/wp\/v2\/types\/product"}],"replies":[{"embeddable":true,"href":"https:\/\/www.moskito.cz\/it\/wp-json\/wp\/v2\/comments?post=213686"}],"wp:featuredmedia":[{"embeddable":true,"href":"https:\/\/www.moskito.cz\/it\/wp-json\/wp\/v2\/media\/213687"}],"wp:attachment":[{"href":"https:\/\/www.moskito.cz\/it\/wp-json\/wp\/v2\/media?parent=213686"}],"wp:term":[{"taxonomy":"pwb-brand","embeddable":true,"href":"https:\/\/www.moskito.cz\/it\/wp-json\/wp\/v2\/pwb-brand?post=213686"},{"taxonomy":"product_brand","embeddable":true,"href":"https:\/\/www.moskito.cz\/it\/wp-json\/wp\/v2\/product_brand?post=213686"},{"taxonomy":"product_cat","embeddable":true,"href":"https:\/\/www.moskito.cz\/it\/wp-json\/wp\/v2\/product_cat?post=213686"},{"taxonomy":"product_tag","embeddable":true,"href":"https:\/\/www.moskito.cz\/it\/wp-json\/wp\/v2\/product_tag?post=213686"}],"curies":[{"name":"wp","href":"https:\/\/api.w.org\/{rel}","templated":true}]}}