{"id":213845,"date":"2022-04-05T15:51:25","date_gmt":"2022-04-05T14:51:25","guid":{"rendered":"https:\/\/www.moskito.cz\/?post_type=product&#038;p=213845"},"modified":"2025-05-07T10:37:58","modified_gmt":"2025-05-07T09:37:58","slug":"vystrelovaci-nuz-microtech-exocet-157-1-tsos-source-artwork","status":"publish","type":"product","link":"https:\/\/www.moskito.cz\/it\/produkt\/vystrelovaci-nuz-microtech-exocet-157-1-tsos-source-artwork\/","title":{"rendered":"Vyst\u0159elovac\u00ed N\u016f\u017e Microtech Exocet 157-1 TSOS \u2013 \u201cSource\u201d Artwork"},"content":{"rendered":"<p>Vyst\u0159elovac\u00ed N\u016f\u017e <strong>Microtech<\/strong> Exocet 157-1 TSOS \u2013 \u201cSource\u201d Artwork<\/p>\n<p>Tato nov\u00e1 produk\u010dn\u00ed kombinace OTF n\u016f\u017e\/pen\u011b\u017eenka\/spona na pen\u00edze je prvn\u00ed sv\u00e9ho druhu a bude obl\u00edben\u00fdm prodejcem no\u017e\u016f Microtech. Vestav\u011bn\u00fd klip na pen\u011b\u017eenku pro kapesn\u00ed no\u0161en\u00ed.<\/p>\n<p>Hv\u011bzda \u0159ady Microtech pro rok 2019, Exocet spojuje u\u017eite\u010dnost a ka\u017edodenn\u00ed prakti\u010dnost dohromady v jednom jedine\u010dn\u00e9m bal\u00ed\u010dku. Tento automatick\u00fd OTF je inovativn\u00ed a prvn\u00ed sv\u00e9ho druhu v sob\u011b ukr\u00fdv\u00e1 subpalcovou \u010depel leg\u00e1ln\u00ed pro Kalifornii a slou\u017e\u00ed tak\u00e9 jako spona na pen\u00edze, tak\u017ee je ide\u00e1ln\u00ed pro ka\u017edodenn\u00ed no\u0161en\u00ed. Jeho vzhled v\u00e1s m\u016f\u017ee p\u0159ekvapit, kdy\u017e ho poprv\u00e9 uvid\u00edte, ale pocity \u00fazkosti zmiz\u00ed p\u0159i prvn\u00edm spu\u0161t\u011bn\u00ed. Tento n\u016f\u017e st\u0159\u00edl\u00ed rychleji a snadn\u011bji ne\u017e jak\u00fdkoli jin\u00fd Microtech OTF, tak\u017ee je to perfektn\u00ed d\u00e1rek pro va\u0161i drahou polovi\u010dku nebo pro v\u00e1s.<\/p>\n<p>Celkov\u00e1 d\u00e9lka: 5,6\u2033 (142 mm)<br \/>\nD\u00e9lka \u010depele: 1,97 \u201d (50 mm)<br \/>\nD\u00e9lka \u0159ezn\u00e9 hrany: 1,89 palce (48 mm)<br \/>\nTlou\u0161\u0165ka \u010depele: 0,079 palce (2 mm)<br \/>\nPovrchov\u00e1 \u00faprava \u010depele: b\u00edl\u00e1<br \/>\nTlou\u0161\u0165ka rukojeti: 0,36 palce (9 mm)<br \/>\nKapesn\u00ed klip: hrot dol\u016f<br \/>\nHmotnost: 3,0 oz (85,05 g)<br \/>\nZem\u011b p\u016fvodu: USA<\/p>\n<p>The star of <strong>Microtech\u2019s<\/strong> 2019 lineup, the Exocet marries utility and daily practicality together in one unique package. Innovative and the first of its kind, this automatic out the front, or OTF knife conceals a sub-two-inch California-legal blade and doubles as a money clip, making it perfect for daily carry. Its appearance may take you by surprise the first time you see it but feelings of trepidation will be gone at first actuation. This knife fires faster and easier than just about any other Microtech OTF so it\u2019s a perfect gift for your significant other or yourself.<\/p>\n<p>Blade Length: 1.98\u2033<br \/>\nCutting Edge: 1.875\u2033<br \/>\nClosed Length: 3.62\u2033<br \/>\nOverall Length: 5.60\u2033<br \/>\nBlade Material: Bohler M390 Stainless Steel<br \/>\nBlade Thickness: 0.067\u2033<br \/>\nBlade Style: Double Edge Dagger<br \/>\nBlade Grind: Flat<br \/>\nBlade Finish: Black Two-Tone with Gold Accents<br \/>\nHandle Material: 6061-T6 Aluminum with \u2018Source\u2019 Artwork<br \/>\nHandle Thickness: 0.35\u2033<br \/>\nLocking Mechanism: Slide<br \/>\nPocket Clip: Stainless Steel (Tip-Down, Right\/Left Carry)<br \/>\nWeight: 3.0 oz.<br \/>\nDesigner: Tony Marfione<br \/>\nArtwork Designer: Scarlett Cussell<br \/>\nIncludes Metal Certificate of Authenticity<br \/>\nMade in the USA<\/p>\n<p>&nbsp;<\/p>\n","protected":false},"excerpt":{"rendered":"<div class=\"elementor-element elementor-element-bbb542b elementor-widget elementor-widget-woocommerce-product-short-description\" data-id=\"bbb542b\" data-element_type=\"widget\" data-widget_type=\"woocommerce-product-short-description.default\">\n<div class=\"elementor-widget-container\">\n<div class=\"woocommerce-product-details__short-description\">\n<div class=\"elementor-element elementor-element-bbb542b elementor-widget elementor-widget-woocommerce-product-short-description\" data-id=\"bbb542b\" data-element_type=\"widget\" data-widget_type=\"woocommerce-product-short-description.default\">\n<div class=\"elementor-widget-container\">\n<div class=\"woocommerce-product-details__short-description\">\n<p>V pr\u016fb\u011bhu let <strong>Microtech\u00ae<\/strong> Knives naplnil v\u00e1\u0161n\u00ed a dovednost\u00ed v\u00fdrobu no\u017e\u016f, a\u017e z nich vytvo\u0159il t\u00e9m\u011b\u0159 um\u011bleck\u00e1 d\u00edla,kter\u00e9 jsou vrcholem funk\u010dnosti.V\u0161echny d\u00edly jsou vyrobeny v USA.<br \/>\n<strong>Na v\u0161echny no\u017ee Microtech je do\u017eivotn\u00ed z\u00e1ruka.<\/strong><\/p>\n<p><strong>Doprava zdarma.<\/strong><\/p>\n<\/div>\n<\/div>\n<\/div>\n<\/div>\n<\/div>\n<\/div>\n","protected":false},"featured_media":213846,"comment_status":"open","ping_status":"closed","template":"","meta":[],"pwb-brand":[431],"product_brand":[],"product_cat":[2019,18],"product_tag":[3667],"class_list":{"0":"post-213845","1":"product","2":"type-product","3":"status-publish","4":"has-post-thumbnail","6":"pwb-brand-microtech","7":"product_cat-vystrelovaci-noze","8":"product_cat-naboje-skupiny-d","9":"product_tag-b2b","11":"first","12":"outofstock","13":"taxable","14":"shipping-taxable","15":"purchasable","16":"product-type-simple"},"brands":[{"id":431,"name":"Microtech","slug":"microtech"}],"_links":{"self":[{"href":"https:\/\/www.moskito.cz\/it\/wp-json\/wp\/v2\/product\/213845","targetHints":{"allow":["GET"]}}],"collection":[{"href":"https:\/\/www.moskito.cz\/it\/wp-json\/wp\/v2\/product"}],"about":[{"href":"https:\/\/www.moskito.cz\/it\/wp-json\/wp\/v2\/types\/product"}],"replies":[{"embeddable":true,"href":"https:\/\/www.moskito.cz\/it\/wp-json\/wp\/v2\/comments?post=213845"}],"wp:featuredmedia":[{"embeddable":true,"href":"https:\/\/www.moskito.cz\/it\/wp-json\/wp\/v2\/media\/213846"}],"wp:attachment":[{"href":"https:\/\/www.moskito.cz\/it\/wp-json\/wp\/v2\/media?parent=213845"}],"wp:term":[{"taxonomy":"pwb-brand","embeddable":true,"href":"https:\/\/www.moskito.cz\/it\/wp-json\/wp\/v2\/pwb-brand?post=213845"},{"taxonomy":"product_brand","embeddable":true,"href":"https:\/\/www.moskito.cz\/it\/wp-json\/wp\/v2\/product_brand?post=213845"},{"taxonomy":"product_cat","embeddable":true,"href":"https:\/\/www.moskito.cz\/it\/wp-json\/wp\/v2\/product_cat?post=213845"},{"taxonomy":"product_tag","embeddable":true,"href":"https:\/\/www.moskito.cz\/it\/wp-json\/wp\/v2\/product_tag?post=213845"}],"curies":[{"name":"wp","href":"https:\/\/api.w.org\/{rel}","templated":true}]}}