{"id":214098,"date":"2022-04-09T21:11:38","date_gmt":"2022-04-09T20:11:38","guid":{"rendered":"https:\/\/www.moskito.cz\/?post_type=product&#038;p=214098"},"modified":"2026-04-12T21:28:24","modified_gmt":"2026-04-12T20:28:24","slug":"pevny-nuz-microtech-bastinelli-apocalyptic-215-10aps","status":"publish","type":"product","link":"https:\/\/www.moskito.cz\/it\/produkt\/pevny-nuz-microtech-bastinelli-apocalyptic-215-10aps\/","title":{"rendered":"Pevn\u00fd N\u016f\u017e Microtech\/Bastinelli Apocalyptic 215-10APS"},"content":{"rendered":"<p>Pevn\u00fd N\u016f\u017e <strong>Microtech\/Bastinelli<\/strong> Apocalyptic 215-10APS<\/p>\n<p><strong>Feather<\/strong> je druh no\u017ee, kter\u00fd prost\u011b ud\u011bl\u00e1 svou pr\u00e1ci. \u017d\u00e1dn\u00e9 kudrlinky, zvonky nebo p\u00ed\u0161\u0165alky, je to opracovan\u00fd kus n\u00e1strojov\u00e9 oceli D2 s ni\u010divou \u010depel\u00ed jest\u0159\u00e1bn\u00edka, mal\u00ed\u010dkov\u00fdm krou\u017ekem a vynikaj\u00edc\u00ed texturou na rukojeti. Tato jednod\u00edln\u00e1 pevn\u00e1 \u010depel je navr\u017eena tak, aby ji bylo mo\u017en\u00e9 bleskov\u011b sejmout a okam\u017eit\u011b za\u010d\u00edt pracovat. P\u0159ilo\u017een\u00e9 kydexov\u00e9 pouzdro s t\u0159ec\u00edm st\u0159ihem je vybaveno sponou diskr\u00e9tn\u00edho no\u0161en\u00ed (IWB), kter\u00e1 dr\u017e\u00ed n\u016f\u017e po ruce a p\u0159ipraven\u00fd ude\u0159it. Z\u00e1\u0159\u00ed v taktick\u00e9m sc\u00e9n\u00e1\u0159i posledn\u00edho p\u0159\u00edkopu, ale funguje stejn\u011b dob\u0159e jako pevn\u00e1 \u010depel pro ka\u017edodenn\u00ed no\u0161en\u00ed.<\/p>\n<p>Specifikace<br \/>\nD\u00e9lka \u010depele: 7.5 cm<br \/>\nCelkov\u00e1 d\u00e9lka: 20 cm<br \/>\nMateri\u00e1l \u010depele: N\u00e1strojov\u00e1 ocel D2<br \/>\nStyl \u010depele: Hawkbill<br \/>\nBrou\u0161en\u00ed \u010depele: Ploch\u00e9<br \/>\nPovrchov\u00e1 \u00faprava \u010depele: Apocalyptic Stonewash<br \/>\nMateri\u00e1l rukojeti: N\u00e1strojov\u00e1 ocel D2<br \/>\nMateri\u00e1l pl\u00e1\u0161t\u011b: Kydex s klipem na IWB<br \/>\nHmotnost: 2,4 oz.<br \/>\nHmotnost s pouzdrem: 3,7 oz.<br \/>\nVyrobeno v USA<\/p>\n<p><iframe title=\"Microtech Combat Troodon Torture Test\" width=\"800\" height=\"450\" src=\"https:\/\/www.youtube.com\/embed\/xE9TeOFYEjg?feature=oembed\" frameborder=\"0\" allow=\"accelerometer; autoplay; clipboard-write; encrypted-media; gyroscope; picture-in-picture; web-share\" allowfullscreen><\/iframe><\/p>\n<p>&nbsp;<\/p>\n","protected":false},"excerpt":{"rendered":"<p><strong>V pr\u016fb\u011bhu let\u00a0Microtech\u00ae Knives\u00a0naplnil v\u00e1\u0161n\u00ed a dovednost\u00ed v\u00fdrobu no\u017e\u016f, a\u017e z nich vytvo\u0159il t\u00e9m\u011b\u0159 um\u011bleck\u00e1 d\u00edla,kter\u00e9 jsou vrcholem funk\u010dnosti. V\u0161echny d\u00edly jsou vyrobeny v USA.<\/strong><br \/>\n<strong>Na v\u0161echny no\u017ee Microtech je do\u017eivotn\u00ed z\u00e1ruka.<\/strong><\/p>\n<p><strong>Doprava zdarma.<\/strong><\/p>\n","protected":false},"featured_media":214099,"comment_status":"open","ping_status":"closed","template":"","meta":[],"pwb-brand":[],"product_brand":[],"product_cat":[23,17],"product_tag":[3667],"class_list":{"0":"post-214098","1":"product","2":"type-product","3":"status-publish","4":"has-post-thumbnail","6":"product_cat-pevne-noze","7":"product_cat-noze","8":"product_tag-b2b","10":"first","11":"instock","12":"sale","13":"taxable","14":"shipping-taxable","15":"purchasable","16":"product-type-simple"},"brands":[],"_links":{"self":[{"href":"https:\/\/www.moskito.cz\/it\/wp-json\/wp\/v2\/product\/214098","targetHints":{"allow":["GET"]}}],"collection":[{"href":"https:\/\/www.moskito.cz\/it\/wp-json\/wp\/v2\/product"}],"about":[{"href":"https:\/\/www.moskito.cz\/it\/wp-json\/wp\/v2\/types\/product"}],"replies":[{"embeddable":true,"href":"https:\/\/www.moskito.cz\/it\/wp-json\/wp\/v2\/comments?post=214098"}],"wp:featuredmedia":[{"embeddable":true,"href":"https:\/\/www.moskito.cz\/it\/wp-json\/wp\/v2\/media\/214099"}],"wp:attachment":[{"href":"https:\/\/www.moskito.cz\/it\/wp-json\/wp\/v2\/media?parent=214098"}],"wp:term":[{"taxonomy":"pwb-brand","embeddable":true,"href":"https:\/\/www.moskito.cz\/it\/wp-json\/wp\/v2\/pwb-brand?post=214098"},{"taxonomy":"product_brand","embeddable":true,"href":"https:\/\/www.moskito.cz\/it\/wp-json\/wp\/v2\/product_brand?post=214098"},{"taxonomy":"product_cat","embeddable":true,"href":"https:\/\/www.moskito.cz\/it\/wp-json\/wp\/v2\/product_cat?post=214098"},{"taxonomy":"product_tag","embeddable":true,"href":"https:\/\/www.moskito.cz\/it\/wp-json\/wp\/v2\/product_tag?post=214098"}],"curies":[{"name":"wp","href":"https:\/\/api.w.org\/{rel}","templated":true}]}}