{"id":214243,"date":"2022-04-12T18:56:30","date_gmt":"2022-04-12T17:56:30","guid":{"rendered":"https:\/\/www.moskito.cz\/?post_type=product&#038;p=214243"},"modified":"2025-05-07T10:38:05","modified_gmt":"2025-05-07T09:38:05","slug":"zaviraci-nuz-boker-magnum-urban-trapper-tanto-01bo721","status":"publish","type":"product","link":"https:\/\/www.moskito.cz\/it\/produkt\/zaviraci-nuz-boker-magnum-urban-trapper-tanto-01bo721\/","title":{"rendered":"Zav\u00edrac\u00ed N\u016f\u017e B\u00f6ker Magnum Urban Trapper Tanto  01BO721"},"content":{"rendered":"<p>Zav\u00edrac\u00ed N\u016f\u017e <strong>B\u00f6ker<\/strong> Magnum Urban Trapper Tanto 01BO721<\/p>\n<p>Brad Zinker vytvo\u0159il vzru\u0161uj\u00edc\u00ed kontrast s B\u00f6ker Plus Urban Trapper Tanto . Line\u00e1rn\u00ed \u010depel se sm\u011bsn\u00fdm brou\u0161en\u00edm kombinuje eleganci origin\u00e1ln\u00edho designu se zcela nov\u00fdm vzhledem. Urban Trapper Tanto m\u00e1 v t\u00e9to modelov\u00e9 rodin\u011b jist\u011b zvl\u00e1\u0161tn\u00ed postaven\u00ed. \u010cepel s kuli\u010dkov\u00fdm lo\u017eiskem z VG-10 se zde otev\u00edr\u00e1 tak\u00e9 pomoc\u00ed ploutve .<\/p>\n<p>Typ polo\u017eky: kapesn\u00ed n\u016f\u017e<br \/>\nCelkov\u00e1 d\u00e9lka: 18,90 cm<br \/>\nD\u00e9lka \u010depele: 8,60 cm<br \/>\nS\u00edla \u010depele: 2,40 mm<br \/>\nHmotnost: 50,00 g<br \/>\nN\u00e1vrh\u00e1\u0159i: Brad Zinker<br \/>\nMateri\u00e1l \u010depele: VG-10<br \/>\nMateri\u00e1l rukojeti: titan<\/p>\n<p>With the Boker Plus Urban Trapper Tanto, Brad Zinker created an exciting contrast. The straight blade with a compound grind combines the elegance of the original design with a completely new vibe. The Urban Trapper Tanto will certainly occupy a special place in this knife family. The VG-10 blade with ball bearings also opens via flipper.<\/p>\n<p>Type:<br \/>\nPocket Knife<br \/>\nOverall Length:<br \/>\n18,90 cm<br \/>\nBlade Length:<br \/>\n8,60 cm<br \/>\nBlade Thickness:<br \/>\n2,40 mm<br \/>\nWeight:<br \/>\n50,00 g<br \/>\nDesigner:<br \/>\nBrad Zinker<br \/>\nBlade Material:<br \/>\nVG-10<br \/>\nHandle Material:<br \/>\nTitanium<br \/>\nOpener:<br \/>\nFlipper<br \/>\nOpening:<br \/>\nManual<br \/>\nLock Type:<br \/>\nLinerlock<br \/>\nMade in:<br \/>\nAsia<br \/>\nColor:<br \/>\nGray<br \/>\nItem Number:<br \/>\n01BO721<\/p>\n<p>&nbsp;<\/p>\n","protected":false},"excerpt":{"rendered":"<p>No\u017e\u00ed\u0159sk\u00e1 manufaktura\u00a0<strong>B\u00f6ker<\/strong>\u00a0se postupem \u010dasu vypracovala na glob\u00e1ln\u00edho inova\u010dn\u00edho l\u00eddra a nejv\u011bt\u0161\u00edho v\u00fdrobce sportovn\u00edch no\u017e\u016f, taktick\u00fdch no\u017e\u016f a sb\u011bratelsk\u00fdch no\u017e\u016f v Evrop\u011b.<\/p>\n","protected":false},"featured_media":214244,"comment_status":"open","ping_status":"closed","template":"","meta":[],"pwb-brand":[140],"product_brand":[],"product_cat":[22,17],"product_tag":[3667],"class_list":{"0":"post-214243","1":"product","2":"type-product","3":"status-publish","4":"has-post-thumbnail","6":"pwb-brand-boker","7":"product_cat-zaviraci-noze","8":"product_cat-noze","9":"product_tag-b2b","11":"first","12":"instock","13":"taxable","14":"shipping-taxable","15":"purchasable","16":"product-type-simple"},"brands":[{"id":140,"name":"Boker","slug":"boker"}],"_links":{"self":[{"href":"https:\/\/www.moskito.cz\/it\/wp-json\/wp\/v2\/product\/214243","targetHints":{"allow":["GET"]}}],"collection":[{"href":"https:\/\/www.moskito.cz\/it\/wp-json\/wp\/v2\/product"}],"about":[{"href":"https:\/\/www.moskito.cz\/it\/wp-json\/wp\/v2\/types\/product"}],"replies":[{"embeddable":true,"href":"https:\/\/www.moskito.cz\/it\/wp-json\/wp\/v2\/comments?post=214243"}],"wp:featuredmedia":[{"embeddable":true,"href":"https:\/\/www.moskito.cz\/it\/wp-json\/wp\/v2\/media\/214244"}],"wp:attachment":[{"href":"https:\/\/www.moskito.cz\/it\/wp-json\/wp\/v2\/media?parent=214243"}],"wp:term":[{"taxonomy":"pwb-brand","embeddable":true,"href":"https:\/\/www.moskito.cz\/it\/wp-json\/wp\/v2\/pwb-brand?post=214243"},{"taxonomy":"product_brand","embeddable":true,"href":"https:\/\/www.moskito.cz\/it\/wp-json\/wp\/v2\/product_brand?post=214243"},{"taxonomy":"product_cat","embeddable":true,"href":"https:\/\/www.moskito.cz\/it\/wp-json\/wp\/v2\/product_cat?post=214243"},{"taxonomy":"product_tag","embeddable":true,"href":"https:\/\/www.moskito.cz\/it\/wp-json\/wp\/v2\/product_tag?post=214243"}],"curies":[{"name":"wp","href":"https:\/\/api.w.org\/{rel}","templated":true}]}}