{"id":214665,"date":"2022-04-16T15:04:17","date_gmt":"2022-04-16T14:04:17","guid":{"rendered":"https:\/\/www.moskito.cz\/?post_type=product&#038;p=214665"},"modified":"2026-03-30T14:28:42","modified_gmt":"2026-03-30T13:28:42","slug":"zaviraci-nuz-karambit-tac-force-evolution-spring-assist","status":"publish","type":"product","link":"https:\/\/www.moskito.cz\/it\/produkt\/zaviraci-nuz-karambit-tac-force-evolution-spring-assist\/","title":{"rendered":"Zav\u00edrac\u00ed N\u016f\u017e Karambit Tac Force Evolution Spring Assist"},"content":{"rendered":"<p>Zav\u00edrac\u00ed N\u016f\u017e Karambit <strong>Tac Force<\/strong> Evolution Spring Assist<\/p>\n<p>N\u016f\u017e m\u00e1 asistovan\u00e9 otev\u00edr\u00e1n\u00ed. D\u00e9lka zav\u0159en\u00e9ho no\u017ee je 13 cm. \u010cern\u00e1 povrchov\u00e1 \u00faprava 8Cr13MoV nerezov\u00e1 karambitov\u00e1 \u010depel 7.5 cm. \u010cern\u00e1 rukoje\u0165 G10. Prsten\u00ed\u010dek. \u010cep na palec. Kapesn\u00ed klip.<\/p>\n<p>Assisted opening. 5.25&#8243; closed. 3&#8243; black finish 8Cr13MoV stainless karambit blade. Black G10 handle. Finger ring. Thumb stud. Pocket clip. Boxed.<\/p>\n","protected":false},"excerpt":{"rendered":"<p>Zav\u00edrac\u00ed n\u016f\u017e s pojistkou.<\/p>\n","protected":false},"featured_media":214666,"comment_status":"open","ping_status":"closed","template":"","meta":[],"pwb-brand":[634],"product_brand":[],"product_cat":[2062,17],"product_tag":[],"class_list":{"0":"post-214665","1":"product","2":"type-product","3":"status-publish","4":"has-post-thumbnail","6":"pwb-brand-tac-force","7":"product_cat-karambity","8":"product_cat-noze","10":"first","11":"outofstock","12":"taxable","13":"shipping-taxable","14":"purchasable","15":"product-type-simple"},"brands":[{"id":634,"name":"Tac Force","slug":"tac-force"}],"_links":{"self":[{"href":"https:\/\/www.moskito.cz\/it\/wp-json\/wp\/v2\/product\/214665","targetHints":{"allow":["GET"]}}],"collection":[{"href":"https:\/\/www.moskito.cz\/it\/wp-json\/wp\/v2\/product"}],"about":[{"href":"https:\/\/www.moskito.cz\/it\/wp-json\/wp\/v2\/types\/product"}],"replies":[{"embeddable":true,"href":"https:\/\/www.moskito.cz\/it\/wp-json\/wp\/v2\/comments?post=214665"}],"wp:featuredmedia":[{"embeddable":true,"href":"https:\/\/www.moskito.cz\/it\/wp-json\/wp\/v2\/media\/214666"}],"wp:attachment":[{"href":"https:\/\/www.moskito.cz\/it\/wp-json\/wp\/v2\/media?parent=214665"}],"wp:term":[{"taxonomy":"pwb-brand","embeddable":true,"href":"https:\/\/www.moskito.cz\/it\/wp-json\/wp\/v2\/pwb-brand?post=214665"},{"taxonomy":"product_brand","embeddable":true,"href":"https:\/\/www.moskito.cz\/it\/wp-json\/wp\/v2\/product_brand?post=214665"},{"taxonomy":"product_cat","embeddable":true,"href":"https:\/\/www.moskito.cz\/it\/wp-json\/wp\/v2\/product_cat?post=214665"},{"taxonomy":"product_tag","embeddable":true,"href":"https:\/\/www.moskito.cz\/it\/wp-json\/wp\/v2\/product_tag?post=214665"}],"curies":[{"name":"wp","href":"https:\/\/api.w.org\/{rel}","templated":true}]}}