{"id":214716,"date":"2022-04-17T09:16:15","date_gmt":"2022-04-17T08:16:15","guid":{"rendered":"https:\/\/www.moskito.cz\/?post_type=product&#038;p=214716"},"modified":"2025-05-07T10:38:10","modified_gmt":"2025-05-07T09:38:10","slug":"pevny-nuz-karambit-boker-magnum-elk-hunter-special","status":"publish","type":"product","link":"https:\/\/www.moskito.cz\/it\/produkt\/pevny-nuz-karambit-boker-magnum-elk-hunter-special\/","title":{"rendered":"Pevn\u00fd N\u016f\u017e Karambit B\u00f6ker Magnum Elk Hunter Special"},"content":{"rendered":"<p>Pevn\u00fd N\u016f\u017e Karambit <strong>B\u00f6ker Magnum<\/strong> Elk Hunter Special.<\/p>\n<p>Speci\u00e1ln\u00ed edice Magnum Elk Hunter zaujme ide\u00e1ln\u00ed d\u00e9lkou \u010depele. Optika a funkce charakterizuj\u00ed urostl\u00fd n\u016f\u017e s nerezovou \u010depel\u00ed 440A. Rukoje\u0165 je vyrobena z ebenov\u00e9ho d\u0159eva a odoln\u00e9ho palisandru. Otvor pro \u0161\u0148\u016frku umo\u017e\u0148uje p\u0159ipevn\u011bn\u00ed \u0161\u0148\u016frky nebo \u0161\u0148\u016frky k no\u017ei. S vysoce kvalitn\u00edm ko\u017een\u00fdm pouzdrem.<\/p>\n<p>Typ: Pevn\u00e1 \u010depel<br \/>\nCelkov\u00e1 d\u00e9lka: 22,00 cm<br \/>\nD\u00e9lka \u010depele: 11,00 cm<br \/>\nTlou\u0161\u0165ka \u010depele: 3,80 mm<br \/>\nHmotnost: 175,00 g<br \/>\nMateri\u00e1l \u010depele: 440A<br \/>\nMateri\u00e1l rukojeti: Palisandr<br \/>\nBarva: Hn\u011bd\u00e1<br \/>\nBarva \u010depele: Nepota\u017een\u00e9<br \/>\nMateri\u00e1l pl\u00e1\u0161t\u011b: K\u016f\u017ee<br \/>\n\u010c\u00edslo polo\u017eky: 02GL685<\/p>\n<p>&nbsp;<\/p>\n","protected":false},"excerpt":{"rendered":"<p><strong>No\u017e\u00ed\u0159sk\u00e1 manufaktura\u00a0B\u00f6ker\u00a0se postupem \u010dasu vypracovala na glob\u00e1ln\u00edho inova\u010dn\u00edho l\u00eddra a nejv\u011bt\u0161\u00edho v\u00fdrobce sportovn\u00edch no\u017e\u016f, taktick\u00fdch no\u017e\u016f a sb\u011bratelsk\u00fdch no\u017e\u016f v Evrop\u011b.<\/strong><\/p>\n","protected":false},"featured_media":214717,"comment_status":"open","ping_status":"closed","template":"","meta":[],"pwb-brand":[140],"product_brand":[],"product_cat":[23,17],"product_tag":[3667],"class_list":{"0":"post-214716","1":"product","2":"type-product","3":"status-publish","4":"has-post-thumbnail","6":"pwb-brand-boker","7":"product_cat-pevne-noze","8":"product_cat-noze","9":"product_tag-b2b","11":"first","12":"outofstock","13":"taxable","14":"shipping-taxable","15":"purchasable","16":"product-type-simple"},"brands":[{"id":140,"name":"Boker","slug":"boker"}],"_links":{"self":[{"href":"https:\/\/www.moskito.cz\/it\/wp-json\/wp\/v2\/product\/214716","targetHints":{"allow":["GET"]}}],"collection":[{"href":"https:\/\/www.moskito.cz\/it\/wp-json\/wp\/v2\/product"}],"about":[{"href":"https:\/\/www.moskito.cz\/it\/wp-json\/wp\/v2\/types\/product"}],"replies":[{"embeddable":true,"href":"https:\/\/www.moskito.cz\/it\/wp-json\/wp\/v2\/comments?post=214716"}],"wp:featuredmedia":[{"embeddable":true,"href":"https:\/\/www.moskito.cz\/it\/wp-json\/wp\/v2\/media\/214717"}],"wp:attachment":[{"href":"https:\/\/www.moskito.cz\/it\/wp-json\/wp\/v2\/media?parent=214716"}],"wp:term":[{"taxonomy":"pwb-brand","embeddable":true,"href":"https:\/\/www.moskito.cz\/it\/wp-json\/wp\/v2\/pwb-brand?post=214716"},{"taxonomy":"product_brand","embeddable":true,"href":"https:\/\/www.moskito.cz\/it\/wp-json\/wp\/v2\/product_brand?post=214716"},{"taxonomy":"product_cat","embeddable":true,"href":"https:\/\/www.moskito.cz\/it\/wp-json\/wp\/v2\/product_cat?post=214716"},{"taxonomy":"product_tag","embeddable":true,"href":"https:\/\/www.moskito.cz\/it\/wp-json\/wp\/v2\/product_tag?post=214716"}],"curies":[{"name":"wp","href":"https:\/\/api.w.org\/{rel}","templated":true}]}}