{"id":214814,"date":"2022-04-17T11:33:33","date_gmt":"2022-04-17T10:33:33","guid":{"rendered":"https:\/\/www.moskito.cz\/?post_type=product&#038;p=214814"},"modified":"2025-05-20T20:31:38","modified_gmt":"2025-05-20T19:31:38","slug":"zaviraci-nuz-boker-magnum-master-craftsman-2","status":"publish","type":"product","link":"https:\/\/www.moskito.cz\/it\/produkt\/zaviraci-nuz-boker-magnum-master-craftsman-2\/","title":{"rendered":"Zav\u00edrac\u00ed N\u016f\u017e B\u00f6ker Magnum Master Craftsman 2"},"content":{"rendered":"<p>Zav\u00edrac\u00ed N\u016f\u017e <strong>B\u00f6ker<\/strong> Magnum Master Craftsman 2<\/p>\n<p>Nov\u00e1 \u0159ada no\u017e\u016f Magnum je zam\u011b\u0159ena p\u0159edev\u0161\u00edm na \u0159emesln\u00edky, kte\u0159\u00ed vy\u017eaduj\u00ed solidn\u00ed a spolehliv\u00fd, ale tak\u00e9 cenov\u011b v\u00fdhodn\u00fd n\u016f\u017e, kter\u00fd je opravdovou pomoc\u00ed a nenahraditeln\u00fdm n\u00e1strojem p\u0159i jejich pr\u00e1ci. No\u017ee maj\u00ed \u010depele odoln\u00e9 proti korozi vyroben\u00e9 z nerezov\u00e9 oceli 440A. R\u016fzn\u00e9 otv\u00edrac\u00ed a uzamykac\u00ed mechanismy, stejn\u011b jako v\u0161estrann\u00e9 rukojeti pro \u0161irokou \u0161k\u00e1lu ergonomick\u00fdch po\u017eadavk\u016f. D\u00edky robustn\u00edmu vzhledu, spolehlivosti a v neposledn\u00ed \u0159ad\u011b vynikaj\u00edc\u00edmu pom\u011bru ceny a v\u00fdkonu t\u011bchto v\u0161estrann\u00fdch profesion\u00e1ln\u00edch no\u017e\u016f pro ka\u017edodenn\u00ed pou\u017eit\u00ed z \u0159ady Handwerksmeister jsou perfektn\u00ed volbou pro \u0159emesln\u00edky. Zav\u00edrac\u00ed n\u016f\u017e s jemnou, lehce vyv\u00fd\u0161enou Bowie &#8211; \u0161pi\u010dkou pro p\u0159esnou pr\u00e1ci. \u010cepel se blokuje proti necht\u011bn\u00e9mu zav\u0159en\u00ed no\u017ee p\u0159i pr\u00e1ci pojistkou Lockback. St\u0159enky rukojeti jsou vyrobeny z odoln\u00e9ho d\u0159eva Pakka. S otvorem pro \u0161\u0148\u016fru.<\/p>\n<p>Popis produktu<\/p>\n<p>celkov\u00e1 d\u00e9lka: 22,3 cm<br \/>\nd\u00e9lka \u010depele: 9,8 cm<br \/>\ntlou\u0161\u0165ka \u010depele: 2,7 mm<br \/>\nhmotnost: 153 g<br \/>\nmateri\u00e1l \u010depele: 440A<br \/>\nmateri\u00e1l rukojeti: Pakka<br \/>\ntyp pojistky: Backlock<\/p>\n<p>The Magnum Master Craftsman knives primarily addresses craftsmen who need a solid and reliable but also cost-effective knife that is an indispensable tool and true help for their work. The edge-holding knives have a corrosion-resistant blade made from 440A stainless steel. The rugged presentation, the reliability and last but not least the outstanding price-performance ratio make the Master Craftsman series into the jack of all trades for daily use and an outstanding choice for the working gear pocket or toolbox.<\/p>\n<p>The Magnum Master Craftsman 2 is a full-sized folding knife with a fine, slightly raised bowie tip for precise work. The blade locks securely with a Backlock and is opened with the help of the nail nick. The handle scales are made of durable Pakka Wood. With lanyard hole.<\/p>\n<p>&nbsp;<\/p>\n","protected":false},"excerpt":{"rendered":"<p>No\u017e\u00ed\u0159sk\u00e1 manufaktura <strong>B\u00f6ker<\/strong> se postupem \u010dasu vypracovala na glob\u00e1ln\u00edho inova\u010dn\u00edho l\u00eddra a nejv\u011bt\u0161\u00edho v\u00fdrobce sportovn\u00edch no\u017e\u016f, taktick\u00fdch no\u017e\u016f a sb\u011bratelsk\u00fdch no\u017e\u016f v Evrop\u011b.<\/p>\n","protected":false},"featured_media":214815,"comment_status":"open","ping_status":"closed","template":"","meta":[],"pwb-brand":[140],"product_brand":[],"product_cat":[22,17],"product_tag":[3667],"class_list":{"0":"post-214814","1":"product","2":"type-product","3":"status-publish","4":"has-post-thumbnail","6":"pwb-brand-boker","7":"product_cat-zaviraci-noze","8":"product_cat-noze","9":"product_tag-b2b","11":"first","12":"outofstock","13":"taxable","14":"shipping-taxable","15":"purchasable","16":"product-type-simple"},"brands":[{"id":140,"name":"Boker","slug":"boker"}],"_links":{"self":[{"href":"https:\/\/www.moskito.cz\/it\/wp-json\/wp\/v2\/product\/214814","targetHints":{"allow":["GET"]}}],"collection":[{"href":"https:\/\/www.moskito.cz\/it\/wp-json\/wp\/v2\/product"}],"about":[{"href":"https:\/\/www.moskito.cz\/it\/wp-json\/wp\/v2\/types\/product"}],"replies":[{"embeddable":true,"href":"https:\/\/www.moskito.cz\/it\/wp-json\/wp\/v2\/comments?post=214814"}],"wp:featuredmedia":[{"embeddable":true,"href":"https:\/\/www.moskito.cz\/it\/wp-json\/wp\/v2\/media\/214815"}],"wp:attachment":[{"href":"https:\/\/www.moskito.cz\/it\/wp-json\/wp\/v2\/media?parent=214814"}],"wp:term":[{"taxonomy":"pwb-brand","embeddable":true,"href":"https:\/\/www.moskito.cz\/it\/wp-json\/wp\/v2\/pwb-brand?post=214814"},{"taxonomy":"product_brand","embeddable":true,"href":"https:\/\/www.moskito.cz\/it\/wp-json\/wp\/v2\/product_brand?post=214814"},{"taxonomy":"product_cat","embeddable":true,"href":"https:\/\/www.moskito.cz\/it\/wp-json\/wp\/v2\/product_cat?post=214814"},{"taxonomy":"product_tag","embeddable":true,"href":"https:\/\/www.moskito.cz\/it\/wp-json\/wp\/v2\/product_tag?post=214814"}],"curies":[{"name":"wp","href":"https:\/\/api.w.org\/{rel}","templated":true}]}}