{"id":214943,"date":"2022-04-17T20:46:25","date_gmt":"2022-04-17T19:46:25","guid":{"rendered":"https:\/\/www.moskito.cz\/?post_type=product&#038;p=214943"},"modified":"2026-04-07T03:12:25","modified_gmt":"2026-04-07T02:12:25","slug":"cold-steel-hand-and-a-half-dagger","status":"publish","type":"product","link":"https:\/\/www.moskito.cz\/it\/produkt\/cold-steel-hand-and-a-half-dagger\/","title":{"rendered":"Cold Steel HAND-AND-A-HALF DAGGER"},"content":{"rendered":"<p><strong>Cold Steel<\/strong> HAND-AND-A-HALF DAGGER.<\/p>\n<p>Existuje jen m\u00e1lo me\u010d\u016f, kter\u00e9 jsou univerz\u00e1ln\u011bj\u0161\u00ed nebo \u00fa\u010dinn\u011bj\u0161\u00ed ne\u017e Bastard nebo Hand-a-Half Sword Je p\u0159im\u011b\u0159en\u011b lehk\u00fd, rychl\u00fd jako blesk v \u00fatoku nebo obran\u011b a nejl\u00e9pe ze v\u0161ech kovan\u00fd z hou\u017eevnat\u00e9 uhl\u00edkov\u00e9 oceli 1060 s tvrdou pru\u017einou. Vybaven dv\u011bma pln\u011b nabrou\u0161en\u00fdmi hranami a siln\u00fdm, ale zlomysln\u011b \u00fa\u010dinn\u00fdm hrotem bud\u00ed respekt na prvn\u00ed pohled! Jeho dlouh\u00e1 rukoje\u0165 je vhodn\u00e1 pro pou\u017eit\u00ed s \u200b\u200bjednou nebo ob\u011bma rukama a je vyrobena ze d\u0159eva pota\u017een\u00e9ho \u010dernou k\u016f\u017e\u00ed. Pro vyv\u00e1\u017een\u00ed dlouh\u00e9 \u010depele Hand and a Half Swords je pa\u017eba zakon\u010dena hlavic\u00ed ve stylu v\u016fn\u011b. K dispozici je tak\u00e9 voliteln\u00e1 doprovodn\u00e1 d\u00fdka. Zmen\u0161en\u00fd a t\u00e9m\u011b\u0159 identick\u00fd vzhledem, st\u0159ihem, povrchovou \u00fapravou a materi\u00e1ly. Ve skute\u010dnosti je to skv\u011bl\u00e1 odr\u00e1\u017eec\u00ed zbra\u0148 a m\u016f\u017ee st\u00e1t sama o sob\u011b jako d\u00fdka, kterou m\u016f\u017eete s hrdost\u00ed nosit p\u0159i jak\u00e9koli p\u0159\u00edle\u017eitosti. Ka\u017ed\u00fd ru\u010dn\u00ed a p\u016fl me\u010d a d\u00fdka odr\u00e1\u017e\u00ed nejvy\u0161\u0161\u00ed standardy zpracov\u00e1n\u00ed a materi\u00e1l\u016f. Pro bezpe\u010dn\u00e9 ulo\u017een\u00ed va\u0161eho me\u010de a d\u00fdky jsme zahrnuli tak\u00e9 atraktivn\u00ed pochvy vyroben\u00e9 ze d\u0159eva pota\u017een\u00e9 \u010dernou k\u016f\u017e\u00ed, s ocelov\u00fdm hrdlem.<\/p>\n<p>PARAMETRY PRODUKTU<br \/>\nCelkov\u00e1 velikost : 488 mm<br \/>\nOcel : 1060 Carbon<br \/>\nBarva : \u010cern\u00e1\/St\u0159\u00edbrn\u00e1<br \/>\nD\u00e9lka \u010depele : 330 mm<br \/>\nHmotnost : 496,11 g<br \/>\nTlou\u0161\u0165ka \u010depele : 6,35 mm<br \/>\nMateri\u00e1l rukojeti<br \/>\nD\u00e9lka rukojeti : 158,75 mm<\/p>\n<p>There are few swords that are more versatile or effective than the Bastard or Hand-and-a-Half Sword Its reasonably light, fast as lightning in offense or defense and best of all forged from tough 1060 carbon steel with a hard spring temper. Equipped with two fully sharpened edges and a strong yet wickedly effective point it commands respect at first glance! Its long handle is suitable for use with both a one or two handed grip, and is fashioned out of wood covered in black leather. To balance the Hand and a Half Swords long blade the butt is capped with a scent stopper style pommel. An optional companion dagger is also available. Scaled down in size and almost identical in appearance, fit, finish and materials. In truth it makes a terrific off hand parrying weapon and can stand alone in its own right as a dagger you can wear with pride on any occasion. Every Hand-and-a-Half Sword and dagger reflects the highest standards in workmanship and materials. To safely house your sword and dagger, we have also included attractive scabbards made of wood covered with black leather, with steel throat and chape.<\/p>\n<p>Weight: 17.5oz Blade Thickness: 1\/4in Blade Length: 13in Blade Steel: 1060 Carbon Handle Length\/Material: 6-1\/4in Overall Length: 19-1\/4in Additional Features: Leather \/ Wood Scabbard with Steel Fittings. Blade Length Range: 10-20 in Steel Family: High Carbon Steels Product Family: Hand and a Half Sword Style: European<\/p>\n<p>&nbsp;<\/p>\n","protected":false},"excerpt":{"rendered":"<p>Existuje jen m\u00e1lo me\u010d\u016f, kter\u00e9 jsou univerz\u00e1ln\u011bj\u0161\u00ed nebo \u00fa\u010dinn\u011bj\u0161\u00ed ne\u017e Bastard nebo Hand-a-Half Sword.<\/p>\n","protected":false},"featured_media":214944,"comment_status":"open","ping_status":"closed","template":"","meta":[],"pwb-brand":[211],"product_brand":[],"product_cat":[24,1942],"product_tag":[3667],"class_list":{"0":"post-214943","1":"product","2":"type-product","3":"status-publish","4":"has-post-thumbnail","6":"pwb-brand-cold-steel","7":"product_cat-katany-a-mece","8":"product_cat-mece-dyky-repliky","9":"product_tag-b2b","11":"first","12":"outofstock","13":"taxable","14":"shipping-taxable","15":"purchasable","16":"product-type-simple"},"brands":[{"id":211,"name":"Cold Steel","slug":"cold-steel"}],"_links":{"self":[{"href":"https:\/\/www.moskito.cz\/it\/wp-json\/wp\/v2\/product\/214943","targetHints":{"allow":["GET"]}}],"collection":[{"href":"https:\/\/www.moskito.cz\/it\/wp-json\/wp\/v2\/product"}],"about":[{"href":"https:\/\/www.moskito.cz\/it\/wp-json\/wp\/v2\/types\/product"}],"replies":[{"embeddable":true,"href":"https:\/\/www.moskito.cz\/it\/wp-json\/wp\/v2\/comments?post=214943"}],"wp:featuredmedia":[{"embeddable":true,"href":"https:\/\/www.moskito.cz\/it\/wp-json\/wp\/v2\/media\/214944"}],"wp:attachment":[{"href":"https:\/\/www.moskito.cz\/it\/wp-json\/wp\/v2\/media?parent=214943"}],"wp:term":[{"taxonomy":"pwb-brand","embeddable":true,"href":"https:\/\/www.moskito.cz\/it\/wp-json\/wp\/v2\/pwb-brand?post=214943"},{"taxonomy":"product_brand","embeddable":true,"href":"https:\/\/www.moskito.cz\/it\/wp-json\/wp\/v2\/product_brand?post=214943"},{"taxonomy":"product_cat","embeddable":true,"href":"https:\/\/www.moskito.cz\/it\/wp-json\/wp\/v2\/product_cat?post=214943"},{"taxonomy":"product_tag","embeddable":true,"href":"https:\/\/www.moskito.cz\/it\/wp-json\/wp\/v2\/product_tag?post=214943"}],"curies":[{"name":"wp","href":"https:\/\/api.w.org\/{rel}","templated":true}]}}