{"id":214994,"date":"2022-04-18T20:26:28","date_gmt":"2022-04-18T19:26:28","guid":{"rendered":"https:\/\/www.moskito.cz\/?post_type=product&#038;p=214994"},"modified":"2025-05-07T10:38:20","modified_gmt":"2025-05-07T09:38:20","slug":"zaviraci-nuz-cold-steel-recon-1-spear-bod-plain-edge-s35vn","status":"publish","type":"product","link":"https:\/\/www.moskito.cz\/it\/produkt\/zaviraci-nuz-cold-steel-recon-1-spear-bod-plain-edge-s35vn\/","title":{"rendered":"Zav\u00edrac\u00ed N\u016f\u017e Cold Steel RECON 1 SPEAR BOD PLAIN EDGE (S35VN)"},"content":{"rendered":"<p>Zav\u00edrac\u00ed N\u016f\u017e <strong>Cold Steel<\/strong> RECON 1 SPEAR BOD PLAIN EDGE (S35VN).<\/p>\n<p>Obl\u00edben\u00fd n\u016f\u017e mezi voj\u00e1ky a p\u0159\u00edslu\u0161n\u00edky policejn\u00edch slo\u017eek, hasi\u010dsk\u00fdmi a z\u00e1chran\u00e1\u0159sk\u00fdmi pos\u00e1dkami i civilisty, kte\u0159\u00ed ocen\u00ed pracovit\u00fd a spolehliv\u00fd n\u00e1stroj pro ka\u017edou p\u0159\u00edle\u017eitost. Ostr\u00e1 jako skalpel a odoln\u00e1 jako tank, \u0159ada Recon je k dispozici s 2 a 4palcov\u00fdmi \u010depelemi a ka\u017ed\u00fd aspekt jejich konstrukce byl p\u0159epracov\u00e1n tak, aby byly tak siln\u00e9, odoln\u00e9 a efektivn\u00ed, jak je jen mo\u017en\u00e9. Tyto klasiky od Cold Steel jsou tenk\u00e9, lehk\u00e9, ostr\u00e9 jako b\u0159itva a \u00fa\u017easn\u011b pevn\u00e9! Oba modely t\u00e9to rozmanit\u00e9 \u0159ady jsou vybaveny na\u0161\u00edm sv\u011btov\u011b proslul\u00fdm z\u00e1mkem Tri-Ad, d\u00edky kter\u00e9mu jsou t\u00e9m\u011b\u0159 odoln\u00e9 v\u016f\u010di n\u00e1raz\u016fm a chr\u00e1n\u00ed va\u0161e vz\u00e1cn\u00e9 prsty p\u0159ed zran\u011bn\u00edm p\u0159i pou\u017e\u00edv\u00e1n\u00ed no\u017ee i v t\u011bch nejn\u00e1ro\u010dn\u011bj\u0161\u00edch podm\u00ednk\u00e1ch. Od robustn\u00edho mal\u00e9ho pracanta, kter\u00fdm je na\u0161e \u0159ada Micro, a\u017e po brut\u00e1ln\u00ed \u0159ezn\u00fd v\u00fdkon na\u0161\u00ed klasick\u00e9 \u0159ady Recon \u2013 a\u0165 u\u017e je va\u0161e posl\u00e1n\u00ed jak\u00e9koli,<\/p>\n<p>PARAMETRY PRODUKTU<br \/>\nMateri\u00e1l rukojeti : Long G-10 Styled Griv-Ex\u2122<br \/>\nTlou\u0161\u0165ka \u010depele : 3,5 mm<br \/>\nCelkov\u00e1 velikost : 238 mm<br \/>\nBarva : \u010cern\u00e1<br \/>\nD\u00e9lka \u010depele : 101 mm<br \/>\nDruh pojistky : Tri-Ad Lock<br \/>\nOcel . CPM-S35VN s DLC Coating<br \/>\nD\u00e9lka rukojeti : 136 mm<br \/>\nHmotnost : 150,25 g<br \/>\nMateri\u00e1l pouzdra : Ambidextrous Pocket \/ Belt Clip<\/p>\n<p>A popular knife with Military and Law Enforcement Personnel, Fire and Rescue crews as well as civilians who appreciate a hardworking, dependable tool for any occasion. Sharp as a scalpel and tough as a tank, the Recon Series is available with 2 and 4 inch blades, and every facet of their construction has been over engineered to make them as strong, durable and effective as humanly possible. These Cold Steel classics are thin, light, razor sharp and amazingly strong! Both models in this diverse series feature our world renowned Tri-Ad lock, making them almost impervious to shock and keeping your precious fingers safe from harm when using your knife in even the most taxing conditions. From the sturdy little workhorse that is our Micro series to the beastly cutting power of our classic Recon series- whatever your mission, the Recon I is there for you!<\/p>\n<p>Weight: 5.2oz Blade Thickness: 3.5mm Blade Length: 4in Blade Steel: American S35VN w\/ DLC Coating Handle Length\/Material: 5-3\/8in G-10 Overall Length: 9-3\/8in Additional Features: Ambidextrous Pocket \/ Belt Clip By Use: Tactical Knife Type: Folder Product Family: Recon 1 Blade Shape: Spear Point Blade Length Range: 3-5 in Steel Family: CPM Locking Mechanism: Tri-Ad Lock<\/p>\n","protected":false},"excerpt":{"rendered":"<p><strong>Zav\u00edrac\u00ed n\u016f\u017e s pln\u011b hladk\u00fdm ost\u0159\u00edm Recon 1 Spear Point Plain Edge je lehk\u00fd zav\u00edrac\u00ed n\u016f\u017e, kter\u00fd v\u00fdborn\u011b padne do ruky.<\/strong><\/p>\n","protected":false},"featured_media":214995,"comment_status":"open","ping_status":"closed","template":"","meta":[],"pwb-brand":[211],"product_brand":[],"product_cat":[22,17],"product_tag":[3667],"class_list":{"0":"post-214994","1":"product","2":"type-product","3":"status-publish","4":"has-post-thumbnail","6":"pwb-brand-cold-steel","7":"product_cat-zaviraci-noze","8":"product_cat-noze","9":"product_tag-b2b","11":"first","12":"instock","13":"taxable","14":"shipping-taxable","15":"purchasable","16":"product-type-simple"},"brands":[{"id":211,"name":"Cold Steel","slug":"cold-steel"}],"_links":{"self":[{"href":"https:\/\/www.moskito.cz\/it\/wp-json\/wp\/v2\/product\/214994","targetHints":{"allow":["GET"]}}],"collection":[{"href":"https:\/\/www.moskito.cz\/it\/wp-json\/wp\/v2\/product"}],"about":[{"href":"https:\/\/www.moskito.cz\/it\/wp-json\/wp\/v2\/types\/product"}],"replies":[{"embeddable":true,"href":"https:\/\/www.moskito.cz\/it\/wp-json\/wp\/v2\/comments?post=214994"}],"wp:featuredmedia":[{"embeddable":true,"href":"https:\/\/www.moskito.cz\/it\/wp-json\/wp\/v2\/media\/214995"}],"wp:attachment":[{"href":"https:\/\/www.moskito.cz\/it\/wp-json\/wp\/v2\/media?parent=214994"}],"wp:term":[{"taxonomy":"pwb-brand","embeddable":true,"href":"https:\/\/www.moskito.cz\/it\/wp-json\/wp\/v2\/pwb-brand?post=214994"},{"taxonomy":"product_brand","embeddable":true,"href":"https:\/\/www.moskito.cz\/it\/wp-json\/wp\/v2\/product_brand?post=214994"},{"taxonomy":"product_cat","embeddable":true,"href":"https:\/\/www.moskito.cz\/it\/wp-json\/wp\/v2\/product_cat?post=214994"},{"taxonomy":"product_tag","embeddable":true,"href":"https:\/\/www.moskito.cz\/it\/wp-json\/wp\/v2\/product_tag?post=214994"}],"curies":[{"name":"wp","href":"https:\/\/api.w.org\/{rel}","templated":true}]}}