{"id":215341,"date":"2022-04-21T20:59:54","date_gmt":"2022-04-21T19:59:54","guid":{"rendered":"https:\/\/www.moskito.cz\/?post_type=product&#038;p=215341"},"modified":"2025-08-07T09:41:26","modified_gmt":"2025-08-07T08:41:26","slug":"zaviraci-nuz-cold-steel-4-ti-lite-zy-ex","status":"publish","type":"product","link":"https:\/\/www.moskito.cz\/it\/produkt\/zaviraci-nuz-cold-steel-4-ti-lite-zy-ex\/","title":{"rendered":"Zav\u00edrac\u00ed N\u016f\u017e Cold Steel 4&#8243; TI-LITE &#8211; ZY-EX"},"content":{"rendered":"<p>Zav\u00edrac\u00ed N\u016f\u017e <strong>Cold Steel<\/strong> 4&#8243; TI-LITE &#8211; ZY-EX<\/p>\n<p>Na\u0161e Zy-Ex Ti-Lites napodobuj\u00ed vzhled sv\u00fdch dra\u017e\u0161\u00edch prot\u011bj\u0161k\u016f t\u00e9m\u011b\u0159 p\u0159esn\u011b, ale m\u00edsto hlin\u00edku 7075 pou\u017e\u00edv\u00e1me pro rukojeti Zy-Ex pln\u011bn\u00e9 43% sklem a pro \u010depele japonsk\u00fd AUS 8A m\u00edsto americk\u00e9ho XHP. V\u00fdsledn\u00e9 no\u017ee jsou mimo\u0159\u00e1dn\u011b lehk\u00e9 a p\u0159itom z\u016fst\u00e1vaj\u00ed pozoruhodn\u011b pevn\u00e9, ostr\u00e9 a dob\u0159e vypadaj\u00ed \u2013 za cenu, kterou si m\u016f\u017ee dovolit t\u00e9m\u011b\u0159 ka\u017ed\u00fd!<\/p>\n<p>PARAMETRY PRODUKTU<br \/>\nCelkov\u00e1 velikost : 222 mm<br \/>\nD\u00e9lka rukojeti : 120 mm<br \/>\nTlou\u0161\u0165ka \u010depele : 3 mm<br \/>\nD\u00e9lka \u010depele : 101 mm<br \/>\nHmotnost : 113,39 g<br \/>\nDruh pojistky : linerlock<br \/>\nMateri\u00e1l rukojeti : Long Zy-Ex<br \/>\nOcel : Japanese AUS 8A Stainless<br \/>\nBarva : \u010cern\u00e1<br \/>\nMateri\u00e1l pouzdra : ocelov\u00fd kapesn\u00ed klip<\/p>\n<p>Our Zy-Ex Ti-Lites mimic the look of their more expensive counterparts almost exactly but instead of 7075 Aluminum, we use 43% glass filled Zy-Ex for the handles, and Japanese AUS 8A instead of American XHP for the blades. The resulting knives are extraordinarily lightweight, while remaining remarkably strong, sharp and good looking &#8211; at a price almost everyone can afford!<br \/>\nWeight: 4oz Blade Thickness: 3mm Blade Length: 4&#8243; Blade Steel: Japanese AUS8A Stainless Handle Length\/Material: 4-3\/4&#8243; Zy-Ex\u2122 Overall Length: 8-3\/4&#8243; Additional Features: Ambidextrous Pocket \/ Belt Clip Knife Type: Folder Product Family: Ti-Lite Blade Length Range: 3-5 in Steel Family: AUS Blade Shape: Spear Point Locking Mechanism: Spring Leaf Lock<\/p>\n","protected":false},"excerpt":{"rendered":"<p>Ti-Lite od firmy Cold Steel je elegantn\u011b \u0161t\u00edhl\u00fd zav\u00edrac\u00ed n\u016f\u017e vych\u00e1zej\u00edc\u00ed z linie \u010depele italsk\u00e9ho Stiletta z roku 1950.<\/p>\n","protected":false},"featured_media":215342,"comment_status":"open","ping_status":"closed","template":"","meta":[],"pwb-brand":[211],"product_brand":[],"product_cat":[22,17],"product_tag":[3667],"class_list":{"0":"post-215341","1":"product","2":"type-product","3":"status-publish","4":"has-post-thumbnail","6":"pwb-brand-cold-steel","7":"product_cat-zaviraci-noze","8":"product_cat-noze","9":"product_tag-b2b","11":"first","12":"instock","13":"taxable","14":"shipping-taxable","15":"purchasable","16":"product-type-simple"},"brands":[{"id":211,"name":"Cold Steel","slug":"cold-steel"}],"_links":{"self":[{"href":"https:\/\/www.moskito.cz\/it\/wp-json\/wp\/v2\/product\/215341","targetHints":{"allow":["GET"]}}],"collection":[{"href":"https:\/\/www.moskito.cz\/it\/wp-json\/wp\/v2\/product"}],"about":[{"href":"https:\/\/www.moskito.cz\/it\/wp-json\/wp\/v2\/types\/product"}],"replies":[{"embeddable":true,"href":"https:\/\/www.moskito.cz\/it\/wp-json\/wp\/v2\/comments?post=215341"}],"wp:featuredmedia":[{"embeddable":true,"href":"https:\/\/www.moskito.cz\/it\/wp-json\/wp\/v2\/media\/215342"}],"wp:attachment":[{"href":"https:\/\/www.moskito.cz\/it\/wp-json\/wp\/v2\/media?parent=215341"}],"wp:term":[{"taxonomy":"pwb-brand","embeddable":true,"href":"https:\/\/www.moskito.cz\/it\/wp-json\/wp\/v2\/pwb-brand?post=215341"},{"taxonomy":"product_brand","embeddable":true,"href":"https:\/\/www.moskito.cz\/it\/wp-json\/wp\/v2\/product_brand?post=215341"},{"taxonomy":"product_cat","embeddable":true,"href":"https:\/\/www.moskito.cz\/it\/wp-json\/wp\/v2\/product_cat?post=215341"},{"taxonomy":"product_tag","embeddable":true,"href":"https:\/\/www.moskito.cz\/it\/wp-json\/wp\/v2\/product_tag?post=215341"}],"curies":[{"name":"wp","href":"https:\/\/api.w.org\/{rel}","templated":true}]}}