{"id":216092,"date":"2022-05-03T20:01:16","date_gmt":"2022-05-03T19:01:16","guid":{"rendered":"https:\/\/www.moskito.cz\/?post_type=product&#038;p=216092"},"modified":"2025-07-16T12:40:15","modified_gmt":"2025-07-16T11:40:15","slug":"zaviraci-nuz-magnum-boker-slender-01ry126","status":"publish","type":"product","link":"https:\/\/www.moskito.cz\/it\/produkt\/zaviraci-nuz-magnum-boker-slender-01ry126\/","title":{"rendered":"Zav\u00edrac\u00ed N\u016f\u017e Magnum B\u00f6ker Slender 01RY126"},"content":{"rendered":"<p>Zav\u00edrac\u00ed N\u016f\u017e Magnum B\u00f6ker Slender 01RY126<\/p>\n<p>Tento stabiln\u00ed a lehk\u00fd n\u016f\u017e zaujme, jakmile jej uchop\u00edte. Vypad\u00e1 vkusn\u011b a \u00fazce, ale prvn\u00ed dojem klame. D\u00edky skv\u011bl\u00e9 ergonomii, zak\u0159iven\u00e9 zadn\u00ed \u010d\u00e1sti rukojeti a rukojeti, kterou usnad\u0148uj\u00ed \u010detn\u00e9 otvory, Slender skv\u011ble padne do ruky. \u010cepel odoln\u00e1 proti korozi z oceli 440A je uzam\u010dena r\u00e1mov\u00fdm z\u00e1mkem . Flipper umo\u017e\u0148uje snadn\u00e9 otev\u00edr\u00e1n\u00ed jednou rukou. S klipem a otvorem pro \u0161\u0148\u016frku .<\/p>\n<p>Typ polo\u017eky: kapesn\u00ed n\u016f\u017e<br \/>\nCelkov\u00e1 d\u00e9lka: 21,00 cm<br \/>\nD\u00e9lka \u010depele: 8,80 cm<br \/>\nS\u00edla \u010depele: 2,70 mm<br \/>\nHmotnost: 112,00 g<br \/>\nMateri\u00e1l \u010depele: 440A<br \/>\nMateri\u00e1l rukojeti: nerezov\u00e1 ocel<br \/>\nOtev\u00edrac\u00ed: Ru\u010dn\u011b<br \/>\nSpona: r\u00e1mov\u00fd z\u00e1mek<br \/>\nBarva: st\u0159\u00edbrn\u00fd<br \/>\nBarva \u010depele: nepota\u017een\u00e9<br \/>\n\u010c\u00edslo polo\u017eky: 01RY126<\/p>\n","protected":false},"excerpt":{"rendered":"<p>B\u00d6KER\u00ae je n\u011bmeck\u00e1 firma, kter\u00e1 vyr\u00e1b\u00ed no\u017ee t\u00e9 nejvy\u0161\u0161\u00ed kvality. No\u017ee s\u00a0pevnou \u010depel\u00ed, zav\u00edrac\u00ed no\u017ee, kuchy\u0148sk\u00e9 no\u017ee a stojany si d\u00edky v\u00fdjime\u010dn\u00e9 kvalit\u011b obl\u00edbila \u0159ada z\u00e1kazn\u00edk\u016f z\u00a0cel\u00e9ho sv\u011bta.<\/p>\n","protected":false},"featured_media":216093,"comment_status":"open","ping_status":"closed","template":"","meta":[],"pwb-brand":[140],"product_brand":[],"product_cat":[22,17],"product_tag":[3667],"class_list":{"0":"post-216092","1":"product","2":"type-product","3":"status-publish","4":"has-post-thumbnail","6":"pwb-brand-boker","7":"product_cat-zaviraci-noze","8":"product_cat-noze","9":"product_tag-b2b","11":"first","12":"instock","13":"taxable","14":"shipping-taxable","15":"purchasable","16":"product-type-simple"},"brands":[{"id":140,"name":"Boker","slug":"boker"}],"_links":{"self":[{"href":"https:\/\/www.moskito.cz\/it\/wp-json\/wp\/v2\/product\/216092","targetHints":{"allow":["GET"]}}],"collection":[{"href":"https:\/\/www.moskito.cz\/it\/wp-json\/wp\/v2\/product"}],"about":[{"href":"https:\/\/www.moskito.cz\/it\/wp-json\/wp\/v2\/types\/product"}],"replies":[{"embeddable":true,"href":"https:\/\/www.moskito.cz\/it\/wp-json\/wp\/v2\/comments?post=216092"}],"wp:featuredmedia":[{"embeddable":true,"href":"https:\/\/www.moskito.cz\/it\/wp-json\/wp\/v2\/media\/216093"}],"wp:attachment":[{"href":"https:\/\/www.moskito.cz\/it\/wp-json\/wp\/v2\/media?parent=216092"}],"wp:term":[{"taxonomy":"pwb-brand","embeddable":true,"href":"https:\/\/www.moskito.cz\/it\/wp-json\/wp\/v2\/pwb-brand?post=216092"},{"taxonomy":"product_brand","embeddable":true,"href":"https:\/\/www.moskito.cz\/it\/wp-json\/wp\/v2\/product_brand?post=216092"},{"taxonomy":"product_cat","embeddable":true,"href":"https:\/\/www.moskito.cz\/it\/wp-json\/wp\/v2\/product_cat?post=216092"},{"taxonomy":"product_tag","embeddable":true,"href":"https:\/\/www.moskito.cz\/it\/wp-json\/wp\/v2\/product_tag?post=216092"}],"curies":[{"name":"wp","href":"https:\/\/api.w.org\/{rel}","templated":true}]}}