{"id":216129,"date":"2022-05-03T21:06:46","date_gmt":"2022-05-03T20:06:46","guid":{"rendered":"https:\/\/www.moskito.cz\/?post_type=product&#038;p=216129"},"modified":"2025-05-07T10:38:43","modified_gmt":"2025-05-07T09:38:43","slug":"zaviraci-nuz-magnum-boker-miyu-chiisai-01sc061","status":"publish","type":"product","link":"https:\/\/www.moskito.cz\/it\/produkt\/zaviraci-nuz-magnum-boker-miyu-chiisai-01sc061\/","title":{"rendered":"Zav\u00edrac\u00ed N\u016f\u017e Magnum B\u00f6ker Miyu Chiisai 01SC061"},"content":{"rendered":"<p>Zav\u00edrac\u00ed N\u016f\u017e Magnum B\u00f6ker Miyu Chiisai 01SC061<\/p>\n<p>Japonsk\u00e9 \u017eensk\u00e9 k\u0159estn\u00ed jm\u00e9no Miyu znamen\u00e1 \u201enad\u0159azen\u00fd duch\u201c. Magnum Miyu Chiisai odpov\u00edd\u00e1 tomuto jm\u00e9nu. Jednoduch\u00e9 a elegantn\u00ed linie jsou zcela v souladu s kulturou samuraj\u016f z obdob\u00ed Edo, kter\u00e1 se vyzna\u010duje dokonalost\u00ed a estetikou. \u0160pi\u010dkov\u00e9 materi\u00e1ly, jako je nerezov\u00e1 ocel 440A , obrysov\u011b fr\u00e9zovan\u00e9 stupnice G10 a skeletonizovan\u00e9 vlo\u017eky z nerezov\u00e9 oceli mluv\u00ed samy za sebe. K tomu se p\u0159id\u00e1v\u00e1 jemn\u00fd duot\u00f3nov\u00fd sat\u00e9nov\u00fd a stonewash povrch na \u010depeli . \u010cepel se otev\u00edr\u00e1 flipperem a \u00fahledn\u011b se zamyk\u00e1 pomoc\u00ed vlo\u017eky . Miyu Chiisai je kompaktn\u00ed a robustn\u00ed, ale o nic m\u00e9n\u011b elegantn\u00ed ne\u017e jeho velk\u00e1 sestra. Vysoko nasazen\u00fd klipumo\u017e\u0148uje hlubok\u00e9 no\u0161en\u00ed ve sklopen\u00e9 poloze.<\/p>\n<p>Typ polo\u017eky: kapesn\u00ed n\u016f\u017e<br \/>\nCelkov\u00e1 d\u00e9lka: 20,10 cm<br \/>\nD\u00e9lka \u010depele: 8,40 cm<br \/>\nS\u00edla \u010depele: 3,30 mm<br \/>\nHmotnost: 113,00 g<br \/>\nMateri\u00e1l \u010depele: 440A<br \/>\nMateri\u00e1l rukojeti: G10<br \/>\nOtev\u00edrac\u00ed: Ru\u010dn\u011b<br \/>\nSpona: liner lock<br \/>\nBarva: \u010cern\u00e1<br \/>\nBarva \u010depele: nepota\u017een\u00e9<br \/>\n\u010c\u00edslo polo\u017eky: 01SC061<\/p>\n","protected":false},"excerpt":{"rendered":"<p><strong>B\u00d6KER\u00ae<\/strong>\u00a0je n\u011bmeck\u00e1 firma, kter\u00e1 vyr\u00e1b\u00ed no\u017ee t\u00e9 nejvy\u0161\u0161\u00ed kvality. No\u017ee s\u00a0pevnou \u010depel\u00ed, zav\u00edrac\u00ed no\u017ee, kuchy\u0148sk\u00e9 no\u017ee a stojany si d\u00edky v\u00fdjime\u010dn\u00e9 kvalit\u011b obl\u00edbila \u0159ada z\u00e1kazn\u00edk\u016f z\u00a0cel\u00e9ho sv\u011bta.<\/p>\n","protected":false},"featured_media":216130,"comment_status":"open","ping_status":"closed","template":"","meta":[],"pwb-brand":[140],"product_brand":[],"product_cat":[22,17],"product_tag":[3667],"class_list":{"0":"post-216129","1":"product","2":"type-product","3":"status-publish","4":"has-post-thumbnail","6":"pwb-brand-boker","7":"product_cat-zaviraci-noze","8":"product_cat-noze","9":"product_tag-b2b","11":"first","12":"instock","13":"taxable","14":"shipping-taxable","15":"purchasable","16":"product-type-simple"},"brands":[{"id":140,"name":"Boker","slug":"boker"}],"_links":{"self":[{"href":"https:\/\/www.moskito.cz\/it\/wp-json\/wp\/v2\/product\/216129","targetHints":{"allow":["GET"]}}],"collection":[{"href":"https:\/\/www.moskito.cz\/it\/wp-json\/wp\/v2\/product"}],"about":[{"href":"https:\/\/www.moskito.cz\/it\/wp-json\/wp\/v2\/types\/product"}],"replies":[{"embeddable":true,"href":"https:\/\/www.moskito.cz\/it\/wp-json\/wp\/v2\/comments?post=216129"}],"wp:featuredmedia":[{"embeddable":true,"href":"https:\/\/www.moskito.cz\/it\/wp-json\/wp\/v2\/media\/216130"}],"wp:attachment":[{"href":"https:\/\/www.moskito.cz\/it\/wp-json\/wp\/v2\/media?parent=216129"}],"wp:term":[{"taxonomy":"pwb-brand","embeddable":true,"href":"https:\/\/www.moskito.cz\/it\/wp-json\/wp\/v2\/pwb-brand?post=216129"},{"taxonomy":"product_brand","embeddable":true,"href":"https:\/\/www.moskito.cz\/it\/wp-json\/wp\/v2\/product_brand?post=216129"},{"taxonomy":"product_cat","embeddable":true,"href":"https:\/\/www.moskito.cz\/it\/wp-json\/wp\/v2\/product_cat?post=216129"},{"taxonomy":"product_tag","embeddable":true,"href":"https:\/\/www.moskito.cz\/it\/wp-json\/wp\/v2\/product_tag?post=216129"}],"curies":[{"name":"wp","href":"https:\/\/api.w.org\/{rel}","templated":true}]}}