{"id":216171,"date":"2022-05-03T22:00:07","date_gmt":"2022-05-03T21:00:07","guid":{"rendered":"https:\/\/www.moskito.cz\/?post_type=product&#038;p=216171"},"modified":"2025-05-07T10:38:44","modified_gmt":"2025-05-07T09:38:44","slug":"zaviraci-nuz-magnum-boker-blomkvist-olive-01mb736","status":"publish","type":"product","link":"https:\/\/www.moskito.cz\/it\/produkt\/zaviraci-nuz-magnum-boker-blomkvist-olive-01mb736\/","title":{"rendered":"Zav\u00edrac\u00ed N\u016f\u017e Magnum B\u00f6ker Blomkvist Olive 01MB736"},"content":{"rendered":"<p>Zav\u00edrac\u00ed N\u016f\u017e <strong>Magnum B\u00f6ker<\/strong> Blomkvist Olive 01MB736<\/p>\n<p>Bal\u00ed\u010dek kapesn\u00edch no\u017e\u016f, kter\u00fd by mohl b\u00fdt obs\u00e1hlej\u0161\u00ed. Magnum Blomkvist spojuje t\u0159i funkce s hlavn\u00ed \u010depel\u00ed, rozb\u00edje\u010dem skla a \u0159eza\u010dkou bezpe\u010dnostn\u00edch p\u00e1s\u016f a dod\u00e1v\u00e1 se s praktick\u00fdm pouzdrem na opasek z nylonu, ve kter\u00e9m je v samostatn\u00e9 p\u0159ihr\u00e1dce ulo\u017een i brousek. Titanem pota\u017een\u00e1 \u010depel z nerezov\u00e9 oceli 440A lze otev\u0159\u00edt pomoc\u00ed flipperu nebo palcov\u00e9ho kol\u00edku a je zaji\u0161t\u011bna stabiln\u00edm linerlockem . \u0160upiny rukojeti vyroben\u00e9 ze st\u0159edomo\u0159sk\u00e9ho olivov\u00e9ho d\u0159eva dod\u00e1vaj\u00ed no\u017ei p\u0159\u00edjemn\u011b tepl\u00fd a p\u0159irozen\u00fd vzhled a jasn\u011b vy\u010dn\u00edvaj\u00ed z modern\u00edch karbonov\u00fdch podlo\u017eek- optika vypnut\u00e1. Kvalitn\u00ed pouzdro na opasek lze nosit na opasku vodorovn\u011b i svisle. V\u0161estrann\u00fd Blomkvist je tak\u00e9 vybaven sponou pro hlubok\u00e9 no\u0161en\u00ed (sklopen\u00edm dol\u016f) pro v\u011bt\u0161\u00ed mo\u017enosti no\u0161en\u00ed a flexibilitu.<\/p>\n<p>Typ polo\u017eky: kapesn\u00ed n\u016f\u017e<br \/>\nCelkov\u00e1 d\u00e9lka: 20,50 cm<br \/>\nD\u00e9lka \u010depele: 8,50 cm<br \/>\nHmotnost: 121,00 g<br \/>\nMateri\u00e1l \u010depele: 440A<br \/>\nMateri\u00e1l rukojeti: olivov\u00e9 d\u0159evo<br \/>\nPomoc p\u0159i otev\u00edr\u00e1n\u00ed: pinball<br \/>\nOtev\u00edrac\u00ed: Ru\u010dn\u011b<br \/>\nSpona: liner lock<br \/>\nBarva: v\u00edcebarevn\u00fd<br \/>\nBarva \u010depele: \u010cern\u00e1<br \/>\nMateri\u00e1l pl\u00e1\u0161t\u011b: nylon<br \/>\n\u010c\u00edslo polo\u017eky: 01MB736<\/p>\n","protected":false},"excerpt":{"rendered":"<p>B\u00d6KER\u00ae\u00a0je n\u011bmeck\u00e1 firma, kter\u00e1 vyr\u00e1b\u00ed no\u017ee t\u00e9 nejvy\u0161\u0161\u00ed kvality. No\u017ee s\u00a0pevnou \u010depel\u00ed, zav\u00edrac\u00ed no\u017ee, kuchy\u0148sk\u00e9 no\u017ee a stojany si d\u00edky v\u00fdjime\u010dn\u00e9 kvalit\u011b obl\u00edbila \u0159ada z\u00e1kazn\u00edk\u016f z\u00a0cel\u00e9ho sv\u011bta.<\/p>\n","protected":false},"featured_media":216172,"comment_status":"open","ping_status":"closed","template":"","meta":[],"pwb-brand":[140],"product_brand":[],"product_cat":[22,17],"product_tag":[3667],"class_list":{"0":"post-216171","1":"product","2":"type-product","3":"status-publish","4":"has-post-thumbnail","6":"pwb-brand-boker","7":"product_cat-zaviraci-noze","8":"product_cat-noze","9":"product_tag-b2b","11":"first","12":"outofstock","13":"taxable","14":"shipping-taxable","15":"purchasable","16":"product-type-simple"},"brands":[{"id":140,"name":"Boker","slug":"boker"}],"_links":{"self":[{"href":"https:\/\/www.moskito.cz\/it\/wp-json\/wp\/v2\/product\/216171","targetHints":{"allow":["GET"]}}],"collection":[{"href":"https:\/\/www.moskito.cz\/it\/wp-json\/wp\/v2\/product"}],"about":[{"href":"https:\/\/www.moskito.cz\/it\/wp-json\/wp\/v2\/types\/product"}],"replies":[{"embeddable":true,"href":"https:\/\/www.moskito.cz\/it\/wp-json\/wp\/v2\/comments?post=216171"}],"wp:featuredmedia":[{"embeddable":true,"href":"https:\/\/www.moskito.cz\/it\/wp-json\/wp\/v2\/media\/216172"}],"wp:attachment":[{"href":"https:\/\/www.moskito.cz\/it\/wp-json\/wp\/v2\/media?parent=216171"}],"wp:term":[{"taxonomy":"pwb-brand","embeddable":true,"href":"https:\/\/www.moskito.cz\/it\/wp-json\/wp\/v2\/pwb-brand?post=216171"},{"taxonomy":"product_brand","embeddable":true,"href":"https:\/\/www.moskito.cz\/it\/wp-json\/wp\/v2\/product_brand?post=216171"},{"taxonomy":"product_cat","embeddable":true,"href":"https:\/\/www.moskito.cz\/it\/wp-json\/wp\/v2\/product_cat?post=216171"},{"taxonomy":"product_tag","embeddable":true,"href":"https:\/\/www.moskito.cz\/it\/wp-json\/wp\/v2\/product_tag?post=216171"}],"curies":[{"name":"wp","href":"https:\/\/api.w.org\/{rel}","templated":true}]}}