{"id":216445,"date":"2022-05-08T19:50:28","date_gmt":"2022-05-08T18:50:28","guid":{"rendered":"https:\/\/www.moskito.cz\/?post_type=product&#038;p=216445"},"modified":"2025-05-07T10:38:48","modified_gmt":"2025-05-07T09:38:48","slug":"pevny-nuz-extrema-ratio-giant-mamba-wolf-grey","status":"publish","type":"product","link":"https:\/\/www.moskito.cz\/it\/produkt\/pevny-nuz-extrema-ratio-giant-mamba-wolf-grey\/","title":{"rendered":"Pevn\u00fd N\u016f\u017e Extrema Ratio GIANT MAMBA WOLF GREY"},"content":{"rendered":"<p>Pevn\u00fd N\u016f\u017e <strong>Extrema Ratio<\/strong> GIANT MAMBA WOLF GREY.<\/p>\n<p>Giant Mamba m\u00e1 \u010depel z oceli B\u00f6hler N690 o tlou\u0161\u0165ce 6,3 mm s tvrdost\u00ed 58 HRC, ploch\u00fdm ost\u0159\u00edm a odleh\u010dovac\u00ed sko\u0159epinou po cel\u00e9 d\u00e9lce, \u010dern\u00e1 nebo Stone Washed. Rukoje\u0165 Forprene se z\u00e1vitov\u00fdm tangenci\u00e1ln\u00edm z\u00e1mkem \u010din\u00ed n\u016f\u017e pevn\u00fdm a dob\u0159e vyv\u00e1\u017een\u00fdm. Pochva, kompatibiln\u00ed s MOLLE, je z n\u00e1razuvzdorn\u00e9ho nylonu s k\u00f3nick\u00fdm otvorem pro rychl\u00e9 vlo\u017een\u00ed a vyta\u017een\u00ed a syst\u00e9mem, kter\u00fd zabra\u0148uje t\u0159esav\u00fdm zvuk\u016fm, je vybavena dvoutla\u010d\u00edtkovou bezpe\u010dnostn\u00ed chlopn\u00ed, no\u017en\u00edm popruhem s pry\u017eovou v\u00fdztuhou proti rotaci a oboustrannou oboustrannou pojistkou za\u0159\u00edzen\u00ed : jednoduch\u00fdm stisknut\u00edm spou\u0161t\u011b odblokujete \u010depel. Nov\u00e1 \u0159ada minimalizuje tlou\u0161\u0165ku a rozm\u011bry, ani\u017e by \u0161et\u0159ila na pevnosti a bezpe\u010dnosti.<\/p>\n<p>HMOTNOST G: 289<br \/>\nHMOTNOST OZ .: 10.19<br \/>\nD\u00c9LKA \u010cEPELE (MM): 163<br \/>\nD\u00c9LKA \u010cEPELE (IN): 6,41<br \/>\nCELKOV\u00c1 D\u00c9LKA (MM): 293<br \/>\nCELKOV\u00c1 D\u00c9LKA (V): 11,53<br \/>\nTLOU\u0160\u0164KA \u010cEPELE (MM): 6,3<br \/>\nTLOU\u0160\u0164KA \u010cEPELE (IN): 0,24<br \/>\nMATERI\u00c1L \u010cEPELE: B\u00d6HLER N690 STEEL (58HRC)<br \/>\nPOVRCHOV\u00c1 \u00daPRAVA \u010cEPELE: MYT\u00dd KAMENEM<br \/>\n\u0160IPKA \u010cEPELE: PLOCH\u00dd DR\u00c1T<br \/>\nMATERI\u00c1L RUKOJETI: FORPRENE<\/p>\n<p><iframe title=\"Extrema Ratio multipurpose knife DMP\" width=\"800\" height=\"450\" src=\"https:\/\/www.youtube.com\/embed\/1FqXLElqnv8?feature=oembed\" frameborder=\"0\" allow=\"accelerometer; autoplay; clipboard-write; encrypted-media; gyroscope; picture-in-picture; web-share\" allowfullscreen><\/iframe><\/p>\n<p>&nbsp;<\/p>\n<p>&nbsp;<\/p>\n<p>&nbsp;<\/p>\n","protected":false},"excerpt":{"rendered":"<p>Spole\u010dnost\u00a0<strong>Extrema Ratio<\/strong>\u00a0se s\u00eddlem v italsk\u00e9m Pratu navrhuje a vyr\u00e1b\u00ed vysoce v\u00fdkonn\u00e9 bojov\u00e9, vojensk\u00e9, kuchy\u0148sk\u00e9, loveck\u00e9 a taktick\u00e9 no\u017ee od roku 1997 a m\u00e1 pov\u011bst vynikaj\u00edc\u00ed kvality, kter\u00e1 je v oboru vojensk\u00fdch a taktick\u00fdch no\u017e\u016f nep\u0159ekonateln\u00e1.\u00a0<strong>Doprava zdarma<\/strong>.<\/p>\n","protected":false},"featured_media":216460,"comment_status":"open","ping_status":"closed","template":"","meta":[],"pwb-brand":[267],"product_brand":[],"product_cat":[23,17],"product_tag":[3667],"class_list":{"0":"post-216445","1":"product","2":"type-product","3":"status-publish","4":"has-post-thumbnail","6":"pwb-brand-extrema-ratio","7":"product_cat-pevne-noze","8":"product_cat-noze","9":"product_tag-b2b","11":"first","12":"instock","13":"taxable","14":"shipping-taxable","15":"purchasable","16":"product-type-simple"},"brands":[{"id":267,"name":"Extrema Ratio","slug":"extrema-ratio"}],"_links":{"self":[{"href":"https:\/\/www.moskito.cz\/it\/wp-json\/wp\/v2\/product\/216445","targetHints":{"allow":["GET"]}}],"collection":[{"href":"https:\/\/www.moskito.cz\/it\/wp-json\/wp\/v2\/product"}],"about":[{"href":"https:\/\/www.moskito.cz\/it\/wp-json\/wp\/v2\/types\/product"}],"replies":[{"embeddable":true,"href":"https:\/\/www.moskito.cz\/it\/wp-json\/wp\/v2\/comments?post=216445"}],"wp:featuredmedia":[{"embeddable":true,"href":"https:\/\/www.moskito.cz\/it\/wp-json\/wp\/v2\/media\/216460"}],"wp:attachment":[{"href":"https:\/\/www.moskito.cz\/it\/wp-json\/wp\/v2\/media?parent=216445"}],"wp:term":[{"taxonomy":"pwb-brand","embeddable":true,"href":"https:\/\/www.moskito.cz\/it\/wp-json\/wp\/v2\/pwb-brand?post=216445"},{"taxonomy":"product_brand","embeddable":true,"href":"https:\/\/www.moskito.cz\/it\/wp-json\/wp\/v2\/product_brand?post=216445"},{"taxonomy":"product_cat","embeddable":true,"href":"https:\/\/www.moskito.cz\/it\/wp-json\/wp\/v2\/product_cat?post=216445"},{"taxonomy":"product_tag","embeddable":true,"href":"https:\/\/www.moskito.cz\/it\/wp-json\/wp\/v2\/product_tag?post=216445"}],"curies":[{"name":"wp","href":"https:\/\/api.w.org\/{rel}","templated":true}]}}