{"id":216663,"date":"2022-05-18T20:03:12","date_gmt":"2022-05-18T19:03:12","guid":{"rendered":"https:\/\/www.moskito.cz\/?post_type=product&#038;p=216663"},"modified":"2025-05-07T10:38:48","modified_gmt":"2025-05-07T09:38:48","slug":"vystrelovaci-nuz-microtech-ultratech-bayonet-green-120-4od","status":"publish","type":"product","link":"https:\/\/www.moskito.cz\/it\/produkt\/vystrelovaci-nuz-microtech-ultratech-bayonet-green-120-4od\/","title":{"rendered":"Vyst\u0159elovac\u00ed N\u016f\u017e Microtech Ultratech Bayonet Green 120-4OD"},"content":{"rendered":"<p>Vyst\u0159elovac\u00ed N\u016f\u017e <strong>Microtech<\/strong> Ultratech Bayonet Green 120-4OD<\/p>\n<p>Klasika Microtech, Ultratech, je archetypem pro p\u0159edn\u00ed automaty od sv\u00e9ho po\u010d\u00e1tku. Postavena se stejnou osv\u011bd\u010denou mechanikou, pru\u017eina z\u016fst\u00e1v\u00e1 v klidu v otev\u0159en\u00e9 i zav\u0159en\u00e9 poloze, aby se sn\u00ed\u017eilo opot\u0159eben\u00ed. D\u00edky siln\u00e9mu automatick\u00e9mu otev\u00edr\u00e1n\u00ed \/ zatahov\u00e1n\u00ed \u010depele na dosah ruky a pevn\u00e9mu uzam\u010den\u00ed \u010depele z\u016fst\u00e1v\u00e1 Ultratech od Microtech standardem v automatick\u00e9m sv\u011bt\u011b.<\/p>\n<p><strong>POZN\u00c1MKA: OCEL \u010cEPELE SE M\u016e\u017dE LI\u0160IT MEZI BOHLER ELMAX NEBO M390.\u00a0<\/strong><\/p>\n<p>Celkov\u00e1 d\u00e9lka: 20.92 cm<br \/>\nD\u00e9lka \u010depele: 8.42 cm<br \/>\n\u0158ezn\u00e1 hrana: 7.8 cm<br \/>\nTlou\u0161\u0165ka \u010depele: 0,32 cm<br \/>\nMateri\u00e1l \u010depele: Bohler M390<br \/>\nStyl blade: Bayonet<br \/>\nB\u0159itov\u00e9 desti\u010dky: Ploch\u00e9<br \/>\nTyp okraje: oby\u010dejn\u00fd<br \/>\nD\u00e9lka rukojeti: 12.5 cm<br \/>\nTlou\u0161\u0165ka rukojeti: 1.17 cm<br \/>\nMateri\u00e1l rukojeti: hlin\u00edk<br \/>\nHmotnost: 3,37 oz.<br \/>\nU\u017eivatel: Prav\u00e1 ruka<br \/>\nPocket Clip: Tip-Down<br \/>\nTyp no\u017ee: Double-Action OTF Automatic<br \/>\nOtv\u00edra\u010d: Thumb Slide<br \/>\nZna\u010dka: Microtech<br \/>\nModel: Ultratech<br \/>\nZem\u011b p\u016fvodu: USA<br \/>\nNejlep\u0161\u00ed pou\u017eit\u00ed: Ka\u017edodenn\u00ed<\/p>\n<p><iframe title=\"Microtech Combat Troodon Torture Test\" width=\"800\" height=\"450\" src=\"https:\/\/www.youtube.com\/embed\/xE9TeOFYEjg?feature=oembed\" frameborder=\"0\" allow=\"accelerometer; autoplay; clipboard-write; encrypted-media; gyroscope; picture-in-picture; web-share\" allowfullscreen><\/iframe><\/p>\n","protected":false},"excerpt":{"rendered":"<p>V pr\u016fb\u011bhu let\u00a0<strong>Microtech\u00ae Knives\u00a0<\/strong>naplnil v\u00e1\u0161n\u00ed a dovednost\u00ed v\u00fdrobu no\u017e\u016f, a\u017e z nich vytvo\u0159il t\u00e9m\u011b\u0159 um\u011bleck\u00e1 d\u00edla,kter\u00e9 jsou vrcholem funk\u010dnosti. V\u0161echny d\u00edly jsou vyrodeny v USA.<br \/>\n<strong>Na v\u0161echny no\u017ee Microtech je do\u017eivotn\u00ed z\u00e1ruka.<\/strong><\/p>\n","protected":false},"featured_media":216665,"comment_status":"open","ping_status":"closed","template":"","meta":[],"pwb-brand":[431],"product_brand":[],"product_cat":[2019,17],"product_tag":[3667],"class_list":{"0":"post-216663","1":"product","2":"type-product","3":"status-publish","4":"has-post-thumbnail","6":"pwb-brand-microtech","7":"product_cat-vystrelovaci-noze","8":"product_cat-noze","9":"product_tag-b2b","11":"first","12":"instock","13":"taxable","14":"shipping-taxable","15":"purchasable","16":"product-type-simple"},"brands":[{"id":431,"name":"Microtech","slug":"microtech"}],"_links":{"self":[{"href":"https:\/\/www.moskito.cz\/it\/wp-json\/wp\/v2\/product\/216663","targetHints":{"allow":["GET"]}}],"collection":[{"href":"https:\/\/www.moskito.cz\/it\/wp-json\/wp\/v2\/product"}],"about":[{"href":"https:\/\/www.moskito.cz\/it\/wp-json\/wp\/v2\/types\/product"}],"replies":[{"embeddable":true,"href":"https:\/\/www.moskito.cz\/it\/wp-json\/wp\/v2\/comments?post=216663"}],"wp:featuredmedia":[{"embeddable":true,"href":"https:\/\/www.moskito.cz\/it\/wp-json\/wp\/v2\/media\/216665"}],"wp:attachment":[{"href":"https:\/\/www.moskito.cz\/it\/wp-json\/wp\/v2\/media?parent=216663"}],"wp:term":[{"taxonomy":"pwb-brand","embeddable":true,"href":"https:\/\/www.moskito.cz\/it\/wp-json\/wp\/v2\/pwb-brand?post=216663"},{"taxonomy":"product_brand","embeddable":true,"href":"https:\/\/www.moskito.cz\/it\/wp-json\/wp\/v2\/product_brand?post=216663"},{"taxonomy":"product_cat","embeddable":true,"href":"https:\/\/www.moskito.cz\/it\/wp-json\/wp\/v2\/product_cat?post=216663"},{"taxonomy":"product_tag","embeddable":true,"href":"https:\/\/www.moskito.cz\/it\/wp-json\/wp\/v2\/product_tag?post=216663"}],"curies":[{"name":"wp","href":"https:\/\/api.w.org\/{rel}","templated":true}]}}