{"id":216740,"date":"2022-05-21T07:44:36","date_gmt":"2022-05-21T06:44:36","guid":{"rendered":"https:\/\/www.moskito.cz\/?post_type=product&#038;p=216740"},"modified":"2025-05-07T10:38:50","modified_gmt":"2025-05-07T09:38:50","slug":"vystrelovaci-nuz-microtech-troodon-blue-satin-139-4bl","status":"publish","type":"product","link":"https:\/\/www.moskito.cz\/it\/produkt\/vystrelovaci-nuz-microtech-troodon-blue-satin-139-4bl\/","title":{"rendered":"Vyst\u0159elovac\u00ed N\u016f\u017e Microtech Troodon Blue Satin 139-4BL"},"content":{"rendered":"<p>Vyst\u0159elovac\u00ed N\u016f\u017e <strong>Microtech<\/strong> Troodon Blue Satin 139-4BL<\/p>\n<p>Microtech Knives Troodon je v\u00fdznamn\u00fdm n\u00e1strojem a p\u0159itom si zachov\u00e1v\u00e1 kompaktn\u00ed velikost, kterou lze snadno p\u0159en\u00e1\u0161et ka\u017ed\u00fd den. Tento n\u016f\u017e je dostate\u010dn\u011b elegantn\u00ed pro no\u0161en\u00ed \u0161at\u016f a z\u00e1rove\u0148 je pln\u011b schopn\u00fdm \u0159ezn\u00fdm n\u00e1strojem. Tato verze je vybavena \u010depel\u00ed s jednoduch\u00fdm ost\u0159\u00edm ze sat\u00e9nov\u011b upraven\u00e9ho Elmaxu a modrou, tvrd\u011b eloxovanou rukojet\u00ed. Troodon je pojmenov\u00e1n po pta\u010d\u00edm dinosaurovi\u00a0 a je p\u0159ipraven za\u00fato\u010dit.<\/p>\n<p>Zcela nov\u00e1 polo\u017eka p\u0159\u00edmo od Microtech Knives, USA.<\/p>\n<p>\u010cepel: \u0160irok\u00e1 \u010depel se zapu\u0161t\u011bn\u00fdm hrotem je brou\u0161ena jedin\u00fdm brusem \u0161avl\u00ed ve vysok\u00e9 v\u00fd\u0161ce a naost\u0159en\u00e1 na b\u0159itvu, co\u017e zaji\u0161\u0165uje \u010dist\u00fd \u0159ezn\u00fd v\u00fdkon. Ocel \u010depele Elmax byla vybr\u00e1na pro vysokou \u00farove\u0148 odolnosti proti korozi, stejn\u011b jako v\u00fdjime\u010dn\u00e9 zachov\u00e1n\u00ed ost\u0159\u00ed a relativn\u011b snadn\u00e9 ost\u0159en\u00ed. Sv\u011btl\u00fd, opracovan\u00fd sat\u00e9nov\u00fd povrch nab\u00edz\u00ed vynikaj\u00edc\u00ed v\u00fdkon a velmi elegantn\u00ed vzhled. Zap\u00edn\u00e1 se pomoc\u00ed dvoj\u010dinn\u00e9ho automatick\u00e9ho mechanismu. Jednodu\u0161e stiskn\u011bte bo\u010dn\u00ed posuvn\u00e9 tla\u010d\u00edtko nahoru pro otev\u0159en\u00ed a pot\u00e9 zp\u011bt dol\u016f pro zav\u0159en\u00ed. Jednoduch\u00e9, rychl\u00e9 a plynul\u00e9.<\/p>\n<p>Rukoje\u0165: Robustn\u00ed, mod\u0159e tvrd\u011b eloxovan\u00e1 slitina leteck\u00e9 t\u0159\u00eddy nab\u00edz\u00ed rukoje\u0165 o d\u00e9lce n\u011bco m\u00e1lo p\u0159es 4,25 palce, s v\u00fdjimkou jisti\u010de, dostate\u010dn\u011b masivn\u00ed pro velk\u00e9 ruce, ani\u017e by byla v kapse t\u011b\u017ekop\u00e1dn\u00e1. N\u016f\u017e se pohodln\u011b dr\u017e\u00ed v ruce, m\u00e1 tvarovan\u00e9 hrany, zat\u00edmco \u0161irok\u00e9 \u010d\u00e1sti jimpingu jsou perfektn\u011b um\u00edst\u011bny pro bezpe\u010dn\u00e9 uchopen\u00ed. Skl\u00e1d\u00e1 se z \u0161ed\u00e9ho, patentovan\u00e9ho hardwaru Microtech, integrovan\u00e9ho rozbit\u00ed skla a kapesn\u00ed spony.<\/p>\n<p>Nos\u00ed se v prav\u00e9 ruce, kapesn\u00ed klips s datem v\u00fdroby a s\u00e9riov\u00fdm \u010d\u00edslem.<\/p>\n<p>Bohler Elmax: Elmax se stal extr\u00e9mn\u011b obl\u00edbenou volbou pro \u0161pi\u010dkov\u00e9 no\u017ee pro u\u017eivatele d\u00edky extr\u00e9mn\u00edmu zachov\u00e1n\u00ed ost\u0159\u00ed. Elmax m\u00e1 tak\u00e9 dobrou odolnost proti korozi, co\u017e znamen\u00e1, \u017ee v\u011bt\u0161ina u\u017eivatel\u016f se m\u016f\u017ee vyhnout korozi (rezi) pouh\u00fdm ot\u0159en\u00edm \u010depele po ka\u017ed\u00e9m pou\u017eit\u00ed. Dal\u0161\u00ed skv\u011blou vlastnost\u00ed t\u00e9to oceli je jej\u00ed schopnost odol\u00e1vat tvorb\u011b ot\u0159ep\u016f p\u0159i ost\u0159en\u00ed. Elmax m\u00e1 velmi podobn\u00fd v\u00fdkon jako M390 a je pou\u017e\u00edv\u00e1n zam\u011bniteln\u011b spole\u010dnost\u00ed Microtech.<\/p>\n<p>Celkov\u00e1 d\u00e9lka: 19.2 cm<br \/>\nD\u00e9lka \u010depele: 7.5 cm<br \/>\nMateri\u00e1l \u010depele: 204P<br \/>\nStyl \u010depele: D\u00fdka<br \/>\nB\u0159itov\u00e9 desti\u010dky: Ploch\u00e9<br \/>\nTyp okraje: oby\u010dejn\u00fd<br \/>\nD\u00e9lka rukojeti: 10.63 cm<br \/>\nTlou\u0161\u0165ka rukojeti: 1.12 cm<br \/>\nMateri\u00e1l rukojeti: hlin\u00edk<br \/>\nHmotnost: 3,00 oz.<br \/>\nU\u017eivatel: Prav\u00e1 ruka<br \/>\nPocket Clip: Tip-Down<br \/>\nTyp no\u017ee: Automatick\u00fd<br \/>\nOtv\u00edra\u010d: Thumb Slide<br \/>\nZna\u010dka: Microtech<br \/>\nModel: Troodon<br \/>\nZem\u011b p\u016fvodu: USA<\/p>\n<p><iframe title=\"Microtech Combat Troodon Torture Test\" width=\"800\" height=\"450\" src=\"https:\/\/www.youtube.com\/embed\/xE9TeOFYEjg?feature=oembed\" frameborder=\"0\" allow=\"accelerometer; autoplay; clipboard-write; encrypted-media; gyroscope; picture-in-picture; web-share\" referrerpolicy=\"strict-origin-when-cross-origin\" allowfullscreen><\/iframe><\/p>\n<p>&nbsp;<\/p>\n","protected":false},"excerpt":{"rendered":"<p>V pr\u016fb\u011bhu let\u00a0<strong>Microtech\u00ae Knives\u00a0<\/strong>naplnil v\u00e1\u0161n\u00ed a dovednost\u00ed v\u00fdrobu no\u017e\u016f, a\u017e z nich vytvo\u0159il t\u00e9m\u011b\u0159 um\u011bleck\u00e1 d\u00edla,kter\u00e9 jsou vrcholem funk\u010dnosti. V\u0161echny d\u00edly jsou vyrodeny v USA.<br \/>\n<strong>Na v\u0161echny no\u017ee Microtech je do\u017eivotn\u00ed z\u00e1ruka.<\/strong><\/p>\n<p><strong>Doprava zdarma.<\/strong><\/p>\n","protected":false},"featured_media":216741,"comment_status":"open","ping_status":"closed","template":"","meta":[],"pwb-brand":[431],"product_brand":[],"product_cat":[2019,17],"product_tag":[3667],"class_list":{"0":"post-216740","1":"product","2":"type-product","3":"status-publish","4":"has-post-thumbnail","6":"pwb-brand-microtech","7":"product_cat-vystrelovaci-noze","8":"product_cat-noze","9":"product_tag-b2b","11":"first","12":"outofstock","13":"taxable","14":"shipping-taxable","15":"purchasable","16":"product-type-simple"},"brands":[{"id":431,"name":"Microtech","slug":"microtech"}],"_links":{"self":[{"href":"https:\/\/www.moskito.cz\/it\/wp-json\/wp\/v2\/product\/216740","targetHints":{"allow":["GET"]}}],"collection":[{"href":"https:\/\/www.moskito.cz\/it\/wp-json\/wp\/v2\/product"}],"about":[{"href":"https:\/\/www.moskito.cz\/it\/wp-json\/wp\/v2\/types\/product"}],"replies":[{"embeddable":true,"href":"https:\/\/www.moskito.cz\/it\/wp-json\/wp\/v2\/comments?post=216740"}],"wp:featuredmedia":[{"embeddable":true,"href":"https:\/\/www.moskito.cz\/it\/wp-json\/wp\/v2\/media\/216741"}],"wp:attachment":[{"href":"https:\/\/www.moskito.cz\/it\/wp-json\/wp\/v2\/media?parent=216740"}],"wp:term":[{"taxonomy":"pwb-brand","embeddable":true,"href":"https:\/\/www.moskito.cz\/it\/wp-json\/wp\/v2\/pwb-brand?post=216740"},{"taxonomy":"product_brand","embeddable":true,"href":"https:\/\/www.moskito.cz\/it\/wp-json\/wp\/v2\/product_brand?post=216740"},{"taxonomy":"product_cat","embeddable":true,"href":"https:\/\/www.moskito.cz\/it\/wp-json\/wp\/v2\/product_cat?post=216740"},{"taxonomy":"product_tag","embeddable":true,"href":"https:\/\/www.moskito.cz\/it\/wp-json\/wp\/v2\/product_tag?post=216740"}],"curies":[{"name":"wp","href":"https:\/\/api.w.org\/{rel}","templated":true}]}}