{"id":217065,"date":"2022-06-08T13:22:58","date_gmt":"2022-06-08T12:22:58","guid":{"rendered":"https:\/\/www.moskito.cz\/?post_type=product&#038;p=217065"},"modified":"2025-05-07T10:39:00","modified_gmt":"2025-05-07T09:39:00","slug":"zaviraci-nuz-boker-plus-slike","status":"publish","type":"product","link":"https:\/\/www.moskito.cz\/it\/produkt\/zaviraci-nuz-boker-plus-slike\/","title":{"rendered":"Zav\u00edrac\u00ed N\u016f\u017e B\u00f6ker Plus Slike"},"content":{"rendered":"<p>Zav\u00edrac\u00ed N\u016f\u017e <strong>B\u00f6ker<\/strong> Plus Slike.<\/p>\n<p>Inovativn\u00ed B\u00f6ker Plus Slike je lehk\u00e1 d\u00fdka s dvoub\u0159itou \u010depel\u00ed D2, kter\u00e1 se vp\u0159edu vysouv\u00e1 z rukojeti. Na rozd\u00edl od mechanismu \u0161iroce roz\u0161\u00ed\u0159en\u00e9ho kobercov\u00e9ho no\u017ee se aretace uvoln\u00ed stisknut\u00edm tla\u010d\u00edtka a sat\u00e9nov\u011b upraven\u00e1 \u010depel se pak ru\u010dn\u011b posune nahoru nebo dol\u016f. Polovi\u010dn\u00ed zar\u00e1\u017eka zvy\u0161uje bezpe\u010dnost pr\u00e1ce. M\u00e1 modern\u00ed ploch\u00e9 mlet\u00ed a v\u00fdraznou plnost. CNC fr\u00e9zovan\u00e1 \u010dern\u00e1 rukoje\u0165 G10 se pohodln\u011b dr\u017e\u00ed i p\u0159es mal\u00e9 rozm\u011bry kapesn\u00edho no\u017ee. S otvorem pro \u0161\u0148\u016frku, velkoryse dimenzovanou sponou pro hlubok\u00e9 no\u0161en\u00ed (sklopen\u00edm dol\u016f) a vysoce kvalitn\u00edm nylonov\u00fdm pouzdrem pro ulo\u017een\u00ed.<\/p>\n<div id=\"tw-target-text-container\" class=\"tw-ta-container F0azHf tw-nfl\" tabindex=\"0\">\n<p>Celkov\u00e1 d\u00e9lka: 17,75 cm<br \/>\nD\u00e9lka \u010depele: 7,60 cm<br \/>\nS\u00edla \u010depele: 2,50 mm<br \/>\nHmotnost: 35,90 g<br \/>\nMateri\u00e1l \u010depele: D2<br \/>\nMateri\u00e1l rukojeti: G10<br \/>\nBarva: \u010dern\u00e1<\/p>\n<p>&nbsp;<\/p>\n<\/div>\n<div id=\"tw-target-rmn-container\" class=\"tw-target-rmn tw-ta-container F0azHf tw-nfl\">\n<pre id=\"tw-target-rmn\" class=\"tw-data-placeholder tw-text-small tw-ta\" dir=\"ltr\" data-placeholder=\"\"><\/pre>\n<\/div>\n<p>&nbsp;<\/p>\n<p>&nbsp;<\/p>\n","protected":false},"excerpt":{"rendered":"<p>Inovativn\u00ed <strong>B\u00f6ker Plus Slike<\/strong> je lehk\u00e1 d\u00fdka s dvoub\u0159itou \u010depel\u00ed D2.<\/p>\n","protected":false},"featured_media":217066,"comment_status":"open","ping_status":"closed","template":"","meta":[],"pwb-brand":[140],"product_brand":[],"product_cat":[22,17],"product_tag":[3667],"class_list":{"0":"post-217065","1":"product","2":"type-product","3":"status-publish","4":"has-post-thumbnail","6":"pwb-brand-boker","7":"product_cat-zaviraci-noze","8":"product_cat-noze","9":"product_tag-b2b","11":"first","12":"outofstock","13":"taxable","14":"shipping-taxable","15":"purchasable","16":"product-type-simple"},"brands":[{"id":140,"name":"Boker","slug":"boker"}],"_links":{"self":[{"href":"https:\/\/www.moskito.cz\/it\/wp-json\/wp\/v2\/product\/217065","targetHints":{"allow":["GET"]}}],"collection":[{"href":"https:\/\/www.moskito.cz\/it\/wp-json\/wp\/v2\/product"}],"about":[{"href":"https:\/\/www.moskito.cz\/it\/wp-json\/wp\/v2\/types\/product"}],"replies":[{"embeddable":true,"href":"https:\/\/www.moskito.cz\/it\/wp-json\/wp\/v2\/comments?post=217065"}],"wp:featuredmedia":[{"embeddable":true,"href":"https:\/\/www.moskito.cz\/it\/wp-json\/wp\/v2\/media\/217066"}],"wp:attachment":[{"href":"https:\/\/www.moskito.cz\/it\/wp-json\/wp\/v2\/media?parent=217065"}],"wp:term":[{"taxonomy":"pwb-brand","embeddable":true,"href":"https:\/\/www.moskito.cz\/it\/wp-json\/wp\/v2\/pwb-brand?post=217065"},{"taxonomy":"product_brand","embeddable":true,"href":"https:\/\/www.moskito.cz\/it\/wp-json\/wp\/v2\/product_brand?post=217065"},{"taxonomy":"product_cat","embeddable":true,"href":"https:\/\/www.moskito.cz\/it\/wp-json\/wp\/v2\/product_cat?post=217065"},{"taxonomy":"product_tag","embeddable":true,"href":"https:\/\/www.moskito.cz\/it\/wp-json\/wp\/v2\/product_tag?post=217065"}],"curies":[{"name":"wp","href":"https:\/\/api.w.org\/{rel}","templated":true}]}}