{"id":217946,"date":"2022-06-29T13:30:38","date_gmt":"2022-06-29T12:30:38","guid":{"rendered":"https:\/\/www.moskito.cz\/?post_type=product&#038;p=217946"},"modified":"2025-05-07T10:39:14","modified_gmt":"2025-05-07T09:39:14","slug":"zaviraci-nuz-magnum-boker-cobalt","status":"publish","type":"product","link":"https:\/\/www.moskito.cz\/it\/produkt\/zaviraci-nuz-magnum-boker-cobalt\/","title":{"rendered":"Zav\u00edrac\u00ed N\u016f\u017e Magnum B\u00f6ker Cobalt"},"content":{"rendered":"<p>Zav\u00edrac\u00ed N\u016f\u017e <strong>Magnum B\u00f6ker<\/strong> Cobalt.<\/p>\n<p><strong>Magnum Cobalt<\/strong> je skute\u010dn\u00fd klenot, kter\u00fd upout\u00e1 pozornost nejen ve vitr\u00edn\u011b sb\u011bratele, ale i p\u0159i ka\u017edodenn\u00edm pou\u017e\u00edv\u00e1n\u00ed. Odpru\u017een\u00e1 \u010depel z nerezov\u00e9 oceli 440A m\u00e1 \u0161edou povrchovou \u00fapravu a otev\u00edr\u00e1 se pomoc\u00ed flipperu z boku rukojeti, nebo tak\u00e9 pomoc\u00ed palcov\u00e9ho kol\u00edku na \u010depeli. N\u016f\u017e je vybaven spolehlivou vnit\u0159n\u00ed pojistkou Linerlock. Zvl\u00e1\u0161tn\u00ed design kov\u00e1n\u00ed ve zlat\u00e9 barv\u011b dod\u00e1v\u00e1 kapesn\u00edmu no\u017ei velmi exkluzivn\u00ed vzhled, kter\u00fd umoc\u0148uj\u00ed ornamenty na tmav\u011b modr\u00e9 rukojeti. Nechyb\u00ed ani praktick\u00fd klip pro p\u0159ichycen\u00ed za kapsu kalhot nebo za opasek.<\/p>\n<p>celkov\u00e1 d\u00e9lka: 20 cm<br \/>\nd\u00e9lka \u010depele: 8,8 cm<br \/>\ntlou\u0161\u0165ka \u010depele: 2,8 mm<br \/>\nhmotnost: 165 g<br \/>\nmateri\u00e1l \u010depele: Nerezov\u00e1 ocel 440A<br \/>\nmateri\u00e1l rukojeti: kov<br \/>\npojistka: Linerlock<\/p>\n<p>&nbsp;<\/p>\n","protected":false},"excerpt":{"rendered":"<p><strong>Magnum Cobalt<\/strong> je skute\u010dn\u00fd klenot, kter\u00fd upout\u00e1 pozornost nejen ve vitr\u00edn\u011b sb\u011bratele, ale i p\u0159i ka\u017edodenn\u00edm pou\u017e\u00edv\u00e1n\u00ed.<\/p>\n","protected":false},"featured_media":217947,"comment_status":"open","ping_status":"closed","template":"","meta":[],"pwb-brand":[140],"product_brand":[],"product_cat":[22,17],"product_tag":[3667],"class_list":{"0":"post-217946","1":"product","2":"type-product","3":"status-publish","4":"has-post-thumbnail","6":"pwb-brand-boker","7":"product_cat-zaviraci-noze","8":"product_cat-noze","9":"product_tag-b2b","11":"first","12":"outofstock","13":"taxable","14":"shipping-taxable","15":"purchasable","16":"product-type-simple"},"brands":[{"id":140,"name":"Boker","slug":"boker"}],"_links":{"self":[{"href":"https:\/\/www.moskito.cz\/it\/wp-json\/wp\/v2\/product\/217946","targetHints":{"allow":["GET"]}}],"collection":[{"href":"https:\/\/www.moskito.cz\/it\/wp-json\/wp\/v2\/product"}],"about":[{"href":"https:\/\/www.moskito.cz\/it\/wp-json\/wp\/v2\/types\/product"}],"replies":[{"embeddable":true,"href":"https:\/\/www.moskito.cz\/it\/wp-json\/wp\/v2\/comments?post=217946"}],"wp:featuredmedia":[{"embeddable":true,"href":"https:\/\/www.moskito.cz\/it\/wp-json\/wp\/v2\/media\/217947"}],"wp:attachment":[{"href":"https:\/\/www.moskito.cz\/it\/wp-json\/wp\/v2\/media?parent=217946"}],"wp:term":[{"taxonomy":"pwb-brand","embeddable":true,"href":"https:\/\/www.moskito.cz\/it\/wp-json\/wp\/v2\/pwb-brand?post=217946"},{"taxonomy":"product_brand","embeddable":true,"href":"https:\/\/www.moskito.cz\/it\/wp-json\/wp\/v2\/product_brand?post=217946"},{"taxonomy":"product_cat","embeddable":true,"href":"https:\/\/www.moskito.cz\/it\/wp-json\/wp\/v2\/product_cat?post=217946"},{"taxonomy":"product_tag","embeddable":true,"href":"https:\/\/www.moskito.cz\/it\/wp-json\/wp\/v2\/product_tag?post=217946"}],"curies":[{"name":"wp","href":"https:\/\/api.w.org\/{rel}","templated":true}]}}