{"id":217970,"date":"2022-06-29T17:12:01","date_gmt":"2022-06-29T16:12:01","guid":{"rendered":"https:\/\/www.moskito.cz\/?post_type=product&#038;p=217970"},"modified":"2025-10-26T09:27:10","modified_gmt":"2025-10-26T08:27:10","slug":"zaviraci-nuz-magnum-boker-hero","status":"publish","type":"product","link":"https:\/\/www.moskito.cz\/it\/produkt\/zaviraci-nuz-magnum-boker-hero\/","title":{"rendered":"Zav\u00edrac\u00ed N\u016f\u017e Magnum B\u00f6ker Hero 01RY769"},"content":{"rendered":"<p>Zav\u00edrac\u00ed N\u016f\u017e <strong>Magnum<\/strong> B\u00f6ker Hero 01RY769.<\/p>\n<p>Tento n\u016f\u017e odr\u00e1\u017e\u00ed odvahu a profesionalitu specialist\u016f, kte\u0159\u00ed riskuj\u00ed sv\u016fj \u017eivot v nebezpe\u010dn\u00fdch policejn\u00edch operac\u00edch. \u010cepel z nerezov\u00e9 oceli 440 je opat\u0159ena atraktivn\u00edm dvoubarevn\u00fdm povrchem a je chr\u00e1n\u011bna proti zav\u0159en\u00ed no\u017ee pojistkou Linerlock. Antracitov\u00e1 rukoje\u0165 m\u00e1 plaketu s logem S.W.A.T. Hrot na rozb\u00edjen\u00ed skla, \u010d\u00e1ste\u010dn\u011b zoubkovan\u00e9 ost\u0159\u00ed, \u0159ezac\u00ed h\u00e1k na bezpe\u010dnostn\u00ed p\u00e1sy a pru\u017einov\u00fd mechanismus pro otev\u0159en\u00ed zaji\u0161\u0165uj\u00ed vysokou funk\u010dnost. S klipem pro uchycen\u00ed a otvorem pro \u0161\u0148\u016fru.<\/p>\n<p>Celkov\u00e1 d\u00e9lka: 19.5 cm<br \/>\nD\u00e9lka \u010depele: 8.5 cm<br \/>\nTlou\u0161\u0165ka \u010depele: 2.6 mm<br \/>\nHmotnost: 135 g<br \/>\nMateri\u00e1l \u010depele: 440A<br \/>\nMateri\u00e1l rukojeti: Hlin\u00edk<br \/>\nTyp pojistky: Linerlock<\/p>\n","protected":false},"excerpt":{"rendered":"<p><strong>Tento n\u016f\u017e odr\u00e1\u017e\u00ed odvahu a profesionalitu specialist\u016f, kte\u0159\u00ed riskuj\u00ed sv\u016fj \u017eivot v nebezpe\u010dn\u00fdch policejn\u00edch operac\u00edch.<\/strong><\/p>\n","protected":false},"featured_media":217971,"comment_status":"open","ping_status":"closed","template":"","meta":[],"pwb-brand":[140],"product_brand":[],"product_cat":[22,17],"product_tag":[3667],"class_list":{"0":"post-217970","1":"product","2":"type-product","3":"status-publish","4":"has-post-thumbnail","6":"pwb-brand-boker","7":"product_cat-zaviraci-noze","8":"product_cat-noze","9":"product_tag-b2b","11":"first","12":"outofstock","13":"taxable","14":"shipping-taxable","15":"purchasable","16":"product-type-simple"},"brands":[{"id":140,"name":"Boker","slug":"boker"}],"_links":{"self":[{"href":"https:\/\/www.moskito.cz\/it\/wp-json\/wp\/v2\/product\/217970","targetHints":{"allow":["GET"]}}],"collection":[{"href":"https:\/\/www.moskito.cz\/it\/wp-json\/wp\/v2\/product"}],"about":[{"href":"https:\/\/www.moskito.cz\/it\/wp-json\/wp\/v2\/types\/product"}],"replies":[{"embeddable":true,"href":"https:\/\/www.moskito.cz\/it\/wp-json\/wp\/v2\/comments?post=217970"}],"wp:featuredmedia":[{"embeddable":true,"href":"https:\/\/www.moskito.cz\/it\/wp-json\/wp\/v2\/media\/217971"}],"wp:attachment":[{"href":"https:\/\/www.moskito.cz\/it\/wp-json\/wp\/v2\/media?parent=217970"}],"wp:term":[{"taxonomy":"pwb-brand","embeddable":true,"href":"https:\/\/www.moskito.cz\/it\/wp-json\/wp\/v2\/pwb-brand?post=217970"},{"taxonomy":"product_brand","embeddable":true,"href":"https:\/\/www.moskito.cz\/it\/wp-json\/wp\/v2\/product_brand?post=217970"},{"taxonomy":"product_cat","embeddable":true,"href":"https:\/\/www.moskito.cz\/it\/wp-json\/wp\/v2\/product_cat?post=217970"},{"taxonomy":"product_tag","embeddable":true,"href":"https:\/\/www.moskito.cz\/it\/wp-json\/wp\/v2\/product_tag?post=217970"}],"curies":[{"name":"wp","href":"https:\/\/api.w.org\/{rel}","templated":true}]}}