{"id":217978,"date":"2022-06-29T17:32:27","date_gmt":"2022-06-29T16:32:27","guid":{"rendered":"https:\/\/www.moskito.cz\/?post_type=product&#038;p=217978"},"modified":"2025-05-07T10:39:16","modified_gmt":"2025-05-07T09:39:16","slug":"zaviraci-damaskovy-nuz-magnum-boker-damascus-mistress","status":"publish","type":"product","link":"https:\/\/www.moskito.cz\/it\/produkt\/zaviraci-damaskovy-nuz-magnum-boker-damascus-mistress\/","title":{"rendered":"Zav\u00edrac\u00ed Dama\u0161kov\u00fd N\u016f\u017e Magnum B\u00f6ker Damascus Mistress"},"content":{"rendered":"<p>Zav\u00edrac\u00ed Dama\u0161kov\u00fd N\u016f\u017e <strong>Magnum B\u00f6ker<\/strong> Damascus Mistress.<\/p>\n<p>U\u0161lechtil\u00fd a vysoce kvalitn\u00ed n\u016f\u017e, kter\u00fd V\u00e1m bude ka\u017ed\u00fd z\u00e1vid\u011bt. \u010cepel je vyrobena z dama\u0161kov\u00e9 oceli se 71 vrstvami. Bolster je vyroben tak\u00e9 z tohoto drah\u00e9ho materi\u00e1lu. St\u0159enky rukojeti jsou z vysoce kvalitn\u00edho olivov\u00e9ho d\u0159eva. Pojistka Backlock zabra\u0148uje n\u00e1hodn\u00e9mu zav\u0159en\u00ed \u010depele p\u0159i pr\u00e1ci. Bez klipu pro uchycen\u00ed.<\/p>\n<p>Popis produktu<br \/>\ncelkov\u00e1 d\u00e9lka:14 cm<br \/>\nd\u00e9lka \u010depele: 6 cm<br \/>\ntlou\u0161\u0165ka \u010depele: 2,2 mm<br \/>\nhmotnost: 65 g<br \/>\nmateri\u00e1l \u010depele: dama\u0161kov\u00e1 ocel<br \/>\nmateri\u00e1l rukojeti: olivov\u00e9 d\u0159evo<br \/>\ntyp pojistky: Backlock<\/p>\n","protected":false},"excerpt":{"rendered":"<p>U\u0161lechtil\u00fd a vysoce kvalitn\u00ed n\u016f\u017e, kter\u00fd V\u00e1m bude ka\u017ed\u00fd z\u00e1vid\u011bt.<\/p>\n","protected":false},"featured_media":217979,"comment_status":"open","ping_status":"closed","template":"","meta":[],"pwb-brand":[140],"product_brand":[],"product_cat":[25,17],"product_tag":[3667],"class_list":{"0":"post-217978","1":"product","2":"type-product","3":"status-publish","4":"has-post-thumbnail","6":"pwb-brand-boker","7":"product_cat-damascenske-noze","8":"product_cat-noze","9":"product_tag-b2b","11":"first","12":"instock","13":"taxable","14":"shipping-taxable","15":"purchasable","16":"product-type-simple"},"brands":[{"id":140,"name":"Boker","slug":"boker"}],"_links":{"self":[{"href":"https:\/\/www.moskito.cz\/it\/wp-json\/wp\/v2\/product\/217978","targetHints":{"allow":["GET"]}}],"collection":[{"href":"https:\/\/www.moskito.cz\/it\/wp-json\/wp\/v2\/product"}],"about":[{"href":"https:\/\/www.moskito.cz\/it\/wp-json\/wp\/v2\/types\/product"}],"replies":[{"embeddable":true,"href":"https:\/\/www.moskito.cz\/it\/wp-json\/wp\/v2\/comments?post=217978"}],"wp:featuredmedia":[{"embeddable":true,"href":"https:\/\/www.moskito.cz\/it\/wp-json\/wp\/v2\/media\/217979"}],"wp:attachment":[{"href":"https:\/\/www.moskito.cz\/it\/wp-json\/wp\/v2\/media?parent=217978"}],"wp:term":[{"taxonomy":"pwb-brand","embeddable":true,"href":"https:\/\/www.moskito.cz\/it\/wp-json\/wp\/v2\/pwb-brand?post=217978"},{"taxonomy":"product_brand","embeddable":true,"href":"https:\/\/www.moskito.cz\/it\/wp-json\/wp\/v2\/product_brand?post=217978"},{"taxonomy":"product_cat","embeddable":true,"href":"https:\/\/www.moskito.cz\/it\/wp-json\/wp\/v2\/product_cat?post=217978"},{"taxonomy":"product_tag","embeddable":true,"href":"https:\/\/www.moskito.cz\/it\/wp-json\/wp\/v2\/product_tag?post=217978"}],"curies":[{"name":"wp","href":"https:\/\/api.w.org\/{rel}","templated":true}]}}