{"id":218016,"date":"2022-06-29T19:14:08","date_gmt":"2022-06-29T18:14:08","guid":{"rendered":"https:\/\/www.moskito.cz\/?post_type=product&#038;p=218016"},"modified":"2025-08-10T08:07:52","modified_gmt":"2025-08-10T07:07:52","slug":"zaviraci-nuz-boker-magnum-co-operator","status":"publish","type":"product","link":"https:\/\/www.moskito.cz\/it\/produkt\/zaviraci-nuz-boker-magnum-co-operator\/","title":{"rendered":"Zav\u00edrac\u00ed N\u016f\u017e B\u00f6ker Magnum Co-Operator"},"content":{"rendered":"<p>Zav\u00edrac\u00ed N\u016f\u017e <strong>B\u00f6ker Magnum<\/strong> Co-Operator<\/p>\n<p>Spolehliv\u00fd n\u016f\u017e pro ka\u017ed\u00fd den. Je dost velk\u00fd na to, aby zvl\u00e1dl t\u011b\u017ekou pr\u00e1ci, ale dostate\u010dn\u011b mal\u00fd, aby se pohodln\u011b dr\u017eel. \u010cepel z nerezov\u00e9 oceli 440 s pojistkou proti zav\u0159en\u00ed no\u017ee Linerlock. Mohutn\u00fd bolster z nerezov\u00e9 oceli je pota\u017een antracitovou barvou, stejn\u011b jako \u010depel. Rukoje\u0165 m\u00e1 tepl\u00fd na\u010dervenal\u00fd hn\u011bd\u00fd odst\u00edn a je vyrobena z prav\u00e9ho d\u0159eva Huali. S klipem pro uchycen\u00ed a otvorem pro \u0161\u0148\u016fru.<br \/>\nPopis produktu<br \/>\nCelkov\u00e1 d\u00e9lka: 20 cm<br \/>\nD\u00e9lka \u010depele: 8.7 cm<br \/>\nTlou\u0161\u0165ka \u010depele: 2.7 mm<br \/>\nHmotnost: 158 g<br \/>\nMateri\u00e1l \u010depele: 440A<br \/>\nMateri\u00e1l rukojeti: Huali<br \/>\nTyp pojistky: Linerlock<\/p>\n","protected":false},"excerpt":{"rendered":"<p><strong>Spolehliv\u00fd n\u016f\u017e pro ka\u017ed\u00fd den. Je dost velk\u00fd na to, aby zvl\u00e1dl t\u011b\u017ekou pr\u00e1ci, ale dostate\u010dn\u011b mal\u00fd, aby se pohodln\u011b dr\u017eel.<\/strong><\/p>\n","protected":false},"featured_media":218017,"comment_status":"open","ping_status":"closed","template":"","meta":[],"pwb-brand":[140],"product_brand":[],"product_cat":[22,17],"product_tag":[3667],"class_list":{"0":"post-218016","1":"product","2":"type-product","3":"status-publish","4":"has-post-thumbnail","6":"pwb-brand-boker","7":"product_cat-zaviraci-noze","8":"product_cat-noze","9":"product_tag-b2b","11":"first","12":"outofstock","13":"taxable","14":"shipping-taxable","15":"purchasable","16":"product-type-simple"},"brands":[{"id":140,"name":"Boker","slug":"boker"}],"_links":{"self":[{"href":"https:\/\/www.moskito.cz\/it\/wp-json\/wp\/v2\/product\/218016","targetHints":{"allow":["GET"]}}],"collection":[{"href":"https:\/\/www.moskito.cz\/it\/wp-json\/wp\/v2\/product"}],"about":[{"href":"https:\/\/www.moskito.cz\/it\/wp-json\/wp\/v2\/types\/product"}],"replies":[{"embeddable":true,"href":"https:\/\/www.moskito.cz\/it\/wp-json\/wp\/v2\/comments?post=218016"}],"wp:featuredmedia":[{"embeddable":true,"href":"https:\/\/www.moskito.cz\/it\/wp-json\/wp\/v2\/media\/218017"}],"wp:attachment":[{"href":"https:\/\/www.moskito.cz\/it\/wp-json\/wp\/v2\/media?parent=218016"}],"wp:term":[{"taxonomy":"pwb-brand","embeddable":true,"href":"https:\/\/www.moskito.cz\/it\/wp-json\/wp\/v2\/pwb-brand?post=218016"},{"taxonomy":"product_brand","embeddable":true,"href":"https:\/\/www.moskito.cz\/it\/wp-json\/wp\/v2\/product_brand?post=218016"},{"taxonomy":"product_cat","embeddable":true,"href":"https:\/\/www.moskito.cz\/it\/wp-json\/wp\/v2\/product_cat?post=218016"},{"taxonomy":"product_tag","embeddable":true,"href":"https:\/\/www.moskito.cz\/it\/wp-json\/wp\/v2\/product_tag?post=218016"}],"curies":[{"name":"wp","href":"https:\/\/api.w.org\/{rel}","templated":true}]}}