{"id":218035,"date":"2022-06-29T20:37:55","date_gmt":"2022-06-29T19:37:55","guid":{"rendered":"https:\/\/www.moskito.cz\/?post_type=product&#038;p=218035"},"modified":"2025-05-07T10:39:18","modified_gmt":"2025-05-07T09:39:18","slug":"zaviraci-nuz-boker-magnum-shadow","status":"publish","type":"product","link":"https:\/\/www.moskito.cz\/it\/produkt\/zaviraci-nuz-boker-magnum-shadow\/","title":{"rendered":"Zav\u00edrac\u00ed N\u016f\u017e B\u00f6ker Magnum Shadow"},"content":{"rendered":"<p>Zav\u00edrac\u00ed N\u016f\u017e <strong>B\u00f6ker Magnum<\/strong> Shadow<\/p>\n<p>Stabiln\u00ed st\u0159enky z hlin\u00edku \u0161et\u0159\u00ed d\u00edky otvor\u016fm hmotnost. \u010cepel z nerezov\u00e9 oceli 440 s \u010dernou povrchovou \u00fapravou a s pojistkou Linerlock proti necht\u011bn\u00e9mu zav\u0159en\u00ed no\u017ee p\u0159i pr\u00e1ci. V\u010detn\u011b klipu pro no\u0161en\u00ed a otvoru pro \u0161\u0148\u016fru.<\/p>\n<p>Popis produktu<br \/>\ncelkov\u00e1 d\u00e9lka: 19,1 cm<br \/>\nd\u00e9lka \u010depele: 8,3 cm<br \/>\ntlou\u0161\u0165ka \u010depele: 2,7 mm<br \/>\nhmotnost: 83 g<br \/>\nmateri\u00e1l \u010depele: 440A<br \/>\nmateri\u00e1l rukojeti: Hlin\u00edk<br \/>\ntyp pojistky: Linerlock<\/p>\n","protected":false},"excerpt":{"rendered":"<p>Stabiln\u00ed st\u0159enky z hlin\u00edku \u0161et\u0159\u00ed d\u00edky otvor\u016fm hmotnost.<\/p>\n","protected":false},"featured_media":218036,"comment_status":"open","ping_status":"closed","template":"","meta":[],"pwb-brand":[140],"product_brand":[],"product_cat":[22,17],"product_tag":[3667],"class_list":{"0":"post-218035","1":"product","2":"type-product","3":"status-publish","4":"has-post-thumbnail","6":"pwb-brand-boker","7":"product_cat-zaviraci-noze","8":"product_cat-noze","9":"product_tag-b2b","11":"first","12":"instock","13":"taxable","14":"shipping-taxable","15":"purchasable","16":"product-type-simple"},"brands":[{"id":140,"name":"Boker","slug":"boker"}],"_links":{"self":[{"href":"https:\/\/www.moskito.cz\/it\/wp-json\/wp\/v2\/product\/218035","targetHints":{"allow":["GET"]}}],"collection":[{"href":"https:\/\/www.moskito.cz\/it\/wp-json\/wp\/v2\/product"}],"about":[{"href":"https:\/\/www.moskito.cz\/it\/wp-json\/wp\/v2\/types\/product"}],"replies":[{"embeddable":true,"href":"https:\/\/www.moskito.cz\/it\/wp-json\/wp\/v2\/comments?post=218035"}],"wp:featuredmedia":[{"embeddable":true,"href":"https:\/\/www.moskito.cz\/it\/wp-json\/wp\/v2\/media\/218036"}],"wp:attachment":[{"href":"https:\/\/www.moskito.cz\/it\/wp-json\/wp\/v2\/media?parent=218035"}],"wp:term":[{"taxonomy":"pwb-brand","embeddable":true,"href":"https:\/\/www.moskito.cz\/it\/wp-json\/wp\/v2\/pwb-brand?post=218035"},{"taxonomy":"product_brand","embeddable":true,"href":"https:\/\/www.moskito.cz\/it\/wp-json\/wp\/v2\/product_brand?post=218035"},{"taxonomy":"product_cat","embeddable":true,"href":"https:\/\/www.moskito.cz\/it\/wp-json\/wp\/v2\/product_cat?post=218035"},{"taxonomy":"product_tag","embeddable":true,"href":"https:\/\/www.moskito.cz\/it\/wp-json\/wp\/v2\/product_tag?post=218035"}],"curies":[{"name":"wp","href":"https:\/\/api.w.org\/{rel}","templated":true}]}}