{"id":218040,"date":"2022-06-29T20:53:43","date_gmt":"2022-06-29T19:53:43","guid":{"rendered":"https:\/\/www.moskito.cz\/?post_type=product&#038;p=218040"},"modified":"2025-05-07T15:28:40","modified_gmt":"2025-05-07T14:28:40","slug":"zaviraci-nuz-boker-magnum-backpacker","status":"publish","type":"product","link":"https:\/\/www.moskito.cz\/it\/produkt\/zaviraci-nuz-boker-magnum-backpacker\/","title":{"rendered":"Zav\u00edrac\u00ed N\u016f\u017e B\u00f6ker Magnum Backpacker"},"content":{"rendered":"<p>Zav\u00edrac\u00ed N\u016f\u017e <strong>B\u00f6ker Magnum<\/strong> Backpacker<\/p>\n<p>Kr\u00e1sn\u00fd a u\u017eite\u010dn\u00fd n\u016f\u017e pro V\u00e1\u0161 p\u0159\u00ed\u0161t\u00ed v\u00fdlet. N\u016f\u017e z nerezov\u00e9 oceli 440 s jemn\u00fdm satinovan\u00fdm povrchem m\u00e1 zcela ploch\u00fd v\u00fdbrus pro nejlep\u0161\u00ed \u0159ezn\u00fd v\u00fdkon. \u010cepel je chr\u00e1n\u011bna p\u0159ed n\u00e1hodn\u00fdm zav\u0159en\u00edm pojistkou Linerlock. Profilovan\u00e1 d\u0159ev\u011bn\u00e1 rukoje\u0165 je sama o sob\u011b velice poutav\u00e1. D\u00edky klipu na uchycen\u00ed a otvoru na \u0161\u0148\u016fru lze n\u016f\u017e ochr\u00e1nit p\u0159ed ztr\u00e1tou.<\/p>\n<p>Popis produktu<br \/>\nCelkov\u00e1 d\u00e9lka: 19.5 cm<br \/>\nD\u00e9lka \u010depele: 8.6 cm<br \/>\nTlou\u0161\u0165ka \u010depele: 2.7 mm<br \/>\nHmotnost: 108 g<br \/>\nMateri\u00e1l \u010depele: 440A<br \/>\nMateri\u00e1l rukojeti: D\u0159evo<br \/>\nTyp pojistky: Linerlock<\/p>\n","protected":false},"excerpt":{"rendered":"<p>Kr\u00e1sn\u00fd a u\u017eite\u010dn\u00fd n\u016f\u017e pro V\u00e1\u0161 p\u0159\u00ed\u0161t\u00ed v\u00fdlet.<\/p>\n","protected":false},"featured_media":218041,"comment_status":"open","ping_status":"closed","template":"","meta":[],"pwb-brand":[140],"product_brand":[],"product_cat":[22,17],"product_tag":[3667],"class_list":{"0":"post-218040","1":"product","2":"type-product","3":"status-publish","4":"has-post-thumbnail","6":"pwb-brand-boker","7":"product_cat-zaviraci-noze","8":"product_cat-noze","9":"product_tag-b2b","11":"first","12":"instock","13":"taxable","14":"shipping-taxable","15":"purchasable","16":"product-type-simple"},"brands":[{"id":140,"name":"Boker","slug":"boker"}],"_links":{"self":[{"href":"https:\/\/www.moskito.cz\/it\/wp-json\/wp\/v2\/product\/218040","targetHints":{"allow":["GET"]}}],"collection":[{"href":"https:\/\/www.moskito.cz\/it\/wp-json\/wp\/v2\/product"}],"about":[{"href":"https:\/\/www.moskito.cz\/it\/wp-json\/wp\/v2\/types\/product"}],"replies":[{"embeddable":true,"href":"https:\/\/www.moskito.cz\/it\/wp-json\/wp\/v2\/comments?post=218040"}],"wp:featuredmedia":[{"embeddable":true,"href":"https:\/\/www.moskito.cz\/it\/wp-json\/wp\/v2\/media\/218041"}],"wp:attachment":[{"href":"https:\/\/www.moskito.cz\/it\/wp-json\/wp\/v2\/media?parent=218040"}],"wp:term":[{"taxonomy":"pwb-brand","embeddable":true,"href":"https:\/\/www.moskito.cz\/it\/wp-json\/wp\/v2\/pwb-brand?post=218040"},{"taxonomy":"product_brand","embeddable":true,"href":"https:\/\/www.moskito.cz\/it\/wp-json\/wp\/v2\/product_brand?post=218040"},{"taxonomy":"product_cat","embeddable":true,"href":"https:\/\/www.moskito.cz\/it\/wp-json\/wp\/v2\/product_cat?post=218040"},{"taxonomy":"product_tag","embeddable":true,"href":"https:\/\/www.moskito.cz\/it\/wp-json\/wp\/v2\/product_tag?post=218040"}],"curies":[{"name":"wp","href":"https:\/\/api.w.org\/{rel}","templated":true}]}}