{"id":218102,"date":"2022-06-30T07:25:44","date_gmt":"2022-06-30T06:25:44","guid":{"rendered":"https:\/\/www.moskito.cz\/?post_type=product&#038;p=218102"},"modified":"2025-05-07T10:39:20","modified_gmt":"2025-05-07T09:39:20","slug":"zaviraci-nuz-extrema-ratio-glauca-b1","status":"publish","type":"product","link":"https:\/\/www.moskito.cz\/it\/produkt\/zaviraci-nuz-extrema-ratio-glauca-b1\/","title":{"rendered":"Zav\u00edrac\u00ed N\u016f\u017e Extrema Ratio GLAUCA B1"},"content":{"rendered":"<p>Zav\u00edrac\u00ed N\u016f\u017e <strong>Extrema Ratio<\/strong> GLAUCA B1<\/p>\n<p>Zav\u00edrac\u00ed n\u016f\u017e GLAUCA B1 se zrodil ze spolupr\u00e1ce s GIGN (speci\u00e1ln\u00ed jednotka francouzsk\u00e9ho n\u00e1rodn\u00edho \u010detnictva). M\u00e1 \u0161pi\u010dku navr\u017eenou tak, aby umo\u017e\u0148ovala maxim\u00e1ln\u00ed penetraci. Na zadn\u00ed stran\u011b rukojeti m\u00e1 \u0159ezac\u00ed syst\u00e9m pro dorazov\u00e9 p\u00e1sky. Je vybavena zadn\u00edm rozb\u00edje\u010dem skla, klipem s mo\u017enost\u00ed nasazen\u00ed ve t\u0159ech poloh\u00e1ch a bo\u010dn\u00ed pojistkou. Pevn\u00e1 pochva je vyrobena z ABS nanesen\u00e9ho na cordurov\u00e9 z\u00e1kladn\u011b a umo\u017e\u0148uje ulo\u017een\u00ed no\u017ee s otev\u0159enou \u010depel\u00ed. Umo\u017e\u0148uje v\u00edce mo\u017enost\u00ed upevn\u011bn\u00ed: MOLLE syst\u00e9m pro taktick\u00e9 vesty, zap\u00edn\u00e1n\u00ed na p\u00e1sek a p\u00e1sek na nohy.<\/p>\n<p>V\u00c1HA G.: 206<br \/>\nHMOTNOST OZ: 7,3<br \/>\nD\u00c9LKA \u010cEPELE (MM): 112<br \/>\nD\u00c9LKA \u010cEPELE (IN): 4,4<br \/>\nCELKOV\u00c1 D\u00c9LKA (MM): 270<br \/>\nCELKOV\u00c1 D\u00c9LKA (V): 10,6<br \/>\nTLOU\u0160\u0164KA \u010cEPELE (MM): 4<br \/>\nTLOU\u0160\u0164KA \u010cEPELE (IN): 0,16<br \/>\nMATERI\u00c1L \u010cEPELE: B\u00d6HLER N690 STEEL (58HRC)<br \/>\nPOVRCHOV\u00c1 \u00daPRAVA NO\u017dE: MIL-C-13924 BURNISH<br \/>\n\u0160IPKA \u010cEPELE: PLOCH\u00dd DR\u00c1T<br \/>\n\u010c\u00c1STE\u010cN\u00c9 ZUBY (MM): 20<br \/>\n\u010c\u00c1STE\u010cN\u00c9 ZUBY (IN): 0,8<br \/>\nMATERI\u00c1L RUKOJETI: ELOXOVAN\u00dd ANTIKOROD\u00c1LN\u00cd HLIN\u00cdK<\/p>\n","protected":false},"excerpt":{"rendered":"<p>Spole\u010dnost Extrema Ratio se s\u00eddlem v italsk\u00e9m Pratu navrhuje a vyr\u00e1b\u00ed vysoce v\u00fdkonn\u00e9 bojov\u00e9, vojensk\u00e9, kuchy\u0148sk\u00e9, loveck\u00e9 a taktick\u00e9 no\u017ee od roku 1997 a m\u00e1 pov\u011bst vynikaj\u00edc\u00ed kvality, kter\u00e1 je v oboru vojensk\u00fdch a taktick\u00fdch no\u017e\u016f nep\u0159ekonateln\u00e1. Doprava zdarma.<\/p>\n","protected":false},"featured_media":218103,"comment_status":"open","ping_status":"closed","template":"","meta":[],"pwb-brand":[267],"product_brand":[],"product_cat":[22,17],"product_tag":[3667],"class_list":{"0":"post-218102","1":"product","2":"type-product","3":"status-publish","4":"has-post-thumbnail","6":"pwb-brand-extrema-ratio","7":"product_cat-zaviraci-noze","8":"product_cat-noze","9":"product_tag-b2b","11":"first","12":"instock","13":"taxable","14":"shipping-taxable","15":"purchasable","16":"product-type-simple"},"brands":[{"id":267,"name":"Extrema Ratio","slug":"extrema-ratio"}],"_links":{"self":[{"href":"https:\/\/www.moskito.cz\/it\/wp-json\/wp\/v2\/product\/218102","targetHints":{"allow":["GET"]}}],"collection":[{"href":"https:\/\/www.moskito.cz\/it\/wp-json\/wp\/v2\/product"}],"about":[{"href":"https:\/\/www.moskito.cz\/it\/wp-json\/wp\/v2\/types\/product"}],"replies":[{"embeddable":true,"href":"https:\/\/www.moskito.cz\/it\/wp-json\/wp\/v2\/comments?post=218102"}],"wp:featuredmedia":[{"embeddable":true,"href":"https:\/\/www.moskito.cz\/it\/wp-json\/wp\/v2\/media\/218103"}],"wp:attachment":[{"href":"https:\/\/www.moskito.cz\/it\/wp-json\/wp\/v2\/media?parent=218102"}],"wp:term":[{"taxonomy":"pwb-brand","embeddable":true,"href":"https:\/\/www.moskito.cz\/it\/wp-json\/wp\/v2\/pwb-brand?post=218102"},{"taxonomy":"product_brand","embeddable":true,"href":"https:\/\/www.moskito.cz\/it\/wp-json\/wp\/v2\/product_brand?post=218102"},{"taxonomy":"product_cat","embeddable":true,"href":"https:\/\/www.moskito.cz\/it\/wp-json\/wp\/v2\/product_cat?post=218102"},{"taxonomy":"product_tag","embeddable":true,"href":"https:\/\/www.moskito.cz\/it\/wp-json\/wp\/v2\/product_tag?post=218102"}],"curies":[{"name":"wp","href":"https:\/\/api.w.org\/{rel}","templated":true}]}}