{"id":218539,"date":"2022-07-06T21:12:30","date_gmt":"2022-07-06T20:12:30","guid":{"rendered":"https:\/\/www.moskito.cz\/?post_type=product&#038;p=218539"},"modified":"2025-05-07T10:39:26","modified_gmt":"2025-05-07T09:39:26","slug":"zaviraci-nuz-extrema-ratio-bfo-r-cd-black","status":"publish","type":"product","link":"https:\/\/www.moskito.cz\/it\/produkt\/zaviraci-nuz-extrema-ratio-bfo-r-cd-black\/","title":{"rendered":"Zav\u00edrac\u00ed N\u016f\u017e Extrema Ratio BF\u00d8 R CD BLACK"},"content":{"rendered":"<p>Zav\u00edrac\u00ed N\u016f\u017e <strong>Extrema Ratio<\/strong> BF\u00d8 R CD BLACK<\/p>\n<p><strong>Extrema Ratio<\/strong> s hrdost\u00ed p\u0159edstavuje novou z\u00e1kladn\u00ed slo\u017eku BF0 R CD. Jedn\u00e1 se o mal\u00e9 z\u00e1kladn\u00ed slo\u017eky. Rukoje\u0165 vyroben\u00e1 z technopolymeru je lehk\u00e1 a odoln\u00e1, a to i d\u00edky ocelov\u00e9mu vnit\u0159n\u00edmu r\u00e1mu. BF0 R CD vyu\u017e\u00edv\u00e1 d\u016fv\u011bryhodn\u00fd syst\u00e9m blokov\u00e1n\u00ed \u010depel\u00ed LINER-LOCK. Udr\u017euje v\u0161echny vlastnosti BF0 vylep\u0161en\u00e9 d\u00edky nov\u00e9mu vysokorychlostn\u00edmu syst\u00e9mu otev\u00edr\u00e1n\u00ed b\u0159itvy. Dostupn\u00e9 verze: Black, Desert, HCS, Ranger Green, Wolf Grey<\/p>\n<p>WEIGHT G.: 53<br \/>\nWEIGHT OZ.: 1,86<br \/>\nBLADE LENGTH (MM): 55<br \/>\nBLADE LENGTH (IN): 2.16<br \/>\nTOTAL LENGTH (MM): 140<br \/>\nTOTAL LENGTH (IN): 5,51<br \/>\nBLADE THICKNESS (MM): 2,5<br \/>\nBLADE THICKNESS (IN): 0,098<br \/>\nBLADE MATERIAL: B\u00d6HLER N690 STEEL (58HRC)<br \/>\nBLADE FINISHING: MIL-C-13924 BURNISHING<br \/>\nMAIN GRID: FLAT<br \/>\nHANDLE MATERIAL: NYLON<\/p>\n","protected":false},"excerpt":{"rendered":"<p>Spole\u010dnost\u00a0<strong>Extrema Ratio<\/strong>\u00a0se s\u00eddlem v italsk\u00e9m Pratu navrhuje a vyr\u00e1b\u00ed vysoce v\u00fdkonn\u00e9 bojov\u00e9, vojensk\u00e9, kuchy\u0148sk\u00e9, loveck\u00e9 a taktick\u00e9 no\u017ee od roku 1997 a m\u00e1 pov\u011bst vynikaj\u00edc\u00ed kvality, kter\u00e1 je v oboru vojensk\u00fdch a taktick\u00fdch no\u017e\u016f nep\u0159ekonateln\u00e1.<\/p>\n","protected":false},"featured_media":218540,"comment_status":"open","ping_status":"closed","template":"","meta":[],"pwb-brand":[267],"product_brand":[],"product_cat":[22,17],"product_tag":[3667],"class_list":{"0":"post-218539","1":"product","2":"type-product","3":"status-publish","4":"has-post-thumbnail","6":"pwb-brand-extrema-ratio","7":"product_cat-zaviraci-noze","8":"product_cat-noze","9":"product_tag-b2b","11":"first","12":"instock","13":"taxable","14":"shipping-taxable","15":"purchasable","16":"product-type-simple"},"brands":[{"id":267,"name":"Extrema Ratio","slug":"extrema-ratio"}],"_links":{"self":[{"href":"https:\/\/www.moskito.cz\/it\/wp-json\/wp\/v2\/product\/218539","targetHints":{"allow":["GET"]}}],"collection":[{"href":"https:\/\/www.moskito.cz\/it\/wp-json\/wp\/v2\/product"}],"about":[{"href":"https:\/\/www.moskito.cz\/it\/wp-json\/wp\/v2\/types\/product"}],"replies":[{"embeddable":true,"href":"https:\/\/www.moskito.cz\/it\/wp-json\/wp\/v2\/comments?post=218539"}],"wp:featuredmedia":[{"embeddable":true,"href":"https:\/\/www.moskito.cz\/it\/wp-json\/wp\/v2\/media\/218540"}],"wp:attachment":[{"href":"https:\/\/www.moskito.cz\/it\/wp-json\/wp\/v2\/media?parent=218539"}],"wp:term":[{"taxonomy":"pwb-brand","embeddable":true,"href":"https:\/\/www.moskito.cz\/it\/wp-json\/wp\/v2\/pwb-brand?post=218539"},{"taxonomy":"product_brand","embeddable":true,"href":"https:\/\/www.moskito.cz\/it\/wp-json\/wp\/v2\/product_brand?post=218539"},{"taxonomy":"product_cat","embeddable":true,"href":"https:\/\/www.moskito.cz\/it\/wp-json\/wp\/v2\/product_cat?post=218539"},{"taxonomy":"product_tag","embeddable":true,"href":"https:\/\/www.moskito.cz\/it\/wp-json\/wp\/v2\/product_tag?post=218539"}],"curies":[{"name":"wp","href":"https:\/\/api.w.org\/{rel}","templated":true}]}}