{"id":218675,"date":"2022-07-07T22:12:37","date_gmt":"2022-07-07T21:12:37","guid":{"rendered":"https:\/\/www.moskito.cz\/?post_type=product&#038;p=218675"},"modified":"2025-05-07T10:39:29","modified_gmt":"2025-05-07T09:39:29","slug":"pevny-nuz-extrema-ratio-satre-black","status":"publish","type":"product","link":"https:\/\/www.moskito.cz\/it\/produkt\/pevny-nuz-extrema-ratio-satre-black\/","title":{"rendered":"Pevn\u00fd N\u016f\u017e Extrema Ratio SATRE BLACK"},"content":{"rendered":"<p>Pevn\u00fd N\u016f\u017e <strong>Extrema Ratio<\/strong> SATRE BLACK<\/p>\n<p>Satre je kapesn\u00ed, lehk\u00fd a extr\u00e9mn\u011b odoln\u00fd n\u016f\u017e s pevnou \u010depel\u00ed. Vzhledem ke sv\u00fdm vlastnostem m\u016f\u017ee b\u00fdt pou\u017eit v mnoha r\u016fzn\u00fdch \u010dinnostech a oblastech, v\u010detn\u011b survivalu a bushcraftu, nebo m\u016f\u017ee b\u00fdt sou\u010d\u00e1st\u00ed sady EDC (Every Day Carry). Byl navr\u017een ve spolupr\u00e1ci s Daniele Dal Canto, Master Advanced Instructor. D\u00edky lanyardu Paracord 550 jej lze nosit jako n\u016f\u017e na krk. T\u00edmto zp\u016fsobem je mo\u017en\u00e9 jej udr\u017eet ve svisl\u00e9 poloze s rukojet\u00ed sm\u011brem dol\u016f. P\u0159edtvarovan\u00e9 pouzdro Kydex m\u00e1 o\u010dka, kter\u00e1 umo\u017e\u0148uj\u00ed pou\u017eit\u00ed \u0161\u0148\u016frky i dr\u017e\u00e1ku p\u0159\u00edslu\u0161enstv\u00ed. \u0158e\u0161en\u00ed pro p\u0159en\u00e1\u0161en\u00ed ULTICLIP bude dostupn\u00e9 od ledna 2022 (pouze na extremaratio.com). To umo\u017e\u0148uje p\u0159ipnout pouzdro nejen k p\u00e1sk\u016fm, ale tak\u00e9 kaps\u00e1m, kalhot\u00e1m, bund\u00e1m, ko\u0161il\u00edm a tri\u010dk\u00e1m. ULTICLIP d\u00e1v\u00e1 mo\u017enost polohovat n\u016f\u017e vertik\u00e1ln\u011b i horizont\u00e1ln\u011b a umo\u017e\u0148uje p\u0159\u00edstupn\u011bj\u0161\u00ed pou\u017eit\u00ed pro lev\u00e1ky i prav\u00e1ky. V\u0161echny t\u0159i verze Satre jsou dod\u00e1v\u00e1ny s \u010dern\u00fdm pl\u00e1\u0161t\u011bm. Pou\u0161tn\u00ed pochva lze dokoupit jako extra. Full-tang skeletonizovan\u00e1 struktura umo\u017e\u0148uje p\u0159izp\u016fsoben\u00ed no\u017ee pomoc\u00ed Paracordu jako krytu rukojeti. Satre je k dispozici ve t\u0159ech verz\u00edch se dv\u011bma r\u016fzn\u00fdmi druhy oceli: Verze Black a Stone Washed jsou vyrobeny z tepeln\u011b zpracovan\u00e9 oceli B\u00f6hler N690 na 58 HRC. Tento materi\u00e1l byl zvolen pro svou odolnost proti oxidaci, pro odolnost jeho hrany a p\u0159edev\u0161\u00edm pro svou l\u00e9ty prov\u011b\u0159enou spolehlivost. Black S600 je m\u00edsto toho vyroben z oceli B\u00f6hler S600. Tato ocel se pou\u017e\u00edv\u00e1 k v\u00fdrob\u011b z\u00e1me\u010dnick\u00fdch a lisovac\u00edch n\u00e1stroj\u016f. M\u00e1 vynikaj\u00edc\u00ed vlastnosti z hlediska tvrdosti, odolnosti proti opot\u0159eben\u00ed a hou\u017eevnatosti d\u00edky p\u0159\u00edtomnosti molybdenu, wolframu a v\u00fdznamn\u00e9mu p\u0159id\u00e1n\u00ed vanadu k jeho chemick\u00e9mu slo\u017een\u00ed. P\u0159\u00edtomnost kobaltu stimuluje r\u016fst mal\u00fdch rovnom\u011brn\u011b rozd\u011blen\u00fdch karbid\u016f, kter\u00e9 zvy\u0161uj\u00ed odolnost proti opot\u0159eben\u00ed. Satre S600 je tepeln\u011b a kryogenn\u011b zpracov\u00e1n, aby z\u00edskal v\u00fdjime\u010dnou tvrdost 64 HRC. D\u00edky tomu je tak\u00e9 velmi odoln\u00fd proti opot\u0159eben\u00ed a poskytuje ost\u0159\u00ed trval\u00e9 ost\u0159en\u00ed. B\u00f6hler S600 m\u00e1 4,5 % chromu, d\u00edky \u010demu\u017e je oxidovateln\u00fd. Z tohoto d\u016fvodu si spole\u010dnost Extrema Ratio zvolila novou povrchovou \u00fapravu EXP DARK. Pro svou extr\u00e9mn\u00ed tvrdost a odolnost proti opot\u0159eben\u00ed a od\u011bru nen\u00ed snadn\u00e9 tuto ocel ost\u0159\u00edt. Doporu\u010dujeme pou\u017e\u00edvat n\u00e1\u0161 o\u0159ez\u00e1v\u00e1tko Double Grain Sharpener, abyste mohli kdykoli udr\u017eet okraj va\u0161eho Satre extr\u00e9mn\u011b ostr\u00fd.<br \/>\nV\u00c1HA G: 78<br \/>\nHMOTNOST OZ.: 2,75<br \/>\nD\u00c9LKA \u010cEPELE (MM): 70<br \/>\nD\u00c9LKA \u010cEPELE (IN): 2,75<br \/>\nCELKOV\u00c1 D\u00c9LKA (MM): 163<br \/>\nCELKOV\u00c1 D\u00c9LKA (V): 6,42<br \/>\nTLOU\u0160\u0164KA \u010cEPELE (MM): 5<br \/>\nTLOU\u0160\u0164KA \u010cEPELE (IN): 0,19<br \/>\nMATERI\u00c1L \u010cEPELE: B\u00d6HLER N690 STEEL (58HRC)<br \/>\nPOVRCHOV\u00c1 \u00daPRAVA NO\u017dE: LEHEN\u00cd MIL-C-13924<br \/>\nHLAVN\u00cd M\u0158\u00cd\u017dKA: PLOCH\u00c1<br \/>\nMATERI\u00c1L RUKOJETI: B\u00d6HLER N690 STEEL (58HRC)<\/p>\n","protected":false},"excerpt":{"rendered":"<p>Spole\u010dnost\u00a0<strong>Extrema Ratio<\/strong>\u00a0se s\u00eddlem v italsk\u00e9m Pratu navrhuje a vyr\u00e1b\u00ed vysoce v\u00fdkonn\u00e9 bojov\u00e9, vojensk\u00e9, kuchy\u0148sk\u00e9, loveck\u00e9 a taktick\u00e9 no\u017ee od roku 1997 a m\u00e1 pov\u011bst vynikaj\u00edc\u00ed kvality, kter\u00e1 je v oboru vojensk\u00fdch a taktick\u00fdch no\u017e\u016f nep\u0159ekonateln\u00e1.\u00a0<strong>Doprava zdarma<\/strong>.<\/p>\n","protected":false},"featured_media":218676,"comment_status":"open","ping_status":"closed","template":"","meta":[],"pwb-brand":[267],"product_brand":[],"product_cat":[23,17],"product_tag":[3667],"class_list":{"0":"post-218675","1":"product","2":"type-product","3":"status-publish","4":"has-post-thumbnail","6":"pwb-brand-extrema-ratio","7":"product_cat-pevne-noze","8":"product_cat-noze","9":"product_tag-b2b","11":"first","12":"instock","13":"taxable","14":"shipping-taxable","15":"purchasable","16":"product-type-simple"},"brands":[{"id":267,"name":"Extrema Ratio","slug":"extrema-ratio"}],"_links":{"self":[{"href":"https:\/\/www.moskito.cz\/it\/wp-json\/wp\/v2\/product\/218675","targetHints":{"allow":["GET"]}}],"collection":[{"href":"https:\/\/www.moskito.cz\/it\/wp-json\/wp\/v2\/product"}],"about":[{"href":"https:\/\/www.moskito.cz\/it\/wp-json\/wp\/v2\/types\/product"}],"replies":[{"embeddable":true,"href":"https:\/\/www.moskito.cz\/it\/wp-json\/wp\/v2\/comments?post=218675"}],"wp:featuredmedia":[{"embeddable":true,"href":"https:\/\/www.moskito.cz\/it\/wp-json\/wp\/v2\/media\/218676"}],"wp:attachment":[{"href":"https:\/\/www.moskito.cz\/it\/wp-json\/wp\/v2\/media?parent=218675"}],"wp:term":[{"taxonomy":"pwb-brand","embeddable":true,"href":"https:\/\/www.moskito.cz\/it\/wp-json\/wp\/v2\/pwb-brand?post=218675"},{"taxonomy":"product_brand","embeddable":true,"href":"https:\/\/www.moskito.cz\/it\/wp-json\/wp\/v2\/product_brand?post=218675"},{"taxonomy":"product_cat","embeddable":true,"href":"https:\/\/www.moskito.cz\/it\/wp-json\/wp\/v2\/product_cat?post=218675"},{"taxonomy":"product_tag","embeddable":true,"href":"https:\/\/www.moskito.cz\/it\/wp-json\/wp\/v2\/product_tag?post=218675"}],"curies":[{"name":"wp","href":"https:\/\/api.w.org\/{rel}","templated":true}]}}