{"id":218740,"date":"2022-07-08T15:48:13","date_gmt":"2022-07-08T14:48:13","guid":{"rendered":"https:\/\/www.moskito.cz\/?post_type=product&#038;p=218740"},"modified":"2025-05-07T10:39:31","modified_gmt":"2025-05-07T09:39:31","slug":"pevny-nuz-extrema-ratio-primo-corso","status":"publish","type":"product","link":"https:\/\/www.moskito.cz\/it\/produkt\/pevny-nuz-extrema-ratio-primo-corso\/","title":{"rendered":"Pevn\u00fd N\u016f\u017e Extrema Ratio PRIMO CORSO"},"content":{"rendered":"<p>Pevn\u00fd N\u016f\u017e <strong>Extrema Ratio<\/strong> PRIMO CORSO<\/p>\n<p><strong>PRIMO CORSO<\/strong> je vizu\u00e1ln\u011b v\u011brn\u00e1 replika d\u00fdky, kterou dostali \u010dlenov\u00e9 Gruppo Operativo Incursori (jednotka speci\u00e1ln\u00edch sil italsk\u00e9ho n\u00e1mo\u0159nictva) na konci jejich prvn\u00edho v\u00fdcvikov\u00e9ho kurzu v roce 1952. D\u016fle\u017eit\u00fd kus vojensk\u00e9 historie p\u0159iveden\u00fd zp\u011bt na sv\u011btlo, konstruk\u010dn\u011b vylep\u0161en\u00fd d\u00edky na kobaltovou ocel N690. K dispozici tak\u00e9: PRIMO CORSO SPECI\u00c1LN\u00cd EDICE, se sat\u00e9novou \u00fapravou \u010depele, vyd\u00e1no v d\u0159ev\u011bn\u00e9m pouzd\u0159e.<\/p>\n<p>V\u00c1HA G: 284<br \/>\nHMOTNOST OZ.: 10<br \/>\nD\u00c9LKA \u010cEPELE (MM): 176<br \/>\nD\u00c9LKA \u010cEPELE (IN): 6,9<br \/>\nCELKOV\u00c1 D\u00c9LKA (MM): 291<br \/>\nCELKOV\u00c1 D\u00c9LKA (V): 11,5<br \/>\nTLOU\u0160\u0164KA \u010cEPELE (MM): 5<br \/>\nTLOU\u0160\u0164KA \u010cEPELE (IN): 0,2<br \/>\nMATERI\u00c1L \u010cEPELE: B\u00d6HLER N690 STEEL (58HRC)<br \/>\nPOVRCHOV\u00c1 \u00daPRAVA NO\u017dE: LEHEN\u00cd MIL-C-13924<br \/>\nHLAVN\u00cd M\u0158\u00cd\u017dKA: PLOCH\u00c1<br \/>\nMATERI\u00c1L RUKOJETI: K\u016e\u017dE<\/p>\n","protected":false},"excerpt":{"rendered":"<p>Spole\u010dnost\u00a0<strong>Extrema Ratio<\/strong>\u00a0se s\u00eddlem v italsk\u00e9m Pratu navrhuje a vyr\u00e1b\u00ed vysoce v\u00fdkonn\u00e9 bojov\u00e9, vojensk\u00e9, kuchy\u0148sk\u00e9, loveck\u00e9 a taktick\u00e9 no\u017ee od roku 1997 a m\u00e1 pov\u011bst vynikaj\u00edc\u00ed kvality, kter\u00e1 je v oboru vojensk\u00fdch a taktick\u00fdch no\u017e\u016f nep\u0159ekonateln\u00e1.\u00a0<strong>Doprava zdarma<\/strong>.<\/p>\n","protected":false},"featured_media":218741,"comment_status":"open","ping_status":"closed","template":"","meta":[],"pwb-brand":[267],"product_brand":[],"product_cat":[23,17],"product_tag":[3667],"class_list":{"0":"post-218740","1":"product","2":"type-product","3":"status-publish","4":"has-post-thumbnail","6":"pwb-brand-extrema-ratio","7":"product_cat-pevne-noze","8":"product_cat-noze","9":"product_tag-b2b","11":"first","12":"instock","13":"taxable","14":"shipping-taxable","15":"purchasable","16":"product-type-simple"},"brands":[{"id":267,"name":"Extrema Ratio","slug":"extrema-ratio"}],"_links":{"self":[{"href":"https:\/\/www.moskito.cz\/it\/wp-json\/wp\/v2\/product\/218740","targetHints":{"allow":["GET"]}}],"collection":[{"href":"https:\/\/www.moskito.cz\/it\/wp-json\/wp\/v2\/product"}],"about":[{"href":"https:\/\/www.moskito.cz\/it\/wp-json\/wp\/v2\/types\/product"}],"replies":[{"embeddable":true,"href":"https:\/\/www.moskito.cz\/it\/wp-json\/wp\/v2\/comments?post=218740"}],"wp:featuredmedia":[{"embeddable":true,"href":"https:\/\/www.moskito.cz\/it\/wp-json\/wp\/v2\/media\/218741"}],"wp:attachment":[{"href":"https:\/\/www.moskito.cz\/it\/wp-json\/wp\/v2\/media?parent=218740"}],"wp:term":[{"taxonomy":"pwb-brand","embeddable":true,"href":"https:\/\/www.moskito.cz\/it\/wp-json\/wp\/v2\/pwb-brand?post=218740"},{"taxonomy":"product_brand","embeddable":true,"href":"https:\/\/www.moskito.cz\/it\/wp-json\/wp\/v2\/product_brand?post=218740"},{"taxonomy":"product_cat","embeddable":true,"href":"https:\/\/www.moskito.cz\/it\/wp-json\/wp\/v2\/product_cat?post=218740"},{"taxonomy":"product_tag","embeddable":true,"href":"https:\/\/www.moskito.cz\/it\/wp-json\/wp\/v2\/product_tag?post=218740"}],"curies":[{"name":"wp","href":"https:\/\/api.w.org\/{rel}","templated":true}]}}