{"id":218840,"date":"2022-07-08T21:37:26","date_gmt":"2022-07-08T20:37:26","guid":{"rendered":"https:\/\/www.moskito.cz\/?post_type=product&#038;p=218840"},"modified":"2025-05-07T10:39:33","modified_gmt":"2025-05-07T09:39:33","slug":"pevny-nuz-extrema-ratio-fulcrum-bayonet-e-i","status":"publish","type":"product","link":"https:\/\/www.moskito.cz\/it\/produkt\/pevny-nuz-extrema-ratio-fulcrum-bayonet-e-i\/","title":{"rendered":"Pevn\u00fd N\u016f\u017e Extrema Ratio FULCRUM BAYONET E.I."},"content":{"rendered":"<p>Pevn\u00fd N\u016f\u017e <strong>Extrema Ratio<\/strong> FULCRUM BAYONET E.I.<\/p>\n<p>V n\u00e1vaznosti na n\u00e1\u0161 velmi \u00fasp\u011b\u0161n\u00fd n\u016f\u017e FULCRUM jsme v Extrema Ratio vyvinuli bajonetovou verzi tohoto designu. Stejn\u011b jako p\u016fvodn\u00ed FULCRUM je tento bajonet extr\u00e9mn\u011b v\u0161estrann\u00fd a pevn\u00fd, schopn\u00fd un\u00e9st zat\u00ed\u017een\u00ed p\u0159es 150 kilogram\u016f. \u010cepel ve tvaru tanto umo\u017e\u0148uje velk\u00e9 mno\u017estv\u00ed pr\u00e1ce a opot\u0159eben\u00ed, p\u0159i\u010dem\u017e si st\u00e1le zachov\u00e1v\u00e1 ostrou hranu na sv\u00e9 mimo\u0159\u00e1dn\u011b pevn\u00e9 \u0161pi\u010dce. Tato vlastnost v kombinaci s ostr\u00fdm fale\u0161n\u00fdm ost\u0159\u00edm (pouze u vojensk\u00fdch verz\u00ed) zaji\u0161\u0165uje, \u017ee si n\u016f\u017e zachov\u00e1v\u00e1 dostate\u010dnou bojovou pr\u016fbojnost, aby mohl zas\u00e1hnout c\u00edle pokryt\u00e9 t\u011b\u017ek\u00fdm oble\u010den\u00edm, vycp\u00e1vkami nebo m\u011bkk\u00fdmi balistick\u00fdmi ochranami. \u010cepel FULCRUM BAYONET je d\u00edky sv\u00e9 hmotnosti a \u0161pi\u010dkov\u00e9mu vyv\u00e1\u017een\u00ed vhodn\u00e1 pro t\u011b\u017ekou pr\u00e1ci na poli. FULCRUM BAYONET E.I. je verze dod\u00e1van\u00e1 italsk\u00e9 arm\u00e1d\u011b, s p\u0159evody a chr\u00e1ni\u010dem j\u00edlce pro pu\u0161ku ARX160, \u010dern\u00e1 rukoje\u0165, \u010dern\u00e9 pevn\u00e9 pouzdro, softshellov\u00e9 pouzdro cordura Camo Italia.<\/p>\n<p>V\u00c1HA G: 385<br \/>\nHMOTNOST OZ.: 13,6<br \/>\nD\u00c9LKA \u010cEPELE (MM): 180<br \/>\nD\u00c9LKA \u010cEPELE (IN): 7.1<br \/>\nCELKOV\u00c1 D\u00c9LKA (MM): 309<br \/>\nCELKOV\u00c1 D\u00c9LKA (IN): 12,2<br \/>\nTLOU\u0160\u0164KA \u010cEPELE (MM): 6,3<br \/>\nTLOU\u0160\u0164KA \u010cEPELE (IN): 0,25<br \/>\n\u010c\u00c1STE\u010cN\u00c9 ZUBY (MM): 40<br \/>\n\u010c\u00c1STE\u010cN\u00c9 ZUBY (IN): 1,6<br \/>\nMATERI\u00c1L \u010cEPELE: B\u00d6HLER N690 STEEL (58HRC)<br \/>\nPOVRCHOV\u00c1 \u00daPRAVA NO\u017dE: LEHEN\u00cd MIL-C-13924<br \/>\nHLAVN\u00cd M\u0158\u00cd\u017dKA: PLOCH\u00c1<br \/>\nMATERI\u00c1L RUKOJETI: FORPRENE<\/p>\n","protected":false},"excerpt":{"rendered":"<p>Spole\u010dnost\u00a0<strong>Extrema Ratio<\/strong>\u00a0se s\u00eddlem v italsk\u00e9m Pratu navrhuje a vyr\u00e1b\u00ed vysoce v\u00fdkonn\u00e9 bojov\u00e9, vojensk\u00e9, kuchy\u0148sk\u00e9, loveck\u00e9 a taktick\u00e9 no\u017ee od roku 1997 a m\u00e1 pov\u011bst vynikaj\u00edc\u00ed kvality, kter\u00e1 je v oboru vojensk\u00fdch a taktick\u00fdch no\u017e\u016f nep\u0159ekonateln\u00e1.\u00a0<strong>Doprava zdarma<\/strong>.<\/p>\n","protected":false},"featured_media":218841,"comment_status":"open","ping_status":"closed","template":"","meta":[],"pwb-brand":[267],"product_brand":[],"product_cat":[23,17],"product_tag":[3667],"class_list":{"0":"post-218840","1":"product","2":"type-product","3":"status-publish","4":"has-post-thumbnail","6":"pwb-brand-extrema-ratio","7":"product_cat-pevne-noze","8":"product_cat-noze","9":"product_tag-b2b","11":"first","12":"instock","13":"taxable","14":"shipping-taxable","15":"purchasable","16":"product-type-simple"},"brands":[{"id":267,"name":"Extrema Ratio","slug":"extrema-ratio"}],"_links":{"self":[{"href":"https:\/\/www.moskito.cz\/it\/wp-json\/wp\/v2\/product\/218840","targetHints":{"allow":["GET"]}}],"collection":[{"href":"https:\/\/www.moskito.cz\/it\/wp-json\/wp\/v2\/product"}],"about":[{"href":"https:\/\/www.moskito.cz\/it\/wp-json\/wp\/v2\/types\/product"}],"replies":[{"embeddable":true,"href":"https:\/\/www.moskito.cz\/it\/wp-json\/wp\/v2\/comments?post=218840"}],"wp:featuredmedia":[{"embeddable":true,"href":"https:\/\/www.moskito.cz\/it\/wp-json\/wp\/v2\/media\/218841"}],"wp:attachment":[{"href":"https:\/\/www.moskito.cz\/it\/wp-json\/wp\/v2\/media?parent=218840"}],"wp:term":[{"taxonomy":"pwb-brand","embeddable":true,"href":"https:\/\/www.moskito.cz\/it\/wp-json\/wp\/v2\/pwb-brand?post=218840"},{"taxonomy":"product_brand","embeddable":true,"href":"https:\/\/www.moskito.cz\/it\/wp-json\/wp\/v2\/product_brand?post=218840"},{"taxonomy":"product_cat","embeddable":true,"href":"https:\/\/www.moskito.cz\/it\/wp-json\/wp\/v2\/product_cat?post=218840"},{"taxonomy":"product_tag","embeddable":true,"href":"https:\/\/www.moskito.cz\/it\/wp-json\/wp\/v2\/product_tag?post=218840"}],"curies":[{"name":"wp","href":"https:\/\/api.w.org\/{rel}","templated":true}]}}