{"id":219359,"date":"2022-07-10T13:00:26","date_gmt":"2022-07-10T12:00:26","guid":{"rendered":"https:\/\/www.moskito.cz\/?post_type=product&#038;p=219359"},"modified":"2025-05-07T10:39:40","modified_gmt":"2025-05-07T09:39:40","slug":"pevny-nuz-extrema-ratio-pugio-se-desert-warfare","status":"publish","type":"product","link":"https:\/\/www.moskito.cz\/it\/produkt\/pevny-nuz-extrema-ratio-pugio-se-desert-warfare\/","title":{"rendered":"Pevn\u00fd N\u016f\u017e Extrema Ratio PUGIO SE DESERT WARFARE"},"content":{"rendered":"<p>Pevn\u00fd N\u016f\u017e <strong>Extrema Ratio<\/strong> PUGIO SE DESERT WARFARE<\/p>\n<p>V n\u00e1vaznosti na na\u0161i velmi \u00fasp\u011b\u0161nou d\u00fdku PUGIO jsme v Extrema Ratio vyvinuli tuto jednob\u0159itou verzi PUGIO SE pro u\u017eivatele, kte\u0159\u00ed up\u0159ednost\u0148uj\u00ed obr\u00e1cen\u00fd \u00fachop. Podle sou\u010dasn\u00fdch italsk\u00fdch z\u00e1kon\u016f je PUGIO SE leg\u00e1ln\u00ed k n\u00e1kupu osob\u00e1m, kter\u00e9 nemaj\u00ed licenci na no\u0161en\u00ed zbran\u00ed (omezen\u00ed n\u00e1kupu no\u017e\u016f se mohou li\u0161it v z\u00e1vislosti na va\u0161\u00ed jurisdikci). Zadn\u00ed strana \u010depele je navr\u017eena tak, aby u\u017eivateli umo\u017enila op\u0159\u00edt o ni palec nebo dla\u0148, podle stylu ovl\u00e1d\u00e1n\u00ed. P\u0159ilo\u017een\u00e9 tvrd\u00e9 pouzdro lze nosit svisle, vodorovn\u011b nebo \u0161ikmo (v \u00fahlu 45\u00b0). Dostupn\u00e9 verze: PUGIO SE BLACK, PUGIO SE DESERT WARFARE.<\/p>\n<p>V\u00c1HA G: 190<br \/>\nHMOTNOST OZ.: 6,7<br \/>\nD\u00c9LKA \u010cEPELE (MM): 110<br \/>\nD\u00c9LKA \u010cEPELE (IN): 4,3<br \/>\nCELKOV\u00c1 D\u00c9LKA (MM): 226<br \/>\nCELKOV\u00c1 D\u00c9LKA (V): 8,9<br \/>\nTLOU\u0160\u0164KA \u010cEPELE (MM): 6,3<br \/>\nTLOU\u0160\u0164KA \u010cEPELE (IN): 0,25<br \/>\nMATERI\u00c1L \u010cEPELE: B\u00d6HLER N690 STEEL (58HRC)<br \/>\nPOVRCHOV\u00c1 \u00daPRAVA \u010cEPEL\u00cd: POU\u0160TN\u00cd V\u00c1LKA<br \/>\nHLAVN\u00cd M\u0158\u00cd\u017dKA: B\u0159itva<br \/>\nMATERI\u00c1L RUKOJETI: NYLON<\/p>\n","protected":false},"excerpt":{"rendered":"<p>Spole\u010dnost\u00a0<strong>Extrema Ratio<\/strong>\u00a0se s\u00eddlem v italsk\u00e9m Pratu navrhuje a vyr\u00e1b\u00ed vysoce v\u00fdkonn\u00e9 bojov\u00e9, vojensk\u00e9, kuchy\u0148sk\u00e9, loveck\u00e9 a taktick\u00e9 no\u017ee od roku 1997 a m\u00e1 pov\u011bst vynikaj\u00edc\u00ed kvality, kter\u00e1 je v oboru vojensk\u00fdch a taktick\u00fdch no\u017e\u016f nep\u0159ekonateln\u00e1.\u00a0<strong>Doprava zdarma<\/strong>.<\/p>\n","protected":false},"featured_media":219360,"comment_status":"open","ping_status":"closed","template":"","meta":[],"pwb-brand":[267],"product_brand":[],"product_cat":[23,17],"product_tag":[3667],"class_list":{"0":"post-219359","1":"product","2":"type-product","3":"status-publish","4":"has-post-thumbnail","6":"pwb-brand-extrema-ratio","7":"product_cat-pevne-noze","8":"product_cat-noze","9":"product_tag-b2b","11":"first","12":"instock","13":"taxable","14":"shipping-taxable","15":"purchasable","16":"product-type-simple"},"brands":[{"id":267,"name":"Extrema Ratio","slug":"extrema-ratio"}],"_links":{"self":[{"href":"https:\/\/www.moskito.cz\/it\/wp-json\/wp\/v2\/product\/219359","targetHints":{"allow":["GET"]}}],"collection":[{"href":"https:\/\/www.moskito.cz\/it\/wp-json\/wp\/v2\/product"}],"about":[{"href":"https:\/\/www.moskito.cz\/it\/wp-json\/wp\/v2\/types\/product"}],"replies":[{"embeddable":true,"href":"https:\/\/www.moskito.cz\/it\/wp-json\/wp\/v2\/comments?post=219359"}],"wp:featuredmedia":[{"embeddable":true,"href":"https:\/\/www.moskito.cz\/it\/wp-json\/wp\/v2\/media\/219360"}],"wp:attachment":[{"href":"https:\/\/www.moskito.cz\/it\/wp-json\/wp\/v2\/media?parent=219359"}],"wp:term":[{"taxonomy":"pwb-brand","embeddable":true,"href":"https:\/\/www.moskito.cz\/it\/wp-json\/wp\/v2\/pwb-brand?post=219359"},{"taxonomy":"product_brand","embeddable":true,"href":"https:\/\/www.moskito.cz\/it\/wp-json\/wp\/v2\/product_brand?post=219359"},{"taxonomy":"product_cat","embeddable":true,"href":"https:\/\/www.moskito.cz\/it\/wp-json\/wp\/v2\/product_cat?post=219359"},{"taxonomy":"product_tag","embeddable":true,"href":"https:\/\/www.moskito.cz\/it\/wp-json\/wp\/v2\/product_tag?post=219359"}],"curies":[{"name":"wp","href":"https:\/\/api.w.org\/{rel}","templated":true}]}}