{"id":219647,"date":"2022-07-13T10:18:11","date_gmt":"2022-07-13T09:18:11","guid":{"rendered":"https:\/\/www.moskito.cz\/?post_type=product&#038;p=219647"},"modified":"2025-05-07T10:39:50","modified_gmt":"2025-05-07T09:39:50","slug":"vystrelovaci-nuz-microtech-signature-series-ultratech-ii-120ii-1ods","status":"publish","type":"product","link":"https:\/\/www.moskito.cz\/it\/produkt\/vystrelovaci-nuz-microtech-signature-series-ultratech-ii-120ii-1ods\/","title":{"rendered":"Vyst\u0159elovac\u00ed N\u016f\u017e Microtech Signature Series Ultratech II 120II-1ODS"},"content":{"rendered":"<p>Vyst\u0159elovac\u00ed N\u016f\u017e <strong>Microtech<\/strong> Signature Series Ultratech II 120II-1ODS<\/p>\n<p>V pr\u016fb\u011bhu let Microtech\u00ae Knives vlo\u017eil v\u00e1\u0161e\u0148 a dovednosti do tvorby um\u011bleck\u00fdch d\u011bl, kter\u00e1 jsou na vrcholu funk\u010dnosti a tvaru. I nad\u00e1le posouv\u00e1me hranice a zlep\u0161ujeme to, o \u010dem ji\u017e v\u00edme, \u017ee funguje.<\/p>\n<p>Microtech Knives vyrostla v p\u0159edn\u00ed zna\u010dku ,kter\u00e1 se neust\u00e1le vyv\u00edj\u00ed a posouv\u00e1 kup\u0159edu pomoc\u00ed nejnov\u011bj\u0161\u00edch technologi\u00ed, prastar\u00fdch princip\u016f \u010depel\u00ed a maxim\u00e1ln\u00edho testov\u00e1n\u00ed v ter\u00e9nu, abychom zajistili, \u017ee dod\u00e1v\u00e1me ten nejlep\u0161\u00ed mo\u017en\u00fd produkt.<\/p>\n<p>Rukoje\u0165: Rukoje\u0165 z tvrd\u00e9ho eloxovan\u00e9ho hlin\u00edku 6061-T6 m\u00e1 zkosen\u00e9 hrany pro pohodl\u00ed ve spojen\u00ed s fr\u00e9zov\u00e1n\u00edm s vysokou trakc\u00ed a dr\u00e1\u017ekov\u00e1n\u00edm pro bezpe\u010dn\u00e9 uchopen\u00ed i za nep\u0159\u00edzniv\u00fdch podm\u00ednek. N\u00edzkoprofilov\u00fd vzhled dopl\u0148uje taktick\u00fd \u010dern\u00fd hardware spolu s klipem a koncem pro rozb\u00edjen\u00ed skla. Na klipu je vyzna\u010deno datum v\u00fdroby a s\u00e9riov\u00e9 \u010d\u00edslo.<\/p>\n<p>Nos\u00ed se pomoc\u00ed prav\u00e9ho klipu z nerezov\u00e9 oceli.<\/p>\n<p>Bohler M390: Bohler M390 (analog k CPM-20CV a CTS-204P) je prvot\u0159\u00eddn\u00ed nerezov\u00e1 ocel z\u00edskan\u00e1 pr\u00e1\u0161kovou metalurgi\u00ed (PM) s vysok\u00fdm obsahem karbid\u016f pro nejvy\u0161\u0161\u00ed retenci ost\u0159\u00ed a odolnost proti korozi, p\u0159i\u010dem\u017e se d\u00e1 relativn\u011b snadno ost\u0159it. Obl\u00edben\u00e1 volba pro \u0161pi\u010dkovou v\u00fdrobu a zak\u00e1zkov\u00e9 no\u017ee. Relativn\u011b vysok\u00fd objem karbidu a hrub\u00e1 mikrostruktura d\u00e1v\u00e1 t\u00e9to oceli ni\u017e\u0161\u00ed hou\u017eevnatost.<\/p>\n<p>Celkov\u00e1 d\u00e9lka: 22 cm<br \/>\nD\u00e9lka \u010depele: 8.6 cm<br \/>\nMateri\u00e1l \u010depele: Bohler M390<br \/>\nB\u0159itov\u00e9 desti\u010dky: Ploch\u00e9<br \/>\nMateri\u00e1l rukojeti: hlin\u00edk<br \/>\nHmotnost: 3,60 oz.<br \/>\nU\u017eivatel: Prav\u00e1 ruka<br \/>\nPocket Clip: Tip-Down<br \/>\nTyp no\u017ee: Double-Action OTF Automatic<br \/>\nOtv\u00edra\u010d: Thumb Slide<br \/>\nZna\u010dka: Microtech<br \/>\nModel: Ultratech<br \/>\nZem\u011b p\u016fvodu: USA<br \/>\nNejlep\u0161\u00ed pou\u017eit\u00ed: Ka\u017edodenn\u00ed<\/p>\n<p><iframe title=\"Microtech Combat Troodon Torture Test\" width=\"800\" height=\"450\" src=\"https:\/\/www.youtube.com\/embed\/xE9TeOFYEjg?feature=oembed\" frameborder=\"0\" allow=\"accelerometer; autoplay; clipboard-write; encrypted-media; gyroscope; picture-in-picture; web-share\" allowfullscreen><\/iframe><\/p>\n","protected":false},"excerpt":{"rendered":"<div class=\"elementor-element elementor-element-bbb542b elementor-widget elementor-widget-woocommerce-product-short-description\" data-id=\"bbb542b\" data-element_type=\"widget\" data-widget_type=\"woocommerce-product-short-description.default\">\n<div class=\"elementor-widget-container\">\n<div class=\"woocommerce-product-details__short-description\">\n<p>V pr\u016fb\u011bhu let\u00a0<strong>Microtech\u00ae Knives<\/strong> naplnil v\u00e1\u0161n\u00ed a dovednost\u00ed v\u00fdrobu no\u017e\u016f, a\u017e z nich vytvo\u0159il t\u00e9m\u011b\u0159 um\u011bleck\u00e1 d\u00edla,kter\u00e9 jsou vrcholem funk\u010dnosti. V\u0161echny d\u00edly jsou vyrobeny v USA.<br \/>\n<strong>Na v\u0161echny no\u017ee Microtech je do\u017eivotn\u00ed z\u00e1ruka.<\/strong><\/p>\n<p><strong>Doprava zdarma.<\/strong><\/p>\n<\/div>\n<\/div>\n<\/div>\n","protected":false},"featured_media":219648,"comment_status":"open","ping_status":"closed","template":"","meta":[],"pwb-brand":[431],"product_brand":[],"product_cat":[2019,17],"product_tag":[3667],"class_list":{"0":"post-219647","1":"product","2":"type-product","3":"status-publish","4":"has-post-thumbnail","6":"pwb-brand-microtech","7":"product_cat-vystrelovaci-noze","8":"product_cat-noze","9":"product_tag-b2b","11":"first","12":"instock","13":"taxable","14":"shipping-taxable","15":"purchasable","16":"product-type-simple"},"brands":[{"id":431,"name":"Microtech","slug":"microtech"}],"_links":{"self":[{"href":"https:\/\/www.moskito.cz\/it\/wp-json\/wp\/v2\/product\/219647","targetHints":{"allow":["GET"]}}],"collection":[{"href":"https:\/\/www.moskito.cz\/it\/wp-json\/wp\/v2\/product"}],"about":[{"href":"https:\/\/www.moskito.cz\/it\/wp-json\/wp\/v2\/types\/product"}],"replies":[{"embeddable":true,"href":"https:\/\/www.moskito.cz\/it\/wp-json\/wp\/v2\/comments?post=219647"}],"wp:featuredmedia":[{"embeddable":true,"href":"https:\/\/www.moskito.cz\/it\/wp-json\/wp\/v2\/media\/219648"}],"wp:attachment":[{"href":"https:\/\/www.moskito.cz\/it\/wp-json\/wp\/v2\/media?parent=219647"}],"wp:term":[{"taxonomy":"pwb-brand","embeddable":true,"href":"https:\/\/www.moskito.cz\/it\/wp-json\/wp\/v2\/pwb-brand?post=219647"},{"taxonomy":"product_brand","embeddable":true,"href":"https:\/\/www.moskito.cz\/it\/wp-json\/wp\/v2\/product_brand?post=219647"},{"taxonomy":"product_cat","embeddable":true,"href":"https:\/\/www.moskito.cz\/it\/wp-json\/wp\/v2\/product_cat?post=219647"},{"taxonomy":"product_tag","embeddable":true,"href":"https:\/\/www.moskito.cz\/it\/wp-json\/wp\/v2\/product_tag?post=219647"}],"curies":[{"name":"wp","href":"https:\/\/api.w.org\/{rel}","templated":true}]}}