{"id":222943,"date":"2022-09-01T21:08:30","date_gmt":"2022-09-01T20:08:30","guid":{"rendered":"https:\/\/www.moskito.cz\/?post_type=product&#038;p=222943"},"modified":"2025-05-07T10:40:37","modified_gmt":"2025-05-07T09:40:37","slug":"zaviraci-nuz-crkt-2491-squid-stainless-steel-handle","status":"publish","type":"product","link":"https:\/\/www.moskito.cz\/it\/produkt\/zaviraci-nuz-crkt-2491-squid-stainless-steel-handle\/","title":{"rendered":"Zav\u00edrac\u00ed N\u016f\u017e CRKT 2491 SQUID STAINLESS STEEL HANDLE"},"content":{"rendered":"<div class=\"flex-1 overflow-hidden @container\/thread\">\n<div class=\"h-full\">\n<div class=\"react-scroll-to-bottom--css-vxybp-79elbk h-full\">\n<div class=\"react-scroll-to-bottom--css-vxybp-1n7m0yu\">\n<div class=\"flex flex-col text-sm md:pb-9\">\n<article class=\"w-full scroll-mb-[var(--thread-trailing-height,150px)] text-token-text-primary focus-visible:outline-2 focus-visible:outline-offset-[-4px]\" dir=\"auto\" data-testid=\"conversation-turn-219\" data-scroll-anchor=\"true\">\n<div class=\"m-auto text-base py-[18px] px-3 md:px-4 w-full md:px-5 lg:px-4 xl:px-5\">\n<div class=\"mx-auto flex flex-1 gap-4 text-base md:gap-5 lg:gap-6 md:max-w-3xl\">\n<div class=\"group\/conversation-turn relative flex w-full min-w-0 flex-col agent-turn\">\n<div class=\"flex-col gap-1 md:gap-3\">\n<div class=\"flex max-w-full flex-col flex-grow\">\n<div class=\"min-h-8 text-message flex w-full flex-col items-end gap-2 whitespace-normal break-words text-start [.text-message+&amp;]:mt-5\" dir=\"auto\" data-message-author-role=\"assistant\" data-message-id=\"0a223096-8781-4fcf-b55b-752b6d8a2654\" data-message-model-slug=\"gpt-4o-mini\">\n<div class=\"flex w-full flex-col gap-1 empty:hidden first:pt-[3px]\">\n<div class=\"markdown prose w-full break-words dark:prose-invert light\">\n<p><strong>Zav\u00edrac\u00ed n\u016f\u017e CRKT 2491 Squid Stainless Steel Handle<\/strong> je kompaktn\u00ed a funk\u010dn\u00ed n\u00e1stroj, kter\u00fd v\u00e1s nezklame ani p\u0159i n\u00e1ro\u010dn\u011bj\u0161\u00edch \u00fakolech. Navr\u017een\u00fd Lucasem Burnleyem, tento n\u016f\u017e pro ka\u017edodenn\u00ed no\u0161en\u00ed (EDC) je vybaven kvalitn\u00edmi materi\u00e1ly, praktick\u00fdmi funkcemi a robustn\u00edm designem. I kdy\u017e je jeho velikost mal\u00e1, nab\u00edz\u00ed vynikaj\u00edc\u00ed v\u00fdkon a spolehlivost.<\/p>\n<h3>Kl\u00ed\u010dov\u00e9 vlastnosti:<\/h3>\n<ol>\n<li><strong>Kompaktn\u00ed velikost<\/strong>:\n<ul>\n<li>S d\u00e9lkou \u010depele 2,25 palce (57,07 mm) a celkovou d\u00e9lkou 5,69 palce (144,48 mm) je tento n\u016f\u017e velmi kompaktn\u00ed a snadno p\u0159enosn\u00fd. I p\u0159i sv\u00e9 men\u0161\u00ed velikosti je st\u00e1le pln\u011b funk\u010dn\u00ed pro ka\u017edodenn\u00ed \u00fakoly.<\/li>\n<\/ul>\n<\/li>\n<li><strong>\u010cepel z oceli 8Cr14MoV<\/strong>:\n<ul>\n<li><strong>Ocel 8Cr14MoV<\/strong> je cen\u011bn\u00e1 pro svou odolnost a schopnost dob\u0159e dr\u017eet ost\u0159\u00ed. D\u00edky <strong>stonewash povrchov\u00e9 \u00faprav\u011b<\/strong> \u010depel vypad\u00e1 stylov\u011b a je odoln\u00e1 v\u016f\u010di opot\u0159eben\u00ed. Ocel je tak\u00e9 dostate\u010dn\u011b tvrd\u00e1 na to, aby si zachovala ostrost i p\u0159i \u010dast\u00e9m pou\u017e\u00edv\u00e1n\u00ed, a z\u00e1rove\u0148 nen\u00ed p\u0159\u00edli\u0161 k\u0159ehk\u00e1.<\/li>\n<\/ul>\n<\/li>\n<li><strong>Rukoje\u0165 z nerezov\u00e9 oceli<\/strong>:\n<ul>\n<li><strong>Nerezov\u00e1 ocel<\/strong> je extr\u00e9mn\u011b odoln\u00e1 a vysoce rezistentn\u00ed proti korozi, co\u017e zaji\u0161\u0165uje dlouhou \u017eivotnost no\u017ee i p\u0159i n\u00e1ro\u010dn\u011bj\u0161\u00edm pou\u017e\u00edv\u00e1n\u00ed. Rukoje\u0165 je navr\u017eena s vyvrtan\u00fdmi otvory, co\u017e zaji\u0161\u0165uje lep\u0161\u00ed ergonomii a ni\u017e\u0161\u00ed hmotnost. Tento design je inspirov\u00e1n legend\u00e1rn\u00edmi no\u017ei, jako je M16, co\u017e d\u00e1v\u00e1 no\u017ei unik\u00e1tn\u00ed vzhled.<\/li>\n<\/ul>\n<\/li>\n<li><strong>Snadn\u00e9 otev\u00edr\u00e1n\u00ed a zaji\u0161t\u011bn\u00ed<\/strong>:\n<ul>\n<li><strong>\u010cep pro palec<\/strong> umo\u017e\u0148uje rychl\u00e9 otev\u0159en\u00ed no\u017ee jednou rukou, co\u017e je velmi praktick\u00e9, pokud pot\u0159ebujete rychl\u00fd p\u0159\u00edstup k no\u017ei. <strong>R\u00e1mov\u00fd z\u00e1mek<\/strong> bezpe\u010dn\u011b dr\u017e\u00ed \u010depel ve sv\u00e9 otev\u0159en\u00e9 poloze a zabra\u0148uje ne\u017e\u00e1douc\u00edmu zav\u0159en\u00ed p\u0159i pou\u017e\u00edv\u00e1n\u00ed.<\/li>\n<\/ul>\n<\/li>\n<li><strong>Ergonomick\u00fd design<\/strong>:\n<ul>\n<li><strong>T\u0159ec\u00ed dr\u00e1\u017eky na \u010depeli<\/strong> zaji\u0161\u0165uj\u00ed lep\u0161\u00ed uchopen\u00ed, co\u017e zvy\u0161uje kontrolu p\u0159i pou\u017eit\u00ed no\u017ee. Rukoje\u0165 je navr\u017eena tak, aby se pohodln\u011b dr\u017eela, i kdy\u017e m\u00e1te vlhk\u00e9 nebo kluzk\u00e9 ruce.<\/li>\n<\/ul>\n<\/li>\n<li><strong>Praktick\u00e9 no\u0161en\u00ed<\/strong>:\n<ul>\n<li><strong>Kapesn\u00ed klip<\/strong> zaji\u0161\u0165uje bezpe\u010dn\u00e9 no\u0161en\u00ed no\u017ee v kapse, co\u017e usnad\u0148uje p\u0159enos a p\u0159\u00edstup. K tomu je k dispozici <strong>otvor pro \u0161\u0148\u016frku<\/strong>, d\u00edky \u010demu\u017e m\u016f\u017eete p\u0159ipevnit n\u016f\u017e na kl\u00ed\u010denku nebo ho pou\u017e\u00edt jako p\u0159\u00edv\u011bsek.<\/li>\n<\/ul>\n<\/li>\n<\/ol>\n<h3>Specifikace:<\/h3>\n<ul>\n<li><strong>Barva<\/strong>: St\u0159\u00edbrn\u00e1<\/li>\n<li><strong>D\u00e9lka \u010depele<\/strong>: 2,25&#8243; (57,07 mm)<\/li>\n<li><strong>Ost\u0159\u00ed<\/strong>: Prost\u00e9<\/li>\n<li><strong>Materi\u00e1l \u010depele<\/strong>: Ocel 8Cr14MoV<\/li>\n<li><strong>Povrchov\u00e1 \u00faprava<\/strong>: Stonewash<\/li>\n<li><strong>Tlou\u0161\u0165ka \u010depele<\/strong>: 0,10&#8243; (2,64 mm)<\/li>\n<li><strong>Celkov\u00e1 d\u00e9lka<\/strong>: 5,69&#8243; (144,48 mm)<\/li>\n<li><strong>Uzav\u0159en\u00e1 d\u00e9lka<\/strong>: 3,49&#8243; (88,72 mm)<\/li>\n<li><strong>Hmotnost<\/strong>: 3,40 unce (96,39 g)<\/li>\n<li><strong>Rukoje\u0165<\/strong>: Nerezov\u00e1 ocel<\/li>\n<li><strong>Styl<\/strong>: Skl\u00e1dac\u00ed n\u016f\u017e se z\u00e1mkem r\u00e1mu<\/li>\n<\/ul>\n<h3>Mo\u017enosti vyu\u017eit\u00ed:<\/h3>\n<ol>\n<li><strong>Ka\u017edodenn\u00ed no\u0161en\u00ed (EDC)<\/strong>:\n<ul>\n<li>D\u00edky kompaktn\u00edm rozm\u011br\u016fm a snadn\u00e9mu p\u0159en\u00e1\u0161en\u00ed je ide\u00e1ln\u00ed pro ka\u017edodenn\u00ed \u00fakoly, jako je \u0159ez\u00e1n\u00ed obal\u016f, otv\u00edr\u00e1n\u00ed bal\u00ed\u010dk\u016f, kr\u00e1jen\u00ed prov\u00e1zk\u016f a podobn\u011b.<\/li>\n<\/ul>\n<\/li>\n<li><strong>Outdooring a kempov\u00e1n\u00ed<\/strong>:\n<ul>\n<li>I kdy\u017e je tento n\u016f\u017e mal\u00fd, je dostate\u010dn\u011b siln\u00fd na to, aby se hodil k p\u0159\u00edle\u017eitostn\u00fdm outdoorov\u00fdm \u00fakol\u016fm, jako je p\u0159\u00edprava j\u00eddla, \u0159ez\u00e1n\u00ed v\u011btvi\u010dek nebo jin\u00e9 drobn\u00e9 pr\u00e1ce v p\u0159\u00edrod\u011b.<\/li>\n<\/ul>\n<\/li>\n<li><strong>Taktick\u00e9 pou\u017eit\u00ed<\/strong>:\n<ul>\n<li>D\u00edky r\u00e1mov\u00e9mu z\u00e1mku a kvalitn\u00ed konstrukci se hod\u00ed i pro taktick\u00e9 a vojensk\u00e9 pou\u017eit\u00ed, kde je pot\u0159eba spolehliv\u00fd a pevn\u00fd n\u00e1stroj pro r\u016fzn\u00e9 \u00fakoly.<\/li>\n<\/ul>\n<\/li>\n<li><strong>N\u00e1stroj pro z\u00e1chrann\u00e9 situace<\/strong>:\n<ul>\n<li>I v krizov\u00fdch situac\u00edch, jako jsou nehody, kdy je t\u0159eba rychle p\u0159istoupit k \u0159ez\u00e1n\u00ed nebo pou\u017eit\u00ed no\u017ee, je tento model dostate\u010dn\u011b kompaktn\u00ed, ale z\u00e1rove\u0148 siln\u00fd, aby zvl\u00e1dl i n\u00e1ro\u010dn\u011bj\u0161\u00ed \u00fakoly.<\/li>\n<\/ul>\n<\/li>\n<\/ol>\n<h3>Z\u00e1v\u011br:<\/h3>\n<p>CRKT 2491 <strong>Squid Stainless Steel Handle<\/strong> je <strong>kompaktn\u00ed, funk\u010dn\u00ed a odoln\u00fd n\u016f\u017e<\/strong>, kter\u00fd zvl\u00e1dne \u0161irokou \u0161k\u00e1lu \u00fakol\u016f. I kdy\u017e je mal\u00fd, neztr\u00e1c\u00ed na v\u00fdkonnosti a pohodl\u00ed p\u0159i ka\u017edodenn\u00edm no\u0161en\u00ed. Je to ide\u00e1ln\u00ed volba pro ty, kdo pot\u0159ebuj\u00ed spolehliv\u00fd n\u016f\u017e pro b\u011b\u017en\u00e9 \u00fakoly, ale tak\u00e9 pro ty, kdo hledaj\u00ed siln\u00e9ho pomocn\u00edka na outdoorov\u00e9 \u010di taktick\u00e9 aktivity.<\/p>\n<\/div>\n<\/div>\n<\/div>\n<\/div>\n<div class=\"mb-2 flex gap-3 empty:hidden -ml-2\">\n<div class=\"items-center justify-start rounded-xl p-1 flex\">\n<div class=\"flex items-center\"><\/div>\n<\/div>\n<\/div>\n<div class=\"pr-2 lg:pr-0\"><\/div>\n<\/div>\n<\/div>\n<\/div>\n<\/div>\n<\/article>\n<\/div>\n<\/div>\n<\/div>\n<\/div>\n<\/div>\n","protected":false},"excerpt":{"rendered":"<div class=\"flex max-w-full flex-col flex-grow\">\n<div class=\"min-h-8 text-message flex w-full flex-col items-end gap-2 whitespace-normal break-words text-start [.text-message+&amp;]:mt-5\" dir=\"auto\" data-message-author-role=\"assistant\" data-message-id=\"0a223096-8781-4fcf-b55b-752b6d8a2654\" data-message-model-slug=\"gpt-4o-mini\">\n<div class=\"flex w-full flex-col gap-1 empty:hidden first:pt-[3px]\">\n<div class=\"markdown prose w-full break-words dark:prose-invert light\">\n<p><strong>CRKT 2491 Squid Stainless Steel Handle je kompaktn\u00ed, funk\u010dn\u00ed a odoln\u00fd n\u016f\u017e, kter\u00fd zvl\u00e1dne \u0161irokou \u0161k\u00e1lu \u00fakol\u016f. I kdy\u017e je mal\u00fd, neztr\u00e1c\u00ed na v\u00fdkonnosti a pohodl\u00ed p\u0159i ka\u017edodenn\u00edm no\u0161en\u00ed. Je to ide\u00e1ln\u00ed volba pro ty, kdo pot\u0159ebuj\u00ed spolehliv\u00fd n\u016f\u017e pro b\u011b\u017en\u00e9 \u00fakoly, ale tak\u00e9 pro ty, kdo hledaj\u00ed siln\u00e9ho pomocn\u00edka na outdoorov\u00e9 \u010di taktick\u00e9 aktivity.<\/strong><\/p>\n<\/div>\n<\/div>\n<\/div>\n<\/div>\n<div class=\"mb-2 flex gap-3 empty:hidden -ml-2\">\n<div class=\"items-center justify-start rounded-xl p-1 flex\">\n<div class=\"flex items-center\"><\/div>\n<\/div>\n<\/div>\n","protected":false},"featured_media":222944,"comment_status":"open","ping_status":"closed","template":"","meta":[],"pwb-brand":[209],"product_brand":[],"product_cat":[22,17],"product_tag":[3667],"class_list":{"0":"post-222943","1":"product","2":"type-product","3":"status-publish","4":"has-post-thumbnail","6":"pwb-brand-crkt","7":"product_cat-zaviraci-noze","8":"product_cat-noze","9":"product_tag-b2b","11":"first","12":"instock","13":"taxable","14":"shipping-taxable","15":"purchasable","16":"product-type-simple"},"brands":[{"id":209,"name":"CRKT","slug":"crkt"}],"_links":{"self":[{"href":"https:\/\/www.moskito.cz\/it\/wp-json\/wp\/v2\/product\/222943","targetHints":{"allow":["GET"]}}],"collection":[{"href":"https:\/\/www.moskito.cz\/it\/wp-json\/wp\/v2\/product"}],"about":[{"href":"https:\/\/www.moskito.cz\/it\/wp-json\/wp\/v2\/types\/product"}],"replies":[{"embeddable":true,"href":"https:\/\/www.moskito.cz\/it\/wp-json\/wp\/v2\/comments?post=222943"}],"wp:featuredmedia":[{"embeddable":true,"href":"https:\/\/www.moskito.cz\/it\/wp-json\/wp\/v2\/media\/222944"}],"wp:attachment":[{"href":"https:\/\/www.moskito.cz\/it\/wp-json\/wp\/v2\/media?parent=222943"}],"wp:term":[{"taxonomy":"pwb-brand","embeddable":true,"href":"https:\/\/www.moskito.cz\/it\/wp-json\/wp\/v2\/pwb-brand?post=222943"},{"taxonomy":"product_brand","embeddable":true,"href":"https:\/\/www.moskito.cz\/it\/wp-json\/wp\/v2\/product_brand?post=222943"},{"taxonomy":"product_cat","embeddable":true,"href":"https:\/\/www.moskito.cz\/it\/wp-json\/wp\/v2\/product_cat?post=222943"},{"taxonomy":"product_tag","embeddable":true,"href":"https:\/\/www.moskito.cz\/it\/wp-json\/wp\/v2\/product_tag?post=222943"}],"curies":[{"name":"wp","href":"https:\/\/api.w.org\/{rel}","templated":true}]}}