{"id":223356,"date":"2022-09-04T20:07:59","date_gmt":"2022-09-04T19:07:59","guid":{"rendered":"https:\/\/www.moskito.cz\/?post_type=product&#038;p=223356"},"modified":"2026-02-06T22:22:19","modified_gmt":"2026-02-06T21:22:19","slug":"zaviraci-nuz-crkt-inazuma-no-ken-2908","status":"publish","type":"product","link":"https:\/\/www.moskito.cz\/it\/produkt\/zaviraci-nuz-crkt-inazuma-no-ken-2908\/","title":{"rendered":"Zav\u00edrac\u00ed N\u016f\u017e CRKT INAZUMA NO KEN 2908"},"content":{"rendered":"<div class=\"flex-1 overflow-hidden @container\/thread\">\n<div class=\"h-full\">\n<div class=\"react-scroll-to-bottom--css-vxybp-79elbk h-full\">\n<div class=\"react-scroll-to-bottom--css-vxybp-1n7m0yu\">\n<div class=\"flex flex-col text-sm\">\n<article class=\"w-full scroll-mb-[var(--thread-trailing-height,150px)] text-token-text-primary focus-visible:outline-2 focus-visible:outline-offset-[-4px]\" dir=\"auto\" data-testid=\"conversation-turn-191\" data-scroll-anchor=\"true\">\n<div class=\"m-auto text-base py-[18px] px-3 md:px-4 w-full md:px-5 lg:px-4 xl:px-5\">\n<div class=\"mx-auto flex flex-1 gap-4 text-base md:gap-5 lg:gap-6 md:max-w-3xl\">\n<div class=\"group\/conversation-turn relative flex w-full min-w-0 flex-col agent-turn\">\n<div class=\"flex-col gap-1 md:gap-3\">\n<div class=\"flex max-w-full flex-col flex-grow\">\n<div class=\"min-h-8 text-message flex w-full flex-col items-end gap-2 whitespace-normal break-words text-start [.text-message+&amp;]:mt-5\" dir=\"auto\" data-message-author-role=\"assistant\" data-message-id=\"4aaac48f-0cc6-4fc1-beaa-adabf0982097\" data-message-model-slug=\"gpt-4o-mini\">\n<div class=\"flex w-full flex-col gap-1 empty:hidden first:pt-[3px]\">\n<div class=\"markdown prose w-full break-words dark:prose-invert light\">\n<p><strong>Zav\u00edrac\u00ed N\u016f\u017e CRKT INAZUMA NO KEN 2908<\/strong> je v\u00fdjime\u010dn\u00fd taktick\u00fd n\u016f\u017e, inspirovan\u00fd tradi\u010dn\u00edmi japonsk\u00fdmi me\u010di, ale s modern\u00edmi technologiemi pro vysok\u00fd v\u00fdkon a maxim\u00e1ln\u00ed spolehlivost. Tento n\u016f\u017e je od sv\u00e9ho n\u00e1vrhu ur\u010den pro <strong>bojov\u00e9 pou\u017eit\u00ed<\/strong>, a to jak v profesion\u00e1ln\u00edm vojensk\u00e9m, tak v civiln\u00edm prost\u0159ed\u00ed, kdy je pot\u0159eba n\u016f\u017e, kter\u00fd zvl\u00e1dne i ty nejn\u00e1ro\u010dn\u011bj\u0161\u00ed podm\u00ednky.<\/p>\n<h3>Kl\u00ed\u010dov\u00e9 vlastnosti:<\/h3>\n<ol>\n<li><strong>Inovativn\u00ed syst\u00e9m otev\u00edr\u00e1n\u00ed<\/strong>:\n<ul>\n<li><strong>Asistovan\u00e9 otev\u00edr\u00e1n\u00ed Ken Onion<\/strong> umo\u017e\u0148uje <strong>bleskurychl\u00e9 otev\u0159en\u00ed<\/strong> no\u017ee s minim\u00e1ln\u00edm \u00fasil\u00edm. Sta\u010d\u00ed jedin\u00fd pohyb ruky a \u010depel se plynule otev\u0159e d\u00edky <strong>syst\u00e9mu \u010dep\u016f s kuli\u010dkov\u00fdmi lo\u017eisky IKBS\u2122<\/strong>.<\/li>\n<li>Otev\u0159en\u00ed je <strong>rychl\u00e9, hladk\u00e9 a bezpe\u010dn\u00e9<\/strong>, co\u017e je ide\u00e1ln\u00ed pro taktick\u00e9 a bojov\u00e9 situace.<\/li>\n<\/ul>\n<\/li>\n<li><strong>Modern\u00ed bezpe\u010dnostn\u00ed mechanismus Deadbolt\u00ae<\/strong>:\n<ul>\n<li><strong>Z\u00e1mek Deadbolt\u00ae<\/strong> je unik\u00e1tn\u00ed inovac\u00ed, kter\u00e1 nab\u00edz\u00ed neuv\u011b\u0159itelnou pevnost a bezpe\u010dnost p\u0159i pou\u017e\u00edv\u00e1n\u00ed no\u017ee. Ocelov\u00e9 \u0161rouby se p\u0159i otev\u0159en\u00ed \u010depele zapadnou do jej\u00edho t\u011bla a zaji\u0161\u0165uj\u00ed tak vysokou stabilitu, i p\u0159i intenzivn\u00edm pou\u017e\u00edv\u00e1n\u00ed.<\/li>\n<li><strong>Tla\u010d\u00edtko pro uvoln\u011bn\u00ed<\/strong> je um\u00edst\u011bno tak, \u017ee bezpe\u010dn\u011b uvoln\u00ed z\u00e1mek bez rizika kontaktu s \u010depel\u00ed, co\u017e poskytuje snadnou a intuitivn\u00ed manipulaci.<\/li>\n<\/ul>\n<\/li>\n<li><strong>\u010cepel z oceli D2<\/strong>:\n<ul>\n<li><strong>Ocel D2<\/strong> je zn\u00e1ma svou vynikaj\u00edc\u00ed tvrdost\u00ed a <strong>odolnost\u00ed proti opot\u0159eben\u00ed<\/strong>, co\u017e znamen\u00e1, \u017ee \u010depel bude dlouho dr\u017eet ost\u0159\u00ed i p\u0159i \u010dast\u00e9m pou\u017e\u00edv\u00e1n\u00ed.<\/li>\n<li><strong>Povrchov\u00e1 \u00faprava stonewash<\/strong> dod\u00e1v\u00e1 \u010depeli odolnost proti korozi a \u0161kr\u00e1banc\u016fm, a z\u00e1rove\u0148 p\u0159id\u00e1v\u00e1 estetick\u00fd vzhled.<\/li>\n<\/ul>\n<\/li>\n<li><strong>Ergonomick\u00e1 rukoje\u0165 G10<\/strong>:\n<ul>\n<li><strong>Texturovan\u00e1 rukoje\u0165 z G10<\/strong> poskytuje <strong>vynikaj\u00edc\u00ed p\u0159ilnavost<\/strong> za jak\u00fdchkoli podm\u00ednek, co\u017e je ide\u00e1ln\u00ed pro pou\u017eit\u00ed v <strong>de\u0161ti, vlhku nebo v n\u00e1ro\u010dn\u00e9m ter\u00e9nu<\/strong>.<\/li>\n<li>Rukoje\u0165 je navr\u017eena pro pohodln\u00fd \u00fachop <strong>pro prav\u00e1ky i lev\u00e1ky<\/strong>, co\u017e zaji\u0161\u0165uje univerz\u00e1lnost a flexibilitu.<\/li>\n<\/ul>\n<\/li>\n<li><strong>V\u00fdjime\u010dn\u00e1 velikost a rozm\u011bry<\/strong>:\n<ul>\n<li><strong>D\u00e9lka \u010depele<\/strong>: 3,68&#8243; (93,35 mm) \u2013 ide\u00e1ln\u00ed pro \u0161irokou \u0161k\u00e1lu taktick\u00fdch \u00fakol\u016f, v\u010detn\u011b \u0159ez\u00e1n\u00ed a bod\u00e1n\u00ed.<\/li>\n<li><strong>Celkov\u00e1 d\u00e9lka<\/strong>: 8,63&#8243; (219,08 mm) \u2013 dostate\u010dn\u011b velk\u00fd, aby se dob\u0159e dr\u017eel a pou\u017e\u00edval, ale st\u00e1le dostate\u010dn\u011b kompaktn\u00ed pro snadn\u00e9 no\u0161en\u00ed.<\/li>\n<li><strong>Uzav\u0159en\u00e1 d\u00e9lka<\/strong>: 4,91&#8243; (124,61 mm) \u2013 ide\u00e1ln\u00ed pro pohodln\u00e9 no\u0161en\u00ed v kapse nebo na opasku.<\/li>\n<li><strong>Hmotnost<\/strong>: 6,20 oz (175,77 g) \u2013 robustn\u00ed a stabiln\u00ed n\u016f\u017e s dostate\u010dnou v\u00e1hou pro pocit bezpe\u010d\u00ed p\u0159i pou\u017eit\u00ed.<\/li>\n<\/ul>\n<\/li>\n<\/ol>\n<h3>Jak funguje asistovan\u00e9 otev\u00edr\u00e1n\u00ed:<\/h3>\n<p>N\u016f\u017e je <strong>bezpe\u010dn\u011b zav\u0159en\u00fd<\/strong>, ale jakmile za\u010dnete ot\u00e1\u010det \u010depel, <strong>asistovan\u00e9 otev\u00edr\u00e1n\u00ed<\/strong> rychle a plynule otev\u0159e \u010depel bez jak\u00e9hokoli \u00fasil\u00ed. To umo\u017e\u0148uje <strong>jednoduch\u00e9 a rychl\u00e9 otev\u00edr\u00e1n\u00ed jednou rukou<\/strong>, co\u017e je zvl\u00e1\u0161t\u011b u\u017eite\u010dn\u00e9 v kritick\u00fdch okam\u017eic\u00edch, kdy je pot\u0159eba okam\u017eit\u00fd p\u0159\u00edstup.<\/p>\n<h3>Jak funguje Deadbolt\u00ae:<\/h3>\n<p><strong>Deadbolt\u00ae<\/strong> zaji\u0161\u0165uje \u010depel pevn\u011b na m\u00edst\u011b. Ocelov\u00e9 \u0161rouby, kter\u00e9 se nach\u00e1zej\u00ed v oto\u010dn\u00e9m bod\u011b, <strong>zajist\u00ed \u010depel<\/strong>, \u010d\u00edm\u017e poskytuj\u00ed neuv\u011b\u0159itelnou pevnost a odolnost v\u016f\u010di n\u00e1raz\u016fm a s\u00edle. <strong>Tla\u010d\u00edtko pro odpojen\u00ed<\/strong> je navr\u017eeno pro jednoduch\u00e9 uvoln\u011bn\u00ed mechanismu, co\u017e je bezpe\u010dn\u00e9 a efektivn\u00ed i v krizov\u00fdch podm\u00ednk\u00e1ch.<\/p>\n<h3>Specifikace:<\/h3>\n<ul>\n<li><strong>D\u00e9lka \u010depele<\/strong>: 3,68&#8243; (93,35 mm)<\/li>\n<li><strong>Ost\u0159\u00ed \u010depele<\/strong>: Prost\u00fd<\/li>\n<li><strong>Materi\u00e1l \u010depele<\/strong>: <strong>Ocel D2<\/strong><\/li>\n<li><strong>Povrchov\u00e1 \u00faprava \u010depele<\/strong>: <strong>Stonewash<\/strong><\/li>\n<li><strong>Tlou\u0161\u0165ka \u010depele<\/strong>: 0,13&#8243; (3,18 mm)<\/li>\n<li><strong>Celkov\u00e1 d\u00e9lka<\/strong>: 8,63&#8243; (219,08 mm)<\/li>\n<li><strong>Uzav\u0159en\u00e1 d\u00e9lka<\/strong>: 4,91&#8243; (124,61 mm)<\/li>\n<li><strong>Hmotnost<\/strong>: 6,20 oz (175,77 g)<\/li>\n<li><strong>Rukoje\u0165<\/strong>: <strong>G10<\/strong><\/li>\n<li><strong>Styl<\/strong>: <strong>Skl\u00e1dac\u00ed n\u016f\u017e se z\u00e1mkem Deadbolt\u00ae<\/strong><\/li>\n<\/ul>\n<h3>Shrnut\u00ed:<\/h3>\n<p><strong>Zav\u00edrac\u00ed n\u016f\u017e CRKT Inazuma No Ken 2908<\/strong> je vysoce kvalitn\u00ed taktick\u00fd n\u016f\u017e, kter\u00fd spojuje <strong>tradici<\/strong> a <strong>modern\u00ed technologie<\/strong>. Jeho <strong>asistovan\u00e9 otev\u00edr\u00e1n\u00ed<\/strong> a <strong>unik\u00e1tn\u00ed mechanismus Deadbolt\u00ae<\/strong> poskytuj\u00ed rychl\u00fd a bezpe\u010dn\u00fd p\u0159\u00edstup, zat\u00edmco <strong>odoln\u00e1 \u010depel z oceli D2<\/strong> a <strong>ergonomick\u00e1 rukoje\u0165 G10<\/strong> zaji\u0161\u0165uj\u00ed dlouhodobou spolehlivost. Tento n\u016f\u017e je ide\u00e1ln\u00ed volbou pro ty, kte\u0159\u00ed pot\u0159ebuj\u00ed <strong>siln\u00e9ho a vysoce v\u00fdkonn\u00e9ho spole\u010dn\u00edka<\/strong> pro bojov\u00e9 nebo taktick\u00e9 situace.<\/p>\n<\/div>\n<\/div>\n<\/div>\n<\/div>\n<div class=\"mb-2 flex gap-3 empty:hidden -ml-2\">\n<div class=\"items-center justify-start rounded-xl p-1 flex\">\n<div class=\"flex items-center\"><\/div>\n<\/div>\n<\/div>\n<\/div>\n<div class=\"absolute\">\n<div class=\"flex items-center justify-center\"><\/div>\n<\/div>\n<\/div>\n<\/div>\n<\/div>\n<\/article>\n<\/div>\n<\/div>\n<\/div>\n<\/div>\n<\/div>\n<p><iframe title=\"CRKT INAZUMA NO KEN\u2122 | James Williams Design\" width=\"800\" height=\"450\" src=\"https:\/\/www.youtube.com\/embed\/eVcyfSkBBOY?feature=oembed\" frameborder=\"0\" allow=\"accelerometer; autoplay; clipboard-write; encrypted-media; gyroscope; picture-in-picture; web-share\" referrerpolicy=\"strict-origin-when-cross-origin\" allowfullscreen><\/iframe><\/p>\n","protected":false},"excerpt":{"rendered":"<div class=\"flex max-w-full flex-col flex-grow\">\n<div class=\"min-h-8 text-message flex w-full flex-col items-end gap-2 whitespace-normal break-words text-start [.text-message+&amp;]:mt-5\" dir=\"auto\" data-message-author-role=\"assistant\" data-message-id=\"4aaac48f-0cc6-4fc1-beaa-adabf0982097\" data-message-model-slug=\"gpt-4o-mini\">\n<div class=\"flex w-full flex-col gap-1 empty:hidden first:pt-[3px]\">\n<div class=\"markdown prose w-full break-words dark:prose-invert light\">\n<p><strong>Zav\u00edrac\u00ed n\u016f\u017e CRKT Inazuma No Ken 2908 je vysoce kvalitn\u00ed taktick\u00fd n\u016f\u017e, kter\u00fd spojuje tradici a modern\u00ed technologie. Jeho asistovan\u00e9 otev\u00edr\u00e1n\u00ed a unik\u00e1tn\u00ed mechanismus Deadbolt\u00ae poskytuj\u00ed rychl\u00fd a bezpe\u010dn\u00fd p\u0159\u00edstup, zat\u00edmco odoln\u00e1 \u010depel z oceli D2 a ergonomick\u00e1 rukoje\u0165 G10 zaji\u0161\u0165uj\u00ed dlouhodobou spolehlivost. Tento n\u016f\u017e je ide\u00e1ln\u00ed volbou pro ty, kte\u0159\u00ed pot\u0159ebuj\u00ed siln\u00e9ho a vysoce v\u00fdkonn\u00e9ho spole\u010dn\u00edka pro bojov\u00e9 nebo taktick\u00e9 situace.<\/strong><\/p>\n<\/div>\n<\/div>\n<\/div>\n<\/div>\n<div class=\"mb-2 flex gap-3 empty:hidden -ml-2\">\n<div class=\"items-center justify-start rounded-xl p-1 flex\">\n<div class=\"flex items-center\"><\/div>\n<\/div>\n<\/div>\n","protected":false},"featured_media":223357,"comment_status":"open","ping_status":"closed","template":"","meta":[],"pwb-brand":[209],"product_brand":[],"product_cat":[22,17],"product_tag":[3667],"class_list":{"0":"post-223356","1":"product","2":"type-product","3":"status-publish","4":"has-post-thumbnail","6":"pwb-brand-crkt","7":"product_cat-zaviraci-noze","8":"product_cat-noze","9":"product_tag-b2b","11":"first","12":"outofstock","13":"taxable","14":"shipping-taxable","15":"purchasable","16":"product-type-simple"},"brands":[{"id":209,"name":"CRKT","slug":"crkt"}],"_links":{"self":[{"href":"https:\/\/www.moskito.cz\/it\/wp-json\/wp\/v2\/product\/223356","targetHints":{"allow":["GET"]}}],"collection":[{"href":"https:\/\/www.moskito.cz\/it\/wp-json\/wp\/v2\/product"}],"about":[{"href":"https:\/\/www.moskito.cz\/it\/wp-json\/wp\/v2\/types\/product"}],"replies":[{"embeddable":true,"href":"https:\/\/www.moskito.cz\/it\/wp-json\/wp\/v2\/comments?post=223356"}],"wp:featuredmedia":[{"embeddable":true,"href":"https:\/\/www.moskito.cz\/it\/wp-json\/wp\/v2\/media\/223357"}],"wp:attachment":[{"href":"https:\/\/www.moskito.cz\/it\/wp-json\/wp\/v2\/media?parent=223356"}],"wp:term":[{"taxonomy":"pwb-brand","embeddable":true,"href":"https:\/\/www.moskito.cz\/it\/wp-json\/wp\/v2\/pwb-brand?post=223356"},{"taxonomy":"product_brand","embeddable":true,"href":"https:\/\/www.moskito.cz\/it\/wp-json\/wp\/v2\/product_brand?post=223356"},{"taxonomy":"product_cat","embeddable":true,"href":"https:\/\/www.moskito.cz\/it\/wp-json\/wp\/v2\/product_cat?post=223356"},{"taxonomy":"product_tag","embeddable":true,"href":"https:\/\/www.moskito.cz\/it\/wp-json\/wp\/v2\/product_tag?post=223356"}],"curies":[{"name":"wp","href":"https:\/\/api.w.org\/{rel}","templated":true}]}}