{"id":223504,"date":"2022-09-05T20:22:38","date_gmt":"2022-09-05T19:22:38","guid":{"rendered":"https:\/\/www.moskito.cz\/?post_type=product&#038;p=223504"},"modified":"2025-05-07T10:40:43","modified_gmt":"2025-05-07T09:40:43","slug":"zaviraci-nuz-crkt-parascale-6235","status":"publish","type":"product","link":"https:\/\/www.moskito.cz\/it\/produkt\/zaviraci-nuz-crkt-parascale-6235\/","title":{"rendered":"Zav\u00edrac\u00ed N\u016f\u017e CRKT PARASCALE 6235"},"content":{"rendered":"<div class=\"flex-1 overflow-hidden @container\/thread\">\n<div class=\"h-full\">\n<div class=\"react-scroll-to-bottom--css-vxybp-79elbk h-full\">\n<div class=\"react-scroll-to-bottom--css-vxybp-1n7m0yu\">\n<div class=\"flex flex-col text-sm md:pb-9\">\n<article class=\"w-full scroll-mb-[var(--thread-trailing-height,150px)] text-token-text-primary focus-visible:outline-2 focus-visible:outline-offset-[-4px]\" dir=\"auto\" data-testid=\"conversation-turn-183\" data-scroll-anchor=\"true\">\n<div class=\"m-auto text-base py-[18px] px-3 md:px-4 w-full md:px-5 lg:px-4 xl:px-5\">\n<div class=\"mx-auto flex flex-1 gap-4 text-base md:gap-5 lg:gap-6 md:max-w-3xl\">\n<div class=\"group\/conversation-turn relative flex w-full min-w-0 flex-col agent-turn\">\n<div class=\"flex-col gap-1 md:gap-3\">\n<div class=\"flex max-w-full flex-col flex-grow\">\n<div class=\"min-h-8 text-message flex w-full flex-col items-end gap-2 whitespace-normal break-words text-start [.text-message+&amp;]:mt-5\" dir=\"auto\" data-message-author-role=\"assistant\" data-message-id=\"5628e315-85cb-4949-a602-9100befbc469\" data-message-model-slug=\"gpt-4o-mini\">\n<div class=\"flex w-full flex-col gap-1 empty:hidden first:pt-[3px]\">\n<div class=\"markdown prose w-full break-words dark:prose-invert light\">\n<p><strong>Zav\u00edrac\u00ed N\u016f\u017e CRKT PARASCALE 6235<\/strong> je navr\u017een pro <strong>bushcraft<\/strong> a <strong>n\u00e1ro\u010dn\u00e9 outdoorov\u00e9 pou\u017eit\u00ed<\/strong>. Tento n\u016f\u017e kombinuje <strong>inovativn\u00ed zamykac\u00ed mechanismus Deadbolt\u00ae<\/strong>, <strong>odolnou \u010depel D2<\/strong> a praktickou rukoje\u0165 omotanou <strong>paracordem<\/strong>, co\u017e z n\u011bj \u010din\u00ed vynikaj\u00edc\u00ed volbu pro v\u0161echny, kdo pot\u0159ebuj\u00ed spolehliv\u00fd a v\u0161estrann\u00fd n\u00e1stroj v ter\u00e9nu.<\/p>\n<h3>Kl\u00ed\u010dov\u00e9 vlastnosti a v\u00fdhody:<\/h3>\n<ol>\n<li><strong>Inovativn\u00ed zamykac\u00ed mechanismus Deadbolt\u00ae<\/strong>:\n<ul>\n<li>Deadbolt\u00ae je <strong>pr\u016fmyslov\u00e1 inovace<\/strong>, kter\u00e1 pou\u017e\u00edv\u00e1 <strong>speci\u00e1ln\u00ed \u010dep<\/strong> pro zaji\u0161t\u011bn\u00ed \u010depele, co\u017e zaji\u0161\u0165uje <strong>neuv\u011b\u0159itelnou pevnost a bezpe\u010dnost<\/strong> p\u0159i pou\u017e\u00edv\u00e1n\u00ed no\u017ee.<\/li>\n<li>Tento mechanismus je <strong>snadno pou\u017eiteln\u00fd<\/strong> a poskytuje <strong>vysokou odolnost proti vn\u011bj\u0161\u00edm vliv\u016fm<\/strong>, co\u017e je ide\u00e1ln\u00ed pro <strong>v\u0161estrann\u00e9 outdoorov\u00e9 aplikace<\/strong>, kde je spolehlivost a bezpe\u010dnost kl\u00ed\u010dov\u00e1.<\/li>\n<\/ul>\n<\/li>\n<li><strong>Ocel D2<\/strong> pro \u010depel**:\n<ul>\n<li><strong>D\u00e9lka \u010depele<\/strong>: 3,19&#8243; (81,05 mm), co\u017e je ide\u00e1ln\u00ed velikost pro <strong>bushcraft<\/strong>, <strong>\u0159ez\u00e1n\u00ed<\/strong>, <strong>p\u00edlen\u00ed<\/strong> a dal\u0161\u00ed outdoorov\u00e9 \u00fakoly.<\/li>\n<li><strong>Materi\u00e1l \u010depele<\/strong>: <strong>Ocel D2<\/strong>, kter\u00e1 je zn\u00e1m\u00e1 svou <strong>vynikaj\u00edc\u00ed schopnost\u00ed dr\u017eet ost\u0159\u00ed<\/strong> a <strong>odolnost\u00ed proti opot\u0159eben\u00ed<\/strong>, co\u017e znamen\u00e1, \u017ee tento n\u016f\u017e zvl\u00e1dne t\u011b\u017e\u0161\u00ed \u00fakoly v ter\u00e9nu bez probl\u00e9m\u016f.<\/li>\n<li><strong>Povrchov\u00e1 \u00faprava<\/strong>: <strong>Sat\u00e9nov\u00e1 \u00faprava<\/strong> \u010depele dod\u00e1v\u00e1 estetick\u00fd vzhled a z\u00e1rove\u0148 poskytuje ochranu proti korozi.<\/li>\n<\/ul>\n<\/li>\n<li><strong>Rukoje\u0165 s paracordem<\/strong>:\n<ul>\n<li><strong>Omotan\u00e1 \u0161\u0148\u016fra z paracordu<\/strong> zaji\u0161\u0165uje vynikaj\u00edc\u00ed <strong>p\u0159ilnavost za mokra i za sucha<\/strong>, co\u017e je ide\u00e1ln\u00ed pro pou\u017eit\u00ed v <strong>n\u00e1ro\u010dn\u00fdch podm\u00ednk\u00e1ch<\/strong>.<\/li>\n<li><strong>Paracord<\/strong> tak\u00e9 poskytuje <strong>dal\u0161\u00ed mo\u017enost\u00ed pro improvizovan\u00e9 pou\u017eit\u00ed<\/strong> v ter\u00e9nu, kdy m\u016f\u017ee slou\u017eit k zaji\u0161t\u011bn\u00ed t\u00e1bora, stavb\u011b p\u0159\u00edst\u0159e\u0161\u00ed nebo jin\u00fdm praktick\u00fdm \u00fa\u010del\u016fm.<\/li>\n<\/ul>\n<\/li>\n<li><strong>Kompaktn\u00ed a v\u00fdkonn\u00fd design<\/strong>:\n<ul>\n<li><strong>Celkov\u00e1 d\u00e9lka<\/strong>: 7,88&#8243; (200,03 mm), co\u017e znamen\u00e1, \u017ee n\u016f\u017e je dostate\u010dn\u011b <strong>kompaktn\u00ed<\/strong> pro pohodln\u00e9 no\u0161en\u00ed, ale st\u00e1le nab\u00edz\u00ed dostatek s\u00edly a d\u00e9lky pro n\u00e1ro\u010dn\u00e9 \u00fakoly.<\/li>\n<li><strong>Uzav\u0159en\u00e1 d\u00e9lka<\/strong>: 4,68&#8243; (118,92 mm), co\u017e usnad\u0148uje <strong>skladov\u00e1n\u00ed<\/strong> a <strong>p\u0159en\u00e1\u0161en\u00ed<\/strong> no\u017ee v kapse nebo na opasku.<\/li>\n<\/ul>\n<\/li>\n<li><strong>V\u0161estrann\u00e9 outdoorov\u00e9 pou\u017eit\u00ed<\/strong>:\n<ul>\n<li>Tento n\u016f\u017e je navr\u017een pro <strong>bushcraft<\/strong> a <strong>outdoorov\u00e9 aktivity<\/strong>, ale je tak\u00e9 skv\u011bl\u00fd pro ka\u017edodenn\u00ed no\u0161en\u00ed (EDC), <strong>kempov\u00e1n\u00ed<\/strong>, <strong>turistiku<\/strong> a dal\u0161\u00ed venkovn\u00ed aktivity.<\/li>\n<\/ul>\n<\/li>\n<\/ol>\n<h3>Specifikace:<\/h3>\n<ul>\n<li><strong>D\u00e9lka \u010depele<\/strong>: 3,19&#8243; (81,05 mm)<\/li>\n<li><strong>Ost\u0159\u00ed \u010depele<\/strong>: Prost\u00fd<\/li>\n<li><strong>Materi\u00e1l \u010depele<\/strong>: <strong>Ocel D2<\/strong><\/li>\n<li><strong>Povrchov\u00e1 \u00faprava \u010depele<\/strong>: <strong>Sat\u00e9n<\/strong><\/li>\n<li><strong>Tlou\u0161\u0165ka \u010depele<\/strong>: 0,13&#8243; (3,40 mm)<\/li>\n<li><strong>Celkov\u00e1 d\u00e9lka<\/strong>: 7,88&#8243; (200,03 mm)<\/li>\n<li><strong>Uzav\u0159en\u00e1 d\u00e9lka<\/strong>: 4,68&#8243; (118,92 mm)<\/li>\n<li><strong>Hmotnost<\/strong>: 5,00 oz (141,75 g)<\/li>\n<li><strong>Rukoje\u0165<\/strong>: <strong>Nylon vyztu\u017een\u00fd sklem<\/strong> omotan\u00fd <strong>paracordem<\/strong><\/li>\n<li><strong>Styl<\/strong>: <strong>Skl\u00e1dac\u00ed n\u016f\u017e<\/strong> se <strong>z\u00e1mkem Deadbolt\u00ae<\/strong><\/li>\n<\/ul>\n<h3>Shrnut\u00ed:<\/h3>\n<p><strong>Zav\u00edrac\u00ed n\u016f\u017e CRKT Parascale 6235<\/strong> je ide\u00e1ln\u00edm n\u00e1strojem pro <strong>bushcraft<\/strong> a dal\u0161\u00ed <strong>outdoorov\u00e9 aplikace<\/strong>, kde je pot\u0159eba spolehliv\u00fd a odoln\u00fd n\u016f\u017e. S <strong>inovativn\u00edm z\u00e1mkem Deadbolt\u00ae<\/strong>, <strong>odborn\u011b navr\u017eenou \u010depel\u00ed z oceli D2<\/strong>, a <strong>praktickou rukojet\u00ed s paracordem<\/strong> je tento n\u016f\u017e nejen skv\u011bl\u00fdm n\u00e1strojem pro pr\u00e1ci v p\u0159\u00edrod\u011b, ale i praktick\u00fdm spole\u010dn\u00edkem pro r\u016fzn\u00e9 outdoorov\u00e9 v\u00fdzvy. Tento n\u016f\u017e je skv\u011blou volbou pro ka\u017ed\u00e9ho, kdo pot\u0159ebuje <strong>solidn\u00ed a v\u0161estrann\u00fd n\u016f\u017e<\/strong>, kter\u00fd zvl\u00e1dne n\u00e1ro\u010dn\u00e9 \u00fakoly a z\u00e1rove\u0148 je p\u0159ipraven na neo\u010dek\u00e1van\u00e9 situace v ter\u00e9nu.<\/p>\n<\/div>\n<\/div>\n<\/div>\n<\/div>\n<div class=\"mb-2 flex gap-3 empty:hidden -ml-2\">\n<div class=\"items-center justify-start rounded-xl p-1 flex\">\n<div class=\"flex items-center\"><\/div>\n<\/div>\n<\/div>\n<div class=\"pr-2 lg:pr-0\"><\/div>\n<div class=\"mt-3 w-full empty:hidden\">\n<div class=\"text-center\"><\/div>\n<\/div>\n<\/div>\n<div class=\"absolute\">\n<div class=\"flex items-center justify-center\"><\/div>\n<\/div>\n<\/div>\n<\/div>\n<\/div>\n<\/article>\n<\/div>\n<\/div>\n<\/div>\n<\/div>\n<\/div>\n<div class=\"md:pt-0 dark:border-white\/20 md:border-transparent md:dark:border-transparent w-full\">\n<div>\n<div class=\"m-auto text-base px-3 md:px-4 w-full md:px-5 lg:px-4 xl:px-5\">\n<div class=\"mx-auto flex flex-1 gap-4 text-base md:gap-5 lg:gap-6 md:max-w-3xl\">\n<div class=\"flex justify-center\"><\/div>\n<\/div>\n<\/div>\n<\/div>\n<\/div>\n","protected":false},"excerpt":{"rendered":"<p><strong>Zav\u00edrac\u00ed n\u016f\u017e CRKT Parascale 6235 je ide\u00e1ln\u00edm n\u00e1strojem pro bushcraft a dal\u0161\u00ed outdoorov\u00e9 aplikace, kde je pot\u0159eba spolehliv\u00fd a odoln\u00fd n\u016f\u017e. S inovativn\u00edm z\u00e1mkem Deadbolt\u00ae, odborn\u011b navr\u017eenou \u010depel\u00ed z oceli D2, a praktickou rukojet\u00ed s paracordem je tento n\u016f\u017e nejen skv\u011bl\u00fdm n\u00e1strojem pro pr\u00e1ci v p\u0159\u00edrod\u011b, ale i praktick\u00fdm spole\u010dn\u00edkem pro r\u016fzn\u00e9 outdoorov\u00e9 v\u00fdzvy. Tento n\u016f\u017e je skv\u011blou volbou pro ka\u017ed\u00e9ho, kdo pot\u0159ebuje solidn\u00ed a v\u0161estrann\u00fd n\u016f\u017e, kter\u00fd zvl\u00e1dne n\u00e1ro\u010dn\u00e9 \u00fakoly a z\u00e1rove\u0148 je p\u0159ipraven na neo\u010dek\u00e1van\u00e9 situace v ter\u00e9nu.<\/strong><\/p>\n","protected":false},"featured_media":223505,"comment_status":"open","ping_status":"closed","template":"","meta":[],"pwb-brand":[209],"product_brand":[],"product_cat":[22,17],"product_tag":[3667],"class_list":{"0":"post-223504","1":"product","2":"type-product","3":"status-publish","4":"has-post-thumbnail","6":"pwb-brand-crkt","7":"product_cat-zaviraci-noze","8":"product_cat-noze","9":"product_tag-b2b","11":"first","12":"instock","13":"taxable","14":"shipping-taxable","15":"purchasable","16":"product-type-simple"},"brands":[{"id":209,"name":"CRKT","slug":"crkt"}],"_links":{"self":[{"href":"https:\/\/www.moskito.cz\/it\/wp-json\/wp\/v2\/product\/223504","targetHints":{"allow":["GET"]}}],"collection":[{"href":"https:\/\/www.moskito.cz\/it\/wp-json\/wp\/v2\/product"}],"about":[{"href":"https:\/\/www.moskito.cz\/it\/wp-json\/wp\/v2\/types\/product"}],"replies":[{"embeddable":true,"href":"https:\/\/www.moskito.cz\/it\/wp-json\/wp\/v2\/comments?post=223504"}],"wp:featuredmedia":[{"embeddable":true,"href":"https:\/\/www.moskito.cz\/it\/wp-json\/wp\/v2\/media\/223505"}],"wp:attachment":[{"href":"https:\/\/www.moskito.cz\/it\/wp-json\/wp\/v2\/media?parent=223504"}],"wp:term":[{"taxonomy":"pwb-brand","embeddable":true,"href":"https:\/\/www.moskito.cz\/it\/wp-json\/wp\/v2\/pwb-brand?post=223504"},{"taxonomy":"product_brand","embeddable":true,"href":"https:\/\/www.moskito.cz\/it\/wp-json\/wp\/v2\/product_brand?post=223504"},{"taxonomy":"product_cat","embeddable":true,"href":"https:\/\/www.moskito.cz\/it\/wp-json\/wp\/v2\/product_cat?post=223504"},{"taxonomy":"product_tag","embeddable":true,"href":"https:\/\/www.moskito.cz\/it\/wp-json\/wp\/v2\/product_tag?post=223504"}],"curies":[{"name":"wp","href":"https:\/\/api.w.org\/{rel}","templated":true}]}}