{"id":224142,"date":"2022-09-08T21:51:49","date_gmt":"2022-09-08T20:51:49","guid":{"rendered":"https:\/\/www.moskito.cz\/?post_type=product&#038;p=224142"},"modified":"2025-06-30T08:31:59","modified_gmt":"2025-06-30T07:31:59","slug":"zaviraci-nuz-crkt-m40-03","status":"publish","type":"product","link":"https:\/\/www.moskito.cz\/it\/produkt\/zaviraci-nuz-crkt-m40-03\/","title":{"rendered":"Zav\u00edrac\u00ed N\u016f\u017e CRKT M40-03"},"content":{"rendered":"<div class=\"flex-1 overflow-hidden @container\/thread\">\n<div class=\"h-full\">\n<div class=\"react-scroll-to-bottom--css-vxybp-79elbk h-full\">\n<div class=\"react-scroll-to-bottom--css-vxybp-1n7m0yu\">\n<div class=\"flex flex-col text-sm md:pb-9\">\n<article class=\"w-full scroll-mb-[var(--thread-trailing-height,150px)] text-token-text-primary focus-visible:outline-2 focus-visible:outline-offset-[-4px]\" dir=\"auto\" data-testid=\"conversation-turn-159\" data-scroll-anchor=\"true\">\n<div class=\"m-auto text-base py-[18px] px-3 md:px-4 w-full md:px-5 lg:px-4 xl:px-5\">\n<div class=\"mx-auto flex flex-1 gap-4 text-base md:gap-5 lg:gap-6 md:max-w-3xl\">\n<div class=\"group\/conversation-turn relative flex w-full min-w-0 flex-col agent-turn\">\n<div class=\"flex-col gap-1 md:gap-3\">\n<div class=\"flex max-w-full flex-col flex-grow\">\n<div class=\"min-h-8 text-message flex w-full flex-col items-end gap-2 whitespace-normal break-words text-start [.text-message+&amp;]:mt-5\" dir=\"auto\" data-message-author-role=\"assistant\" data-message-id=\"aad2dfd0-5eca-4f0c-a8c7-aa058b89f1e9\" data-message-model-slug=\"gpt-4o-mini\">\n<div class=\"flex w-full flex-col gap-1 empty:hidden first:pt-[3px]\">\n<div class=\"markdown prose w-full break-words dark:prose-invert light\">\n<p><strong>Zav\u00edrac\u00ed N\u016f\u017e CRKT M40-03<\/strong> je modern\u00ed reinterpretac\u00ed klasick\u00e9ho designu no\u017ee, kter\u00fd byl p\u016fvodn\u011b navr\u017een zesnul\u00fdm <strong>Kitem Carsonem<\/strong>, renomovan\u00fdm no\u017e\u00ed\u0159em, jeho\u017e d\u011bdictv\u00ed st\u00e1le ovliv\u0148uje sv\u011bt no\u017e\u016f. Tento model <strong>M40-03<\/strong> kombinuje tradi\u010dn\u00ed prvky s inovativn\u00edmi technologiemi, jako je <strong>z\u00e1mek Deadbolt\u00ae<\/strong>, \u010d\u00edm\u017e p\u0159in\u00e1\u0161\u00ed vylep\u0161en\u00ed v oblasti bezpe\u010dnosti a spolehlivosti. Je navr\u017een pro ka\u017edodenn\u00ed no\u0161en\u00ed (EDC), s d\u016frazem na <strong>pevnost<\/strong>, <strong>rychlost otev\u00edr\u00e1n\u00ed<\/strong> a <strong>odolnost<\/strong>.<\/p>\n<h3>Kl\u00ed\u010dov\u00e9 vlastnosti a v\u00fdhody:<\/h3>\n<ol>\n<li><strong>Z\u00e1mek Deadbolt\u00ae<\/strong>:\n<ul>\n<li>Tento z\u00e1mek poskytuje <strong>vysokou pevnost<\/strong> a <strong>bezpe\u010dnost<\/strong> p\u0159i pou\u017e\u00edv\u00e1n\u00ed. D\u00edky unik\u00e1tn\u00edmu mechanismu <strong>Deadbolt\u00ae<\/strong> je \u010depel zaji\u0161t\u011bna velmi siln\u011b, co\u017e minimalizuje riziko ne\u00famysln\u00e9ho sklopen\u00ed b\u011bhem pou\u017e\u00edv\u00e1n\u00ed. Tento z\u00e1mek je zn\u00e1m\u00fd svou <strong>jednoduchost\u00ed a \u00fa\u010dinnost\u00ed<\/strong>.<\/li>\n<\/ul>\n<\/li>\n<li><strong>Rychl\u00e9 otev\u00edr\u00e1n\u00ed s IKBS\u2122<\/strong>:\n<ul>\n<li><strong>Syst\u00e9m kuli\u010dkov\u00fdch lo\u017eisek IKBS\u2122<\/strong> umo\u017e\u0148uje <strong>hladk\u00e9 a rychl\u00e9 otev\u0159en\u00ed \u010depele<\/strong> pouh\u00fdm tlakem na \u010dep, co\u017e je ide\u00e1ln\u00ed pro rychlou reakci v p\u0159\u00edpad\u011b pot\u0159eby.<\/li>\n<\/ul>\n<\/li>\n<li><strong>Robustn\u00ed \u010depel z oceli 1.4116<\/strong>:\n<ul>\n<li><strong>D\u00e9lka \u010depele<\/strong>: 87,91 mm \u2013 Velikost \u010depele je ide\u00e1ln\u00ed pro ka\u017edodenn\u00ed \u00fakoly a zvl\u00e1dne r\u016fzn\u00e9 pracovn\u00ed sc\u00e9n\u00e1\u0159e.<\/li>\n<li><strong>Ocel<\/strong>: <strong>1.4116<\/strong>, zn\u00e1m\u00e1 pro svou <strong>odolnost v\u016f\u010di korozi<\/strong> a <strong>dobr\u00e9 udr\u017eov\u00e1n\u00ed ostrosti<\/strong>. Tato ocel je snadn\u00e1 na brou\u0161en\u00ed, co\u017e zaji\u0161\u0165uje dlouhou \u017eivotnost \u010depele.<\/li>\n<li><strong>Povrchov\u00e1 \u00faprava<\/strong>: <strong>Odst\u0159el kor\u00e1lk\u016f<\/strong>, co\u017e poskytuje \u010depeli <strong>matn\u00fd vzhled<\/strong> a minimalizuje odlesky.<\/li>\n<\/ul>\n<\/li>\n<li><strong>Lehk\u00e1 a odoln\u00e1 rukoje\u0165<\/strong>:\n<ul>\n<li><strong>Materi\u00e1l rukojeti<\/strong>: <strong>Nylon vyztu\u017een\u00fd sklem<\/strong>, co\u017e zaji\u0161\u0165uje vysokou <strong>pevnost<\/strong> a <strong>odolnost<\/strong>, zat\u00edmco z\u016fst\u00e1v\u00e1 <strong>lehk\u00fd<\/strong>. Je pohodln\u00e1 pro dlouhodob\u00e9 pou\u017e\u00edv\u00e1n\u00ed.<\/li>\n<li><strong>Hlin\u00edkov\u00e1 podlo\u017eka<\/strong>: Poskytuje <strong>dodate\u010dnou stabilitu<\/strong> a zaji\u0161\u0165uje dlouhou \u017eivotnost no\u017ee.<\/li>\n<\/ul>\n<\/li>\n<li><strong>Kompaktn\u00ed a pohodln\u00fd design<\/strong>:\n<ul>\n<li><strong>Celkov\u00e1 d\u00e9lka<\/strong>: 203,35 mm \u2013 N\u016f\u017e je dostate\u010dn\u011b velk\u00fd pro v\u0161echny b\u011b\u017en\u00e9 \u00fakoly, ale st\u00e1le dost kompaktn\u00ed pro ka\u017edodenn\u00ed no\u0161en\u00ed.<\/li>\n<li><strong>Uzav\u0159en\u00e1 d\u00e9lka<\/strong>: 117,02 mm \u2013 Velikost, kter\u00e1 se snadno skryje v kapse, ale st\u00e1le poskytuje pohodln\u00fd \u00fachop.<\/li>\n<li><strong>Hmotnost<\/strong>: 119,07 g \u2013 <strong>Optim\u00e1ln\u00ed hmotnost<\/strong> pro pohodln\u00e9 no\u0161en\u00ed cel\u00fd den, ani\u017e by byl p\u0159\u00edli\u0161 t\u011b\u017ek\u00fd nebo p\u0159\u00edli\u0161 lehk\u00fd.<\/li>\n<\/ul>\n<\/li>\n<\/ol>\n<h3>Specifikace:<\/h3>\n<ul>\n<li><strong>D\u00e9lka \u010depele<\/strong>: 87,91 mm (3,46&#8243;)<\/li>\n<li><strong>Ost\u0159\u00ed \u010depele<\/strong>: Prost\u00e9<\/li>\n<li><strong>Materi\u00e1l \u010depele<\/strong>: Ocel 1.4116<\/li>\n<li><strong>Povrchov\u00e1 \u00faprava \u010depele<\/strong>: Odst\u0159el kor\u00e1lk\u016f<\/li>\n<li><strong>Tlou\u0161\u0165ka \u010depele<\/strong>: 3,38 mm (0,13&#8243;)<\/li>\n<li><strong>Celkov\u00e1 d\u00e9lka<\/strong>: 203,35 mm (8,01&#8243;)<\/li>\n<li><strong>Uzav\u0159en\u00e1 d\u00e9lka<\/strong>: 117,02 mm (4,61&#8243;)<\/li>\n<li><strong>Hmotnost<\/strong>: 119,07 g (4,20 oz)<\/li>\n<li><strong>Rukoje\u0165<\/strong>: Nylon vyztu\u017een\u00fd sklem s hlin\u00edkovou podlo\u017ekou<\/li>\n<li><strong>Mechanismus<\/strong>: Skl\u00e1dac\u00ed n\u016f\u017e se z\u00e1mkem <strong>Deadbolt\u00ae<\/strong><\/li>\n<\/ul>\n<h3>Vhodn\u00e9 pou\u017eit\u00ed:<\/h3>\n<ul>\n<li><strong>Ka\u017edodenn\u00ed no\u0161en\u00ed (EDC)<\/strong>: Ide\u00e1ln\u00ed pro <strong>b\u011b\u017en\u00e9 \u00fakoly<\/strong>, jako je <strong>\u0159ez\u00e1n\u00ed<\/strong>, <strong>otev\u00edr\u00e1n\u00ed bal\u00ed\u010dk\u016f<\/strong> nebo <strong>\u0159ez\u00e1n\u00ed provaz\u016f<\/strong>. D\u00edky sv\u00e9 <strong>pohodln\u00e9 rukojeti<\/strong> a <strong>rychl\u00e9mu otev\u00edr\u00e1n\u00ed<\/strong> je skv\u00e9l\u00e9 pro ka\u017edodenn\u00ed pou\u017eit\u00ed.<\/li>\n<li><strong>Outdoor a dobrodru\u017estv\u00ed<\/strong>: D\u00edky robustn\u00ed \u010depeli a odoln\u00e9 rukojeti zvl\u00e1dne n\u00e1ro\u010dn\u00e9 \u00fakoly, jako je <strong>zpracov\u00e1n\u00ed d\u0159eva<\/strong> nebo <strong>\u00fadr\u017eba vybaven\u00ed<\/strong> v p\u0159\u00edrod\u011b.<\/li>\n<li><strong>Taktick\u00e9 pou\u017eit\u00ed<\/strong>: <strong>Z\u00e1mek Deadbolt\u00ae<\/strong> poskytuje maxim\u00e1ln\u00ed <strong>bezpe\u010dnost<\/strong> a zaji\u0161t\u011bn\u00ed \u010depele, co\u017e je v\u00fdhodn\u00e9 i v <strong>taktick\u00fdch sc\u00e9n\u00e1\u0159\u00edch<\/strong> nebo p\u0159i <strong>sebeobran\u011b<\/strong>.<\/li>\n<\/ul>\n<h3>Shrnut\u00ed:<\/h3>\n<p><strong>CRKT M40-03<\/strong> je v\u00fdjime\u010dn\u00fd <strong>zav\u00edrac\u00ed n\u016f\u017e<\/strong>, kter\u00fd spojuje <strong>design Kida Carsona<\/strong> s modern\u00edmi technologiemi. <strong>Z\u00e1mek Deadbolt\u00ae<\/strong> zaji\u0161\u0165uje <strong>vysokou pevnost<\/strong> a bezpe\u010dnost, zat\u00edmco <strong>syst\u00e9m kuli\u010dkov\u00fdch lo\u017eisek IKBS\u2122<\/strong> umo\u017e\u0148uje <strong>rychl\u00e9 a hladk\u00e9 otev\u00edr\u00e1n\u00ed<\/strong>. D\u00edky <strong>robustn\u00ed \u010depeli<\/strong> z oceli 1.4116 a <strong>odoln\u00e9 rukojeti<\/strong> je tento n\u016f\u017e ide\u00e1ln\u00ed pro ka\u017edodenn\u00ed pou\u017eit\u00ed a n\u00e1ro\u010dn\u00e9 \u00fakoly. Nav\u00edc, jeho <strong>kompaktn\u00ed velikost<\/strong> a <strong>komfortn\u00ed design<\/strong> d\u011blaj\u00ed z M40-03 ide\u00e1ln\u00ed volbu pro ka\u017ed\u00e9ho, kdo hled\u00e1 <strong>spolehliv\u00fd<\/strong> a <strong>stylov\u00fd n\u00e1stroj<\/strong>.<\/p>\n<\/div>\n<\/div>\n<\/div>\n<\/div>\n<div class=\"mb-2 flex gap-3 empty:hidden -ml-2\">\n<div class=\"items-center justify-start rounded-xl p-1 flex\">\n<div class=\"flex items-center\"><\/div>\n<\/div>\n<\/div>\n<\/div>\n<\/div>\n<\/div>\n<\/div>\n<\/article>\n<\/div>\n<\/div>\n<\/div>\n<\/div>\n<\/div>\n<div class=\"md:pt-0 dark:border-white\/20 md:border-transparent md:dark:border-transparent w-full\">\n<div>\n<div class=\"m-auto text-base px-3 md:px-4 w-full md:px-5 lg:px-4 xl:px-5\">\n<div class=\"mx-auto flex flex-1 gap-4 text-base md:gap-5 lg:gap-6 md:max-w-3xl\">\n<div class=\"flex justify-center\"><\/div>\n<\/div>\n<\/div>\n<\/div>\n<\/div>\n","protected":false},"excerpt":{"rendered":"<p><strong>CRKT M40-03 je v\u00fdjime\u010dn\u00fd zav\u00edrac\u00ed n\u016f\u017e, kter\u00fd spojuje design Kida Carsona s modern\u00edmi technologiemi. Z\u00e1mek Deadbolt\u00ae zaji\u0161\u0165uje vysokou pevnost a bezpe\u010dnost, zat\u00edmco syst\u00e9m kuli\u010dkov\u00fdch lo\u017eisek IKBS\u2122 umo\u017e\u0148uje rychl\u00e9 a hladk\u00e9 otev\u00edr\u00e1n\u00ed. D\u00edky robustn\u00ed \u010depeli z oceli 1.4116 a odoln\u00e9 rukojeti je tento n\u016f\u017e ide\u00e1ln\u00ed pro ka\u017edodenn\u00ed pou\u017eit\u00ed a n\u00e1ro\u010dn\u00e9 \u00fakoly. Nav\u00edc, jeho kompaktn\u00ed velikost a komfortn\u00ed design d\u011blaj\u00ed z M40-03 ide\u00e1ln\u00ed volbu pro ka\u017ed\u00e9ho, kdo hled\u00e1 spolehliv\u00fd a stylov\u00fd n\u00e1stroj.<\/strong><\/p>\n","protected":false},"featured_media":224143,"comment_status":"open","ping_status":"closed","template":"","meta":[],"pwb-brand":[209],"product_brand":[],"product_cat":[22,17],"product_tag":[3667],"class_list":{"0":"post-224142","1":"product","2":"type-product","3":"status-publish","4":"has-post-thumbnail","6":"pwb-brand-crkt","7":"product_cat-zaviraci-noze","8":"product_cat-noze","9":"product_tag-b2b","11":"first","12":"instock","13":"sale","14":"taxable","15":"shipping-taxable","16":"purchasable","17":"product-type-simple"},"brands":[{"id":209,"name":"CRKT","slug":"crkt"}],"_links":{"self":[{"href":"https:\/\/www.moskito.cz\/it\/wp-json\/wp\/v2\/product\/224142","targetHints":{"allow":["GET"]}}],"collection":[{"href":"https:\/\/www.moskito.cz\/it\/wp-json\/wp\/v2\/product"}],"about":[{"href":"https:\/\/www.moskito.cz\/it\/wp-json\/wp\/v2\/types\/product"}],"replies":[{"embeddable":true,"href":"https:\/\/www.moskito.cz\/it\/wp-json\/wp\/v2\/comments?post=224142"}],"wp:featuredmedia":[{"embeddable":true,"href":"https:\/\/www.moskito.cz\/it\/wp-json\/wp\/v2\/media\/224143"}],"wp:attachment":[{"href":"https:\/\/www.moskito.cz\/it\/wp-json\/wp\/v2\/media?parent=224142"}],"wp:term":[{"taxonomy":"pwb-brand","embeddable":true,"href":"https:\/\/www.moskito.cz\/it\/wp-json\/wp\/v2\/pwb-brand?post=224142"},{"taxonomy":"product_brand","embeddable":true,"href":"https:\/\/www.moskito.cz\/it\/wp-json\/wp\/v2\/product_brand?post=224142"},{"taxonomy":"product_cat","embeddable":true,"href":"https:\/\/www.moskito.cz\/it\/wp-json\/wp\/v2\/product_cat?post=224142"},{"taxonomy":"product_tag","embeddable":true,"href":"https:\/\/www.moskito.cz\/it\/wp-json\/wp\/v2\/product_tag?post=224142"}],"curies":[{"name":"wp","href":"https:\/\/api.w.org\/{rel}","templated":true}]}}