{"id":224405,"date":"2022-09-13T19:50:41","date_gmt":"2022-09-13T18:50:41","guid":{"rendered":"https:\/\/www.moskito.cz\/?post_type=product&#038;p=224405"},"modified":"2025-06-28T11:31:11","modified_gmt":"2025-06-28T10:31:11","slug":"pevny-nuz-crkt-sdn-2909","status":"publish","type":"product","link":"https:\/\/www.moskito.cz\/it\/produkt\/pevny-nuz-crkt-sdn-2909\/","title":{"rendered":"Pevn\u00fd N\u016f\u017e CRKT SDN 2909"},"content":{"rendered":"<div class=\"flex-1 overflow-hidden @container\/thread\">\n<div class=\"h-full\">\n<div class=\"react-scroll-to-bottom--css-vxybp-79elbk h-full\">\n<div class=\"react-scroll-to-bottom--css-vxybp-1n7m0yu\">\n<div class=\"flex flex-col text-sm md:pb-9\">\n<article class=\"w-full scroll-mb-[var(--thread-trailing-height,150px)] text-token-text-primary focus-visible:outline-2 focus-visible:outline-offset-[-4px]\" dir=\"auto\" data-testid=\"conversation-turn-149\" data-scroll-anchor=\"true\">\n<div class=\"m-auto text-base py-[18px] px-3 md:px-4 w-full md:px-5 lg:px-4 xl:px-5\">\n<div class=\"mx-auto flex flex-1 gap-4 text-base md:gap-5 lg:gap-6 md:max-w-3xl\">\n<div class=\"group\/conversation-turn relative flex w-full min-w-0 flex-col agent-turn\">\n<div class=\"flex-col gap-1 md:gap-3\">\n<div class=\"flex max-w-full flex-col flex-grow\">\n<div class=\"min-h-8 text-message flex w-full flex-col items-end gap-2 whitespace-normal break-words text-start [.text-message+&amp;]:mt-5\" dir=\"auto\" data-message-author-role=\"assistant\" data-message-id=\"32ef74cd-fe79-4dc8-8d34-1bca9331a304\" data-message-model-slug=\"gpt-4o-mini\">\n<div class=\"flex w-full flex-col gap-1 empty:hidden first:pt-[3px]\">\n<div class=\"markdown prose w-full break-words dark:prose-invert light\">\n<p><strong>Pevn\u00fd N\u016f\u017e CRKT SDN 2909<\/strong> je <strong>taktick\u00fd n\u00e1stroj<\/strong>, kter\u00fd spojuje <strong>bojov\u00e9 dovednosti<\/strong> s <strong>prakti\u010dnost\u00ed<\/strong> pro ka\u017edodenn\u00ed pou\u017eit\u00ed. Navr\u017een\u00fd <strong>Jamesem Williamsem<\/strong>, b\u00fdval\u00fdm d\u016fstojn\u00edkem americk\u00e9 arm\u00e1dy a odborn\u00edkem na bojov\u00e1 um\u011bn\u00ed, je tento n\u016f\u017e vysoce specializovan\u00fd n\u00e1stroj, kter\u00fd v\u00e1s <strong>p\u0159iprav\u00ed na cokoliv<\/strong>. A\u0165 u\u017e jde o <strong>p\u0159e\u017eit\u00ed<\/strong>, <strong>sebeobranu<\/strong>, nebo <strong>ka\u017edodenn\u00ed \u00fakoly<\/strong>, SDN\u2122 je <strong>spolehliv\u00fd a v\u00fdkonn\u00fd<\/strong> n\u00e1stroj.<\/p>\n<h3>Kl\u00ed\u010dov\u00e9 vlastnosti:<\/h3>\n<ol>\n<li><strong>Design a materi\u00e1ly<\/strong>:\n<ul>\n<li><strong>D\u00e9lka \u010depele<\/strong>: 2,65&#8243; (67,36 mm) \u2013 <strong>Kompaktn\u00ed velikost<\/strong>, kter\u00e1 zaji\u0161\u0165uje <strong>snadn\u00e9 no\u0161en\u00ed<\/strong> a <strong>rychl\u00e9 pou\u017eit\u00ed<\/strong>.<\/li>\n<li><strong>Ost\u0159\u00ed \u010depele<\/strong>: Prost\u00e9 \u2013 Toto ost\u0159\u00ed je <strong>jednoduch\u00e9 a \u00fa\u010dinn\u00e9<\/strong>, ide\u00e1ln\u00ed pro <strong>precizn\u00ed \u0159ezy<\/strong> a <strong>ka\u017edodenn\u00ed \u00fakoly<\/strong>.<\/li>\n<li><strong>Materi\u00e1l \u010depele<\/strong>: <strong>1.4116 nerezov\u00e1 ocel<\/strong> \u2013 Tato ocel je <strong>odoln\u00e1 proti korozi<\/strong> a <strong>udr\u017euje ost\u0159\u00ed<\/strong>, co\u017e \u010din\u00ed n\u016f\u017e skv\u00e9l\u00e9 pro <strong>v\u00edce\u00fa\u010delov\u00e9 pou\u017eit\u00ed<\/strong>.<\/li>\n<li><strong>Povrchov\u00e1 \u00faprava<\/strong>: <strong>Odst\u0159el kor\u00e1lk\u016f<\/strong> \u2013 Tento povrch zaji\u0161\u0165uje <strong>odolnost<\/strong> a <strong>odstran\u011bn\u00ed odrazivosti<\/strong>, \u010d\u00edm\u017e zvy\u0161uje <strong>praktickou pou\u017eitelnost<\/strong>.<\/li>\n<\/ul>\n<\/li>\n<li><strong>Ergonomick\u00e1 rukoje\u0165<\/strong>:\n<ul>\n<li><strong>Rukoje\u0165<\/strong>: <strong>Nerezov\u00e1 ocel<\/strong> \u2013 Pevn\u00e1 a <strong>odoln\u00e1<\/strong>, s dostate\u010dnou <strong>ergonomi\u00ed<\/strong>, aby n\u016f\u017e dob\u0159e sed\u011bl v ruce a byl <strong>snadno ovladateln\u00fd<\/strong>.<\/li>\n<li><strong>Taktick\u00e1 rukoje\u0165<\/strong>: <strong>Skryt\u00fd p\u0159enos<\/strong> pro pou\u017eit\u00ed v sebeobran\u011b \u2013 Rukoje\u0165 je navr\u017eena tak, aby byla pou\u017eita <strong>pro bojov\u00e9 situace<\/strong>, kde m\u016f\u017ee b\u00fdt \u010depel dr\u017eena v kolm\u00e9 poloze pro <strong>\u00fader<\/strong> s vysokou silou.<\/li>\n<\/ul>\n<\/li>\n<li><strong>V\u00edce\u00fa\u010delovost a kompaktn\u00ed design<\/strong>:\n<ul>\n<li><strong>Kompaktn\u00ed a lehk\u00e1 konstrukce<\/strong>: N\u016f\u017e je navr\u017een pro <strong>snadn\u00e9 no\u0161en\u00ed<\/strong> a <strong>rychl\u00fd p\u0159\u00edstup<\/strong>, ide\u00e1ln\u00ed pro ka\u017edodenn\u00ed no\u0161en\u00ed i <strong>nouzov\u00e9 situace<\/strong>.<\/li>\n<li><strong>V\u00edce\u00fa\u010delov\u00fd n\u00e1stroj<\/strong>: S \u010depel\u00ed, kter\u00e1 je dostate\u010dn\u011b <strong>tenk\u00e1<\/strong> pro precizn\u00ed \u0159ez\u00e1n\u00ed, ale z\u00e1rove\u0148 <strong>dostate\u010dn\u011b siln\u00e1<\/strong> pro taktick\u00e1 pou\u017eit\u00ed. Tento n\u016f\u017e lze pou\u017e\u00edt i jako <strong>sebeobrannou zbra\u0148<\/strong>.<\/li>\n<li><strong>Klasick\u00fd skotsk\u00fd design<\/strong>: <strong>Sgian Dubh<\/strong> \u2013 Design no\u017ee \u010derp\u00e1 inspiraci z tradi\u010dn\u00edho skotsk\u00e9ho no\u017ee, p\u0159i\u010dem\u017e zachov\u00e1v\u00e1 modern\u00ed funk\u010dnost pro dne\u0161n\u00ed dobu.<\/li>\n<\/ul>\n<\/li>\n<li><strong>Pochva a mo\u017enosti no\u0161en\u00ed<\/strong>:\n<ul>\n<li><strong>Pochva<\/strong>: Vyroben\u00e1 z <strong>termoplastu<\/strong> \u2013 Odoln\u00e1, a to i v <strong>n\u00e1ro\u010dn\u00fdch podm\u00ednk\u00e1ch<\/strong>. Pochva je navr\u017eena pro <strong>r\u016fzn\u00e9 zp\u016fsoby no\u0161en\u00ed<\/strong>: na krku, opasku nebo v ta\u0161ce.<\/li>\n<li><strong>Lanyard pro p\u0159ipojen\u00ed<\/strong>: Mo\u017enost p\u0159ipojit <strong>lanyard<\/strong>, co\u017e umo\u017e\u0148uje <strong>snadn\u00e9 uchycen\u00ed<\/strong> a rychl\u00fd p\u0159\u00edstup k no\u017ei.<\/li>\n<\/ul>\n<\/li>\n<\/ol>\n<h3>Specifikace:<\/h3>\n<ul>\n<li><strong>D\u00e9lka \u010depele<\/strong>: 2,65&#8243; (67,36 mm)<\/li>\n<li><strong>Ost\u0159\u00ed \u010depele<\/strong>: Prost\u00e9<\/li>\n<li><strong>Materi\u00e1l \u010depele<\/strong>: 1.4116 nerezov\u00e1 ocel<\/li>\n<li><strong>Povrchov\u00e1 \u00faprava \u010depele<\/strong>: Odst\u0159el kor\u00e1lk\u016f<\/li>\n<li><strong>Tlou\u0161\u0165ka \u010depele<\/strong>: 0,13&#8243; (3,23 mm)<\/li>\n<li><strong>Celkov\u00e1 d\u00e9lka<\/strong>: 5,66&#8243; (143,87 mm)<\/li>\n<li><strong>Hmotnost no\u017ee<\/strong>: 1,30 oz (36,85 g)<\/li>\n<li><strong>Rukoje\u0165<\/strong>: Nerezov\u00e1 ocel<\/li>\n<li><strong>Styl<\/strong>: N\u016f\u017e s pevnou \u010depel\u00ed s pouzdrem<\/li>\n<li><strong>Materi\u00e1l pl\u00e1\u0161t\u011b<\/strong>: Termoplast<\/li>\n<li><strong>Hmotnost pl\u00e1\u0161t\u011b<\/strong>: 1,80 oz (51,03 g)<\/li>\n<\/ul>\n<h3>Mo\u017enosti pou\u017eit\u00ed:<\/h3>\n<ul>\n<li><strong>Nouzov\u00e1 sada<\/strong>: Tento n\u016f\u017e je <strong>kl\u00ed\u010dov\u00fdm n\u00e1strojem<\/strong> pro jak\u00fdkoliv <strong>nouzov\u00fd sc\u00e9n\u00e1\u0159<\/strong> \u2013 od p\u0159\u00edpravy j\u00eddla a\u017e po ochranu ve vysoce rizikov\u00fdch situac\u00edch.<\/li>\n<li><strong>Taktick\u00e9 a vojensk\u00e9 pou\u017eit\u00ed<\/strong>: D\u00edky <strong>pevn\u00e9 \u010depeli<\/strong> a <strong>v\u0161estrannosti<\/strong> je SDN\u2122 ide\u00e1ln\u00edm n\u00e1strojem pro <strong>operace na boji\u0161ti<\/strong> nebo <strong>v konfliktn\u00edch situac\u00edch<\/strong>.<\/li>\n<li><strong>Ka\u017edodenn\u00ed no\u0161en\u00ed (EDC)<\/strong>: Je to <strong>kompaktn\u00ed n\u016f\u017e<\/strong>, kter\u00fd je vhodn\u00fd pro ka\u017edodenn\u00ed pou\u017eit\u00ed a rychl\u00fd p\u0159\u00edstup k n\u00e1stroji, a\u0165 u\u017e jde o <strong>\u0159ez\u00e1n\u00ed<\/strong>, <strong>otv\u00edr\u00e1n\u00ed obal\u016f<\/strong>, nebo <strong>p\u0159e\u017eit\u00ed<\/strong>.<\/li>\n<li><strong>Sebeobrana<\/strong>: N\u016f\u017e je navr\u017een pro <strong>rychl\u00fd a efektivn\u00ed \u00fader<\/strong>, kdykoliv je to nutn\u00e9.<\/li>\n<\/ul>\n<h3>Shrnut\u00ed:<\/h3>\n<p><strong>CRKT SDN 2909<\/strong> je <strong>kompaktn\u00ed, v\u00edce\u00fa\u010delov\u00fd<\/strong> taktick\u00fd n\u016f\u017e, kter\u00fd se hod\u00ed pro <strong>sebeobranu<\/strong>, <strong>nouzov\u00e9 situace<\/strong>, a <strong>ka\u017edodenn\u00ed \u00fakoly<\/strong>. Navr\u017een\u00fd <strong>Jamesem Williamsem<\/strong>, b\u00fdval\u00fdm d\u016fstojn\u00edkem americk\u00e9 arm\u00e1dy, je tento n\u016f\u017e vysoce specializovan\u00fd a m\u00e1 <strong>vynikaj\u00edc\u00ed v\u00fdkon<\/strong> v ka\u017ed\u00e9 situaci. D\u00edky <strong>tenk\u00e9mu, ale vysoce odoln\u00e9mu ost\u0159\u00ed<\/strong> a <strong>ergonomick\u00e9 rukojeti<\/strong> je tento n\u016f\u017e ide\u00e1ln\u00ed pro jak\u00fdkoliv <strong>outdoorov\u00fd sc\u00e9n\u00e1\u0159<\/strong>, stejn\u011b jako pro <strong>osobn\u00ed bezpe\u010dnost<\/strong> a <strong>taktick\u00e9 pou\u017eit\u00ed<\/strong>.<\/p>\n<\/div>\n<\/div>\n<\/div>\n<\/div>\n<div class=\"mt-3 w-full empty:hidden\">\n<div class=\"text-center\"><\/div>\n<\/div>\n<\/div>\n<\/div>\n<\/div>\n<\/div>\n<\/article>\n<\/div>\n<\/div>\n<\/div>\n<\/div>\n<\/div>\n<div class=\"md:pt-0 dark:border-white\/20 md:border-transparent md:dark:border-transparent w-full\">\n<div>\n<div class=\"m-auto text-base px-3 md:px-4 w-full md:px-5 lg:px-4 xl:px-5\">\n<div class=\"mx-auto flex flex-1 gap-4 text-base md:gap-5 lg:gap-6 md:max-w-3xl\">\n<div class=\"flex justify-center\"><\/div>\n<\/div>\n<\/div>\n<\/div>\n<\/div>\n","protected":false},"excerpt":{"rendered":"<div class=\"flex max-w-full flex-col flex-grow\">\n<div class=\"min-h-8 text-message flex w-full flex-col items-end gap-2 whitespace-normal break-words text-start [.text-message+&amp;]:mt-5\" dir=\"auto\" data-message-author-role=\"assistant\" data-message-id=\"32ef74cd-fe79-4dc8-8d34-1bca9331a304\" data-message-model-slug=\"gpt-4o-mini\">\n<div class=\"flex w-full flex-col gap-1 empty:hidden first:pt-[3px]\">\n<div class=\"markdown prose w-full break-words dark:prose-invert light\">\n<p><strong>CRKT SDN 2909 je kompaktn\u00ed, v\u00edce\u00fa\u010delov\u00fd taktick\u00fd n\u016f\u017e, kter\u00fd se hod\u00ed pro sebeobranu, nouzov\u00e9 situace, a ka\u017edodenn\u00ed \u00fakoly. Navr\u017een\u00fd Jamesem Williamsem, b\u00fdval\u00fdm d\u016fstojn\u00edkem americk\u00e9 arm\u00e1dy, je tento n\u016f\u017e vysoce specializovan\u00fd a m\u00e1 vynikaj\u00edc\u00ed v\u00fdkon v ka\u017ed\u00e9 situaci. D\u00edky tenk\u00e9mu, ale vysoce odoln\u00e9mu ost\u0159\u00ed a ergonomick\u00e9 rukojeti je tento n\u016f\u017e ide\u00e1ln\u00ed pro jak\u00fdkoliv outdoorov\u00fd sc\u00e9n\u00e1\u0159, stejn\u011b jako pro osobn\u00ed bezpe\u010dnost a taktick\u00e9 pou\u017eit\u00ed.<\/strong><\/p>\n<\/div>\n<\/div>\n<\/div>\n<\/div>\n<div class=\"mt-3 w-full empty:hidden\">\n<div class=\"text-center\"><\/div>\n<\/div>\n","protected":false},"featured_media":224406,"comment_status":"open","ping_status":"closed","template":"","meta":[],"pwb-brand":[209],"product_brand":[],"product_cat":[23,17],"product_tag":[3667],"class_list":{"0":"post-224405","1":"product","2":"type-product","3":"status-publish","4":"has-post-thumbnail","6":"pwb-brand-crkt","7":"product_cat-pevne-noze","8":"product_cat-noze","9":"product_tag-b2b","11":"first","12":"instock","13":"sale","14":"taxable","15":"shipping-taxable","16":"purchasable","17":"product-type-simple"},"brands":[{"id":209,"name":"CRKT","slug":"crkt"}],"_links":{"self":[{"href":"https:\/\/www.moskito.cz\/it\/wp-json\/wp\/v2\/product\/224405","targetHints":{"allow":["GET"]}}],"collection":[{"href":"https:\/\/www.moskito.cz\/it\/wp-json\/wp\/v2\/product"}],"about":[{"href":"https:\/\/www.moskito.cz\/it\/wp-json\/wp\/v2\/types\/product"}],"replies":[{"embeddable":true,"href":"https:\/\/www.moskito.cz\/it\/wp-json\/wp\/v2\/comments?post=224405"}],"wp:featuredmedia":[{"embeddable":true,"href":"https:\/\/www.moskito.cz\/it\/wp-json\/wp\/v2\/media\/224406"}],"wp:attachment":[{"href":"https:\/\/www.moskito.cz\/it\/wp-json\/wp\/v2\/media?parent=224405"}],"wp:term":[{"taxonomy":"pwb-brand","embeddable":true,"href":"https:\/\/www.moskito.cz\/it\/wp-json\/wp\/v2\/pwb-brand?post=224405"},{"taxonomy":"product_brand","embeddable":true,"href":"https:\/\/www.moskito.cz\/it\/wp-json\/wp\/v2\/product_brand?post=224405"},{"taxonomy":"product_cat","embeddable":true,"href":"https:\/\/www.moskito.cz\/it\/wp-json\/wp\/v2\/product_cat?post=224405"},{"taxonomy":"product_tag","embeddable":true,"href":"https:\/\/www.moskito.cz\/it\/wp-json\/wp\/v2\/product_tag?post=224405"}],"curies":[{"name":"wp","href":"https:\/\/api.w.org\/{rel}","templated":true}]}}