{"id":225683,"date":"2022-09-20T21:06:32","date_gmt":"2022-09-20T20:06:32","guid":{"rendered":"https:\/\/www.moskito.cz\/?post_type=product&#038;p=225683"},"modified":"2025-05-07T10:41:02","modified_gmt":"2025-05-07T09:41:02","slug":"zaviraci-nuz-zero-tolerance-rj-martin-bronze-anodized-titanium-cpm-20cv-0609","status":"publish","type":"product","link":"https:\/\/www.moskito.cz\/it\/produkt\/zaviraci-nuz-zero-tolerance-rj-martin-bronze-anodized-titanium-cpm-20cv-0609\/","title":{"rendered":"Zav\u00edrac\u00ed N\u016f\u017e Zero Tolerance RJ Martin Bronze Anodized Titanium CPM-20CV 0609"},"content":{"rendered":"<p>Zav\u00edrac\u00ed N\u016f\u017e <strong>Zero Tolerance<\/strong> RJ Martin Bronze Anodized Titanium CPM-20CV 0609.<\/p>\n<p>St\u0159edn\u011b velk\u00fd EDC n\u016f\u017e, kter\u00fd navrhl RJ Martin. N\u016f\u017e m\u00e1 zaj\u00edmav\u011b \u0159e\u0161en\u00fd \u010dep, kter\u00fd je uvnit\u0159 dut\u00fd. \u010cepel d\u00e9lky 8,6 cm je vyrobena z exkluzivn\u00ed nerezov\u00e9 oceli CPM-20CV, kter\u00e1 dosahuje vysokou tvrdost a odolnost proti korozi, ale i hou\u017eevnatost a odolnost v\u016f\u010di opot\u0159eben\u00ed. \u010cepel m\u00e1 matnou povrchovou \u00fapravu kombinovanou se stonewash a tvar drop point s ploch\u00fdm v\u00fdbrusem. Rukoje\u0165 z bronzem anodizovan\u00e9ho titanu s pojistkou frame lock. Jednoduch\u00e9 otev\u00edr\u00e1n\u00ed no\u017ee pomoc\u00ed flippra zabezpe\u010duje KVT syst\u00e9m s kuli\u010dkov\u00fdmi lo\u017eisky. Klip na zav\u011b\u0161en\u00ed no\u017ee je oboustrann\u00fd (vhodn\u00fd pro prav\u00e1ky i lev\u00e1ky) a umo\u017e\u0148uje hlubok\u00e9, skryt\u00e9 no\u0161en\u00ed no\u017ee.<\/p>\n<p>No\u017ee Zero Tolerance se poprv\u00e9 objevily v roce 2006, kdy ZT p\u0159ineslo na trh no\u017ee, kter\u00e9 byly ur\u010deny pro profesion\u00e1ly v oblasti arm\u00e1dy a silov\u00fdch slo\u017eek, jako\u017e i hasi\u010d\u016f nebo z\u00e1chran\u00e1\u0159\u016f. Dnes no\u017ee Zero Tolerance zahrnuj\u00ed celou \u0159adu univerz\u00e1ln\u00edch a pr\u00e9miov\u00fdch no\u017e\u016f. Od v\u011bt\u0161\u00edch a t\u011b\u017e\u0161\u00edch outdoorov\u00fdch no\u017e\u016f po ten\u010d\u00ed a leh\u010d\u00ed no\u017ee pro ka\u017edodenn\u00ed no\u0161en\u00ed, kter\u00e9 jsou konstruov\u00e1ny podle nejvy\u0161\u0161\u00edch standard\u016f. No\u017ee ZT v\u017edy poskytuj\u00ed sv\u00fdm majitel\u016fm \u0161pi\u010dkovou kvalitu.<\/p>\n<p>Zero Tolerance no\u017ee se vyr\u00e1b\u011bj\u00ed z prvot\u0159\u00eddn\u00edch materi\u00e1l\u016f, jako jsou oceli CPM 20CV, S30V nebo S35VN a rukojeti z G10, titanu a uhl\u00edkov\u00e9ho vl\u00e1kna. V\u00fdrobce v\u011bnuje pozornost detail\u016fm, aby bylo zaji\u0161t\u011bno, \u017ee ka\u017ed\u00e1 \u010d\u00e1st no\u017ee ZT je vyrobena pe\u010dliv\u011b a p\u0159esn\u011b do nejmen\u0161\u00edch detail\u016f. Ka\u017ed\u00fd n\u016f\u017e Zero Tolerance je vyroben v Tualatine ve st\u00e1t\u011b Oregon v USA, kde ro\u010dn\u011b vyrob\u00ed v\u00edce ne\u017e mili\u00f3n no\u017e\u016f Zero Tolerance.<\/p>\n<p>Kategorie: No\u017ee pro b\u011b\u017en\u00e9 pou\u017eit\u00ed &#8211; EDC<br \/>\nDruh no\u017ee: Zav\u00edrac\u00ed<br \/>\nDruh oceli: Nerezov\u00e1 ocel<br \/>\nMateri\u00e1l \u010depele: CPM 20CV<br \/>\nMateri\u00e1l rukojeti: Kov<br \/>\nPojistka: Frame Lock<br \/>\nPouzdro: bez pouzdra<br \/>\nCelkov\u00e1 d\u00e9lka: 19,4 cm<br \/>\nD\u00e9lka \u010depele: 8,6 cm<br \/>\nD\u00e9lka rukojeti: 10,8 cm<br \/>\nTlou\u0161\u0165ka \u010depele: 3,07 mm<br \/>\nHmotnost no\u017ee: 102 g<br \/>\nTvar \u010depele: Drop Point<br \/>\nPovrchov\u00e1 \u00faprava \u010depele: Satin<br \/>\nV\u00fdbrus: Ploch\u00fd<\/p>\n","protected":false},"excerpt":{"rendered":"<p>Budeme i nad\u00e1le stav\u011bt profesion\u00e1ln\u00ed no\u017ee pr\u00e9miov\u00e9 kvality, na kter\u00e9 se na\u0161i z\u00e1kazn\u00edci mohou ka\u017ed\u00fd den spolehnout!!<\/p>\n<p>To je\u00a0<strong>Zero Tolerance<\/strong>!!<\/p>\n<p><strong>Doprava zdarma.<\/strong><\/p>\n","protected":false},"featured_media":225684,"comment_status":"open","ping_status":"closed","template":"","meta":[],"pwb-brand":[717],"product_brand":[],"product_cat":[22,17],"product_tag":[],"class_list":{"0":"post-225683","1":"product","2":"type-product","3":"status-publish","4":"has-post-thumbnail","6":"pwb-brand-zero-tolerance","7":"product_cat-zaviraci-noze","8":"product_cat-noze","10":"first","11":"outofstock","12":"taxable","13":"shipping-taxable","14":"purchasable","15":"product-type-simple"},"brands":[{"id":717,"name":"Zero Tolerance","slug":"zero-tolerance"}],"_links":{"self":[{"href":"https:\/\/www.moskito.cz\/it\/wp-json\/wp\/v2\/product\/225683","targetHints":{"allow":["GET"]}}],"collection":[{"href":"https:\/\/www.moskito.cz\/it\/wp-json\/wp\/v2\/product"}],"about":[{"href":"https:\/\/www.moskito.cz\/it\/wp-json\/wp\/v2\/types\/product"}],"replies":[{"embeddable":true,"href":"https:\/\/www.moskito.cz\/it\/wp-json\/wp\/v2\/comments?post=225683"}],"wp:featuredmedia":[{"embeddable":true,"href":"https:\/\/www.moskito.cz\/it\/wp-json\/wp\/v2\/media\/225684"}],"wp:attachment":[{"href":"https:\/\/www.moskito.cz\/it\/wp-json\/wp\/v2\/media?parent=225683"}],"wp:term":[{"taxonomy":"pwb-brand","embeddable":true,"href":"https:\/\/www.moskito.cz\/it\/wp-json\/wp\/v2\/pwb-brand?post=225683"},{"taxonomy":"product_brand","embeddable":true,"href":"https:\/\/www.moskito.cz\/it\/wp-json\/wp\/v2\/product_brand?post=225683"},{"taxonomy":"product_cat","embeddable":true,"href":"https:\/\/www.moskito.cz\/it\/wp-json\/wp\/v2\/product_cat?post=225683"},{"taxonomy":"product_tag","embeddable":true,"href":"https:\/\/www.moskito.cz\/it\/wp-json\/wp\/v2\/product_tag?post=225683"}],"curies":[{"name":"wp","href":"https:\/\/api.w.org\/{rel}","templated":true}]}}