{"id":226257,"date":"2022-09-27T22:38:38","date_gmt":"2022-09-27T21:38:38","guid":{"rendered":"https:\/\/www.moskito.cz\/?post_type=product&#038;p=226257"},"modified":"2025-05-07T10:41:08","modified_gmt":"2025-05-07T09:41:08","slug":"pevny-nuz-crkt-clever-girl-kukri-2710","status":"publish","type":"product","link":"https:\/\/www.moskito.cz\/it\/produkt\/pevny-nuz-crkt-clever-girl-kukri-2710\/","title":{"rendered":"Pevn\u00fd N\u016f\u017e CRKT CLEVER GIRL KUKRI 2710"},"content":{"rendered":"<div class=\"flex-1 overflow-hidden @container\/thread\">\n<div class=\"h-full\">\n<div class=\"react-scroll-to-bottom--css-vxybp-79elbk h-full\">\n<div class=\"react-scroll-to-bottom--css-vxybp-1n7m0yu\">\n<div class=\"flex flex-col text-sm md:pb-9\">\n<article class=\"w-full scroll-mb-[var(--thread-trailing-height,150px)] text-token-text-primary focus-visible:outline-2 focus-visible:outline-offset-[-4px]\" dir=\"auto\" data-testid=\"conversation-turn-109\" data-scroll-anchor=\"true\">\n<div class=\"m-auto text-base py-[18px] px-3 md:px-4 w-full md:px-5 lg:px-4 xl:px-5\">\n<div class=\"mx-auto flex flex-1 gap-4 text-base md:gap-5 lg:gap-6 md:max-w-3xl\">\n<div class=\"group\/conversation-turn relative flex w-full min-w-0 flex-col agent-turn\">\n<div class=\"flex-col gap-1 md:gap-3\">\n<div class=\"flex max-w-full flex-col flex-grow\">\n<div class=\"min-h-8 text-message flex w-full flex-col items-end gap-2 whitespace-normal break-words text-start [.text-message+&amp;]:mt-5\" dir=\"auto\" data-message-author-role=\"assistant\" data-message-id=\"4c7a30e0-730e-47d4-9f67-630ebecf3447\" data-message-model-slug=\"gpt-4o-mini\">\n<div class=\"flex w-full flex-col gap-1 empty:hidden first:pt-[3px]\">\n<div class=\"markdown prose w-full break-words dark:prose-invert light\">\n<p><strong>Pevn\u00fd n\u016f\u017e CRKT Clever Girl Kukri 2710<\/strong> je vysoce funk\u010dn\u00ed a siln\u00fd n\u00e1stroj, navr\u017een\u00fd pro <strong>vojensk\u00e9<\/strong>, <strong>taktick\u00e9<\/strong> a <strong>outdoorov\u00e9 pou\u017eit\u00ed<\/strong>. Tento n\u016f\u017e je sou\u010d\u00e1st\u00ed <strong>programu CRKT Forged by War\u00ae<\/strong>, kter\u00fd spojuje vojenskou praxi s praktick\u00fdmi designy pro <strong>z\u00e1chrann\u00e9 operace<\/strong>, <strong>kempov\u00e1n\u00ed<\/strong>, <strong>\u0161t\u00edp\u00e1n\u00ed d\u0159eva<\/strong>, <strong>bojov\u00e9 operace<\/strong> a <strong>sebeobranu<\/strong>. Navr\u017een\u00fd <strong>Austinem McGlaunem<\/strong>, v\u00e1le\u010dn\u00fdm veter\u00e1nem a zku\u0161en\u00fdm no\u017e\u00ed\u0159em, Kukri nese vysoce uzn\u00e1van\u00e9 vlastnosti, kter\u00e9 z n\u011bj \u010din\u00ed ide\u00e1ln\u00ed volbu pro n\u00e1ro\u010dn\u00e9 \u00fakoly na boji\u0161ti i v p\u0159\u00edrod\u011b.<\/p>\n<h3>Kl\u00ed\u010dov\u00e9 vlastnosti a v\u00fdhody:<\/h3>\n<ol>\n<li><strong>Pevn\u00e1 \u010depel z oceli SK-5<\/strong>\n<ul>\n<li><strong>Ocel SK-5<\/strong> je vysoce kvalitn\u00ed <strong>uhl\u00edkov\u00e1 ocel<\/strong>, zn\u00e1m\u00e1 svou <strong>tvrdost\u00ed<\/strong> a <strong>odolnost\u00ed<\/strong> proti opot\u0159eben\u00ed. S povrchovou \u00fapravou <strong>Pudr Coat<\/strong>, kter\u00e1 zaji\u0161\u0165uje ochranu proti korozi, m\u00e1 \u010depel vynikaj\u00edc\u00ed odolnost proti korozi a snadn\u00e9 udr\u017eov\u00e1n\u00ed ostrosti. Je ide\u00e1ln\u00ed pro <strong>\u0161t\u00edp\u00e1n\u00ed d\u0159eva<\/strong>, <strong>k\u00e1cen\u00ed v\u011btv\u00ed<\/strong> a <strong>pr\u00e1ci s p\u0159\u00edrodn\u00edmi materi\u00e1ly<\/strong>.<\/li>\n<\/ul>\n<\/li>\n<li><strong>Kukri design<\/strong>\n<ul>\n<li>Tento n\u016f\u017e m\u00e1 <strong>tradi\u010dn\u00ed tvar kukri<\/strong>, co\u017e znamen\u00e1, \u017ee je \u0161irok\u00fd na z\u00e1kladn\u011b a sm\u011brem k \u0161pi\u010dce se zu\u017euje, co\u017e poskytuje <strong>siln\u00e9 \u00fadery<\/strong> a <strong>vysokou \u00fa\u010dinnost p\u0159i sek\u00e1n\u00ed<\/strong>. <strong>Zak\u0159iven\u00ed \u010depele<\/strong> sm\u011brem k b\u0159ichu umo\u017e\u0148uje velmi <strong>efektivn\u00ed \u0159ez\u00e1n\u00ed a \u0161t\u00edp\u00e1n\u00ed<\/strong>, co\u017e je ide\u00e1ln\u00ed pro <strong>lesn\u00ed pr\u00e1ci<\/strong> nebo <strong>sebeobranu<\/strong>.<\/li>\n<\/ul>\n<\/li>\n<li><strong>Ergonomick\u00e1 rukoje\u0165 G10<\/strong>\n<ul>\n<li><strong>Rukoje\u0165 z G10<\/strong> je odoln\u00e1, lehk\u00e1 a poskytuje <strong>vynikaj\u00edc\u00ed p\u0159ilnavost<\/strong>. Umo\u017e\u0148uje pevn\u00fd \u00fachop i za mokr\u00fdch nebo n\u00e1ro\u010dn\u00fdch podm\u00ednek, co\u017e je d\u016fle\u017eit\u00e9 p\u0159i pr\u00e1ci s t\u011b\u017e\u0161\u00edmi \u00fakoly jako <strong>\u0161t\u00edp\u00e1n\u00ed d\u0159eva<\/strong> nebo <strong>boji<\/strong>. Rukoje\u0165 je navr\u017eena pro <strong>dlouhodob\u00e9 pou\u017e\u00edv\u00e1n\u00ed bez \u00fanavy<\/strong>.<\/li>\n<\/ul>\n<\/li>\n<li><strong>Design pro t\u011b\u017ekou pr\u00e1ci<\/strong>\n<ul>\n<li><strong>Clever Girl Kukri<\/strong> je navr\u017een tak, aby zvl\u00e1dl r\u016fzn\u00e9 \u00fakoly. D\u00edky sv\u00e9 <strong>\u0161\u00ed\u0159ce a zak\u0159iven\u00ed<\/strong> je skv\u011bl\u00fd pro <strong>\u0161t\u00edp\u00e1n\u00ed d\u0159eva<\/strong>, <strong>k\u00e1cen\u00ed<\/strong>, <strong>prosek\u00e1v\u00e1n\u00ed ke\u0159\u016f<\/strong> a <strong>\u0159ez\u00e1n\u00ed tvrd\u0161\u00edch materi\u00e1l\u016f<\/strong>. M\u016f\u017ee b\u00fdt tak\u00e9 vyu\u017eit pro <strong>kop\u00e1n\u00ed<\/strong> nebo <strong>dob\u00fdv\u00e1n\u00ed<\/strong>, co\u017e z n\u011bj \u010din\u00ed <strong>univerz\u00e1ln\u00ed n\u00e1stroj<\/strong> pro p\u0159e\u017eit\u00ed a outdoorov\u00e9 aktivity.<\/li>\n<\/ul>\n<\/li>\n<li><strong>Snadn\u00e1 p\u0159eprava a no\u0161en\u00ed<\/strong>\n<ul>\n<li>Kukri je vybaven <strong>poutkem na opasek<\/strong> a <strong>otvorem pro \u0161\u0148\u016frku<\/strong>, co\u017e usnad\u0148uje jeho <strong>no\u0161en\u00ed na noze<\/strong> nebo p\u0159ipnut\u00ed k p\u00e1su. K tomu je dod\u00e1v\u00e1no <strong>termoplastov\u00e9 pouzdro<\/strong>, kter\u00e9 chr\u00e1n\u00ed \u010depel a umo\u017e\u0148uje <strong>rychl\u00fd p\u0159\u00edstup<\/strong> k no\u017ei. Pouzdro je <strong>kompaktn\u00ed<\/strong> a navr\u017een\u00e9 pro pohodln\u00e9 a bezpe\u010dn\u00e9 no\u0161en\u00ed.<\/li>\n<\/ul>\n<\/li>\n<li><strong>Podpora veter\u00e1n\u016f<\/strong>\n<ul>\n<li>Tento n\u016f\u017e je sou\u010d\u00e1st\u00ed <strong>programu Forged by War\u00ae<\/strong>, kde \u010d\u00e1st v\u00fdt\u011b\u017eku jde na <strong>dobro\u010dinn\u00e9 \u00fa\u010dely<\/strong>, konkr\u00e9tn\u011b na podporu organizace <strong>OATH<\/strong>, kter\u00e1 pom\u00e1h\u00e1 <strong>zdravotn\u011b posti\u017een\u00fdm veter\u00e1n\u016fm<\/strong> prost\u0159ednictv\u00edm outdoorov\u00fdch aktivit a podp\u016frn\u00fdch skupin. T\u00edmto zp\u016fsobem podporujete <strong>komunitu veter\u00e1n\u016f<\/strong>, kte\u0159\u00ed maj\u00ed zku\u0161enosti s v\u00e1le\u010dn\u00fdmi z\u00e1t\u011b\u017eemi.<\/li>\n<\/ul>\n<\/li>\n<\/ol>\n<h3>Specifikace:<\/h3>\n<ul>\n<li><strong>D\u00e9lka \u010depele<\/strong>: 7,75&#8243; (196,85 mm)<\/li>\n<li><strong>Ost\u0159\u00ed \u010depele<\/strong>: Prost\u00fd<\/li>\n<li><strong>\u010cepel ocel<\/strong>: SK-5<\/li>\n<li><strong>Povrchov\u00e1 \u00faprava \u010depele<\/strong>: Pudr Coat<\/li>\n<li><strong>Tlou\u0161\u0165ka \u010depele<\/strong>: 0,19&#8243; (4,78 mm)<\/li>\n<li><strong>Celkov\u00e1 d\u00e9lka<\/strong>: 13,25&#8243; (336,55 mm)<\/li>\n<li><strong>Hmotnost<\/strong>: 14,20 oz (402,56 g)<\/li>\n<li><strong>Rukoje\u0165<\/strong>: G10<\/li>\n<li><strong>Styl<\/strong>: N\u016f\u017e s pevnou \u010depel\u00ed s pouzdrem<\/li>\n<li><strong>Materi\u00e1l pl\u00e1\u0161t\u011b<\/strong>: Termoplast<\/li>\n<li><strong>Hmotnost pl\u00e1\u0161t\u011b<\/strong>: 5,60 oz (158,76 g)<\/li>\n<\/ul>\n<h3>Mo\u017enosti pou\u017eit\u00ed:<\/h3>\n<ol>\n<li><strong>Outdoorov\u00e9 a survivalov\u00e9 aktivity<\/strong><br \/>\nN\u016f\u017e je ide\u00e1ln\u00ed pro <strong>kempov\u00e1n\u00ed<\/strong>, <strong>t\u00e1bo\u0159en\u00ed<\/strong>, <strong>lesn\u00ed pr\u00e1ce<\/strong> nebo <strong>z\u00e1chrann\u00e9 operace<\/strong>. Vyzna\u010duje se <strong>v\u0161estrannost\u00ed<\/strong> a zvl\u00e1d\u00e1 jak jemn\u00e9, tak i n\u00e1ro\u010dn\u00e9 \u00fakoly, v\u010detn\u011b <strong>\u0161t\u00edp\u00e1n\u00ed d\u0159eva<\/strong> nebo <strong>sek\u00e1n\u00ed ke\u0159\u016f<\/strong>.<\/li>\n<li><strong>Taktick\u00e9 a vojensk\u00e9 pou\u017eit\u00ed<\/strong><br \/>\n<strong>Clever Girl Kukri<\/strong> je navr\u017een\u00fd pro pou\u017eit\u00ed v <strong>bojov\u00fdch podm\u00ednk\u00e1ch<\/strong>, kde je d\u016fle\u017eit\u00e1 s\u00edla, <strong>rychlost a efektivita<\/strong>. D\u00edky sv\u00e9 siln\u00e9 \u010depeli a designu je vhodn\u00fd pro <strong>sebeobranu<\/strong>, <strong>boj<\/strong> a <strong>manipulaci s t\u011b\u017ek\u00fdmi materi\u00e1ly<\/strong>.<\/li>\n<li><strong>Ka\u017edodenn\u00ed pr\u00e1ce<\/strong><br \/>\nTento n\u016f\u017e lze vyu\u017e\u00edt i pro <strong>pr\u00e1ci kolem domu<\/strong>, jako je <strong>\u0159e\u0161en\u00ed probl\u00e9m\u016f se zahradn\u00edmi nebo stavebn\u00edmi materi\u00e1ly<\/strong>. Je dostate\u010dn\u011b siln\u00fd pro <strong>k\u00e1cen\u00ed d\u0159eva<\/strong>, <strong>sek\u00e1n\u00ed tvrd\u00e9ho masa<\/strong> a <strong>\u0159ez\u00e1n\u00ed tvrd\u00fdch materi\u00e1l\u016f<\/strong>.<\/li>\n<\/ol>\n<h3>Shrnut\u00ed:<\/h3>\n<p><strong>CRKT Clever Girl Kukri 2710<\/strong> je vysoce <strong>robustn\u00ed, v\u0161estrann\u00fd<\/strong> a <strong>siln\u00fd<\/strong> n\u016f\u017e, kter\u00fd se hod\u00ed pro <strong>taktick\u00e9 operace<\/strong>, <strong>outdoorov\u00e9 aktivity<\/strong>, <strong>sebeobranu<\/strong> a <strong>pr\u00e1ci v p\u0159\u00edrod\u011b<\/strong>. S jeho <strong>tradicionalistick\u00fdm kukri designem<\/strong> a <strong>modern\u00edmi materi\u00e1ly<\/strong> p\u0159edstavuje vynikaj\u00edc\u00ed volbu pro ka\u017ed\u00e9ho, kdo pot\u0159ebuje <strong>spolehliv\u00fd n\u00e1stroj<\/strong> pro t\u011b\u017ekou pr\u00e1ci a z\u00e1rove\u0148 chce podpo\u0159it <strong>veter\u00e1nsk\u00e9 charitativn\u00ed organizace<\/strong>.<\/p>\n<\/div>\n<\/div>\n<\/div>\n<\/div>\n<\/div>\n<div class=\"absolute\">\n<div class=\"flex items-center justify-center\"><\/div>\n<\/div>\n<\/div>\n<\/div>\n<\/div>\n<\/article>\n<\/div>\n<\/div>\n<\/div>\n<\/div>\n<\/div>\n<div class=\"md:pt-0 dark:border-white\/20 md:border-transparent md:dark:border-transparent w-full\">\n<div>\n<div class=\"m-auto text-base px-3 md:px-4 w-full md:px-5 lg:px-4 xl:px-5\">\n<div class=\"mx-auto flex flex-1 gap-4 text-base md:gap-5 lg:gap-6 md:max-w-3xl\">\n<div class=\"flex justify-center\"><\/div>\n<form class=\"w-full\" aria-haspopup=\"dialog\" aria-expanded=\"false\" aria-controls=\"radix-:rv:\" data-state=\"closed\">\n<div class=\"relative flex h-full max-w-full flex-1 flex-col\">\n<div class=\"group relative flex w-full items-center\">\n<div class=\"w-full\">\n<div id=\"composer-background\" class=\"flex w-full cursor-text flex-col rounded-3xl px-2.5 py-1 transition-colors contain-inline-size bg-[#f4f4f4] dark:bg-token-main-surface-secondary\">\n<div class=\"flex min-h-[44px] items-start pl-2\">\n<div class=\"min-w-0 max-w-full flex-1\">\n<div class=\"_prosemirror-parent_cy42l_1 text-token-text-primary max-h-[25dvh] max-h-52 overflow-auto default-browser\">\n<div id=\"prompt-textarea\" class=\"ProseMirror\" contenteditable=\"true\" translate=\"no\" data-virtualkeyboard=\"true\"><\/div>\n<\/div>\n<\/div>\n<\/div>\n<\/div>\n<\/div>\n<\/div>\n<\/div>\n<\/form>\n<\/div>\n<\/div>\n<\/div>\n<\/div>\n<p><iframe title=\"CRKT CLEVER GIRL\u2122 KUKRI | Austin McGlaun Design\" width=\"800\" height=\"450\" src=\"https:\/\/www.youtube.com\/embed\/ReB-4DzqKlk?feature=oembed\" frameborder=\"0\" allow=\"accelerometer; autoplay; clipboard-write; encrypted-media; gyroscope; picture-in-picture; web-share\" referrerpolicy=\"strict-origin-when-cross-origin\" allowfullscreen><\/iframe><\/p>\n<p>&nbsp;<\/p>\n<p>&nbsp;<\/p>\n","protected":false},"excerpt":{"rendered":"<div class=\"flex-1 overflow-hidden @container\/thread\">\n<div class=\"h-full\">\n<div class=\"react-scroll-to-bottom--css-vxybp-79elbk h-full\">\n<div class=\"react-scroll-to-bottom--css-vxybp-1n7m0yu\">\n<div class=\"flex flex-col text-sm md:pb-9\">\n<article class=\"w-full scroll-mb-[var(--thread-trailing-height,150px)] text-token-text-primary focus-visible:outline-2 focus-visible:outline-offset-[-4px]\" dir=\"auto\" data-testid=\"conversation-turn-109\" data-scroll-anchor=\"true\">\n<div class=\"m-auto text-base py-[18px] px-3 md:px-4 w-full md:px-5 lg:px-4 xl:px-5\">\n<div class=\"mx-auto flex flex-1 gap-4 text-base md:gap-5 lg:gap-6 md:max-w-3xl\">\n<div class=\"group\/conversation-turn relative flex w-full min-w-0 flex-col agent-turn\">\n<div class=\"flex-col gap-1 md:gap-3\">\n<div class=\"flex max-w-full flex-col flex-grow\">\n<div class=\"min-h-8 text-message flex w-full flex-col items-end gap-2 whitespace-normal break-words text-start [.text-message+&amp;]:mt-5\" dir=\"auto\" data-message-author-role=\"assistant\" data-message-id=\"4c7a30e0-730e-47d4-9f67-630ebecf3447\" data-message-model-slug=\"gpt-4o-mini\">\n<div class=\"flex w-full flex-col gap-1 empty:hidden first:pt-[3px]\">\n<div class=\"markdown prose w-full break-words dark:prose-invert light\">\n<p><strong>CRKT Clever Girl Kukri 2710 je vysoce robustn\u00ed, v\u0161estrann\u00fd a siln\u00fd n\u016f\u017e, kter\u00fd se hod\u00ed pro taktick\u00e9 operace, outdoorov\u00e9 aktivity, sebeobranu a pr\u00e1ci v p\u0159\u00edrod\u011b. S jeho tradicionalistick\u00fdm kukri designem a modern\u00edmi materi\u00e1ly p\u0159edstavuje vynikaj\u00edc\u00ed volbu pro ka\u017ed\u00e9ho, kdo pot\u0159ebuje spolehliv\u00fd n\u00e1stroj pro t\u011b\u017ekou pr\u00e1ci a z\u00e1rove\u0148 chce podpo\u0159it veter\u00e1nsk\u00e9 charitativn\u00ed organizace.<\/strong><\/p>\n<\/div>\n<\/div>\n<\/div>\n<\/div>\n<\/div>\n<div class=\"absolute\"><\/div>\n<\/div>\n<\/div>\n<\/div>\n<\/article>\n<\/div>\n<\/div>\n<\/div>\n<\/div>\n<\/div>\n","protected":false},"featured_media":226261,"comment_status":"open","ping_status":"closed","template":"","meta":[],"pwb-brand":[209],"product_brand":[],"product_cat":[23,17],"product_tag":[3667],"class_list":{"0":"post-226257","1":"product","2":"type-product","3":"status-publish","4":"has-post-thumbnail","6":"pwb-brand-crkt","7":"product_cat-pevne-noze","8":"product_cat-noze","9":"product_tag-b2b","11":"first","12":"instock","13":"taxable","14":"shipping-taxable","15":"purchasable","16":"product-type-simple"},"brands":[{"id":209,"name":"CRKT","slug":"crkt"}],"_links":{"self":[{"href":"https:\/\/www.moskito.cz\/it\/wp-json\/wp\/v2\/product\/226257","targetHints":{"allow":["GET"]}}],"collection":[{"href":"https:\/\/www.moskito.cz\/it\/wp-json\/wp\/v2\/product"}],"about":[{"href":"https:\/\/www.moskito.cz\/it\/wp-json\/wp\/v2\/types\/product"}],"replies":[{"embeddable":true,"href":"https:\/\/www.moskito.cz\/it\/wp-json\/wp\/v2\/comments?post=226257"}],"wp:featuredmedia":[{"embeddable":true,"href":"https:\/\/www.moskito.cz\/it\/wp-json\/wp\/v2\/media\/226261"}],"wp:attachment":[{"href":"https:\/\/www.moskito.cz\/it\/wp-json\/wp\/v2\/media?parent=226257"}],"wp:term":[{"taxonomy":"pwb-brand","embeddable":true,"href":"https:\/\/www.moskito.cz\/it\/wp-json\/wp\/v2\/pwb-brand?post=226257"},{"taxonomy":"product_brand","embeddable":true,"href":"https:\/\/www.moskito.cz\/it\/wp-json\/wp\/v2\/product_brand?post=226257"},{"taxonomy":"product_cat","embeddable":true,"href":"https:\/\/www.moskito.cz\/it\/wp-json\/wp\/v2\/product_cat?post=226257"},{"taxonomy":"product_tag","embeddable":true,"href":"https:\/\/www.moskito.cz\/it\/wp-json\/wp\/v2\/product_tag?post=226257"}],"curies":[{"name":"wp","href":"https:\/\/api.w.org\/{rel}","templated":true}]}}