{"id":226564,"date":"2022-09-29T20:31:33","date_gmt":"2022-09-29T19:31:33","guid":{"rendered":"https:\/\/www.moskito.cz\/?post_type=product&#038;p=226564"},"modified":"2025-05-07T10:41:14","modified_gmt":"2025-05-07T09:41:14","slug":"vystrelovaci-nuz-microtech-sandtrooper-exocet-157-3sa","status":"publish","type":"product","link":"https:\/\/www.moskito.cz\/it\/produkt\/vystrelovaci-nuz-microtech-sandtrooper-exocet-157-3sa\/","title":{"rendered":"Vyst\u0159elovac\u00ed N\u016f\u017e Microtech Sandtrooper Exocet  157-3SA"},"content":{"rendered":"<p>Vyst\u0159elovac\u00ed N\u016f\u017e <strong>Microtech<\/strong> Sandtrooper Exocet 157-3SA.<\/p>\n<p>Hv\u011bzda \u0159ady Microtech 2019, Exocet spojuje u\u017eite\u010dnost a ka\u017edodenn\u00ed prakti\u010dnost v jednom jedine\u010dn\u00e9m balen\u00ed. Inovativn\u00ed a prvn\u00ed sv\u00e9ho druhu, tento automatick\u00fd OTF ukr\u00fdv\u00e1 m\u00e9n\u011b ne\u017e dvoupalcovou \u010depel podle Kalifornie a slou\u017e\u00ed jako spona na pen\u00edze, tak\u017ee je ide\u00e1ln\u00ed pro ka\u017edodenn\u00ed no\u0161en\u00ed. Jeho vzhled v\u00e1s m\u016f\u017ee p\u0159ekvapit, kdy\u017e jej poprv\u00e9 uvid\u00edte, ale pocity \u00fazkosti zmiz\u00ed p\u0159i prvn\u00edm spu\u0161t\u011bn\u00ed. Tento n\u016f\u017e st\u0159\u00edl\u00ed rychleji a snadn\u011bji ne\u017e jak\u00fdkoli jin\u00fd Microtech OTF, tak\u017ee je to perfektn\u00ed d\u00e1rek pro va\u0161i drahou polovi\u010dku nebo pro v\u00e1s. Tato verze m\u00e1 \u010depel a rukojeti z b\u00edl\u00e9ho p\u00edsku, kter\u00e9 tento model naz\u00fdvaj\u00ed Sandtrooper. M\u00e1 tak\u00e9 velmi cool logo Imperial Crest na kapesn\u00ed spon\u011b, kter\u00e1 byla symbolem \u0161esti paprsk\u016f Galaktick\u00e9ho imp\u00e9ria Sheeva Palpatina.<\/p>\n<p>Celkov\u00e1 d\u00e9lka: 5,6\u2033 (142 mm)<br \/>\nD\u00e9lka \u010depele: 1,97 \u201d (50 mm)<br \/>\nD\u00e9lka \u0159ezn\u00e9 hrany: 1,89 palce (48 mm)<br \/>\nTlou\u0161\u0165ka \u010depele: 0,079 palce (2 mm)<br \/>\nTlou\u0161\u0165ka rukojeti: 0,36 palce (9 mm)<br \/>\nKapesn\u00ed klip: hrot dol\u016f<br \/>\nHmotnost: 3,0 oz (85,05 g)<br \/>\nZem\u011b p\u016fvodu: USA<\/p>\n","protected":false},"excerpt":{"rendered":"<p>V pr\u016fb\u011bhu let\u00a0<strong>Microtech\u00ae Knives<\/strong>\u00a0naplnil v\u00e1\u0161n\u00ed a dovednost\u00ed v\u00fdrobu no\u017e\u016f, a\u017e z nich vytvo\u0159il t\u00e9m\u011b\u0159 um\u011bleck\u00e1 d\u00edla,kter\u00e9 jsou vrcholem funk\u010dnosti.V\u0161echny d\u00edly jsou vyrodeny v USA.<br \/>\n<strong>Na v\u0161echny no\u017ee Microtech je do\u017eivotn\u00ed z\u00e1ruka.<\/strong><\/p>\n<p><strong>Doprava zdarma.<\/strong><\/p>\n","protected":false},"featured_media":226565,"comment_status":"open","ping_status":"closed","template":"","meta":[],"pwb-brand":[431],"product_brand":[],"product_cat":[2019,17],"product_tag":[3667],"class_list":{"0":"post-226564","1":"product","2":"type-product","3":"status-publish","4":"has-post-thumbnail","6":"pwb-brand-microtech","7":"product_cat-vystrelovaci-noze","8":"product_cat-noze","9":"product_tag-b2b","11":"first","12":"outofstock","13":"taxable","14":"shipping-taxable","15":"purchasable","16":"product-type-simple"},"brands":[{"id":431,"name":"Microtech","slug":"microtech"}],"_links":{"self":[{"href":"https:\/\/www.moskito.cz\/it\/wp-json\/wp\/v2\/product\/226564","targetHints":{"allow":["GET"]}}],"collection":[{"href":"https:\/\/www.moskito.cz\/it\/wp-json\/wp\/v2\/product"}],"about":[{"href":"https:\/\/www.moskito.cz\/it\/wp-json\/wp\/v2\/types\/product"}],"replies":[{"embeddable":true,"href":"https:\/\/www.moskito.cz\/it\/wp-json\/wp\/v2\/comments?post=226564"}],"wp:featuredmedia":[{"embeddable":true,"href":"https:\/\/www.moskito.cz\/it\/wp-json\/wp\/v2\/media\/226565"}],"wp:attachment":[{"href":"https:\/\/www.moskito.cz\/it\/wp-json\/wp\/v2\/media?parent=226564"}],"wp:term":[{"taxonomy":"pwb-brand","embeddable":true,"href":"https:\/\/www.moskito.cz\/it\/wp-json\/wp\/v2\/pwb-brand?post=226564"},{"taxonomy":"product_brand","embeddable":true,"href":"https:\/\/www.moskito.cz\/it\/wp-json\/wp\/v2\/product_brand?post=226564"},{"taxonomy":"product_cat","embeddable":true,"href":"https:\/\/www.moskito.cz\/it\/wp-json\/wp\/v2\/product_cat?post=226564"},{"taxonomy":"product_tag","embeddable":true,"href":"https:\/\/www.moskito.cz\/it\/wp-json\/wp\/v2\/product_tag?post=226564"}],"curies":[{"name":"wp","href":"https:\/\/api.w.org\/{rel}","templated":true}]}}