{"id":226606,"date":"2022-09-29T21:37:54","date_gmt":"2022-09-29T20:37:54","guid":{"rendered":"https:\/\/www.moskito.cz\/?post_type=product&#038;p=226606"},"modified":"2025-05-07T10:41:16","modified_gmt":"2025-05-07T09:41:16","slug":"vystrelovaci-nuz-microtech-hera-d-e-violet-handle-702-1vi","status":"publish","type":"product","link":"https:\/\/www.moskito.cz\/it\/produkt\/vystrelovaci-nuz-microtech-hera-d-e-violet-handle-702-1vi\/","title":{"rendered":"Vyst\u0159elovac\u00ed N\u016f\u017e Microtech Hera D\/E Violet Handle 702-1VI"},"content":{"rendered":"<p>Vyst\u0159elovac\u00ed N\u016f\u017e <strong>Microtech<\/strong> Hera D\/E Violet Handle 702-1VI<\/p>\n<p>Microtech Hera D\/E Violet Rukoje\u0165 \u010cern\u00e1 Standardn\u00ed \u010depel 702-1VI<\/p>\n<p>Hera od Microtech knives je \u00fa\u017easn\u00fd dvoj\u010dinn\u00fd OTF n\u016f\u017e. Vyzna\u010duje se symetrick\u00fdm tvarem rukojeti s vynikaj\u00edc\u00ed ergonomi\u00ed. Obroben\u00e9 texturovan\u00e9 oblasti se vzorem fragmentu na konci obou stran r\u00e1mu zvy\u0161uj\u00ed p\u0159ilnavost a dod\u00e1vaj\u00ed celkov\u00e9mu stylu n\u011bco skv\u011bl\u00e9ho. Tento n\u016f\u017e je stylov\u00fd a m\u00e1 ide\u00e1ln\u00ed velikost pro ka\u017edodenn\u00ed no\u0161en\u00ed. Hladk\u00e1 a siln\u00e1 akce. Velk\u00e1 fr\u00e9zovan\u00e1 kuli\u010dkov\u00e1 spona a dvojit\u00e9 ost\u0159\u00ed zavr\u0161uj\u00ed tento bal\u00ed\u010dek a \u010din\u00ed jej vyniknout v p\u0159epln\u011bn\u00e9m poli nab\u00eddky OTF!<\/p>\n<p>Tento model m\u00e1 fialovou eloxovanou hlin\u00edkovou rukoje\u0165 6061-T6 s logem Claw na p\u0159edn\u00ed stran\u011b. \u010cern\u011b zakon\u010den\u00e1 \u010depel d\u00fdky z nerezov\u00e9 oceli M390 s dvojit\u00fdm ost\u0159\u00edm. \u010cern\u011b dokon\u010den\u00fd hardware a fr\u00e9zovan\u00e1 spona na kuli\u010dky. Na h\u0159betu rukojeti jsou informace o modelu, s\u00e9riov\u00e9 \u010d\u00edslo a datum v\u00fdroby.<\/p>\n<p>Specifikace<br \/>\nD\u00e9lka \u010depele: 8 cm<br \/>\nCelkov\u00e1 d\u00e9lka: 19 cm<br \/>\nMateri\u00e1l \u010depele: M390 &#8211; Vezm\u011bte pros\u00edm na v\u011bdom\u00ed, \u017ee ocelovou \u010depel nelze specifikovat, proto\u017ee se m\u016f\u017ee m\u011bnit v z\u00e1vislosti na dostupnosti (informace od spole\u010dnosti Microtech)<br \/>\nStyl \u010depele: Double Edge Dagger<br \/>\nBlade Grind: Ploch\u00fd<br \/>\nPovrchov\u00e1 \u00faprava \u010depele: Stonewash<br \/>\nMateri\u00e1l rukojeti: \u010dern\u00fd eloxovan\u00fd hlin\u00edk letadla<br \/>\nUzamykac\u00ed mechanismus: Thumb Slide<br \/>\nKapesn\u00ed spona: titanov\u00e1 (sklopn\u00e1, prav\u00e1)<br \/>\nDesign\u00e9\u0159i: Tony a Sean Marfione<br \/>\nVyrobeno v USA<\/p>\n<p><iframe title=\"Microtech Combat Troodon Torture Test\" width=\"800\" height=\"450\" src=\"https:\/\/www.youtube.com\/embed\/xE9TeOFYEjg?feature=oembed\" frameborder=\"0\" allow=\"accelerometer; autoplay; clipboard-write; encrypted-media; gyroscope; picture-in-picture; web-share\" allowfullscreen><\/iframe><\/p>\n<p>&nbsp;<\/p>\n","protected":false},"excerpt":{"rendered":"<p>V pr\u016fb\u011bhu let\u00a0<strong>Microtech\u00ae<\/strong>\u00a0Knives naplnil v\u00e1\u0161n\u00ed a dovednost\u00ed v\u00fdrobu no\u017e\u016f, a\u017e z nich vytvo\u0159il t\u00e9m\u011b\u0159 um\u011bleck\u00e1 d\u00edla,kter\u00e9 jsou vrcholem funk\u010dnosti.V\u0161echny d\u00edly jsou vyrodeny v USA.<br \/>\n<strong>Na v\u0161echny no\u017ee Microtech je do\u017eivotn\u00ed z\u00e1ruka ( min. 80 000 cykl\u016f, otev\u0159en\u00ed a zav\u0159en\u00ed)<\/strong><\/p>\n<p><strong>Doprava zdarma.<\/strong><\/p>\n","protected":false},"featured_media":226607,"comment_status":"open","ping_status":"closed","template":"","meta":[],"pwb-brand":[431],"product_brand":[],"product_cat":[2019,17],"product_tag":[3667],"class_list":{"0":"post-226606","1":"product","2":"type-product","3":"status-publish","4":"has-post-thumbnail","6":"pwb-brand-microtech","7":"product_cat-vystrelovaci-noze","8":"product_cat-noze","9":"product_tag-b2b","11":"first","12":"instock","13":"taxable","14":"shipping-taxable","15":"purchasable","16":"product-type-simple"},"brands":[{"id":431,"name":"Microtech","slug":"microtech"}],"_links":{"self":[{"href":"https:\/\/www.moskito.cz\/it\/wp-json\/wp\/v2\/product\/226606","targetHints":{"allow":["GET"]}}],"collection":[{"href":"https:\/\/www.moskito.cz\/it\/wp-json\/wp\/v2\/product"}],"about":[{"href":"https:\/\/www.moskito.cz\/it\/wp-json\/wp\/v2\/types\/product"}],"replies":[{"embeddable":true,"href":"https:\/\/www.moskito.cz\/it\/wp-json\/wp\/v2\/comments?post=226606"}],"wp:featuredmedia":[{"embeddable":true,"href":"https:\/\/www.moskito.cz\/it\/wp-json\/wp\/v2\/media\/226607"}],"wp:attachment":[{"href":"https:\/\/www.moskito.cz\/it\/wp-json\/wp\/v2\/media?parent=226606"}],"wp:term":[{"taxonomy":"pwb-brand","embeddable":true,"href":"https:\/\/www.moskito.cz\/it\/wp-json\/wp\/v2\/pwb-brand?post=226606"},{"taxonomy":"product_brand","embeddable":true,"href":"https:\/\/www.moskito.cz\/it\/wp-json\/wp\/v2\/product_brand?post=226606"},{"taxonomy":"product_cat","embeddable":true,"href":"https:\/\/www.moskito.cz\/it\/wp-json\/wp\/v2\/product_cat?post=226606"},{"taxonomy":"product_tag","embeddable":true,"href":"https:\/\/www.moskito.cz\/it\/wp-json\/wp\/v2\/product_tag?post=226606"}],"curies":[{"name":"wp","href":"https:\/\/api.w.org\/{rel}","templated":true}]}}