{"id":226657,"date":"2022-09-30T15:56:02","date_gmt":"2022-09-30T14:56:02","guid":{"rendered":"https:\/\/www.moskito.cz\/?post_type=product&#038;p=226657"},"modified":"2025-05-07T10:41:19","modified_gmt":"2025-05-07T09:41:19","slug":"vystrelovaci-nuz-microtech-hera-d-e-blue-handle-black-blade-702-3-bl","status":"publish","type":"product","link":"https:\/\/www.moskito.cz\/it\/produkt\/vystrelovaci-nuz-microtech-hera-d-e-blue-handle-black-blade-702-3-bl\/","title":{"rendered":"Vyst\u0159elovac\u00ed N\u016f\u017e Microtech Hera D\/E &#8211; Blue Handle &#8211; Black Blade 702-3 BL"},"content":{"rendered":"<p>Vyst\u0159elovac\u00ed N\u016f\u017e <strong>Microtech<\/strong> Hera D\/E &#8211; Blue Handle &#8211; Black Blade 702-3 BL.<\/p>\n<p>Hera je kr\u00e1sn\u00fd dvou\u010dinn\u00fd p\u0159edn\u00ed automat s tvarem r\u00e1mu voln\u011b zalo\u017een\u00fdm na designu Troodon. Je to v\u0161ak ergonomi\u010dt\u011bj\u0161\u00ed, s opracovan\u00fdmi z\u00e1platami bl\u00edzko konc\u016f pro lep\u0161\u00ed n\u00e1kup a podle na\u0161ich n\u00e1zor\u016f vylep\u0161en\u00fd vzhled. V\u0161e na tomto designu k\u0159i\u010d\u00ed jak sofistikovanost, tak funk\u010dnost. Je to jeden z nejlep\u0161\u00edch v\u0161estrann\u00fdch automatick\u00fdch n\u00e1vrh\u016f OTF v mimo\u0159\u00e1dn\u011b p\u0159epln\u011bn\u00e9m poli a velikosti tak jako pro ka\u017edodenn\u00ed no\u0161en\u00ed.<\/p>\n<p>Celkov\u00e1 d\u00e9lka: 7,5&#8243; (190,5 mm)<br \/>\nD\u00e9lka v zav\u0159en\u00e9m stavu: 4,5&#8243; (114,3 mm)<br \/>\nD\u00e9lka \u010depele: 3&#8243; (76,2 mm)<br \/>\nTlou\u0161\u0165ka \u010depele: 0,079&#8243; (2 mm)<br \/>\nPovrchov\u00e1 \u00faprava \u010depele: \u010dern\u00e1<br \/>\nMateri\u00e1l rukojeti: Modr\u00fd hlin\u00edk<br \/>\nKapesn\u00ed klip: Tip-Down<br \/>\nV\u00fdrobce Ref. #: 702-3BL<br \/>\nZem\u011b p\u016fvodu: USA<\/p>\n<p><iframe title=\"Microtech Combat Troodon Torture Test\" width=\"800\" height=\"450\" src=\"https:\/\/www.youtube.com\/embed\/xE9TeOFYEjg?feature=oembed\" frameborder=\"0\" allow=\"accelerometer; autoplay; clipboard-write; encrypted-media; gyroscope; picture-in-picture; web-share\" allowfullscreen><\/iframe><\/p>\n<p>&nbsp;<\/p>\n","protected":false},"excerpt":{"rendered":"<p>V pr\u016fb\u011bhu let\u00a0<strong>Microtech\u00ae Knives<\/strong>\u00a0naplnil v\u00e1\u0161n\u00ed a dovednost\u00ed v\u00fdrobu no\u017e\u016f, a\u017e z nich vytvo\u0159il t\u00e9m\u011b\u0159 um\u011bleck\u00e1 d\u00edla,kter\u00e9 jsou vrcholem funk\u010dnosti.V\u0161echny d\u00edly jsou vyrodeny v USA.<br \/>\n<strong>Na v\u0161echny no\u017ee Microtech je do\u017eivotn\u00ed z\u00e1ruka.<\/strong><\/p>\n<p><strong>Doprava zdarma.<\/strong><\/p>\n","protected":false},"featured_media":226658,"comment_status":"open","ping_status":"closed","template":"","meta":[],"pwb-brand":[431],"product_brand":[],"product_cat":[2019,17],"product_tag":[3667],"class_list":{"0":"post-226657","1":"product","2":"type-product","3":"status-publish","4":"has-post-thumbnail","6":"pwb-brand-microtech","7":"product_cat-vystrelovaci-noze","8":"product_cat-noze","9":"product_tag-b2b","11":"first","12":"instock","13":"taxable","14":"shipping-taxable","15":"purchasable","16":"product-type-simple"},"brands":[{"id":431,"name":"Microtech","slug":"microtech"}],"_links":{"self":[{"href":"https:\/\/www.moskito.cz\/it\/wp-json\/wp\/v2\/product\/226657","targetHints":{"allow":["GET"]}}],"collection":[{"href":"https:\/\/www.moskito.cz\/it\/wp-json\/wp\/v2\/product"}],"about":[{"href":"https:\/\/www.moskito.cz\/it\/wp-json\/wp\/v2\/types\/product"}],"replies":[{"embeddable":true,"href":"https:\/\/www.moskito.cz\/it\/wp-json\/wp\/v2\/comments?post=226657"}],"wp:featuredmedia":[{"embeddable":true,"href":"https:\/\/www.moskito.cz\/it\/wp-json\/wp\/v2\/media\/226658"}],"wp:attachment":[{"href":"https:\/\/www.moskito.cz\/it\/wp-json\/wp\/v2\/media?parent=226657"}],"wp:term":[{"taxonomy":"pwb-brand","embeddable":true,"href":"https:\/\/www.moskito.cz\/it\/wp-json\/wp\/v2\/pwb-brand?post=226657"},{"taxonomy":"product_brand","embeddable":true,"href":"https:\/\/www.moskito.cz\/it\/wp-json\/wp\/v2\/product_brand?post=226657"},{"taxonomy":"product_cat","embeddable":true,"href":"https:\/\/www.moskito.cz\/it\/wp-json\/wp\/v2\/product_cat?post=226657"},{"taxonomy":"product_tag","embeddable":true,"href":"https:\/\/www.moskito.cz\/it\/wp-json\/wp\/v2\/product_tag?post=226657"}],"curies":[{"name":"wp","href":"https:\/\/api.w.org\/{rel}","templated":true}]}}