{"id":226708,"date":"2022-09-30T21:02:48","date_gmt":"2022-09-30T20:02:48","guid":{"rendered":"https:\/\/www.moskito.cz\/?post_type=product&#038;p=226708"},"modified":"2025-05-07T10:41:22","modified_gmt":"2025-05-07T09:41:22","slug":"vystrelovaci-nuz-microtech-ultratech-122-1-std","status":"publish","type":"product","link":"https:\/\/www.moskito.cz\/it\/produkt\/vystrelovaci-nuz-microtech-ultratech-122-1-std\/","title":{"rendered":"Vyst\u0159elovac\u00ed N\u016f\u017e Microtech Ultratech 122-1 STD"},"content":{"rendered":"<p>Vyst\u0159elovac\u00ed N\u016f\u017e <strong>Microtech<\/strong> Ultratech 122-1 STD.<\/p>\n<p>Model Ultratech m\u00e1 \u010depel d\u00fdky s hladk\u00fdm, oboustrann\u00fdm ost\u0159\u00edm. Rukoje\u0165 je vyrobena z eloxovan\u00e9ho hlin\u00edku 6061-T6 se zabudovan\u00fdm rozb\u00edje\u010dem skla a klipem pro zav\u011b\u0161en\u00ed no\u017ee na opasek nebo do kapsy. Tvar a povrchov\u00e1 \u00faprava rukojeti ovliv\u0148uje pohodl\u00ed p\u0159i pou\u017e\u00edv\u00e1n\u00ed no\u017ee. Mechanismus otev\u00edr\u00e1n\u00ed \u010depele je cen\u011bn\u00fd Double Action OTF (out-to-front) &#8211; zatla\u010den\u00edm otev\u00edrac\u00ed p\u00e1\u010dky dop\u0159edu se \u010depel vysune z rukojeti, zat\u00edmco pohyb p\u00e1ky dozadu \u010depel skryje.<\/p>\n<p>Technick\u00e9 \u00fadaje \/ Specifikace:<\/p>\n<p>Celkov\u00e1 d\u00e9lka: 8,5&#8243; (216 mm)<\/p>\n<p>D\u00e9lka \u010depele: 3,44 &#8220;(87 mm)<\/p>\n<p>\u0158ezn\u00e1 plocha \/ \u0159ezn\u00e1 hrana: 3,125 &#8220;(79 mm)<\/p>\n<p>Tlou\u0161\u0165ka \u010depele: 0,13&#8221; (3 mm)<\/p>\n<p>Materi\u00e1l \u010depele: CTS-204P nebo jin\u00fd<\/p>\n<p>Tvar \u010depele \/ Styl \u010depele: d\u00fdka (d\u00fdka)<\/p>\n<p>Povrchov\u00e1 \u00faprava \u010depele \/ Brou\u0161en\u00ed \u010depele: Ploch\u00e9<\/p>\n<p>Barva povlaku \/ Povrchov\u00e1 \u00faprava: B\u00edl\u00e1<\/p>\n<p>\u0158ezn\u00e1 hrana \/ Typ b\u0159itu: Hladk\u00e1<\/p>\n<p>D\u00e9lka rukojeti: 4,625 &#8220;(117 mm)<\/p>\n<p>Tlou\u0161\u0165ka rukojeti: 0,47 &#8220;(12 mm)<\/p>\n<p>Materi\u00e1l rukojeti: hlin\u00edk<\/p>\n<p>Barva \/ Barva: B\u00edl\u00e1<\/p>\n<p>Hmotnost \/ Hmotnost: 3,6 oz. (102 g)<\/p>\n<p>U\u017eivatel: Prav\u00e1 ruka<\/p>\n<p>Kapesn\u00ed klip: Tip-Down<\/p>\n<p>Typ no\u017ee \/ Typ no\u017ee: Dvoj\u010dinn\u00fd automatick\u00fd OTF (automatick\u00fd OTF)<\/p>\n<p>Zp\u016fsob otev\u00edr\u00e1n\u00ed \/ otv\u00edr\u00e1k: Thumb Slide<\/p>\n<p>V\u00fdrobce \/ Zna\u010dka: Microtech<\/p>\n<p>Model: Ultratech<\/p>\n<p>Symbol modelu \/ \u010d\u00edslo modelu: 122-1STD<\/p>\n<p>Zem\u011b p\u016fvodu \/ Zem\u011b p\u016fvodu: USA<\/p>\n<p>Aplikace \/ Nejlep\u0161\u00ed pou\u017eit\u00ed: Ka\u017edodenn\u00ed no\u0161en\u00ed<\/p>\n<p>&nbsp;<\/p>\n","protected":false},"excerpt":{"rendered":"<p>V pr\u016fb\u011bhu let\u00a0<strong>Microtech\u00ae Knives<\/strong> naplnil v\u00e1\u0161n\u00ed a dovednost\u00ed v\u00fdrobu no\u017e\u016f, a\u017e z nich vytvo\u0159il t\u00e9m\u011b\u0159 um\u011bleck\u00e1 d\u00edla,kter\u00e9 jsou vrcholem funk\u010dnosti. V\u0161echny d\u00edly jsou vyrobeny v USA.<br \/>\n<strong>Na v\u0161echny no\u017ee Microtech je do\u017eivotn\u00ed z\u00e1ruka.<\/strong><\/p>\n<p><strong>Doprava zdarma.<\/strong><\/p>\n","protected":false},"featured_media":226709,"comment_status":"open","ping_status":"closed","template":"","meta":[],"pwb-brand":[431],"product_brand":[],"product_cat":[2019,17],"product_tag":[3667],"class_list":{"0":"post-226708","1":"product","2":"type-product","3":"status-publish","4":"has-post-thumbnail","6":"pwb-brand-microtech","7":"product_cat-vystrelovaci-noze","8":"product_cat-noze","9":"product_tag-b2b","11":"first","12":"outofstock","13":"taxable","14":"shipping-taxable","15":"purchasable","16":"product-type-simple"},"brands":[{"id":431,"name":"Microtech","slug":"microtech"}],"_links":{"self":[{"href":"https:\/\/www.moskito.cz\/it\/wp-json\/wp\/v2\/product\/226708","targetHints":{"allow":["GET"]}}],"collection":[{"href":"https:\/\/www.moskito.cz\/it\/wp-json\/wp\/v2\/product"}],"about":[{"href":"https:\/\/www.moskito.cz\/it\/wp-json\/wp\/v2\/types\/product"}],"replies":[{"embeddable":true,"href":"https:\/\/www.moskito.cz\/it\/wp-json\/wp\/v2\/comments?post=226708"}],"wp:featuredmedia":[{"embeddable":true,"href":"https:\/\/www.moskito.cz\/it\/wp-json\/wp\/v2\/media\/226709"}],"wp:attachment":[{"href":"https:\/\/www.moskito.cz\/it\/wp-json\/wp\/v2\/media?parent=226708"}],"wp:term":[{"taxonomy":"pwb-brand","embeddable":true,"href":"https:\/\/www.moskito.cz\/it\/wp-json\/wp\/v2\/pwb-brand?post=226708"},{"taxonomy":"product_brand","embeddable":true,"href":"https:\/\/www.moskito.cz\/it\/wp-json\/wp\/v2\/product_brand?post=226708"},{"taxonomy":"product_cat","embeddable":true,"href":"https:\/\/www.moskito.cz\/it\/wp-json\/wp\/v2\/product_cat?post=226708"},{"taxonomy":"product_tag","embeddable":true,"href":"https:\/\/www.moskito.cz\/it\/wp-json\/wp\/v2\/product_tag?post=226708"}],"curies":[{"name":"wp","href":"https:\/\/api.w.org\/{rel}","templated":true}]}}