{"id":227206,"date":"2022-10-04T22:14:18","date_gmt":"2022-10-04T21:14:18","guid":{"rendered":"https:\/\/www.moskito.cz\/?post_type=product&#038;p=227206"},"modified":"2025-05-07T10:41:49","modified_gmt":"2025-05-07T09:41:49","slug":"klicenka-microtech","status":"publish","type":"product","link":"https:\/\/www.moskito.cz\/it\/produkt\/klicenka-microtech\/","title":{"rendered":"KL\u00cd\u010cENKA MICROTECH"},"content":{"rendered":"<p>KL\u00cd\u010cENKA <strong>MICROTECH.<\/strong><\/p>\n<p>Na\u0161e kl\u00ed\u010denky obsahuj\u00ed dr\u00e1p Microtech, d\u00fdku Marfione nebo logo Sean Marfione na nerezov\u00e9 oceli Cerakoted 303. Ka\u017ed\u00e1 kl\u00ed\u010denka je dod\u00e1v\u00e1na se \u0161\u0148\u016frkou pro upevn\u011bn\u00ed na kl\u00ed\u010de, ta\u0161ky a dal\u0161\u00ed. Cena je v\u017edy za jeden ks.<\/p>\n<p><strong>Barva \u010derven\u00e1.<\/strong><\/p>\n<p>&nbsp;<\/p>\n","protected":false},"excerpt":{"rendered":"<p>KL\u00cd\u010cENKA MICROTECH. Na\u0161e kl\u00ed\u010denky obsahuj\u00ed dr\u00e1p Microtech, d\u00fdku Marfione nebo logo Sean Marfione na nerezov\u00e9 oceli Cerakoted 303. Ka\u017ed\u00e1 kl\u00ed\u010denka je dod\u00e1v\u00e1na se \u0161\u0148\u016frkou pro upevn\u011bn\u00ed na kl\u00ed\u010de, ta\u0161ky a dal\u0161\u00ed. Cena je v\u017edy za jeden ks. Barva \u010derven\u00e1. &nbsp;<\/p>\n","protected":false},"featured_media":227210,"comment_status":"open","ping_status":"closed","template":"","meta":[],"pwb-brand":[431],"product_brand":[],"product_cat":[2019,17],"product_tag":[3667],"class_list":{"0":"post-227206","1":"product","2":"type-product","3":"status-publish","4":"has-post-thumbnail","6":"pwb-brand-microtech","7":"product_cat-vystrelovaci-noze","8":"product_cat-noze","9":"product_tag-b2b","11":"first","12":"outofstock","13":"taxable","14":"shipping-taxable","15":"purchasable","16":"product-type-simple"},"brands":[{"id":431,"name":"Microtech","slug":"microtech"}],"_links":{"self":[{"href":"https:\/\/www.moskito.cz\/it\/wp-json\/wp\/v2\/product\/227206","targetHints":{"allow":["GET"]}}],"collection":[{"href":"https:\/\/www.moskito.cz\/it\/wp-json\/wp\/v2\/product"}],"about":[{"href":"https:\/\/www.moskito.cz\/it\/wp-json\/wp\/v2\/types\/product"}],"replies":[{"embeddable":true,"href":"https:\/\/www.moskito.cz\/it\/wp-json\/wp\/v2\/comments?post=227206"}],"wp:featuredmedia":[{"embeddable":true,"href":"https:\/\/www.moskito.cz\/it\/wp-json\/wp\/v2\/media\/227210"}],"wp:attachment":[{"href":"https:\/\/www.moskito.cz\/it\/wp-json\/wp\/v2\/media?parent=227206"}],"wp:term":[{"taxonomy":"pwb-brand","embeddable":true,"href":"https:\/\/www.moskito.cz\/it\/wp-json\/wp\/v2\/pwb-brand?post=227206"},{"taxonomy":"product_brand","embeddable":true,"href":"https:\/\/www.moskito.cz\/it\/wp-json\/wp\/v2\/product_brand?post=227206"},{"taxonomy":"product_cat","embeddable":true,"href":"https:\/\/www.moskito.cz\/it\/wp-json\/wp\/v2\/product_cat?post=227206"},{"taxonomy":"product_tag","embeddable":true,"href":"https:\/\/www.moskito.cz\/it\/wp-json\/wp\/v2\/product_tag?post=227206"}],"curies":[{"name":"wp","href":"https:\/\/api.w.org\/{rel}","templated":true}]}}