{"id":227278,"date":"2022-10-05T22:02:30","date_gmt":"2022-10-05T21:02:30","guid":{"rendered":"https:\/\/www.moskito.cz\/?post_type=product&#038;p=227278"},"modified":"2025-05-07T10:41:51","modified_gmt":"2025-05-07T09:41:51","slug":"vystrelovaci-nuz-microtech-signature-series-utx-85-ii-232ii-1-ts","status":"publish","type":"product","link":"https:\/\/www.moskito.cz\/it\/produkt\/vystrelovaci-nuz-microtech-signature-series-utx-85-ii-232ii-1-ts\/","title":{"rendered":"Vyst\u0159elovac\u00ed N\u016f\u017e Microtech Signature Series UTX-85 II 232II-1 TS"},"content":{"rendered":"<p>Vyst\u0159elovac\u00ed N\u016f\u017e Microtech Signature Series UTX-85 II 232II-1 TS.<\/p>\n<p>N\u016f\u017e Microtech UTX-85 OTF je perfektn\u00ed kombinac\u00ed kompaktn\u00ed velikosti a velk\u00e9ho v\u00fdkonu. P\u0159i velikosti 85 % Ultratech je Microtech UTX-85 vyroben ze stejn\u00fdch materi\u00e1l\u016f, na stejn\u00fdch stroj\u00edch a se stejnou vynal\u00e9zavost\u00ed jako jeho p\u0159edch\u016fdce. Microtech UTX-85 je perfektn\u00ed n\u016f\u017e pro v\u0161echny situace \u2013 bez ohledu na to, jak\u00fd \u00fakol \u0159e\u017eete; bude hladce zapadat do va\u0161eho \u017eivotn\u00edho stylu. Tento UTX-85 II m\u00e1 vylep\u0161en\u00e9 texturov\u00e1n\u00ed rukojeti pro pozitivn\u011bj\u0161\u00ed n\u00e1kup. D\u00edky rychl\u00e9mu otev\u00edr\u00e1n\u00ed a zav\u00edr\u00e1n\u00ed jednou rukou zvl\u00e1dne pr\u00e1ci b\u011bhem n\u011bkolika sekund. Vybaveno oboustrann\u00fdm kapesn\u00edm klipem a kompaktn\u00ed velikost\u00ed, je to perfektn\u00ed volba pro ka\u017edodenn\u00ed pou\u017eit\u00ed a no\u0161en\u00ed.<\/p>\n<p>Specifikace<br \/>\nAkce: Dvojit\u00e1 akce \u2013 Automatick\u00fd v\u00fdst\u0159el\/Automatick\u00e9 zata\u017een\u00ed<br \/>\nTlou\u0161\u0165ka: 0.31 cm<br \/>\nD\u00e9lka \u010depele: 7.5 cm<br \/>\nVezm\u011bte pros\u00edm na v\u011bdom\u00ed, \u017ee ocel \u010depele nelze p\u0159edem specifikovat, proto\u017ee se m\u016f\u017ee m\u011bnit v z\u00e1vislosti na dostupnosti (informace od Microtech)<br \/>\nStyl \u010depele: Drop Point<br \/>\nPodvozek: 6061-T6 AL Alloy, Black Mil-Spec Hard Coat Anodized<br \/>\nMateri\u00e1l rukojeti: Obr\u00e1b\u011bn\u00fd hlin\u00edk<br \/>\nD\u00e9lka v zav\u0159en\u00e9m stavu: 11 cm<br \/>\nCelkov\u00e1 d\u00e9lka: 18.45 cm<br \/>\nKapesn\u00ed klip: 301 nerezov\u00e1 ocel<br \/>\nStandardn\u00ed horn\u00ed: 6061-T6 AL slitina<br \/>\nSpou\u0161\u0165: 303 Nerezov\u00e1 ocel<br \/>\nHmotnost: 2,8 oz.<br \/>\nVyrobeno v USA<\/p>\n<p><iframe title=\"Microtech Combat Troodon Torture Test\" width=\"800\" height=\"450\" src=\"https:\/\/www.youtube.com\/embed\/xE9TeOFYEjg?feature=oembed\" frameborder=\"0\" allow=\"accelerometer; autoplay; clipboard-write; encrypted-media; gyroscope; picture-in-picture; web-share\" allowfullscreen><\/iframe><\/p>\n<p>&nbsp;<\/p>\n","protected":false},"excerpt":{"rendered":"<p>V pr\u016fb\u011bhu let\u00a0<strong>Microtech\u00ae Knives<\/strong>\u00a0naplnil v\u00e1\u0161n\u00ed a dovednost\u00ed v\u00fdrobu no\u017e\u016f, a\u017e z nich vytvo\u0159il t\u00e9m\u011b\u0159 um\u011bleck\u00e1 d\u00edla,kter\u00e9 jsou vrcholem funk\u010dnosti. V\u0161echny d\u00edly jsou vyrobeny v USA.<br \/>\n<strong>Na v\u0161echny no\u017ee Microtech je do\u017eivotn\u00ed z\u00e1ruka.<\/strong><\/p>\n<p><strong>Doprava zdarma.<\/strong><\/p>\n","protected":false},"featured_media":227280,"comment_status":"open","ping_status":"closed","template":"","meta":[],"pwb-brand":[431],"product_brand":[],"product_cat":[2019,17],"product_tag":[3667],"class_list":{"0":"post-227278","1":"product","2":"type-product","3":"status-publish","4":"has-post-thumbnail","6":"pwb-brand-microtech","7":"product_cat-vystrelovaci-noze","8":"product_cat-noze","9":"product_tag-b2b","11":"first","12":"instock","13":"taxable","14":"shipping-taxable","15":"purchasable","16":"product-type-simple"},"brands":[{"id":431,"name":"Microtech","slug":"microtech"}],"_links":{"self":[{"href":"https:\/\/www.moskito.cz\/it\/wp-json\/wp\/v2\/product\/227278","targetHints":{"allow":["GET"]}}],"collection":[{"href":"https:\/\/www.moskito.cz\/it\/wp-json\/wp\/v2\/product"}],"about":[{"href":"https:\/\/www.moskito.cz\/it\/wp-json\/wp\/v2\/types\/product"}],"replies":[{"embeddable":true,"href":"https:\/\/www.moskito.cz\/it\/wp-json\/wp\/v2\/comments?post=227278"}],"wp:featuredmedia":[{"embeddable":true,"href":"https:\/\/www.moskito.cz\/it\/wp-json\/wp\/v2\/media\/227280"}],"wp:attachment":[{"href":"https:\/\/www.moskito.cz\/it\/wp-json\/wp\/v2\/media?parent=227278"}],"wp:term":[{"taxonomy":"pwb-brand","embeddable":true,"href":"https:\/\/www.moskito.cz\/it\/wp-json\/wp\/v2\/pwb-brand?post=227278"},{"taxonomy":"product_brand","embeddable":true,"href":"https:\/\/www.moskito.cz\/it\/wp-json\/wp\/v2\/product_brand?post=227278"},{"taxonomy":"product_cat","embeddable":true,"href":"https:\/\/www.moskito.cz\/it\/wp-json\/wp\/v2\/product_cat?post=227278"},{"taxonomy":"product_tag","embeddable":true,"href":"https:\/\/www.moskito.cz\/it\/wp-json\/wp\/v2\/product_tag?post=227278"}],"curies":[{"name":"wp","href":"https:\/\/api.w.org\/{rel}","templated":true}]}}