{"id":227298,"date":"2022-10-06T14:57:23","date_gmt":"2022-10-06T13:57:23","guid":{"rendered":"https:\/\/www.moskito.cz\/?post_type=product&#038;p=227298"},"modified":"2025-05-07T10:41:52","modified_gmt":"2025-05-07T09:41:52","slug":"zaviraci-nuz-magnum-boker-gold-finger","status":"publish","type":"product","link":"https:\/\/www.moskito.cz\/it\/produkt\/zaviraci-nuz-magnum-boker-gold-finger\/","title":{"rendered":"Zav\u00edrac\u00ed N\u016f\u017e Magnum B\u00f6ker Gold Finger"},"content":{"rendered":"<p>Zav\u00edrac\u00ed N\u016f\u017e Magnum B\u00f6ker Gold Finger<\/p>\n<p>Magnum Gold Finger je perfektn\u00ed kapesn\u00ed n\u016f\u017e pro v\u0161echny milovn\u00edky k\u00fd\u017een\u00e9ho drah\u00e9ho kovu. Kompletn\u00ed konstrukce no\u017ee, \u010depel 440A, z\u00e1mek r\u00e1mu a stupnice rukojeti z nerezov\u00e9 oceli jsou pln\u011b eloxov\u00e1ny do zlat\u00e9 barvy. Otev\u00edr\u00e1n\u00ed no\u017ee usnad\u0148uje palcov\u00fd cvo\u010dek, kter\u00fd je rovn\u011b\u017e zlat\u00fd, s jeho\u017e pomoc\u00ed lze \u010depel snadno otev\u0159\u00edt palcem. I praktick\u00fd klip se t\u0159pyt\u00ed v elegantn\u00ed barv\u011b. S otvorem na \u0161\u0148\u016frku.<\/p>\n<p>Celkov\u00e1 d\u00e9lka: 19 cm<br \/>\nD\u00e9lka \u010depele: 8 cm<br \/>\nTlou\u0161\u0165ka \u010depele: 2.7 mm<br \/>\nHmotnost: 130 g<br \/>\nMateri\u00e1l \u010depele: 440A<br \/>\nMateri\u00e1l rukojeti: Nerez<br \/>\nTyp pojistky: Linerlock<\/p>\n<p>&nbsp;<\/p>\n","protected":false},"excerpt":{"rendered":"<p>Zav\u00edrac\u00ed N\u016f\u017e Magnum B\u00f6ker Gold Finger Magnum Gold Finger je perfektn\u00ed kapesn\u00ed n\u016f\u017e pro v\u0161echny milovn\u00edky k\u00fd\u017een\u00e9ho drah\u00e9ho kovu. Kompletn\u00ed konstrukce no\u017ee, \u010depel 440A, z\u00e1mek r\u00e1mu a stupnice rukojeti z nerezov\u00e9 oceli jsou pln\u011b eloxov\u00e1ny do zlat\u00e9 barvy. Otev\u00edr\u00e1n\u00ed no\u017ee usnad\u0148uje palcov\u00fd cvo\u010dek, kter\u00fd je rovn\u011b\u017e zlat\u00fd, s jeho\u017e pomoc\u00ed lze \u010depel snadno otev\u0159\u00edt palcem. [&hellip;]<\/p>\n","protected":false},"featured_media":227299,"comment_status":"open","ping_status":"closed","template":"","meta":[],"pwb-brand":[140],"product_brand":[],"product_cat":[22,17],"product_tag":[3667],"class_list":{"0":"post-227298","1":"product","2":"type-product","3":"status-publish","4":"has-post-thumbnail","6":"pwb-brand-boker","7":"product_cat-zaviraci-noze","8":"product_cat-noze","9":"product_tag-b2b","11":"first","12":"outofstock","13":"taxable","14":"shipping-taxable","15":"purchasable","16":"product-type-simple"},"brands":[{"id":140,"name":"Boker","slug":"boker"}],"_links":{"self":[{"href":"https:\/\/www.moskito.cz\/it\/wp-json\/wp\/v2\/product\/227298","targetHints":{"allow":["GET"]}}],"collection":[{"href":"https:\/\/www.moskito.cz\/it\/wp-json\/wp\/v2\/product"}],"about":[{"href":"https:\/\/www.moskito.cz\/it\/wp-json\/wp\/v2\/types\/product"}],"replies":[{"embeddable":true,"href":"https:\/\/www.moskito.cz\/it\/wp-json\/wp\/v2\/comments?post=227298"}],"wp:featuredmedia":[{"embeddable":true,"href":"https:\/\/www.moskito.cz\/it\/wp-json\/wp\/v2\/media\/227299"}],"wp:attachment":[{"href":"https:\/\/www.moskito.cz\/it\/wp-json\/wp\/v2\/media?parent=227298"}],"wp:term":[{"taxonomy":"pwb-brand","embeddable":true,"href":"https:\/\/www.moskito.cz\/it\/wp-json\/wp\/v2\/pwb-brand?post=227298"},{"taxonomy":"product_brand","embeddable":true,"href":"https:\/\/www.moskito.cz\/it\/wp-json\/wp\/v2\/product_brand?post=227298"},{"taxonomy":"product_cat","embeddable":true,"href":"https:\/\/www.moskito.cz\/it\/wp-json\/wp\/v2\/product_cat?post=227298"},{"taxonomy":"product_tag","embeddable":true,"href":"https:\/\/www.moskito.cz\/it\/wp-json\/wp\/v2\/product_tag?post=227298"}],"curies":[{"name":"wp","href":"https:\/\/api.w.org\/{rel}","templated":true}]}}