{"id":227435,"date":"2022-10-07T10:40:03","date_gmt":"2022-10-07T09:40:03","guid":{"rendered":"https:\/\/www.moskito.cz\/?post_type=product&#038;p=227435"},"modified":"2025-05-07T10:41:54","modified_gmt":"2025-05-07T09:41:54","slug":"zaviraci-nuz-magnum-fire-chief","status":"publish","type":"product","link":"https:\/\/www.moskito.cz\/it\/produkt\/zaviraci-nuz-magnum-fire-chief\/","title":{"rendered":"Zav\u00edrac\u00ed N\u016f\u017e Magnum Fire Chief"},"content":{"rendered":"<p>Zav\u00edrac\u00ed N\u016f\u017e Magnum Fire Chief.<\/p>\n<p>Magnum Fire Chief je masivn\u00ed a impozantn\u00ed z\u00e1chrann\u00fd n\u016f\u017e. Poutav\u00e1 barevn\u00e1 kombinace \u010derven\u00e9 a \u010dern\u00e9 ilustruje \u00fa\u010del tohoto no\u017ee. Navr\u017eeno jako nouzov\u00fd n\u00e1stroj s rozb\u00edje\u010dem skla, \u0159eza\u010dkou bezpe\u010dnostn\u00edch p\u00e1s\u016f a \u010d\u00e1ste\u010dn\u011b zoubkovan\u00fdm okrajem. Stabiln\u00ed linerlock poskytuje pot\u0159ebnou stabilitu. Zlat\u00fd embl\u00e9m vykl\u00e1dan\u00fd v rukojeti v\u011bnuje tento n\u016f\u017e mu\u017e\u016fm a \u017een\u00e1m, kte\u0159\u00ed jsou v hasi\u010dsk\u00e9 slu\u017eb\u011b. Na zadn\u00ed stran\u011b kapesn\u00edho no\u017ee je tak\u00e9 klip.<\/p>\n<p>Z\u00e1chran\u00e1\u0159sk\u00e9 no\u017ee Magnum jsou pln\u011b funk\u010dn\u00ed a p\u0159ipraven\u00e9 k pou\u017eit\u00ed, nebyly v\u0161ak navr\u017eeny pro ka\u017edodenn\u00ed, n\u00e1ro\u010dn\u00e9 pou\u017eit\u00ed profesion\u00e1ln\u00edch z\u00e1chran\u00e1\u0159\u016f. Pro profesion\u00e1ln\u00ed u\u017eivatele doporu\u010dujeme nap\u0159\u00edklad modely Boker Plus Savior nebo FKMD A.L.S.R. 2.<\/p>\n<p>Popis produktu<\/p>\n<p>Celkov\u00e1 d\u00e9lka: 27 cm<br \/>\nD\u00e9lka \u010depele: 11,5 mm<br \/>\nTlou\u0161\u0165ka \u010depele: 3,3 mm<br \/>\nHmotnost: 283 g<br \/>\nMateri\u00e1l \u010depele: 440A<br \/>\nMateri\u00e1l rukojeti: hlin\u00edk<br \/>\nTyp pojistky: Linerlock<br \/>\ns klipem<\/p>\n","protected":false},"excerpt":{"rendered":"<p><strong>Magnum<\/strong> Fire Chief je masivn\u00ed a impozantn\u00ed z\u00e1chrann\u00fd n\u016f\u017e.<\/p>\n","protected":false},"featured_media":227436,"comment_status":"open","ping_status":"closed","template":"","meta":[],"pwb-brand":[140],"product_brand":[],"product_cat":[22,17],"product_tag":[3667],"class_list":{"0":"post-227435","1":"product","2":"type-product","3":"status-publish","4":"has-post-thumbnail","6":"pwb-brand-boker","7":"product_cat-zaviraci-noze","8":"product_cat-noze","9":"product_tag-b2b","11":"first","12":"instock","13":"taxable","14":"shipping-taxable","15":"purchasable","16":"product-type-simple"},"brands":[{"id":140,"name":"Boker","slug":"boker"}],"_links":{"self":[{"href":"https:\/\/www.moskito.cz\/it\/wp-json\/wp\/v2\/product\/227435","targetHints":{"allow":["GET"]}}],"collection":[{"href":"https:\/\/www.moskito.cz\/it\/wp-json\/wp\/v2\/product"}],"about":[{"href":"https:\/\/www.moskito.cz\/it\/wp-json\/wp\/v2\/types\/product"}],"replies":[{"embeddable":true,"href":"https:\/\/www.moskito.cz\/it\/wp-json\/wp\/v2\/comments?post=227435"}],"wp:featuredmedia":[{"embeddable":true,"href":"https:\/\/www.moskito.cz\/it\/wp-json\/wp\/v2\/media\/227436"}],"wp:attachment":[{"href":"https:\/\/www.moskito.cz\/it\/wp-json\/wp\/v2\/media?parent=227435"}],"wp:term":[{"taxonomy":"pwb-brand","embeddable":true,"href":"https:\/\/www.moskito.cz\/it\/wp-json\/wp\/v2\/pwb-brand?post=227435"},{"taxonomy":"product_brand","embeddable":true,"href":"https:\/\/www.moskito.cz\/it\/wp-json\/wp\/v2\/product_brand?post=227435"},{"taxonomy":"product_cat","embeddable":true,"href":"https:\/\/www.moskito.cz\/it\/wp-json\/wp\/v2\/product_cat?post=227435"},{"taxonomy":"product_tag","embeddable":true,"href":"https:\/\/www.moskito.cz\/it\/wp-json\/wp\/v2\/product_tag?post=227435"}],"curies":[{"name":"wp","href":"https:\/\/api.w.org\/{rel}","templated":true}]}}