{"id":228287,"date":"2022-10-18T21:23:24","date_gmt":"2022-10-18T20:23:24","guid":{"rendered":"https:\/\/www.moskito.cz\/?post_type=product&#038;p=228287"},"modified":"2025-05-07T10:42:40","modified_gmt":"2025-05-07T09:42:40","slug":"vystrelovaci-nuz-heretic-knives-iconoclast-colossus-hand-ground-elmax-black","status":"publish","type":"product","link":"https:\/\/www.moskito.cz\/it\/produkt\/vystrelovaci-nuz-heretic-knives-iconoclast-colossus-hand-ground-elmax-black\/","title":{"rendered":"Vyst\u0159elovac\u00ed N\u016f\u017e Heretic Knives Iconoclast Colossus Hand-Ground Elmax Black"},"content":{"rendered":"<p>Vyst\u0159elovac\u00ed N\u016f\u017e <strong>Heretic Knives<\/strong> Iconoclast Colossus Hand-Ground Elmax Black.<\/p>\n<p>Colossus double action OTF Auto se vyzna\u010duje slo\u017eit\u011b ru\u010dn\u011b brou\u0161enou \u010depel\u00ed, p\u0159ehnanou hou\u017eevnatost\u00ed, rychlej\u0161\u00ed ne\u017e bleskovou akc\u00ed a l\u00edcov\u00e1n\u00edm a povrchovou \u00fapravou, kterou byste o\u010dek\u00e1vali od \u0161pi\u010dkov\u00e9ho no\u017ee. Tony Jr. studoval um\u011bn\u00ed grindu od jednoho z nejlep\u0161\u00edch, co kdy \u017eil, a tato kombinovan\u00e1 \u010depel tanto je jednou z nejkr\u00e1sn\u011bj\u0161\u00edch, kterou lze za pen\u00edze koupit. Je vyroben z ru\u010dn\u011b brou\u0161en\u00e9 nerezov\u00e9 oceli Elmax s taktick\u00fdm \u010dern\u00fdm DLC povrchem. Mohutn\u00e9 hlin\u00edkov\u00e9 t\u011blo je v\u00fdjime\u010dn\u011b ergonomick\u00e9 a obsahuje nes\u010detn\u00e9 mno\u017estv\u00ed \u010dern\u00fdch trak\u010dn\u00edch vlo\u017eek na ka\u017ed\u00e9 stran\u011b a Snakeskin FatCarbon vlo\u017een\u00fd ovl\u00e1dac\u00ed sp\u00edna\u010d. Oboustrann\u00e1 kapesn\u00ed spona je na tomto no\u017ei to nejjemn\u011bj\u0161\u00ed. N\u016f\u017e dr\u017e\u00ed bezpe\u010dn\u011b v kapse a p\u0159itom ub\u00edr\u00e1 jen m\u00e1lo z ergonomie, kterou milujeme. \u010cepel je dod\u00e1v\u00e1na s lahvi\u010dkou OTF Knife Lube a byla hrd\u011b ru\u010dn\u011b vyrobena v USA.<\/p>\n<p>Specifikace<br \/>\nD\u00e9lka \u010depele: 8.75 cm<br \/>\nCelkov\u00e1 d\u00e9lka: 21.56 cm<br \/>\nMateri\u00e1l \u010depele: Elmax nerezov\u00e1 ocel<br \/>\nTlou\u0161\u0165ka \u010depele: 0.36 cm<br \/>\nStyl \u010depele: D\u00fdka s dvojitou hranou<br \/>\nBrou\u0161en\u00ed \u010depele: Ru\u010dn\u00ed dut\u00e9<br \/>\nPovrchov\u00e1 \u00faprava \u010depele: Black DLC<br \/>\nMateri\u00e1l rukojeti: \u010cern\u00fd hlin\u00edk s \u010dern\u00fdmi trak\u010dn\u00edmi vlo\u017ekami<br \/>\nUzamykac\u00ed mechanismus: Posuvn\u00fd<br \/>\nKapesn\u00ed klip: Black DLC Titanium (sklopen\u00ed dol\u016f, prav\u00e9\/lev\u00e9 no\u0161en\u00ed)<br \/>\nHmotnost: 4,60 oz.<br \/>\nDesign\u00e9r: Tony Marfione Jr.<br \/>\nHad\u00ed k\u016f\u017ee FatCarbon Thumb Slide Inlay<br \/>\nRu\u010dn\u00ed v\u00fdroba v USA<\/p>\n<p><iframe title=\"Heretic Shop Video\" width=\"800\" height=\"450\" src=\"https:\/\/www.youtube.com\/embed\/7qUL5q7Cvgo?feature=oembed\" frameborder=\"0\" allow=\"accelerometer; autoplay; clipboard-write; encrypted-media; gyroscope; picture-in-picture; web-share\" referrerpolicy=\"strict-origin-when-cross-origin\" allowfullscreen><\/iframe><\/p>\n<p>&nbsp;<\/p>\n","protected":false},"excerpt":{"rendered":"<p>V\u0161echny na\u0161e no\u017ee jsou vyrobeny v USA a tak to zachov\u00e1me. Kdy\u017e si koup\u00edte n\u011bkter\u00fd z na\u0161ich no\u017e\u016f, m\u016f\u017eete m\u00edt d\u016fv\u011bru ve sv\u016fj n\u00e1stroj s v\u011bdom\u00edm, \u017ee je podporov\u00e1n americkou spole\u010dnost\u00ed. Na\u0161e no\u017ee jsou vyr\u00e1b\u011bny v mal\u00fdch s\u00e9ri\u00edch, abychom zajistili, \u017ee dostanete kvalitn\u00ed n\u016f\u017e, kter\u00e9mu se dost\u00e1v\u00e1 pozornosti, jak\u00e9 se nedost\u00e1v\u00e1 jin\u00fdm s\u00e9riov\u011b vyr\u00e1b\u011bn\u00fdm no\u017e\u016fm!!<\/p>\n","protected":false},"featured_media":228288,"comment_status":"open","ping_status":"closed","template":"","meta":[],"pwb-brand":[318],"product_brand":[],"product_cat":[2019,17],"product_tag":[],"class_list":{"0":"post-228287","1":"product","2":"type-product","3":"status-publish","4":"has-post-thumbnail","6":"pwb-brand-heretic-knives","7":"product_cat-vystrelovaci-noze","8":"product_cat-noze","10":"first","11":"instock","12":"taxable","13":"shipping-taxable","14":"purchasable","15":"product-type-simple"},"brands":[{"id":318,"name":"Heretic Knives","slug":"heretic-knives"}],"_links":{"self":[{"href":"https:\/\/www.moskito.cz\/it\/wp-json\/wp\/v2\/product\/228287","targetHints":{"allow":["GET"]}}],"collection":[{"href":"https:\/\/www.moskito.cz\/it\/wp-json\/wp\/v2\/product"}],"about":[{"href":"https:\/\/www.moskito.cz\/it\/wp-json\/wp\/v2\/types\/product"}],"replies":[{"embeddable":true,"href":"https:\/\/www.moskito.cz\/it\/wp-json\/wp\/v2\/comments?post=228287"}],"wp:featuredmedia":[{"embeddable":true,"href":"https:\/\/www.moskito.cz\/it\/wp-json\/wp\/v2\/media\/228288"}],"wp:attachment":[{"href":"https:\/\/www.moskito.cz\/it\/wp-json\/wp\/v2\/media?parent=228287"}],"wp:term":[{"taxonomy":"pwb-brand","embeddable":true,"href":"https:\/\/www.moskito.cz\/it\/wp-json\/wp\/v2\/pwb-brand?post=228287"},{"taxonomy":"product_brand","embeddable":true,"href":"https:\/\/www.moskito.cz\/it\/wp-json\/wp\/v2\/product_brand?post=228287"},{"taxonomy":"product_cat","embeddable":true,"href":"https:\/\/www.moskito.cz\/it\/wp-json\/wp\/v2\/product_cat?post=228287"},{"taxonomy":"product_tag","embeddable":true,"href":"https:\/\/www.moskito.cz\/it\/wp-json\/wp\/v2\/product_tag?post=228287"}],"curies":[{"name":"wp","href":"https:\/\/api.w.org\/{rel}","templated":true}]}}