{"id":228523,"date":"2022-10-21T11:22:45","date_gmt":"2022-10-21T10:22:45","guid":{"rendered":"https:\/\/www.moskito.cz\/?post_type=product&#038;p=228523"},"modified":"2025-05-16T10:15:58","modified_gmt":"2025-05-16T09:15:58","slug":"pevny-nuz-magnum-elk-hunter-02gl683","status":"publish","type":"product","link":"https:\/\/www.moskito.cz\/it\/produkt\/pevny-nuz-magnum-elk-hunter-02gl683\/","title":{"rendered":"Pevn\u00fd N\u016f\u017e Magnum Elk Hunter 02GL683"},"content":{"rendered":"<p>Pevn\u00fd N\u016f\u017e <strong>Magnum<\/strong> Elk Hunter 02GL683.<\/p>\n<p>Osv\u011bd\u010den\u00fd Magnum Elk Hunter p\u0159esv\u011bd\u010d\u00ed svou ide\u00e1ln\u00ed d\u00e9lkou \u010depele jak v divo\u010din\u011b, tak v ka\u017edodenn\u00edm \u017eivot\u011b. Tvarov\u011b tvarovan\u00fd n\u016f\u017e s pouzdrem a \u010depel\u00ed z nerezov\u00e9 oceli 440A, kter\u00e1 m\u00e1 sat\u00e9novou \u00fapravu a je jemn\u011b brou\u0161en\u00e1, se vyzna\u010duje sv\u00fdm vzhledem a funkc\u00ed. Prot\u00e1hl\u00e9 ricasso na h\u0159betu \u010depele dod\u00e1v\u00e1 no\u017ei modern\u00ed vzhled. Stabiln\u00ed full tang konstrukce je vybavena ergonomicky tvarovan\u00fdmi \u0161upinami rukojeti z tropick\u00e9ho r\u016f\u017eov\u00e9ho d\u0159eva, kter\u00e9 m\u00e1 d\u00edky jemn\u00fdm p\u00f3r\u016fm extr\u00e9mn\u011b hladk\u00fd povrch p\u0159i opracov\u00e1n\u00ed. V\u00fdrazn\u00e1 ochrana rukou v oblasti nazna\u010den\u00fdch \u010delist\u00ed a hlubok\u00e9 vybr\u00e1n\u00ed pro prsty zabra\u0148uj\u00ed necht\u011bn\u00e9mu sklouznut\u00ed na \u010depel a zvy\u0161uj\u00ed tak bezpe\u010dnost pr\u00e1ce. Pomoc\u00ed vyztu\u017een\u00e9ho otvoru pro \u0161\u0148\u016frku na konci rukojeti lze k no\u017ei p\u0159ipevnit prov\u00e1zek nebo visa\u010dku. Dod\u00e1v\u00e1no s praktick\u00fdm ko\u017een\u00fdm pouzdrem, kter\u00e9 je zaji\u0161t\u011bno patentkou a lze jej snadno p\u0159ipevnit na opasek.<\/p>\n<p>Celkov\u00e1 d\u00e9lka: 22,00 cm<br \/>\nD\u00e9lka \u010depele: 11,00 cm<br \/>\nS\u00edla \u010depele: 3,85 mm<br \/>\nHmotnost: 154,00 g<br \/>\nMateri\u00e1l \u010depele: 440A<br \/>\nMateri\u00e1l rukojeti: ko\u0159enov\u00e9 d\u0159evo<br \/>\nBarva: Hn\u011bd\u00e1<br \/>\nBarva \u010depele: nepota\u017een\u00e9<br \/>\nMateri\u00e1l pl\u00e1\u0161t\u011b: k\u016f\u017ee<br \/>\n\u010c\u00edslo polo\u017eky: 02GL683<\/p>\n<p>&nbsp;<\/p>\n","protected":false},"excerpt":{"rendered":"<p><strong>Osv\u011bd\u010den\u00fd Magnum Elk Hunter p\u0159esv\u011bd\u010d\u00ed svou ide\u00e1ln\u00ed d\u00e9lkou \u010depele.<\/strong><\/p>\n","protected":false},"featured_media":228524,"comment_status":"open","ping_status":"closed","template":"","meta":[],"pwb-brand":[140],"product_brand":[],"product_cat":[23,17],"product_tag":[3667],"class_list":{"0":"post-228523","1":"product","2":"type-product","3":"status-publish","4":"has-post-thumbnail","6":"pwb-brand-boker","7":"product_cat-pevne-noze","8":"product_cat-noze","9":"product_tag-b2b","11":"first","12":"instock","13":"taxable","14":"shipping-taxable","15":"purchasable","16":"product-type-simple"},"brands":[{"id":140,"name":"Boker","slug":"boker"}],"_links":{"self":[{"href":"https:\/\/www.moskito.cz\/it\/wp-json\/wp\/v2\/product\/228523","targetHints":{"allow":["GET"]}}],"collection":[{"href":"https:\/\/www.moskito.cz\/it\/wp-json\/wp\/v2\/product"}],"about":[{"href":"https:\/\/www.moskito.cz\/it\/wp-json\/wp\/v2\/types\/product"}],"replies":[{"embeddable":true,"href":"https:\/\/www.moskito.cz\/it\/wp-json\/wp\/v2\/comments?post=228523"}],"wp:featuredmedia":[{"embeddable":true,"href":"https:\/\/www.moskito.cz\/it\/wp-json\/wp\/v2\/media\/228524"}],"wp:attachment":[{"href":"https:\/\/www.moskito.cz\/it\/wp-json\/wp\/v2\/media?parent=228523"}],"wp:term":[{"taxonomy":"pwb-brand","embeddable":true,"href":"https:\/\/www.moskito.cz\/it\/wp-json\/wp\/v2\/pwb-brand?post=228523"},{"taxonomy":"product_brand","embeddable":true,"href":"https:\/\/www.moskito.cz\/it\/wp-json\/wp\/v2\/product_brand?post=228523"},{"taxonomy":"product_cat","embeddable":true,"href":"https:\/\/www.moskito.cz\/it\/wp-json\/wp\/v2\/product_cat?post=228523"},{"taxonomy":"product_tag","embeddable":true,"href":"https:\/\/www.moskito.cz\/it\/wp-json\/wp\/v2\/product_tag?post=228523"}],"curies":[{"name":"wp","href":"https:\/\/api.w.org\/{rel}","templated":true}]}}