{"id":228651,"date":"2022-10-22T21:35:10","date_gmt":"2022-10-22T20:35:10","guid":{"rendered":"https:\/\/www.moskito.cz\/?post_type=product&#038;p=228651"},"modified":"2025-05-07T10:42:51","modified_gmt":"2025-05-07T09:42:51","slug":"vystrelovaci-nuz-heretic-knives-medusa-automatic-knife-orange-camo-h011-6a-orfc","status":"publish","type":"product","link":"https:\/\/www.moskito.cz\/it\/produkt\/vystrelovaci-nuz-heretic-knives-medusa-automatic-knife-orange-camo-h011-6a-orfc\/","title":{"rendered":"Vyst\u0159elovac\u00ed N\u016f\u017e Heretic Knives Medusa Automatic Knife Orange Camo H011-6A-ORFC"},"content":{"rendered":"<p>Vyst\u0159elovac\u00ed N\u016f\u017e <strong>Heretic Knives<\/strong> Medusa Automatic Knife Orange Camo H011-6A-ORFC.<\/p>\n<p><strong>Medusa<\/strong>, vyvinut\u00e1 s ohledem na pohodl\u00ed, je jedin\u00fd n\u016f\u017e, kter\u00fd pot\u0159ebujete, pokud chcete zakr\u00fdt v\u0161echny sv\u00e9 z\u00e1kladny. Ergonomick\u00e1 rukoje\u0165, a\u0165 u\u017e dr\u017een\u00e1 v obr\u00e1cen\u00e9m \u00fachopu nebo dr\u017een\u00e1 pravideln\u011b, p\u016fsob\u00ed jako prodlou\u017een\u00ed ruky, sp\u00ed\u0161e ne\u017e dr\u017een\u00ed jen dal\u0161\u00edho no\u017ee. Ka\u017ed\u00e1 \u010depel je strojov\u011b brou\u0161ena, ru\u010dn\u011b brou\u0161ena a ru\u010dn\u011b sestavov\u00e1na, aby koncov\u00e9mu u\u017eivateli poskytla vlastn\u00ed pocit z produk\u010dn\u00edho no\u017ee. Ob\u011b Medusy jsou k dispozici v automatick\u00fdch (tento model) i manu\u00e1ln\u00edch variant\u00e1ch a jezd\u00ed na z\u00e1vodn\u00edch lo\u017eisk\u00e1ch GTC pro co nejhlad\u0161\u00ed a nejrychlej\u0161\u00ed akci. Medusa bude tahoun, kter\u00e9ho hled\u00e1te, a ur\u010dit\u011b p\u0159ekon\u00e1 jak\u00fdkoli \u00fakol, proti kter\u00e9mu stoj\u00ed.<\/p>\n<p>Celkov\u00e1 d\u00e9lka: 19.37 cm<br \/>\n\u010cepel: 8.125 cm\u00a0 Elmax, Tanto Two-Tone, Black DLC<br \/>\nRukoje\u0165:\u00a0 oran\u017eov\u00e9\/\u010dern\u00e9 Camo Carbon Fiber<br \/>\nHardware: Black DLC<br \/>\nOtv\u00edr\u00e1k: Automatick\u00e9 tla\u010d\u00edtko<br \/>\nKlip: Roller ball, Tip-Up<br \/>\nVyrobeno v USA<br \/>\nLimitovan\u00e1 edice<br \/>\nModel: H011-6A-ORCF<\/p>\n<p><iframe title=\"Heretic Shop Video\" width=\"800\" height=\"450\" src=\"https:\/\/www.youtube.com\/embed\/7qUL5q7Cvgo?feature=oembed\" frameborder=\"0\" allow=\"accelerometer; autoplay; clipboard-write; encrypted-media; gyroscope; picture-in-picture; web-share\" referrerpolicy=\"strict-origin-when-cross-origin\" allowfullscreen><\/iframe><\/p>\n<p>&nbsp;<\/p>\n","protected":false},"excerpt":{"rendered":"<p>V\u0161echny na\u0161e no\u017ee jsou vyrobeny v USA a my to tak zachov\u00e1me. Kdy\u017e si koup\u00edte n\u011bkter\u00fd z na\u0161ich no\u017e\u016f, m\u016f\u017eete m\u00edt d\u016fv\u011bru ve sv\u016fj n\u00e1stroj s v\u011bdom\u00edm, \u017ee je podporov\u00e1n americkou spole\u010dnost\u00ed. Na\u0161e no\u017ee jsou vyr\u00e1b\u011bny v mal\u00fdch s\u00e9ri\u00edch, abychom zajistili, \u017ee dostanete kvalitn\u00ed n\u016f\u017e, kter\u00e9mu se nev\u011bnuje pozornost, kterou jin\u00e9 s\u00e9riov\u011b vyr\u00e1b\u011bn\u00e9 no\u017ee nedost\u00e1vaj\u00ed.<\/p>\n<p><strong>Doprava zdarma.<\/strong><\/p>\n","protected":false},"featured_media":228652,"comment_status":"open","ping_status":"closed","template":"","meta":[],"pwb-brand":[318],"product_brand":[],"product_cat":[2019,17],"product_tag":[],"class_list":{"0":"post-228651","1":"product","2":"type-product","3":"status-publish","4":"has-post-thumbnail","6":"pwb-brand-heretic-knives","7":"product_cat-vystrelovaci-noze","8":"product_cat-noze","10":"first","11":"instock","12":"taxable","13":"shipping-taxable","14":"purchasable","15":"product-type-simple"},"brands":[{"id":318,"name":"Heretic Knives","slug":"heretic-knives"}],"_links":{"self":[{"href":"https:\/\/www.moskito.cz\/it\/wp-json\/wp\/v2\/product\/228651","targetHints":{"allow":["GET"]}}],"collection":[{"href":"https:\/\/www.moskito.cz\/it\/wp-json\/wp\/v2\/product"}],"about":[{"href":"https:\/\/www.moskito.cz\/it\/wp-json\/wp\/v2\/types\/product"}],"replies":[{"embeddable":true,"href":"https:\/\/www.moskito.cz\/it\/wp-json\/wp\/v2\/comments?post=228651"}],"wp:featuredmedia":[{"embeddable":true,"href":"https:\/\/www.moskito.cz\/it\/wp-json\/wp\/v2\/media\/228652"}],"wp:attachment":[{"href":"https:\/\/www.moskito.cz\/it\/wp-json\/wp\/v2\/media?parent=228651"}],"wp:term":[{"taxonomy":"pwb-brand","embeddable":true,"href":"https:\/\/www.moskito.cz\/it\/wp-json\/wp\/v2\/pwb-brand?post=228651"},{"taxonomy":"product_brand","embeddable":true,"href":"https:\/\/www.moskito.cz\/it\/wp-json\/wp\/v2\/product_brand?post=228651"},{"taxonomy":"product_cat","embeddable":true,"href":"https:\/\/www.moskito.cz\/it\/wp-json\/wp\/v2\/product_cat?post=228651"},{"taxonomy":"product_tag","embeddable":true,"href":"https:\/\/www.moskito.cz\/it\/wp-json\/wp\/v2\/product_tag?post=228651"}],"curies":[{"name":"wp","href":"https:\/\/api.w.org\/{rel}","templated":true}]}}