{"id":229109,"date":"2022-11-01T18:23:13","date_gmt":"2022-11-01T17:23:13","guid":{"rendered":"https:\/\/www.moskito.cz\/?post_type=product&#038;p=229109"},"modified":"2025-05-07T10:43:05","modified_gmt":"2025-05-07T09:43:05","slug":"zaviraci-nuz-cold-steel-ad-10-tanto","status":"publish","type":"product","link":"https:\/\/www.moskito.cz\/it\/produkt\/zaviraci-nuz-cold-steel-ad-10-tanto\/","title":{"rendered":"Zav\u00edrac\u00ed N\u016f\u017e Cold Steel AD-10 Tanto"},"content":{"rendered":"<p>Zav\u00edrac\u00ed N\u016f\u017e <strong>Cold Steel<\/strong> AD-10 Tanto.<\/p>\n<p>AD-10 vych\u00e1z\u00ed z modelu 4-Max, ale je men\u0161\u00ed a leh\u010d\u00ed. AD-10 je v\u0161ak dosp\u011bl\u00fd n\u016f\u017e bez kompromis\u016f. Jeho 101 mm dlouh\u00e1 tanto \u010depel je extr\u00e9mn\u011b odoln\u00e1 proti ohnut\u00ed. \u010cepel s dut\u00fdm v\u00fdbrusem je vyrobena z oceli S35VN. Tato v\u00fdjime\u010dn\u00e1 americk\u00e1 ocel je nejen velmi tuh\u00e1 a odoln\u00e1, ale lze na n\u00ed dos\u00e1hnout vynikaj\u00edc\u00ed ostrosti no\u017ee a ost\u0159\u00ed m\u00e1 pak dlouhou trvanlivost. Velmi jemn\u011b zrnit\u00e1 pr\u00e1\u0161kov\u00e1 ocel s jednotnou mikrostrukturou nab\u00edz\u00ed velmi stabiln\u00ed vlastnosti. Je odoln\u00e1 i p\u0159i velmi jemn\u00e9 faset\u011b ost\u0159\u00ed, spolehliv\u00e1, vysoce korozivzdorn\u00e1. Je to dobr\u00e1 volba pro vysoce kvalitn\u00ed zak\u00e1zkov\u00e9 no\u017ee a n\u00e1stroje. Proces CPM (pseudopr\u00e1\u0161kov\u00e1 metalurgie) je z\u00e1rukou velmi homogenn\u00ed, vysoce kvalitn\u00ed struktury oceli, rozm\u011brovou stabilitou, dobrou brousitelnost\u00ed a pevnost\u00ed ve srovn\u00e1n\u00ed s ocelemi vyroben\u00fdmi klasick\u00fdmi konven\u010dn\u00edmi metodami. P\u0159es ni\u017e\u0161\u00ed obsah chromu vykazuje tato ocel v oblasti odolnosti proti korozi velmi dobr\u00e9 v\u00fdsledky. Rukoje\u0165 no\u017ee je vyrobena z G-10. Rukojeti dominuje masivn\u00ed opaskov\u00fd klip. Pojistka Tri-Ad Lock\u2122 zabra\u0148uje samo\u010dinn\u00e9mu nebo necht\u011bn\u00e9mu zav\u0159en\u00ed no\u017ee i po p\u0159irozen\u00e9m opot\u0159eben\u00ed v pr\u016fb\u011bhu \u010dasu.<\/p>\n<p>PARAMETRY PRODUKTU<br \/>\nMateri\u00e1l rukojeti: G-10<br \/>\nCelkov\u00e1 velikost: 223 mm<br \/>\nOcel: CPM-S35VN<br \/>\nTlou\u0161\u0165ka \u010depele: 4 mm<br \/>\nD\u00e9lka rukojeti: 129 mm<br \/>\nD\u00e9lka \u010depele: 94 mm<br \/>\nBarva: \u010cern\u00e1\/St\u0159\u00edbrn\u00e1<br \/>\nHmotnost: 196 g<\/p>\n","protected":false},"excerpt":{"rendered":"<p><strong>AD-10 je designov\u011b velmi propracovan\u00fd zav\u00edrac\u00ed n\u016f\u017e s hladk\u00fdm tanto ost\u0159\u00edm z d\u00edlny Andew Demka. P\u016fsob\u00ed robustn\u011b a ji\u017e napohled si sjedn\u00e1v\u00e1 respekt.<\/strong><\/p>\n","protected":false},"featured_media":229113,"comment_status":"open","ping_status":"closed","template":"","meta":[],"pwb-brand":[211],"product_brand":[],"product_cat":[22,17],"product_tag":[3667],"class_list":{"0":"post-229109","1":"product","2":"type-product","3":"status-publish","4":"has-post-thumbnail","6":"pwb-brand-cold-steel","7":"product_cat-zaviraci-noze","8":"product_cat-noze","9":"product_tag-b2b","11":"first","12":"instock","13":"taxable","14":"shipping-taxable","15":"purchasable","16":"product-type-simple"},"brands":[{"id":211,"name":"Cold Steel","slug":"cold-steel"}],"_links":{"self":[{"href":"https:\/\/www.moskito.cz\/it\/wp-json\/wp\/v2\/product\/229109","targetHints":{"allow":["GET"]}}],"collection":[{"href":"https:\/\/www.moskito.cz\/it\/wp-json\/wp\/v2\/product"}],"about":[{"href":"https:\/\/www.moskito.cz\/it\/wp-json\/wp\/v2\/types\/product"}],"replies":[{"embeddable":true,"href":"https:\/\/www.moskito.cz\/it\/wp-json\/wp\/v2\/comments?post=229109"}],"wp:featuredmedia":[{"embeddable":true,"href":"https:\/\/www.moskito.cz\/it\/wp-json\/wp\/v2\/media\/229113"}],"wp:attachment":[{"href":"https:\/\/www.moskito.cz\/it\/wp-json\/wp\/v2\/media?parent=229109"}],"wp:term":[{"taxonomy":"pwb-brand","embeddable":true,"href":"https:\/\/www.moskito.cz\/it\/wp-json\/wp\/v2\/pwb-brand?post=229109"},{"taxonomy":"product_brand","embeddable":true,"href":"https:\/\/www.moskito.cz\/it\/wp-json\/wp\/v2\/product_brand?post=229109"},{"taxonomy":"product_cat","embeddable":true,"href":"https:\/\/www.moskito.cz\/it\/wp-json\/wp\/v2\/product_cat?post=229109"},{"taxonomy":"product_tag","embeddable":true,"href":"https:\/\/www.moskito.cz\/it\/wp-json\/wp\/v2\/product_tag?post=229109"}],"curies":[{"name":"wp","href":"https:\/\/api.w.org\/{rel}","templated":true}]}}