{"id":229332,"date":"2022-11-03T20:33:23","date_gmt":"2022-11-03T19:33:23","guid":{"rendered":"https:\/\/www.moskito.cz\/?post_type=product&#038;p=229332"},"modified":"2026-02-02T11:46:56","modified_gmt":"2026-02-02T10:46:56","slug":"pevny-nuz-cold-steel-roach-belly","status":"publish","type":"product","link":"https:\/\/www.moskito.cz\/it\/produkt\/pevny-nuz-cold-steel-roach-belly\/","title":{"rendered":"Pevn\u00fd N\u016f\u017e Cold Steel ROACH BELLY 20RBC"},"content":{"rendered":"<p>Pevn\u00fd N\u016f\u017e <strong>Cold Stee<\/strong>l ROACH BELLY.<\/p>\n<p>Historicky byl n\u016f\u017e Roach-Bellied kr\u00e1tk\u00e1 \u010depel s v\u00fdraznou nahoru zahnutou k\u0159ivkou a ostr\u00fdm hrotem, kter\u00e1 byla obl\u00edben\u00e1 v Brit\u00e1nii a americk\u00fdch koloni\u00edch 17. stolet\u00ed. S nejv\u011bt\u0161\u00ed pravd\u011bpodobnost\u00ed byl pojmenov\u00e1n podle b\u011b\u017en\u00e9 plotice, kter\u00e1 m\u011bla podobn\u011b kulat\u00e9 zak\u0159iven\u00e9 b\u0159icho. Model Cold Steels je k\u00fdvnut\u00edm na Black Powder Community, kter\u00e1 nad\u00e1le oce\u0148uje ekonomiku, v\u0161estrannost a efektivitu Roach Bellys. Dut\u00e1 brou\u0161en\u00e1 \u010depel je vyrobena z nulov\u011b kalen\u00e9 n\u011bmeck\u00e9 nerezov\u00e9 oceli 4116, odborn\u011b tepeln\u011b zpracovan\u00e9 na RC 56-57, a m\u00e1 ostr\u00e9 ost\u0159\u00ed, kter\u00e9 se snadno udr\u017euje. M\u00edsto tradi\u010dn\u00ed d\u0159ev\u011bn\u00e9 rukojeti je ta na\u0161e vyrobena z hou\u017eevnat\u00e9ho vst\u0159ikovan\u00e9ho polymeru, d\u00edky \u010demu\u017e je Roach Belly podstatn\u011b odoln\u011bj\u0161\u00ed v\u016f\u010di pov\u011btrnostn\u00edm vliv\u016fm ne\u017e historick\u00e9 p\u0159\u00edklady \u2013 nenabobtn\u00e1, nesr\u00e1\u017e\u00ed se, hnije ani neprask\u00e1 jako jeho d\u0159ev\u011bn\u00e9 prot\u011bj\u0161ky.<\/p>\n<p>Popis:<\/p>\n<p>Materi\u00e1l \u010depele: 4116<br \/>\nMateri\u00e1l rukojeti: Polypropyl\u00e9n<br \/>\nMateri\u00e1l pouzdra: Secure-Ex<br \/>\nD\u00e9lka \u010depele: 11.4 cm<br \/>\nCelkov\u00e1 d\u00e9lka: 21.6 cm<br \/>\nD\u00e9lka rukojeti: 11.2 cm<br \/>\nTlou\u0161\u0165ka \u010depele: 0.25 cm<br \/>\nHmotnost: 73.7 g<\/p>\n<h2 data-start=\"0\" data-end=\"45\"><strong data-start=\"3\" data-end=\"45\">Pevn\u00fd n\u016f\u017e Cold Steel Roach Belly 20RBC<\/strong><\/h2>\n<p data-start=\"47\" data-end=\"380\">Jakmile uchop\u00ed\u0161 <strong data-start=\"63\" data-end=\"95\">Cold Steel Roach Belly 20RBC<\/strong>, okam\u017eit\u011b poc\u00edt\u00ed\u0161, \u017ee dr\u017e\u00ed\u0161 n\u016f\u017e srdcem zako\u0159en\u011bn\u00fd v tradi\u010dn\u00edm designu, ale p\u0159eveden\u00fd do modern\u00edho, praktick\u00e9ho proveden\u00ed. Tento pevn\u00fd n\u016f\u017e kombinuje <strong data-start=\"244\" data-end=\"304\">klasick\u00fd tvar \u201croach belly\u201d \u010depele s robustn\u00ed konstrukc\u00ed<\/strong>, kter\u00e1 ti dod\u00e1 jistotu p\u0159i ka\u017ed\u00e9m \u0159ezu i p\u0159i n\u00e1ro\u010dn\u011bj\u0161\u00edch \u00fakolech v ter\u00e9nu.<\/p>\n<p data-start=\"382\" data-end=\"579\">Roach Belly 20RBC je ur\u010den pro u\u017eivatele, kte\u0159\u00ed hledaj\u00ed <strong data-start=\"438\" data-end=\"497\">\u00fa\u010dinn\u00fd, spolehliv\u00fd a precizn\u011b zpracovan\u00fd outdoorov\u00fd n\u016f\u017e<\/strong>, jen\u017e zvl\u00e1dne \u0161irokou paletu \u00fakol\u016f \u2013 od pr\u00e1ce v p\u0159\u00edrod\u011b a\u017e po v\u0161edn\u00ed \u0159ezn\u00e9 v\u00fdzvy.<\/p>\n<hr data-start=\"581\" data-end=\"584\" \/>\n<h2 data-start=\"586\" data-end=\"614\"><strong data-start=\"589\" data-end=\"614\">Charakter a filozofie<\/strong><\/h2>\n<p data-start=\"616\" data-end=\"900\">Cold Steel Roach Belly p\u0159in\u00e1\u0161\u00ed filozofii no\u017ee, kter\u00fd <strong data-start=\"669\" data-end=\"723\">kladn\u011b reaguje na p\u0159irozen\u00fd pohyb ruky a tvar \u0159ezu<\/strong>, inspirovan\u00fd tradi\u010dn\u00edmi loveck\u00fdmi a pracovn\u00edmi no\u017ei. Tvar \u010depele s typick\u00fdm \u201cb\u0159\u00ed\u0161kem\u201d zaji\u0161\u0165uje vysokou efektivitu p\u0159i tahov\u00fdch \u0159ezech a snadnou manipulaci bez zbyte\u010dn\u00e9 n\u00e1mahy.<\/p>\n<p data-start=\"902\" data-end=\"1168\">\u010cepel z kvalitn\u00ed oceli <strong data-start=\"925\" data-end=\"935\">AUS\u20118A<\/strong>, s m\u00edrn\u00fdm zak\u0159iven\u00edm a \u0161\u00ed\u0159kou optimalizovanou pro kontrolovan\u00e9 \u0159ezy, poskytuje <strong data-start=\"1015\" data-end=\"1082\">dobrou rovnov\u00e1hu mezi ostrost\u00ed, odolnost\u00ed a jednoduchou \u00fadr\u017ebou<\/strong>. Tvar \u010depele je navr\u017een tak, aby byl univerz\u00e1ln\u00ed \u2013 vhodn\u00fd pro drobn\u00e9 i st\u0159edn\u00ed \u00fakoly.<\/p>\n<p data-start=\"1170\" data-end=\"1351\">Rukoje\u0165 z odoln\u00e9ho materi\u00e1lu <strong data-start=\"1199\" data-end=\"1210\">Griv\u2011Ex<\/strong> je ergonomicky tvarovan\u00e1 pro pevn\u00fd, ale pohodln\u00fd \u00fachop i p\u0159i del\u0161\u00ed pr\u00e1ci. Jej\u00ed profil podporuje jist\u00e9 veden\u00ed no\u017ee a minimalizuje \u00fanavu ruky.<\/p>\n<hr data-start=\"1353\" data-end=\"1356\" \/>\n<h2 data-start=\"1358\" data-end=\"1377\"><strong data-start=\"1361\" data-end=\"1377\">\ud83c\udfed O v\u00fdrobci<\/strong><\/h2>\n<p data-start=\"1379\" data-end=\"1737\">Cold Steel je zna\u010dka s dlouhou tradic\u00ed ve v\u00fdrob\u011b no\u017e\u016f, kter\u00e1 si vybudovala reputaci d\u00edky <strong data-start=\"1468\" data-end=\"1540\">odv\u00e1\u017en\u00fdm technick\u00fdm \u0159e\u0161en\u00edm, extr\u00e9mn\u00ed pevnosti a spolehliv\u00e9mu v\u00fdkonu<\/strong>. Modelov\u00e1 \u0159ada Roach Belly vych\u00e1z\u00ed z klasick\u00fdch koncept\u016f, ale kombinuje je s modern\u00edmi materi\u00e1ly a v\u00fdrobn\u00edmi postupy tak, aby vznikl n\u016f\u017e, kter\u00fd je jak funk\u010dn\u00ed, tak odoln\u00fd i v n\u00e1ro\u010dn\u00fdch podm\u00ednk\u00e1ch.<\/p>\n<hr data-start=\"1739\" data-end=\"1742\" \/>\n<h2 data-start=\"1744\" data-end=\"1775\"><strong data-start=\"1747\" data-end=\"1775\">\u2699\ufe0f Technick\u00e9 specifikace<\/strong><\/h2>\n<div class=\"TyagGW_tableContainer\">\n<div class=\"group TyagGW_tableWrapper flex flex-col-reverse w-fit\" tabindex=\"-1\">\n<table class=\"w-fit min-w-(--thread-content-width)\" data-start=\"1777\" data-end=\"2247\">\n<thead data-start=\"1777\" data-end=\"1799\">\n<tr data-start=\"1777\" data-end=\"1799\">\n<th data-start=\"1777\" data-end=\"1788\" data-col-size=\"sm\">Parametr<\/th>\n<th data-start=\"1788\" data-end=\"1799\" data-col-size=\"sm\">Hodnota<\/th>\n<\/tr>\n<\/thead>\n<tbody data-start=\"1823\" data-end=\"2247\">\n<tr data-start=\"1823\" data-end=\"1863\">\n<td data-start=\"1823\" data-end=\"1831\" data-col-size=\"sm\">Model<\/td>\n<td data-start=\"1831\" data-end=\"1863\" data-col-size=\"sm\">Cold Steel Roach Belly 20RBC<\/td>\n<\/tr>\n<tr data-start=\"1864\" data-end=\"1883\">\n<td data-start=\"1864\" data-end=\"1870\" data-col-size=\"sm\">Typ<\/td>\n<td data-start=\"1870\" data-end=\"1883\" data-col-size=\"sm\">Pevn\u00fd n\u016f\u017e<\/td>\n<\/tr>\n<tr data-start=\"1884\" data-end=\"1915\">\n<td data-start=\"1884\" data-end=\"1900\" data-col-size=\"sm\">Celkov\u00e1 d\u00e9lka<\/td>\n<td data-start=\"1900\" data-end=\"1915\" data-col-size=\"sm\">cca 30,4 cm<\/td>\n<\/tr>\n<tr data-start=\"1916\" data-end=\"1946\">\n<td data-start=\"1916\" data-end=\"1931\" data-col-size=\"sm\">D\u00e9lka \u010depele<\/td>\n<td data-start=\"1931\" data-end=\"1946\" data-col-size=\"sm\">cca 17,8 cm<\/td>\n<\/tr>\n<tr data-start=\"1947\" data-end=\"1979\">\n<td data-start=\"1947\" data-end=\"1965\" data-col-size=\"sm\">Tlou\u0161\u0165ka \u010depele<\/td>\n<td data-start=\"1965\" data-end=\"1979\" data-col-size=\"sm\">cca 4,2 mm<\/td>\n<\/tr>\n<tr data-start=\"1980\" data-end=\"2008\">\n<td data-start=\"1980\" data-end=\"1998\" data-col-size=\"sm\">Materi\u00e1l \u010depele<\/td>\n<td data-start=\"1998\" data-end=\"2008\" data-col-size=\"sm\">AUS\u20118A<\/td>\n<\/tr>\n<tr data-start=\"2009\" data-end=\"2038\">\n<td data-start=\"2009\" data-end=\"2023\" data-col-size=\"sm\">Tvar \u010depele<\/td>\n<td data-start=\"2023\" data-end=\"2038\" data-col-size=\"sm\">Roach Belly<\/td>\n<\/tr>\n<tr data-start=\"2039\" data-end=\"2072\">\n<td data-start=\"2039\" data-end=\"2048\" data-col-size=\"sm\">V\u00fdbrus<\/td>\n<td data-col-size=\"sm\" data-start=\"2048\" data-end=\"2072\">V\u2011grind \/ standardn\u00ed<\/td>\n<\/tr>\n<tr data-start=\"2073\" data-end=\"2120\">\n<td data-start=\"2073\" data-end=\"2089\" data-col-size=\"sm\">Povrch \u010depele<\/td>\n<td data-start=\"2089\" data-end=\"2120\" data-col-size=\"sm\">stonewash \/ nerezov\u00e1 \u00faprava<\/td>\n<\/tr>\n<tr data-start=\"2121\" data-end=\"2139\">\n<td data-start=\"2121\" data-end=\"2129\" data-col-size=\"sm\">Hrana<\/td>\n<td data-start=\"2129\" data-end=\"2139\" data-col-size=\"sm\">hladk\u00e1<\/td>\n<\/tr>\n<tr data-start=\"2140\" data-end=\"2169\">\n<td data-start=\"2140\" data-end=\"2150\" data-col-size=\"sm\">Rukoje\u0165<\/td>\n<td data-col-size=\"sm\" data-start=\"2150\" data-end=\"2169\">Griv\u2011Ex \u2013 \u010dern\u00e1<\/td>\n<\/tr>\n<tr data-start=\"2170\" data-end=\"2189\">\n<td data-start=\"2170\" data-end=\"2180\" data-col-size=\"sm\">Pouzdro<\/td>\n<td data-start=\"2180\" data-end=\"2189\" data-col-size=\"sm\">Kydex<\/td>\n<\/tr>\n<tr data-start=\"2190\" data-end=\"2214\">\n<td data-start=\"2190\" data-end=\"2201\" data-col-size=\"sm\">Hmotnost<\/td>\n<td data-start=\"2201\" data-end=\"2214\" data-col-size=\"sm\">cca 246 g<\/td>\n<\/tr>\n<tr data-start=\"2215\" data-end=\"2247\">\n<td data-start=\"2215\" data-end=\"2224\" data-col-size=\"sm\">Design<\/td>\n<td data-start=\"2224\" data-end=\"2247\" data-col-size=\"sm\">Cold Steel standard<\/td>\n<\/tr>\n<\/tbody>\n<\/table>\n<\/div>\n<\/div>\n<hr data-start=\"2249\" data-end=\"2252\" \/>\n<h2 data-start=\"2254\" data-end=\"2276\"><strong data-start=\"2257\" data-end=\"2276\">\u2705 Hlavn\u00ed v\u00fdhody<\/strong><\/h2>\n<ul data-start=\"2278\" data-end=\"2625\">\n<li data-start=\"2278\" data-end=\"2354\">\n<p data-start=\"2280\" data-end=\"2354\"><strong data-start=\"2280\" data-end=\"2307\">Tvar \u010depele Roach Belly<\/strong> \u2013 perfektn\u00ed pro tahov\u00e9 \u0159ezy a detailn\u00ed pr\u00e1ci<\/p>\n<\/li>\n<li data-start=\"2355\" data-end=\"2441\">\n<p data-start=\"2357\" data-end=\"2441\"><strong data-start=\"2357\" data-end=\"2372\">AUS\u20118A ocel<\/strong> \u2013 dobr\u00e1 rovnov\u00e1ha mezi ostrost\u00ed, odolnost\u00ed a jednoduch\u00fdm brou\u0161en\u00edm<\/p>\n<\/li>\n<li data-start=\"2442\" data-end=\"2509\">\n<p data-start=\"2444\" data-end=\"2509\"><strong data-start=\"2444\" data-end=\"2475\">Ergonomick\u00e1 rukoje\u0165 Griv\u2011Ex<\/strong> \u2013 jist\u00fd \u00fachop i p\u0159i del\u0161\u00ed pr\u00e1ci<\/p>\n<\/li>\n<li data-start=\"2510\" data-end=\"2573\">\n<p data-start=\"2512\" data-end=\"2573\"><strong data-start=\"2512\" data-end=\"2534\">Robustn\u00ed proveden\u00ed<\/strong> \u2013 ide\u00e1ln\u00ed pro outdoor i v\u0161edn\u00ed \u00fakoly<\/p>\n<\/li>\n<li data-start=\"2574\" data-end=\"2625\">\n<p data-start=\"2576\" data-end=\"2625\"><strong data-start=\"2576\" data-end=\"2593\">Kydex pouzdro<\/strong> \u2013 bezpe\u010dn\u00e9 a pevn\u00e9 ulo\u017een\u00ed no\u017ee<\/p>\n<\/li>\n<\/ul>\n<hr data-start=\"2627\" data-end=\"2630\" \/>\n<h2 data-start=\"2632\" data-end=\"2655\"><strong data-start=\"2635\" data-end=\"2655\">\u26a0\ufe0f Mo\u017en\u00e1 omezen\u00ed<\/strong><\/h2>\n<ul data-start=\"2657\" data-end=\"2906\">\n<li data-start=\"2657\" data-end=\"2773\">\n<p data-start=\"2659\" data-end=\"2773\">AUS\u20118A nen\u00ed ocel nejvy\u0161\u0161\u00ed pr\u00e9miov\u00e9 t\u0159\u00eddy (nap\u0159. S\u2011series), ale nab\u00edz\u00ed <strong data-start=\"2729\" data-end=\"2771\">velmi dobrou hodnotu v\u00fdkonu vs. \u00fadr\u017eba<\/strong><\/p>\n<\/li>\n<li data-start=\"2774\" data-end=\"2842\">\n<p data-start=\"2776\" data-end=\"2842\">D\u00e9lka \u010depele m\u016f\u017ee b\u00fdt p\u0159i specifick\u00fdch \u00fakolech v\u00edce ne\u017e pot\u0159ebn\u00e1<\/p>\n<\/li>\n<li data-start=\"2843\" data-end=\"2906\">\n<p data-start=\"2845\" data-end=\"2906\">Tvar \u010depele je specifick\u00fd \u2013 nemus\u00ed sed\u011bt ka\u017ed\u00e9mu stylu \u0159ez\u00e1n\u00ed<\/p>\n<\/li>\n<\/ul>\n<hr data-start=\"2908\" data-end=\"2911\" \/>\n<h2 data-start=\"2913\" data-end=\"2937\"><strong data-start=\"2916\" data-end=\"2937\">\ud83d\udee0\ufe0f \u00dadr\u017eba a p\u00e9\u010de<\/strong><\/h2>\n<p data-start=\"2939\" data-end=\"3220\">Po pou\u017eit\u00ed \u010depel osu\u0161i a o\u010disti, se zvl\u00e1\u0161tn\u00edm d\u016frazem na oblast p\u0159echod\u016f a \u00faheln\u00edk\u016f.<br data-start=\"3023\" data-end=\"3026\" \/>Pravideln\u011b kontroluj ostr\u00fd hrot a geometrii \u0159ezu \u2013 tahov\u00e9 \u010depele ocen\u00ed \u010dast\u011bj\u0161\u00ed kontrolu ostrosti.<br data-start=\"3124\" data-end=\"3127\" \/>P\u0159i del\u0161\u00ed nepou\u017e\u00edvanosti aplikuj ochrann\u00fd olej na \u010depel pro zaji\u0161t\u011bn\u00ed odolnosti proti korozi.<\/p>\n<hr data-start=\"3222\" data-end=\"3225\" \/>\n<h2 data-start=\"3227\" data-end=\"3267\"><strong data-start=\"3230\" data-end=\"3267\">\ud83d\udd2a Pro udr\u017een\u00ed ost\u0159\u00ed doporu\u010dujeme<\/strong><\/h2>\n<p data-start=\"3269\" data-end=\"3527\">Pro udr\u017een\u00ed optim\u00e1ln\u00ed ostrosti a spr\u00e1vn\u00e9 geometrie ost\u0159\u00ed doporu\u010dujeme <strong data-start=\"3339\" data-end=\"3405\">Spyderco Tri\u2011Angle Sharpmaker Complete Sharpening System 204MF<\/strong> \u2013 ide\u00e1ln\u00ed i pro tradi\u010dn\u00ed i zak\u0159iven\u00e9 tvary \u010depel\u00ed, jako m\u00e1 Roach Belly.<br data-start=\"3477\" data-end=\"3480\" \/>\ud83d\uded2 Zakoup\u00ed\u0161 na na\u0161ich str\u00e1nk\u00e1ch <strong data-start=\"3512\" data-end=\"3526\">Moskito.cz<\/strong>.<\/p>\n<hr data-start=\"3529\" data-end=\"3532\" \/>\n<h2 data-start=\"3534\" data-end=\"3558\"><strong data-start=\"3537\" data-end=\"3558\">\ud83c\udfaf Doporu\u010deno pro<\/strong><\/h2>\n<ul data-start=\"3560\" data-end=\"3773\">\n<li data-start=\"3560\" data-end=\"3594\">\n<p data-start=\"3562\" data-end=\"3594\">outdoorov\u00e9 a survival aktivity<\/p>\n<\/li>\n<li data-start=\"3595\" data-end=\"3627\">\n<p data-start=\"3597\" data-end=\"3627\">pr\u00e1ci s p\u0159\u00edrodn\u00edmi materi\u00e1ly<\/p>\n<\/li>\n<li data-start=\"3628\" data-end=\"3671\">\n<p data-start=\"3630\" data-end=\"3671\">ka\u017edodenn\u00ed i specializovan\u00e9 \u0159ezn\u00e9 \u00fakoly<\/p>\n<\/li>\n<li data-start=\"3672\" data-end=\"3719\">\n<p data-start=\"3674\" data-end=\"3719\">u\u017eivatele, kte\u0159\u00ed ocen\u00ed klasick\u00fd tvar \u010depele<\/p>\n<\/li>\n<li data-start=\"3720\" data-end=\"3773\">\n<p data-start=\"3722\" data-end=\"3773\">ty, kte\u0159\u00ed cht\u011bj\u00ed <strong data-start=\"3739\" data-end=\"3773\">spolehliv\u00fd pevn\u00fd n\u016f\u017e s v\u00fdkonem<\/strong><\/p>\n<\/li>\n<\/ul>\n<hr data-start=\"3775\" data-end=\"3778\" \/>\n<h2 data-start=\"3780\" data-end=\"3808\"><strong data-start=\"3783\" data-end=\"3808\">\u2b50 Z\u00e1v\u011bre\u010dn\u00e9 hodnocen\u00ed<\/strong><\/h2>\n<p data-start=\"3810\" data-end=\"4081\"><strong data-start=\"3810\" data-end=\"3842\">Cold Steel Roach Belly 20RBC<\/strong> je precizn\u011b navr\u017een\u00fd pevn\u00fd n\u016f\u017e, kter\u00fd kombinuje <strong data-start=\"3891\" data-end=\"3950\">tradi\u010dn\u00ed tvar \u010depele s modern\u00edm materi\u00e1lov\u00fdm proveden\u00edm<\/strong>. Je ide\u00e1ln\u00ed pro ty, kdo hledaj\u00ed n\u00e1stroj, kter\u00fd nab\u00edz\u00ed <strong data-start=\"4005\" data-end=\"4080\">efektivn\u00ed tahov\u00e9 \u0159ezy, spolehlivou konstrukci a praktickou v\u0161estrannost<\/strong>.<\/p>\n<p data-start=\"4083\" data-end=\"4146\">Roach Belly \u2013 <strong data-start=\"4097\" data-end=\"4143\">klasika s v\u00fdkonem pro ka\u017ed\u00fd den i outdoor.<\/strong> \ud83d\udd2a<\/p>\n","protected":false},"excerpt":{"rendered":"<p data-start=\"3810\" data-end=\"4081\"><strong>Cold Steel Roach Belly 20RBC je precizn\u011b navr\u017een\u00fd pevn\u00fd n\u016f\u017e, kter\u00fd kombinuje tradi\u010dn\u00ed tvar \u010depele s modern\u00edm materi\u00e1lov\u00fdm proveden\u00edm. Je ide\u00e1ln\u00ed pro ty, kdo hledaj\u00ed n\u00e1stroj, kter\u00fd nab\u00edz\u00ed efektivn\u00ed tahov\u00e9 \u0159ezy, spolehlivou konstrukci a praktickou v\u0161estrannost.<\/strong><\/p>\n<p data-start=\"4083\" data-end=\"4146\"><strong>Roach Belly \u2013 klasika s v\u00fdkonem pro ka\u017ed\u00fd den i outdoor. \ud83d\udd2a<\/strong><\/p>\n","protected":false},"featured_media":229333,"comment_status":"open","ping_status":"closed","template":"","meta":[],"pwb-brand":[211],"product_brand":[],"product_cat":[23,17],"product_tag":[3667],"class_list":{"0":"post-229332","1":"product","2":"type-product","3":"status-publish","4":"has-post-thumbnail","6":"pwb-brand-cold-steel","7":"product_cat-pevne-noze","8":"product_cat-noze","9":"product_tag-b2b","11":"first","12":"instock","13":"taxable","14":"shipping-taxable","15":"purchasable","16":"product-type-simple"},"brands":[{"id":211,"name":"Cold Steel","slug":"cold-steel"}],"_links":{"self":[{"href":"https:\/\/www.moskito.cz\/it\/wp-json\/wp\/v2\/product\/229332","targetHints":{"allow":["GET"]}}],"collection":[{"href":"https:\/\/www.moskito.cz\/it\/wp-json\/wp\/v2\/product"}],"about":[{"href":"https:\/\/www.moskito.cz\/it\/wp-json\/wp\/v2\/types\/product"}],"replies":[{"embeddable":true,"href":"https:\/\/www.moskito.cz\/it\/wp-json\/wp\/v2\/comments?post=229332"}],"wp:featuredmedia":[{"embeddable":true,"href":"https:\/\/www.moskito.cz\/it\/wp-json\/wp\/v2\/media\/229333"}],"wp:attachment":[{"href":"https:\/\/www.moskito.cz\/it\/wp-json\/wp\/v2\/media?parent=229332"}],"wp:term":[{"taxonomy":"pwb-brand","embeddable":true,"href":"https:\/\/www.moskito.cz\/it\/wp-json\/wp\/v2\/pwb-brand?post=229332"},{"taxonomy":"product_brand","embeddable":true,"href":"https:\/\/www.moskito.cz\/it\/wp-json\/wp\/v2\/product_brand?post=229332"},{"taxonomy":"product_cat","embeddable":true,"href":"https:\/\/www.moskito.cz\/it\/wp-json\/wp\/v2\/product_cat?post=229332"},{"taxonomy":"product_tag","embeddable":true,"href":"https:\/\/www.moskito.cz\/it\/wp-json\/wp\/v2\/product_tag?post=229332"}],"curies":[{"name":"wp","href":"https:\/\/api.w.org\/{rel}","templated":true}]}}